{"id":9321,"date":"2023-02-06T14:13:24","date_gmt":"2023-02-06T13:13:24","guid":{"rendered":"https:\/\/www.reper-fr.ch\/ueber-uns\/reper-d\/politique-qualite\/"},"modified":"2023-06-05T15:16:53","modified_gmt":"2023-06-05T13:16:53","slug":"qualitaetspolitik","status":"publish","type":"page","link":"https:\/\/www.reper-fr.ch\/de\/ueber-uns\/reper-d\/qualitaetspolitik\/","title":{"rendered":"Qualit\u00e4tspolitik"},"content":{"rendered":"<div id='av-layout-grid-1'  class='av-layout-grid-container av-kxtjlq-818f41bf98d625cbef45bd89cb6b375a entry-content-wrapper main_color av-flex-cells  avia-builder-el-0  el_before_av_layout_row  avia-builder-el-first  av-small-hide av-mini-hide container_wrap fullsize'  >\n\n<style type=\"text\/css\" data-created_by=\"avia_inline_auto\" id=\"style-css-av-ldssqzk7-c6bec56ee11d7500d2101ebc034f30ab\">\n.flex_cell.av-ldssqzk7-c6bec56ee11d7500d2101ebc034f30ab{\nvertical-align:bottom;\nheight:460px;\nmin-height:460px;\nbackground:url(https:\/\/www.reper-fr.ch\/wp-content\/uploads\/2023\/02\/REPER_Politique-Qualite\u0301.gif) 50% 0% no-repeat scroll ;\n}\n.responsive #top #wrap_all .flex_cell.av-ldssqzk7-c6bec56ee11d7500d2101ebc034f30ab{\npadding:200px 0px 200px 0px !important;\n}\n<\/style>\n<div class='flex_cell av-ldssqzk7-c6bec56ee11d7500d2101ebc034f30ab av-gridrow-cell av_two_fifth no_margin  avia-builder-el-1  el_before_av_cell_three_fifth  avia-builder-el-first  content-align-bottom avia-full-stretch'  ><div class='flex_cell_inner'><\/div><\/div>\n<style type=\"text\/css\" data-created_by=\"avia_inline_auto\" id=\"style-css-av-j402oe-8d3624dd43e2a120dc5195747ea3bc83\">\n.flex_cell.av-j402oe-8d3624dd43e2a120dc5195747ea3bc83{\nvertical-align:bottom;\nheight:460px;\nmin-height:460px;\nbackground-color:#a40528;\n}\n.responsive #top #wrap_all .flex_cell.av-j402oe-8d3624dd43e2a120dc5195747ea3bc83{\npadding:50px 0px 20px 40px !important;\n}\n<\/style>\n<div class='flex_cell av-j402oe-8d3624dd43e2a120dc5195747ea3bc83 av-gridrow-cell av_three_fifth no_margin  avia-builder-el-2  el_after_av_cell_two_fifth  avia-builder-el-last  content-align-bottom avia-full-stretch'  ><div class='flex_cell_inner'>\n<style type=\"text\/css\" data-created_by=\"avia_inline_auto\" id=\"style-css-av-hopsmm-13f3c9726f180e99520be49cb0c625bc\">\n.flex_column.av-hopsmm-13f3c9726f180e99520be49cb0c625bc{\nborder-radius:0px 0px 0px 0px;\npadding:0px 0px 0px 0px;\n}\n<\/style>\n<div  class='flex_column av-hopsmm-13f3c9726f180e99520be49cb0c625bc av_three_fourth  avia-builder-el-3  avia-builder-el-no-sibling  first flex_column_div av-zero-column-padding  '     ><style type=\"text\/css\" data-created_by=\"avia_inline_auto\" id=\"style-css-av-ldssfn05-a180089220de64c4ec5f1798dea0277e\">\n#top .av-special-heading.av-ldssfn05-a180089220de64c4ec5f1798dea0277e{\nmargin:0 0 0 -10px;\npadding-bottom:10px;\ncolor:#ffffff;\n}\nbody .av-special-heading.av-ldssfn05-a180089220de64c4ec5f1798dea0277e .av-special-heading-tag .heading-char{\nfont-size:25px;\n}\n.av-special-heading.av-ldssfn05-a180089220de64c4ec5f1798dea0277e .special-heading-inner-border{\nborder-color:#ffffff;\n}\n.av-special-heading.av-ldssfn05-a180089220de64c4ec5f1798dea0277e .av-subheading{\nfont-size:15px;\n}\n<\/style>\n<div  class='av-special-heading av-ldssfn05-a180089220de64c4ec5f1798dea0277e av-special-heading-h1 custom-color-heading blockquote modern-quote  avia-builder-el-4  avia-builder-el-no-sibling '><h1 class='av-special-heading-tag '  itemprop=\"headline\"  >Qualit\u00e4tspolitik<\/h1><div class=\"special-heading-border\"><div class=\"special-heading-inner-border\"><\/div><\/div><\/div><\/div>\n<\/div><\/div>\n<\/div>\n<div id='av-layout-grid-2'  class='av-layout-grid-container av-1ldqq6-9190c128df16ceccacc46148e69901f8 entry-content-wrapper main_color av-flex-cells  avia-builder-el-5  el_after_av_layout_row  el_before_av_layout_row  grid-row-not-first av-desktop-hide av-medium-hide container_wrap fullsize'  >\n\n<style type=\"text\/css\" data-created_by=\"avia_inline_auto\" id=\"style-css-av-ldssrm5h-5a0dc49f9b773e87260ea930efe0dab4\">\n.flex_cell.av-ldssrm5h-5a0dc49f9b773e87260ea930efe0dab4{\nvertical-align:bottom;\nheight:180px;\nmin-height:180px;\nbackground:url(https:\/\/www.reper-fr.ch\/wp-content\/uploads\/2023\/02\/REPER_Politique-Qualite\u0301.gif) 50% 0% no-repeat scroll ;\n}\n.responsive #top #wrap_all .flex_cell.av-ldssrm5h-5a0dc49f9b773e87260ea930efe0dab4{\npadding:200px 0px 200px 0px !important;\n}\n<\/style>\n<div class='flex_cell av-ldssrm5h-5a0dc49f9b773e87260ea930efe0dab4 av-gridrow-cell av_two_fifth no_margin  avia-builder-el-6  el_before_av_cell_three_fifth  avia-builder-el-first  content-align-bottom avia-full-stretch'  ><div class='flex_cell_inner'><\/div><\/div>\n<style type=\"text\/css\" data-created_by=\"avia_inline_auto\" id=\"style-css-av-dqferi-a4659f98c91ea933b8cfc2a77bd81402\">\n.flex_cell.av-dqferi-a4659f98c91ea933b8cfc2a77bd81402{\nvertical-align:bottom;\nheight:180px;\nmin-height:180px;\nbackground-color:#a40528;\n}\n.responsive #top #wrap_all .flex_cell.av-dqferi-a4659f98c91ea933b8cfc2a77bd81402{\npadding:50px 0px 20px 40px !important;\n}\n<\/style>\n<div class='flex_cell av-dqferi-a4659f98c91ea933b8cfc2a77bd81402 av-gridrow-cell av_three_fifth no_margin  avia-builder-el-7  el_after_av_cell_two_fifth  avia-builder-el-last  content-align-bottom avia-full-stretch'  ><div class='flex_cell_inner'>\n<style type=\"text\/css\" data-created_by=\"avia_inline_auto\" id=\"style-css-av-d65dwe-1c5b94ae5c3a4cb2d4bc629835bde4df\">\n.flex_column.av-d65dwe-1c5b94ae5c3a4cb2d4bc629835bde4df{\nborder-radius:0px 0px 0px 0px;\npadding:0px 0px 0px 0px;\n}\n<\/style>\n<div  class='flex_column av-d65dwe-1c5b94ae5c3a4cb2d4bc629835bde4df av_three_fourth  avia-builder-el-8  avia-builder-el-no-sibling  first flex_column_div av-zero-column-padding  '     ><style type=\"text\/css\" data-created_by=\"avia_inline_auto\" id=\"style-css-av-ldssgkmz-349b9d889307dd5d4c75d476126fa7fc\">\n#top .av-special-heading.av-ldssgkmz-349b9d889307dd5d4c75d476126fa7fc{\npadding-bottom:10px;\ncolor:#ffffff;\n}\nbody .av-special-heading.av-ldssgkmz-349b9d889307dd5d4c75d476126fa7fc .av-special-heading-tag .heading-char{\nfont-size:25px;\n}\n.av-special-heading.av-ldssgkmz-349b9d889307dd5d4c75d476126fa7fc .special-heading-inner-border{\nborder-color:#ffffff;\n}\n.av-special-heading.av-ldssgkmz-349b9d889307dd5d4c75d476126fa7fc .av-subheading{\nfont-size:15px;\n}\n<\/style>\n<div  class='av-special-heading av-ldssgkmz-349b9d889307dd5d4c75d476126fa7fc av-special-heading-h1 custom-color-heading blockquote modern-quote  avia-builder-el-9  avia-builder-el-no-sibling '><h1 class='av-special-heading-tag '  itemprop=\"headline\"  >Qualit\u00e4tspolitik<\/h1><div class=\"special-heading-border\"><div class=\"special-heading-inner-border\"><\/div><\/div><\/div><\/div>\n<\/div><\/div>\n<\/div>\n<div id='av-layout-grid-3'  class='av-layout-grid-container av-ac448u-cfe4b28584f75bc14df7cfcee204f1b8 entry-content-wrapper main_color av-flex-cells  avia-builder-el-10  el_after_av_layout_row  avia-builder-el-last  grid-row-not-first  container_wrap fullsize'  >\n\n<style type=\"text\/css\" data-created_by=\"avia_inline_auto\" id=\"style-css-av-93w1fi-c48e70de9665f2262706f03b81d74a98\">\n.flex_cell.av-93w1fi-c48e70de9665f2262706f03b81d74a98{\nvertical-align:top;\n}\n.responsive #top #wrap_all .flex_cell.av-93w1fi-c48e70de9665f2262706f03b81d74a98{\npadding:40px 30px 30px 150px !important;\n}\n<\/style>\n<div class='flex_cell av-93w1fi-c48e70de9665f2262706f03b81d74a98 av-gridrow-cell av_two_fifth no_margin  avia-builder-el-11  el_before_av_cell_three_fifth  avia-builder-el-first  content-align-top'  ><div class='flex_cell_inner'>\n<style type=\"text\/css\" data-created_by=\"avia_inline_auto\" id=\"style-css-av-792k7i-021924edf08307a4857068ebaebd335a\">\n.flex_column.av-792k7i-021924edf08307a4857068ebaebd335a{\nborder-radius:0px 0px 0px 0px;\npadding:0px 0px 0px 0px;\n}\n<\/style>\n<div  class='flex_column av-792k7i-021924edf08307a4857068ebaebd335a av_one_full  avia-builder-el-12  avia-builder-el-no-sibling  first flex_column_div av-zero-column-padding  '     ><\/div>\n<\/div><\/div>\n<style type=\"text\/css\" data-created_by=\"avia_inline_auto\" id=\"style-css-av-4k86y6-44e6de8d7d161dfb3783fef1790d3486\">\n.flex_cell.av-4k86y6-44e6de8d7d161dfb3783fef1790d3486{\nvertical-align:top;\n}\n.responsive #top #wrap_all .flex_cell.av-4k86y6-44e6de8d7d161dfb3783fef1790d3486{\npadding:30px 30px 30px 30px !important;\n}\n<\/style>\n<div class='flex_cell av-4k86y6-44e6de8d7d161dfb3783fef1790d3486 av-gridrow-cell av_three_fifth no_margin  avia-builder-el-14  el_after_av_cell_two_fifth  avia-builder-el-last  content-align-top'  ><div class='flex_cell_inner'>\n<style type=\"text\/css\" data-created_by=\"avia_inline_auto\" id=\"style-css-av-v9zi-09b0d74c1ffc1060f4453d53c7162911\">\n.flex_column.av-v9zi-09b0d74c1ffc1060f4453d53c7162911{\nborder-radius:0px 0px 0px 0px;\npadding:0px 0px 0px 0px;\n}\n<\/style>\n<div  class='flex_column av-v9zi-09b0d74c1ffc1060f4453d53c7162911 av_one_full  avia-builder-el-15  avia-builder-el-no-sibling  first flex_column_div av-zero-column-padding  '     ><section  class='av_textblock_section av-ldst0yzs-1b6af018607548c4e1aaf00ffe744ca2 '   itemscope=\"itemscope\" itemtype=\"https:\/\/schema.org\/CreativeWork\" ><div class='avia_textblock'  itemprop=\"text\" ><div class=\"page\" title=\"Page 1\">\n<div class=\"layoutArea\">\n<div class=\"column\">\n<p>Als Fachleute der Gesundheitsf\u00f6rderung und der Suchtpr\u00e4vention ist es unsere Aufgabe, die Bed\u00fcrfnisse unserer Zielgruppen und der involvierten Parteien bestm\u00f6glich und nachhaltig zu erf\u00fcllen. Deshalb ist uns die Qualit\u00e4t unserer Dienstleistungen und Teams ein stetiges Anliegen. Sie st\u00fctzt sich auf sechs grundlegende Ziele:<\/p>\n<\/div>\n<\/div>\n<\/div>\n<ol>\n<li><strong>Einen Mehrwert fu\u0308r unsere Leistungsempfa\u0308nger, Zielgruppen und die involvierten Parteien generieren<\/strong>, indem wir Bedu\u0308rfnisse, Erwartungen und Chancen verstehen, antizipieren, erfu\u0308llen und wahrnehmen.<\/li>\n<li><strong>Die Fa\u0308higkeiten der Organisation ausbauen und eine nachhaltige Zukunft unterstu\u0308tzen<\/strong><br \/>\nWir optimieren die Kapazita\u0308ten der Organisation nach innen durch effizientes Vera\u0308nderungsmanagement und nach aussen durch die Unterstu\u0308tzung von sozialen, o\u0308kologischen und o\u0308konomischen Verbesserungen fu\u0308r die Gemeinschaften, mit denen wir zu tun haben.<\/li>\n<li><strong>Agil und integer fu\u0308hren und verwalten<\/strong><br \/>\nWir erkennen Chancen und Risiken und reagieren effektiv darauf, um die Zukunft zu gestalten, und handeln stets im Einklang mit unseren Werten sowie ethisch korrekt.<\/li>\n<li><strong>Mit den Kompetenzen und Talenten des Personals arbeiten<\/strong><br \/>\nWir wertscha\u0308tzen unser Personal und bringen dies zum Ausdruck, indem wir eine Kultur der Zusammenarbeit, des Informationsaustauschs und der bewa\u0308hrten Praktiken pflegen und die Autonomie und das Erreichen von Zielen unterstu\u0308tzen.<\/li>\n<li><strong>Auf nachhaltige positive Ergebnisse hinarbeiten und die Kreativita\u0308t fo\u0308rdern<\/strong><br \/>\nWir erzielen nennenswerte Ergebnisse, die kurz-, mittel- und langfristig den Erwartungen der involvierten Parteien und o\u0308ffentlichen Einrichtungen entsprechen. Wir streben mit Innovation und Kreativita\u0308t nach kontinuierlicher Verbesserung.<\/li>\n<li><strong>Die Anforderungen unserer Auftraggeber und der o\u0308ffentlichen Einrichtungen erfu\u0308llen<\/strong><br \/>\nWir gewa\u0308hrleisten eine solide und transparente Institutionsverwaltung gema\u0308ss den Grundsa\u0308tzen der sparsamen und effizienten Verwendung der uns zur Verfu\u0308gung gestellten Finanzmittel. Bei unseren Finanzierungs- und Investitionsentscheidungen beru\u0308cksichtigen wir systematisch Nachhaltigkeitsaspekte.<\/li>\n<\/ol>\n<p>Laden Sie unsere <a href=\"https:\/\/www.reper-fr.ch\/wp-content\/uploads\/2023\/06\/REPER-qualita\u0308tspolitik.pdf\" target=\"_blank\" rel=\"noopener\">REPER &#8211; Qualita\u0308tspolitik<\/a> herunter<\/p>\n<\/div><\/section><\/div>\n<\/div><\/div><\/div>\n","protected":false},"excerpt":{"rendered":"","protected":false},"author":3,"featured_media":0,"parent":5243,"menu_order":6,"comment_status":"closed","ping_status":"closed","template":"","meta":{"_acf_changed":false,"footnotes":""},"class_list":["post-9321","page","type-page","status-publish","hentry"],"acf":[],"_links":{"self":[{"href":"https:\/\/www.reper-fr.ch\/de\/wp-json\/wp\/v2\/pages\/9321","targetHints":{"allow":["GET"]}}],"collection":[{"href":"https:\/\/www.reper-fr.ch\/de\/wp-json\/wp\/v2\/pages"}],"about":[{"href":"https:\/\/www.reper-fr.ch\/de\/wp-json\/wp\/v2\/types\/page"}],"author":[{"embeddable":true,"href":"https:\/\/www.reper-fr.ch\/de\/wp-json\/wp\/v2\/users\/3"}],"replies":[{"embeddable":true,"href":"https:\/\/www.reper-fr.ch\/de\/wp-json\/wp\/v2\/comments?post=9321"}],"version-history":[{"count":5,"href":"https:\/\/www.reper-fr.ch\/de\/wp-json\/wp\/v2\/pages\/9321\/revisions"}],"predecessor-version":[{"id":9714,"href":"https:\/\/www.reper-fr.ch\/de\/wp-json\/wp\/v2\/pages\/9321\/revisions\/9714"}],"up":[{"embeddable":true,"href":"https:\/\/www.reper-fr.ch\/de\/wp-json\/wp\/v2\/pages\/5243"}],"wp:attachment":[{"href":"https:\/\/www.reper-fr.ch\/de\/wp-json\/wp\/v2\/media?parent=9321"}],"curies":[{"name":"wp","href":"https:\/\/api.w.org\/{rel}","templated":true}]}}