{"id":8105,"date":"2022-05-30T11:24:38","date_gmt":"2022-05-30T09:24:38","guid":{"rendered":"https:\/\/www.reper-fr.ch\/privatpersonen\/eltern\/paedagogische-hilfsmittel\/prevention-alcool\/"},"modified":"2025-05-02T14:44:19","modified_gmt":"2025-05-02T12:44:19","slug":"alkoholpraevention","status":"publish","type":"page","link":"https:\/\/www.reper-fr.ch\/de\/privatpersonen\/eltern\/paedagogische-hilfsmittel\/alkoholpraevention\/","title":{"rendered":"Alkoholpr\u00e4vention"},"content":{"rendered":"<div id='av-layout-grid-1'  class='av-layout-grid-container av-13dlh76-2df80f048c84e5d2924360aa0eab9144 entry-content-wrapper main_color av-flex-cells  avia-builder-el-0  el_before_av_layout_row  avia-builder-el-first  av-small-hide av-mini-hide container_wrap fullsize'  >\n\n<style type=\"text\/css\" data-created_by=\"avia_inline_auto\" id=\"style-css-av-11wcoki-8ebf894f7f169cfcf20b32699323693e\">\n.flex_cell.av-11wcoki-8ebf894f7f169cfcf20b32699323693e{\nvertical-align:bottom;\nheight:460px;\nmin-height:460px;\nbackground:url(https:\/\/www.reper-fr.ch\/wp-content\/uploads\/2022\/05\/REPER-Prevention-Alcool-image-1030x687.jpg) 50% 0% no-repeat scroll ;\n}\n.responsive #top #wrap_all .flex_cell.av-11wcoki-8ebf894f7f169cfcf20b32699323693e{\npadding:200px 0px 200px 0px !important;\n}\n<\/style>\n<div class='flex_cell av-11wcoki-8ebf894f7f169cfcf20b32699323693e av-gridrow-cell av_two_fifth no_margin  avia-builder-el-1  el_before_av_cell_three_fifth  avia-builder-el-first  content-align-bottom avia-full-stretch'  ><div class='flex_cell_inner'><\/div><\/div>\n<style type=\"text\/css\" data-created_by=\"avia_inline_auto\" id=\"style-css-av-znu8fm-32637593611f041fac5c422578f06f73\">\n.flex_cell.av-znu8fm-32637593611f041fac5c422578f06f73{\nvertical-align:bottom;\nheight:460px;\nmin-height:460px;\nbackground-color:#a40528;\n}\n.responsive #top #wrap_all .flex_cell.av-znu8fm-32637593611f041fac5c422578f06f73{\npadding:50px 0px 20px 40px !important;\n}\n<\/style>\n<div class='flex_cell av-znu8fm-32637593611f041fac5c422578f06f73 av-gridrow-cell av_three_fifth no_margin  avia-builder-el-2  el_after_av_cell_two_fifth  avia-builder-el-last  content-align-bottom avia-full-stretch'  ><div class='flex_cell_inner'>\n<style type=\"text\/css\" data-created_by=\"avia_inline_auto\" id=\"style-css-av-xyw38i-d2144eb19b5a664220fbe859425a2850\">\n.flex_column.av-xyw38i-d2144eb19b5a664220fbe859425a2850{\nborder-radius:0px 0px 0px 0px;\npadding:0px 0px 0px 0px;\n}\n<\/style>\n<div  class='flex_column av-xyw38i-d2144eb19b5a664220fbe859425a2850 av_three_fourth  avia-builder-el-3  avia-builder-el-no-sibling  first flex_column_div av-zero-column-padding  '     ><style type=\"text\/css\" data-created_by=\"avia_inline_auto\" id=\"style-css-av-l3sikukb-c584be196faea21b0577a6de6d563f78\">\n#top .av-special-heading.av-l3sikukb-c584be196faea21b0577a6de6d563f78{\nmargin:0 0 0 -10px;\npadding-bottom:10px;\ncolor:#ffffff;\n}\nbody .av-special-heading.av-l3sikukb-c584be196faea21b0577a6de6d563f78 .av-special-heading-tag .heading-char{\nfont-size:25px;\n}\n.av-special-heading.av-l3sikukb-c584be196faea21b0577a6de6d563f78 .special-heading-inner-border{\nborder-color:#ffffff;\n}\n.av-special-heading.av-l3sikukb-c584be196faea21b0577a6de6d563f78 .av-subheading{\nfont-size:15px;\n}\n<\/style>\n<div  class='av-special-heading av-l3sikukb-c584be196faea21b0577a6de6d563f78 av-special-heading-h1 custom-color-heading blockquote modern-quote  avia-builder-el-4  avia-builder-el-no-sibling '><h1 class='av-special-heading-tag '  itemprop=\"headline\"  >Alkoholpr\u00e4vention<\/h1><div class=\"special-heading-border\"><div class=\"special-heading-inner-border\"><\/div><\/div><\/div><\/div>\n<\/div><\/div>\n<\/div>\n<div id='av-layout-grid-2'  class='av-layout-grid-container av-w0yiiq-796fa7d16c60567b867427a27415d3a2 entry-content-wrapper main_color av-flex-cells  avia-builder-el-5  el_after_av_layout_row  el_before_av_layout_row  grid-row-not-first av-desktop-hide av-medium-hide container_wrap fullsize'  >\n\n<style type=\"text\/css\" data-created_by=\"avia_inline_auto\" id=\"style-css-av-v5ftr6-6fe39014e678ec0bcff143c4dad8df1b\">\n.flex_cell.av-v5ftr6-6fe39014e678ec0bcff143c4dad8df1b{\nvertical-align:bottom;\nheight:180px;\nmin-height:180px;\nbackground:url(https:\/\/www.reper-fr.ch\/wp-content\/uploads\/2022\/05\/REPER-Prevention-Alcool-image-1030x687.jpg) 50% 0% no-repeat scroll ;\n}\n.responsive #top #wrap_all .flex_cell.av-v5ftr6-6fe39014e678ec0bcff143c4dad8df1b{\npadding:200px 0px 200px 0px !important;\n}\n<\/style>\n<div class='flex_cell av-v5ftr6-6fe39014e678ec0bcff143c4dad8df1b av-gridrow-cell av_two_fifth no_margin  avia-builder-el-6  el_before_av_cell_three_fifth  avia-builder-el-first  content-align-bottom avia-full-stretch'  ><div class='flex_cell_inner'><\/div><\/div>\n<style type=\"text\/css\" data-created_by=\"avia_inline_auto\" id=\"style-css-av-tfqw1u-2ecd82ae260b6ac168ebf5f58665e4ee\">\n.flex_cell.av-tfqw1u-2ecd82ae260b6ac168ebf5f58665e4ee{\nvertical-align:bottom;\nheight:180px;\nmin-height:180px;\nbackground-color:#a40528;\n}\n.responsive #top #wrap_all .flex_cell.av-tfqw1u-2ecd82ae260b6ac168ebf5f58665e4ee{\npadding:50px 0px 20px 40px !important;\n}\n<\/style>\n<div class='flex_cell av-tfqw1u-2ecd82ae260b6ac168ebf5f58665e4ee av-gridrow-cell av_three_fifth no_margin  avia-builder-el-7  el_after_av_cell_two_fifth  avia-builder-el-last  content-align-bottom avia-full-stretch'  ><div class='flex_cell_inner'>\n<style type=\"text\/css\" data-created_by=\"avia_inline_auto\" id=\"style-css-av-rp30mq-f0d2e60b4e17f496db7971bb3ed7a5f6\">\n.flex_column.av-rp30mq-f0d2e60b4e17f496db7971bb3ed7a5f6{\nborder-radius:0px 0px 0px 0px;\npadding:0px 0px 0px 0px;\n}\n<\/style>\n<div  class='flex_column av-rp30mq-f0d2e60b4e17f496db7971bb3ed7a5f6 av_three_fourth  avia-builder-el-8  avia-builder-el-no-sibling  first flex_column_div av-zero-column-padding  '     ><style type=\"text\/css\" data-created_by=\"avia_inline_auto\" id=\"style-css-av-l3sil1z7-e8876e0a84d442800673bb82d8f4bae8\">\n#top .av-special-heading.av-l3sil1z7-e8876e0a84d442800673bb82d8f4bae8{\npadding-bottom:10px;\ncolor:#ffffff;\n}\nbody .av-special-heading.av-l3sil1z7-e8876e0a84d442800673bb82d8f4bae8 .av-special-heading-tag .heading-char{\nfont-size:25px;\n}\n.av-special-heading.av-l3sil1z7-e8876e0a84d442800673bb82d8f4bae8 .special-heading-inner-border{\nborder-color:#ffffff;\n}\n.av-special-heading.av-l3sil1z7-e8876e0a84d442800673bb82d8f4bae8 .av-subheading{\nfont-size:15px;\n}\n<\/style>\n<div  class='av-special-heading av-l3sil1z7-e8876e0a84d442800673bb82d8f4bae8 av-special-heading-h1 custom-color-heading blockquote modern-quote  avia-builder-el-9  avia-builder-el-no-sibling '><h1 class='av-special-heading-tag '  itemprop=\"headline\"  >Alkoholpr\u00e4vention<\/h1><div class=\"special-heading-border\"><div class=\"special-heading-inner-border\"><\/div><\/div><\/div><\/div>\n<\/div><\/div>\n<\/div>\n<div id='av-layout-grid-3'  class='av-layout-grid-container av-p3boaa-7252431aa49b24699aa849d3f7a04672 entry-content-wrapper main_color av-flex-cells  avia-builder-el-10  el_after_av_layout_row  avia-builder-el-last  grid-row-not-first  container_wrap fullsize'  >\n\n<style type=\"text\/css\" data-created_by=\"avia_inline_auto\" id=\"style-css-av-o9kfgy-5cd59edc94a4185f8c764ae8561d9434\">\n.flex_cell.av-o9kfgy-5cd59edc94a4185f8c764ae8561d9434{\nvertical-align:top;\n}\n.responsive #top #wrap_all .flex_cell.av-o9kfgy-5cd59edc94a4185f8c764ae8561d9434{\npadding:40px 30px 30px 150px !important;\n}\n<\/style>\n<div class='flex_cell av-o9kfgy-5cd59edc94a4185f8c764ae8561d9434 av-gridrow-cell av_two_fifth no_margin  avia-builder-el-11  el_before_av_cell_three_fifth  avia-builder-el-first  content-align-top'  ><div class='flex_cell_inner'>\n<style type=\"text\/css\" data-created_by=\"avia_inline_auto\" id=\"style-css-av-lrwrhe-e288987a7a9194fe0b8b00e3d72b3e6c\">\n.flex_column.av-lrwrhe-e288987a7a9194fe0b8b00e3d72b3e6c{\nborder-radius:0px 0px 0px 0px;\npadding:0px 0px 0px 0px;\n}\n<\/style>\n<div  class='flex_column av-lrwrhe-e288987a7a9194fe0b8b00e3d72b3e6c av_one_full  avia-builder-el-12  avia-builder-el-no-sibling  first flex_column_div av-zero-column-padding  '     ><\/div>\n<\/div><\/div>\n<style type=\"text\/css\" data-created_by=\"avia_inline_auto\" id=\"style-css-av-1yx3zm-3c9050017e54a27bd74f26e819cc6893\">\n.flex_cell.av-1yx3zm-3c9050017e54a27bd74f26e819cc6893{\nvertical-align:top;\n}\n.responsive #top #wrap_all .flex_cell.av-1yx3zm-3c9050017e54a27bd74f26e819cc6893{\npadding:30px 30px 30px 30px !important;\n}\n<\/style>\n<div class='flex_cell av-1yx3zm-3c9050017e54a27bd74f26e819cc6893 av-gridrow-cell av_three_fifth no_margin  avia-builder-el-14  el_after_av_cell_two_fifth  avia-builder-el-last  content-align-top'  ><div class='flex_cell_inner'><p>\n<style type=\"text\/css\" data-created_by=\"avia_inline_auto\" id=\"style-css-av-gy0wjm-d58b0b4bf6ebe78d019dfa7e4eabbfb9\">\n.flex_column.av-gy0wjm-d58b0b4bf6ebe78d019dfa7e4eabbfb9{\nborder-radius:0px 0px 0px 0px;\npadding:0px 0px 0px 0px;\n}\n<\/style>\n<div  class='flex_column av-gy0wjm-d58b0b4bf6ebe78d019dfa7e4eabbfb9 av_one_full  avia-builder-el-15  el_before_av_heading  avia-builder-el-first  first flex_column_div av-zero-column-padding  '     ><section  class='av_textblock_section av-l3siy0xv-b64f82223ffba4f5bc28b40836f75bee '   itemscope=\"itemscope\" itemtype=\"https:\/\/schema.org\/CreativeWork\" ><div class='avia_textblock'  itemprop=\"text\" ><p>Alkohol ist in unserer Gesellschaft sehr pr\u00e4sent. Er ist Teil unserer Kultur und die Mehrheit der Bev\u00f6lkerung trinkt Alkohol. Doch Alkohol ist alles andere als eine banale Substanz. Wir vergessen manchmal, dass es sich um eine (legale) Droge handelt und dass beim Konsum daher Vorsicht geboten ist.<\/p>\n<p>REPER hat Hilfsmittel und Dienstleistungen entwickelt, die unerw\u00fcnschten Wirkungen von Alkohol vorbeugen und Personen mit Alkoholproblemen und ihren Angeh\u00f6rigen Unterst\u00fctzung bieten sollen. Dazu geh\u00f6ren:<\/p>\n<ul>\n<li><a href=\"https:\/\/www.bisch-fit.ch\/\" target=\"_blank\" rel=\"noopener\">Bisch-fit.ch<\/a> informiert spielerisch \u00fcber verschiedene Aspekte im Zusammenhang mit Alkohol<\/li>\n<li>Flyer f\u00fcr Jugendliche, die mit einem Alkoholkoma oder einer akuten Alkoholvergiftung in die Notfallaufnahme eingeliefert wurden, sowie f\u00fcr ihre Eltern. Diese Flyer sind auf Anfrage auch in anderen Sprachen verf\u00fcgbar<\/li>\n<li><a href=\"https:\/\/www.reper-fr.ch\/de\/privatpersonen\/eltern\/abendveranstaltungen-und-sensibilisierungen\/elternabende\/\" target=\"_blank\" rel=\"noopener\">Elternabende<\/a> zum Thema Alkohol<\/li>\n<li><a href=\"https:\/\/www.reper-fr.ch\/de\/privatpersonen\/jugendliche\/beratung-und-unterstuetzung\/sozialpaedagogische-begleitung\/\" target=\"_blank\" rel=\"noopener\">Sozialp\u00e4dagogische Begleitung<\/a> f\u00fcr Jugendliche<\/li>\n<li>Programm <a href=\"https:\/\/www.reper-fr.ch\/de\/privatpersonen\/eltern\/beratung-und-unterstuetzung\/zurueck-in-die-zukunft\/\" target=\"_blank\" rel=\"noopener\">Zur\u00fcck in die Zukunft<\/a> f\u00fcr Jugendliche<\/li>\n<li><a href=\"https:\/\/www.reper-fr.ch\/de\/privatpersonen\/eltern\/kantonale-indikationsstelle-sucht-fuer-minderjaehrige\/\" target=\"_blank\" rel=\"noopener\">Kantonale Indikationsstelle &#8222;Sucht&#8220; f\u00fcr Minderj\u00e4hrige<\/a><\/li>\n<li><a href=\"https:\/\/www.smartevent.info\/de\" target=\"_blank\" rel=\"noopener\">Smartevent<\/a>, der Pr\u00e4ventionspartner f\u00fcr Feste im Kanton Freiburg<\/li>\n<li><a href=\"https:\/\/www.bemyangel.ch\/de\/\" target=\"_blank\" rel=\"noopener\">Be my Angel<\/a>, die Sensibilisierung der \u00d6ffentlichkeit f\u00fcr die Gefahren von Suchtmitteln im Strassenverkehr<\/li>\n<li>die <a href=\"https:\/\/www.gastrofribourg.ch\/formation\/formation-professionnelle\/formation-obligatoire\/?lang=de\" target=\"_blank\" rel=\"noopener\">Suchtpr\u00e4ventionskurse von GastroFribourg<\/a><\/li>\n<\/ul>\n<\/div><\/section><\/div>\n<style type=\"text\/css\" data-created_by=\"avia_inline_auto\" id=\"style-css-av-l3sima2b-f661bf79d5a95974897c53e40e490e00\">\n#top .av-special-heading.av-l3sima2b-f661bf79d5a95974897c53e40e490e00{\npadding-bottom:10px;\n}\nbody .av-special-heading.av-l3sima2b-f661bf79d5a95974897c53e40e490e00 .av-special-heading-tag .heading-char{\nfont-size:25px;\n}\n.av-special-heading.av-l3sima2b-f661bf79d5a95974897c53e40e490e00 .av-subheading{\nfont-size:15px;\n}\n<\/style>\n<div  class='av-special-heading av-l3sima2b-f661bf79d5a95974897c53e40e490e00 av-special-heading-h3 custom-color-heading blockquote modern-quote  avia-builder-el-17  el_after_av_one_full  el_before_av_tab_container '><div class='av-subheading av-subheading_above'><p>REPER<\/p>\n<\/div><h3 class='av-special-heading-tag '  itemprop=\"headline\"  >Information <span class='special_amp'>&amp;<\/span> Projekte<\/h3><div class=\"special-heading-border\"><div class=\"special-heading-inner-border\"><\/div><\/div><\/div><br \/>\n<div  class='tabcontainer av-7dc7pl-b8689fd6fa3404a41f0ecce4b09a6d75 sidebar_tab sidebar_tab_left  avia-builder-el-18  el_after_av_heading  el_before_av_heading  noborder_tabs'>\n<section class='av_tab_section av_tab_section av-5zaqbd-40d94b5c79cbd159af4068a23c14b315'  itemscope=\"itemscope\" itemtype=\"https:\/\/schema.org\/CreativeWork\" ><div id='tab-id-1-tab' class='tab active_tab' role='tab' aria-selected=\"true\" tabindex=\"0\" data-fake-id='#tab-id-1' aria-controls='tab-id-1-content'  itemprop=\"headline\" >Adresse<\/div><div id='tab-id-1-content' class='tab_content active_tab_content' role='tabpanel' aria-labelledby='tab-id-1-tab' aria-hidden=\"false\"><div class='tab_inner_content invers-color'  itemprop=\"text\" ><p><strong>REPER<br \/>\n<\/strong>Information &amp; Projekte<\/p>\n<p>Jurastrasse 29<br \/>\nCH-1700 Freiburg<\/p>\n<\/div><\/div><\/section>\n<section class='av_tab_section av_tab_section av-aq6ux-d3d4f0f9cbb1e4cec660ac3cb2e61647'  itemscope=\"itemscope\" itemtype=\"https:\/\/schema.org\/CreativeWork\" ><div id='tab-id-2-tab' class='tab' role='tab' aria-selected=\"false\" tabindex=\"0\" data-fake-id='#tab-id-2' aria-controls='tab-id-2-content'  itemprop=\"headline\" >Kontakt<\/div><div id='tab-id-2-content' class='tab_content' role='tabpanel' aria-labelledby='tab-id-2-tab' aria-hidden=\"true\"><div class='tab_inner_content invers-color'  itemprop=\"text\" ><p><a href=\"https:\/\/www.reper-fr.ch\/de\/ueber-uns\/kontakt\/kontakt\/\" target=\"_blank\" rel=\"noopener\">Hier klicken<\/a><\/p>\n<\/div><\/div><\/section>\n<\/div><br \/>\n\n<style type=\"text\/css\" data-created_by=\"avia_inline_auto\" id=\"style-css-av-8jnhjm-fdacd0f28887d9853c0bcd7de2b9e4d7\">\n#top .av-special-heading.av-8jnhjm-fdacd0f28887d9853c0bcd7de2b9e4d7{\npadding-bottom:10px;\n}\nbody .av-special-heading.av-8jnhjm-fdacd0f28887d9853c0bcd7de2b9e4d7 .av-special-heading-tag .heading-char{\nfont-size:25px;\n}\n.av-special-heading.av-8jnhjm-fdacd0f28887d9853c0bcd7de2b9e4d7 .av-subheading{\nfont-size:15px;\n}\n<\/style>\n<div  class='av-special-heading av-8jnhjm-fdacd0f28887d9853c0bcd7de2b9e4d7 av-special-heading-h3 custom-color-heading blockquote modern-quote  avia-builder-el-19  el_after_av_tab_container  el_before_av_tab_container '><div class='av-subheading av-subheading_above'><p>REPER<\/p>\n<\/div><h3 class='av-special-heading-tag '  itemprop=\"headline\"  >Strasse <span class='special_amp'>&amp;<\/span> Projektrealisation<\/h3><div class=\"special-heading-border\"><div class=\"special-heading-inner-border\"><\/div><\/div><\/div><br \/>\n<div  class='tabcontainer av-rbr7d-f30515981375c194ace3f6ce46a2f583 sidebar_tab sidebar_tab_left  avia-builder-el-20  el_after_av_heading  avia-builder-el-last  noborder_tabs'>\n<section class='av_tab_section av_tab_section av-6b7tuh-6bcf811012c0b893f8a9d242a899023f'  itemscope=\"itemscope\" itemtype=\"https:\/\/schema.org\/CreativeWork\" ><div id='tab-id-3-tab' class='tab active_tab' role='tab' aria-selected=\"true\" tabindex=\"0\" data-fake-id='#tab-id-3' aria-controls='tab-id-3-content'  itemprop=\"headline\" >Adresse<\/div><div id='tab-id-3-content' class='tab_content active_tab_content' role='tabpanel' aria-labelledby='tab-id-3-tab' aria-hidden=\"false\"><div class='tab_inner_content invers-color'  itemprop=\"text\" ><p><strong>REPER<br \/>\n<\/strong>Strasse &amp; Projektrealisation<\/p>\n<p>Hans-Fries Strasse 11<br \/>\nCH-1700 Freiburg<\/p>\n<\/div><\/div><\/section>\n<section class='av_tab_section av_tab_section av-2l6q55-3d8e6611342803568bb1209948a8af23'  itemscope=\"itemscope\" itemtype=\"https:\/\/schema.org\/CreativeWork\" ><div id='tab-id-4-tab' class='tab' role='tab' aria-selected=\"false\" tabindex=\"0\" data-fake-id='#tab-id-4' aria-controls='tab-id-4-content'  itemprop=\"headline\" >Kontakt<\/div><div id='tab-id-4-content' class='tab_content' role='tabpanel' aria-labelledby='tab-id-4-tab' aria-hidden=\"true\"><div class='tab_inner_content invers-color'  itemprop=\"text\" ><p><a href=\"https:\/\/www.reper-fr.ch\/de\/ueber-uns\/kontakt\/kontakt\/\" target=\"_blank\" rel=\"noopener\">Hier klicken<\/a><\/p>\n<\/div><\/div><\/section>\n<\/div><\/p>\n<\/div><\/div><\/div>\n","protected":false},"excerpt":{"rendered":"","protected":false},"author":3,"featured_media":0,"parent":4806,"menu_order":0,"comment_status":"closed","ping_status":"closed","template":"","meta":{"_acf_changed":false,"footnotes":""},"class_list":["post-8105","page","type-page","status-publish","hentry"],"acf":[],"_links":{"self":[{"href":"https:\/\/www.reper-fr.ch\/de\/wp-json\/wp\/v2\/pages\/8105","targetHints":{"allow":["GET"]}}],"collection":[{"href":"https:\/\/www.reper-fr.ch\/de\/wp-json\/wp\/v2\/pages"}],"about":[{"href":"https:\/\/www.reper-fr.ch\/de\/wp-json\/wp\/v2\/types\/page"}],"author":[{"embeddable":true,"href":"https:\/\/www.reper-fr.ch\/de\/wp-json\/wp\/v2\/users\/3"}],"replies":[{"embeddable":true,"href":"https:\/\/www.reper-fr.ch\/de\/wp-json\/wp\/v2\/comments?post=8105"}],"version-history":[{"count":5,"href":"https:\/\/www.reper-fr.ch\/de\/wp-json\/wp\/v2\/pages\/8105\/revisions"}],"predecessor-version":[{"id":13047,"href":"https:\/\/www.reper-fr.ch\/de\/wp-json\/wp\/v2\/pages\/8105\/revisions\/13047"}],"up":[{"embeddable":true,"href":"https:\/\/www.reper-fr.ch\/de\/wp-json\/wp\/v2\/pages\/4806"}],"wp:attachment":[{"href":"https:\/\/www.reper-fr.ch\/de\/wp-json\/wp\/v2\/media?parent=8105"}],"curies":[{"name":"wp","href":"https:\/\/api.w.org\/{rel}","templated":true}]}}