{"id":7549,"date":"2022-04-06T10:33:43","date_gmt":"2022-04-06T08:33:43","guid":{"rendered":"https:\/\/www.reper-fr.ch\/conditions-generales-dutilisation\/"},"modified":"2023-07-06T10:09:57","modified_gmt":"2023-07-06T08:09:57","slug":"allgemeine-nutzungsbedingungen","status":"publish","type":"page","link":"https:\/\/www.reper-fr.ch\/de\/allgemeine-nutzungsbedingungen\/","title":{"rendered":"Allgemeine Nutzungsbedingungen"},"content":{"rendered":"\n<style type=\"text\/css\" data-created_by=\"avia_inline_auto\" id=\"style-css-av-389wjr-26be85839423484e225ade48e299000d\">\n.flex_column.av-389wjr-26be85839423484e225ade48e299000d{\nborder-radius:0px 0px 0px 0px;\npadding:0px 0px 0px 0px;\n}\n<\/style>\n<div  class='flex_column av-389wjr-26be85839423484e225ade48e299000d av_one_full  avia-builder-el-0  avia-builder-el-no-sibling  first flex_column_div av-zero-column-padding  '     ><p>\n<style type=\"text\/css\" data-created_by=\"avia_inline_auto\" id=\"style-css-av-l1nbevze-d07084380ce86663c478b6331b5c78df\">\n#top .hr.hr-invisible.av-l1nbevze-d07084380ce86663c478b6331b5c78df{\nheight:50px;\n}\n<\/style>\n<div  class='hr av-l1nbevze-d07084380ce86663c478b6331b5c78df hr-invisible  avia-builder-el-1  el_before_av_heading  avia-builder-el-first '><span class='hr-inner '><span class=\"hr-inner-style\"><\/span><\/span><\/div><br \/>\n\n<style type=\"text\/css\" data-created_by=\"avia_inline_auto\" id=\"style-css-av-l1nbdgw2-f84b2f2eca65ad62835526a6452f2244\">\n#top .av-special-heading.av-l1nbdgw2-f84b2f2eca65ad62835526a6452f2244{\npadding-bottom:10px;\n}\nbody .av-special-heading.av-l1nbdgw2-f84b2f2eca65ad62835526a6452f2244 .av-special-heading-tag .heading-char{\nfont-size:25px;\n}\n.av-special-heading.av-l1nbdgw2-f84b2f2eca65ad62835526a6452f2244 .av-subheading{\nfont-size:15px;\n}\n<\/style>\n<div  class='av-special-heading av-l1nbdgw2-f84b2f2eca65ad62835526a6452f2244 av-special-heading-h1 blockquote modern-quote  avia-builder-el-2  el_after_av_hr  el_before_av_textblock '><h1 class='av-special-heading-tag '  itemprop=\"headline\"  >Allgemeine Nutzungsbedingungen<\/h1><div class=\"special-heading-border\"><div class=\"special-heading-inner-border\"><\/div><\/div><\/div><br \/>\n<section  class='av_textblock_section av-l1nbcptd-520a42fde464b4b6a1de8fd2f7c5f3bf '   itemscope=\"itemscope\" itemtype=\"https:\/\/schema.org\/CreativeWork\" ><div class='avia_textblock'  itemprop=\"text\" ><p>Die vorliegenden Allgemeinen Nutzungsbedingungen legen die Bedingungen f\u00fcr die Nutzung der Website des Vereins REPER fest. Die Website bietet Informationen \u00fcber die Arbeit des Vereins in den Bereichen Gesundheitsf\u00f6rderung, Suchtpr\u00e4vention, soziokulturelle Animation und sozioprofessionelle Eingliederung.<\/p>\n<p>Mit dem Besuch, dem Durchsuchen und der Nutzung der Website des Vereins REPER (Website) erkl\u00e4ren Sie, dass Sie die vorliegenden Nutzungsbedingungen gelesen und verstanden haben und mit diesen einverstanden sind.<\/p>\n<h3>Rechtliche Hinweise<\/h3>\n<p>Die Website <a href=\"https:\/\/www.reper-fr.ch\/de\/\" target=\"_blank\" rel=\"noopener\">https:\/\/www.reper-fr.ch<\/a> wird vom Verein REPER, einer gemeinn\u00fctzigen Organisation mit Sitz in Freiburg, betrieben.<\/p>\n<h3>Herausgeber und Redaktion<\/h3>\n<p><strong>REPER<\/strong><br \/>\nTeam Kommunikation und Fundraising<br \/>\nRue Hans-Fries 11 \u2013 1700 Freiburg, Schweiz<br \/>\nTelefon: +41 (0)26 322 29 01<br \/>\nE-Mail : <a href=\"mailto:info@reper-fr.ch\">info@reper-fr.ch<\/a><\/p>\n<p>Website : <a href=\"https:\/\/www.reper-fr.ch\/de\" target=\"_blank\" rel=\"noopener\">https:\/\/www.reper-fr.ch<\/a><\/p>\n<p><strong>Hosting<\/strong><\/p>\n<p>INFOMANIAK NETWORK SA \u2013 26, Avenue de la Praille \u2013 1227 Carouge \/ Gen\u00e8ve \u2013 SCHWEIZ<br \/>\nT\u00e9l.: +41 (0)22 820 35 44<br \/>\nE-Mail: contact@infomaniak.ch<br \/>\nWebsite: www.infomaniak.ch<\/p>\n<h3>1. BESUCH DER WEBSITE:<\/h3>\n<p>Mit dem Besuch der Website stehen folgende kostenlosen Services zur Verf\u00fcgung:<\/p>\n<ul>\n<li>Informationen \u00fcber den Verein und seine Angebote<\/li>\n<li>Informationen \u00fcber die M\u00f6glichkeiten, den Verein zu unterst\u00fctzen<\/li>\n<li>Publikationen des Vereins (zum Beispiel Abteilungen, Dienstleistungen, Jahresberichte)<\/li>\n<li>Stellenangebote<\/li>\n<li>Anmeldung zum Newsletter des Vereins<\/li>\n<li>Online-Formular f\u00fcr die \u00dcberweisung von Spenden<\/li>\n<li>Online-Formular f\u00fcr die \u00dcberweisung von Beitr\u00e4gen<\/li>\n<\/ul>\n<h3>2. \u00c4NDERUNGEN DER WEBSITE:<\/h3>\n<p>REPER beh\u00e4lt sich das Recht vor, die Website inklusive der darauf ver\u00f6ffentlichten Nutzungsbedingungen, Datenschutzrichtlinien, Informationen und Dienstleistungen jederzeit und ohne Vorank\u00fcndigung zu \u00e4ndern. Mit dem Besuch und der Nutzung der Website stimmen Sie ausdr\u00fccklich den jeweils aktuellen Nutzungsbedingungen zu.<\/p>\n<h3>3. VERPFLICHTUNG DES HERAUSGEBERS (REPER):<\/h3>\n<p>S\u00e4mtliche Informationen auf der Website dienen allgemeinen Informationszwecken und k\u00f6nnen ge\u00e4ndert werden. REPER ist bestrebt, m\u00f6glichst korrekte Informationen zu liefern, jedoch k\u00f6nnen weder REPER noch seine Vertragspartner explizit oder implizit die Korrektheit, Vertrauensw\u00fcrdigkeit und Vollst\u00e4ndigkeit der zur Verf\u00fcgung gestellten Informationen garantieren (auch nicht gegen\u00fcber Dritten). Alle Informationen auf der Website k\u00f6nnen jederzeit ohne Vorank\u00fcndigung ge\u00e4ndert werden. REPER ist nicht verpflichtet, nicht mehr aktuelle Informationen von der Website zu entfernen oder entsprechend zu kennzeichnen.<\/p>\n<h3>4. VERPFLICHTUNG DER NUTZENDEN:<\/h3>\n<p>Der oder die Nutzende tr\u00e4gt die volle Verantwortung f\u00fcr die Verwendung der auf der Website zur Verf\u00fcgung gestellten Informationen und Inhalte.<br \/>\nF\u00fcr die ordnungsgem\u00e4sse Nutzung der auf der Website enthaltenen Informationen ist allein der oder die Nutzende verantwortlich. Jegliche Nutzung der Website durch den Nutzenden oder die Nutzende, welche direkt oder indirekt Schaden verursacht, zieht die Einforderung einer Entsch\u00e4digung zugunsten der Website nach sich.<\/p>\n<h3>5. GEISTIGES EIGENTUM:<\/h3>\n<p>Die gesamte Website (Texte, Grafiken, Bilder usw.) ist Eigentum von REPER. Sie ist urheberrechtlich gesch\u00fctzt (alle Rechte vorbehalten). Die Marke REPER sowie die dazu geh\u00f6renden Logos sind eingetragene Marken. Die Pr\u00e4sentation dieser Marken auf der Website verleiht kein Recht zu deren Nutzung.<\/p>\n<p>Ohne die Erw\u00e4hnung von REPER und des Copyrights d\u00fcrfen keinerlei Informationen von der Website heruntergeladen, ausgedruckt oder reproduziert werden. Werden Software oder andere Daten von dieser Website heruntergeladen, ausgedruckt oder auf andere Weise reproduziert, verbleiben die Urheberrechte bei REPER. Es ist untersagt, ohne vorg\u00e4ngige schriftliche Zustimmung von REPER einzelne Seiten oder Abschnitte f\u00fcr \u00f6ffentliche oder kommerzielle Zwecke herunterzuladen, auszudrucken, zu reproduzieren, zu \u00fcbermitteln (elektronisch oder auf andere Weise), zu \u00e4ndern oder zu verlinken oder die Website von REPER oder sein Logo zu solchen Zwecken zu nutzen.<\/p>\n<p>*DAS QUALIT\u00c4TSLABEL<\/p>\n<p>REPER ist eine <span style=\"font-weight: 400;\">gemeinn\u00fctzige Organisation, die nach ISO 9001 und QuaTheDA zertifiziert ist. <\/span>Diese Labels sind ein Nachweis f\u00fcr die Qualit\u00e4t unserer Dienstleistungen.<\/p>\n<h3>6. ERHEBEN VON PERSONENBEZOGENEN DATEN:<\/h3>\n<p>Die Verarbeitung personenbezogener Daten wird in den <a href=\"https:\/\/www.reper-fr.ch\/de\/datenschutzrichtlinien\/\" target=\"_blank\" rel=\"noopener\">Datenschutzrichtlinien<\/a> erl\u00e4utert.<\/p>\n<h3>7. VERLINKTE WEBSITES:<\/h3>\n<p>Das Anklicken bestimmter Links auf dieser Website kann dazu f\u00fchren, dass Sie die Website verlassen. Diese Links, Adressen oder Hyperlinks dienen einzig der Benutzerfreundlichkeit und Ihrer Information. REPER hat keine der mit dieser Website verlinkten oder auf diese Website f\u00fchrenden Seiten \u00fcberpr\u00fcft und \u00fcbernimmt keine Verantwortung f\u00fcr deren Inhalt, die darauf angebotenen Produkte oder Dienstleistungen oder andere Angebote. Der Besuch von verlinkten Seiten erfolgt auf eigene Verantwortung und auf eigenes Risiko.<\/p>\n<h3>8. ANWENDBARES RECHT UND GERICHTSSTAND:<\/h3>\n<p>Die Rechtsbeziehungen zwischen den Nutzenden dieser Website und REPER unterstehen schweizerischem Recht. Der Gerichtsstand f\u00fcr Rechtsstreitigkeiten im Zusammenhang mit der Nutzung dieser Website richtet sich nach den zwingenden geltenden gesetzlichen Bestimmungen. Soweit diese nicht zur Anwendung kommen, ist Freiburg Gerichtsstand.<\/p>\n<h3>9. KONTAKT:<\/h3>\n<p>Bei Fragen oder Beschwerden betreffend die vorliegenden Allgemeinen Nutzungsbedingungen kontaktieren Sie uns bitte via E-Mail an: <a href=\"mailto:info@reper-fr.ch\" target=\"_blank\" rel=\"noopener\">info@reper-fr.ch<\/a><\/p>\n<\/div><\/section><\/p><\/div>\n","protected":false},"excerpt":{"rendered":"","protected":false},"author":1,"featured_media":0,"parent":0,"menu_order":6,"comment_status":"closed","ping_status":"closed","template":"","meta":{"_acf_changed":false,"footnotes":""},"class_list":["post-7549","page","type-page","status-publish","hentry"],"acf":[],"_links":{"self":[{"href":"https:\/\/www.reper-fr.ch\/de\/wp-json\/wp\/v2\/pages\/7549","targetHints":{"allow":["GET"]}}],"collection":[{"href":"https:\/\/www.reper-fr.ch\/de\/wp-json\/wp\/v2\/pages"}],"about":[{"href":"https:\/\/www.reper-fr.ch\/de\/wp-json\/wp\/v2\/types\/page"}],"author":[{"embeddable":true,"href":"https:\/\/www.reper-fr.ch\/de\/wp-json\/wp\/v2\/users\/1"}],"replies":[{"embeddable":true,"href":"https:\/\/www.reper-fr.ch\/de\/wp-json\/wp\/v2\/comments?post=7549"}],"version-history":[{"count":5,"href":"https:\/\/www.reper-fr.ch\/de\/wp-json\/wp\/v2\/pages\/7549\/revisions"}],"predecessor-version":[{"id":10051,"href":"https:\/\/www.reper-fr.ch\/de\/wp-json\/wp\/v2\/pages\/7549\/revisions\/10051"}],"wp:attachment":[{"href":"https:\/\/www.reper-fr.ch\/de\/wp-json\/wp\/v2\/media?parent=7549"}],"curies":[{"name":"wp","href":"https:\/\/api.w.org\/{rel}","templated":true}]}}