{"id":5371,"date":"2021-05-14T16:43:07","date_gmt":"2021-05-14T14:43:12","guid":{"rendered":"https:\/\/www.reper-fr.ch\/ueber-uns\/andere-dienste\/location-roulotte\/"},"modified":"2023-08-24T16:07:36","modified_gmt":"2023-08-24T14:07:36","slug":"roulotte-mieten","status":"publish","type":"page","link":"https:\/\/www.reper-fr.ch\/de\/ueber-uns\/andere-dienste\/roulotte-mieten\/","title":{"rendered":"Roulotte mieten"},"content":{"rendered":"<div id='av-layout-grid-1'  class='av-layout-grid-container av-o0s8bf-689b9fa18cbca66fc0dd9c84033eb38b entry-content-wrapper main_color av-flex-cells  avia-builder-el-0  el_before_av_layout_row  avia-builder-el-first  av-small-hide av-mini-hide container_wrap fullsize'  >\n\n<style type=\"text\/css\" data-created_by=\"avia_inline_auto\" id=\"style-css-av-l1m9mnri-87f7259f2fdc11876aa6a9625bce3c6c\">\n.flex_cell.av-l1m9mnri-87f7259f2fdc11876aa6a9625bce3c6c{\nvertical-align:bottom;\nheight:460px;\nmin-height:460px;\nbackground:url(https:\/\/www.reper-fr.ch\/wp-content\/uploads\/2022\/04\/REPER-roulotte-image-1030x713.jpg) 50% 0% no-repeat scroll ;\n}\n.responsive #top #wrap_all .flex_cell.av-l1m9mnri-87f7259f2fdc11876aa6a9625bce3c6c{\npadding:200px 0px 200px 0px !important;\n}\n<\/style>\n<div class='flex_cell av-l1m9mnri-87f7259f2fdc11876aa6a9625bce3c6c av-gridrow-cell av_two_fifth no_margin  avia-builder-el-1  el_before_av_cell_three_fifth  avia-builder-el-first  content-align-bottom avia-full-stretch'  ><div class='flex_cell_inner'><\/div><\/div>\n<style type=\"text\/css\" data-created_by=\"avia_inline_auto\" id=\"style-css-av-n2adiz-5fd6da892a9195499b01dfe7624ee4c9\">\n.flex_cell.av-n2adiz-5fd6da892a9195499b01dfe7624ee4c9{\nvertical-align:bottom;\nheight:460px;\nmin-height:460px;\nbackground-color:#a40528;\n}\n.responsive #top #wrap_all .flex_cell.av-n2adiz-5fd6da892a9195499b01dfe7624ee4c9{\npadding:50px 0px 20px 40px !important;\n}\n<\/style>\n<div class='flex_cell av-n2adiz-5fd6da892a9195499b01dfe7624ee4c9 av-gridrow-cell av_three_fifth no_margin  avia-builder-el-2  el_after_av_cell_two_fifth  avia-builder-el-last  content-align-bottom avia-full-stretch'  ><div class='flex_cell_inner'>\n<style type=\"text\/css\" data-created_by=\"avia_inline_auto\" id=\"style-css-av-l5by8r-a825c12fa16566efb6f58b95258ed5e2\">\n.flex_column.av-l5by8r-a825c12fa16566efb6f58b95258ed5e2{\nborder-radius:0px 0px 0px 0px;\npadding:0px 0px 0px 0px;\n}\n<\/style>\n<div  class='flex_column av-l5by8r-a825c12fa16566efb6f58b95258ed5e2 av_three_fourth  avia-builder-el-3  avia-builder-el-no-sibling  first flex_column_div av-zero-column-padding  '     ><style type=\"text\/css\" data-created_by=\"avia_inline_auto\" id=\"style-css-av-l1m9l4xv-ddbb8a1ea9896a2983b160fdd5ccc9ee\">\n#top .av-special-heading.av-l1m9l4xv-ddbb8a1ea9896a2983b160fdd5ccc9ee{\nmargin:0 0 0 -10px;\npadding-bottom:10px;\ncolor:#ffffff;\n}\nbody .av-special-heading.av-l1m9l4xv-ddbb8a1ea9896a2983b160fdd5ccc9ee .av-special-heading-tag .heading-char{\nfont-size:25px;\n}\n.av-special-heading.av-l1m9l4xv-ddbb8a1ea9896a2983b160fdd5ccc9ee .special-heading-inner-border{\nborder-color:#ffffff;\n}\n.av-special-heading.av-l1m9l4xv-ddbb8a1ea9896a2983b160fdd5ccc9ee .av-subheading{\nfont-size:15px;\n}\n<\/style>\n<div  class='av-special-heading av-l1m9l4xv-ddbb8a1ea9896a2983b160fdd5ccc9ee av-special-heading-h1 custom-color-heading blockquote modern-quote  avia-builder-el-4  avia-builder-el-no-sibling '><h1 class='av-special-heading-tag '  itemprop=\"headline\"  >Roulotte mieten<\/h1><div class=\"special-heading-border\"><div class=\"special-heading-inner-border\"><\/div><\/div><\/div><\/div>\n<\/div><\/div>\n<\/div>\n<div id='av-layout-grid-2'  class='av-layout-grid-container av-iplq97-b37f5f2580a46f3742b70bb9b15ba283 entry-content-wrapper main_color av-flex-cells  avia-builder-el-5  el_after_av_layout_row  el_before_av_layout_row  grid-row-not-first av-desktop-hide av-medium-hide container_wrap fullsize'  >\n\n<style type=\"text\/css\" data-created_by=\"avia_inline_auto\" id=\"style-css-av-l1m9mxrq-2dc6bc4309ca93b96bbbe1b9b3de49b0\">\n.flex_cell.av-l1m9mxrq-2dc6bc4309ca93b96bbbe1b9b3de49b0{\nvertical-align:bottom;\nheight:180px;\nmin-height:180px;\nbackground:url(https:\/\/www.reper-fr.ch\/wp-content\/uploads\/2022\/04\/REPER-roulotte-image-1030x713.jpg) 50% 0% no-repeat scroll ;\n}\n.responsive #top #wrap_all .flex_cell.av-l1m9mxrq-2dc6bc4309ca93b96bbbe1b9b3de49b0{\npadding:200px 0px 200px 0px !important;\n}\n<\/style>\n<div class='flex_cell av-l1m9mxrq-2dc6bc4309ca93b96bbbe1b9b3de49b0 av-gridrow-cell av_two_fifth no_margin  avia-builder-el-6  el_before_av_cell_three_fifth  avia-builder-el-first  content-align-bottom avia-full-stretch'  ><div class='flex_cell_inner'><\/div><\/div>\n<style type=\"text\/css\" data-created_by=\"avia_inline_auto\" id=\"style-css-av-gq5xdn-79db4a1c204a5f8d15f5972fd82d26a5\">\n.flex_cell.av-gq5xdn-79db4a1c204a5f8d15f5972fd82d26a5{\nvertical-align:bottom;\nheight:180px;\nmin-height:180px;\nbackground-color:#a40528;\n}\n.responsive #top #wrap_all .flex_cell.av-gq5xdn-79db4a1c204a5f8d15f5972fd82d26a5{\npadding:50px 0px 20px 40px !important;\n}\n<\/style>\n<div class='flex_cell av-gq5xdn-79db4a1c204a5f8d15f5972fd82d26a5 av-gridrow-cell av_three_fifth no_margin  avia-builder-el-7  el_after_av_cell_two_fifth  avia-builder-el-last  content-align-bottom avia-full-stretch'  ><div class='flex_cell_inner'>\n<style type=\"text\/css\" data-created_by=\"avia_inline_auto\" id=\"style-css-av-gh14yj-2721ca6a897b2599601b85d1de123436\">\n.flex_column.av-gh14yj-2721ca6a897b2599601b85d1de123436{\nborder-radius:0px 0px 0px 0px;\npadding:0px 0px 0px 0px;\n}\n<\/style>\n<div  class='flex_column av-gh14yj-2721ca6a897b2599601b85d1de123436 av_three_fourth  avia-builder-el-8  avia-builder-el-no-sibling  first flex_column_div av-zero-column-padding  '     ><style type=\"text\/css\" data-created_by=\"avia_inline_auto\" id=\"style-css-av-l1m9li00-5d78188cf879121c873faf4523649546\">\n#top .av-special-heading.av-l1m9li00-5d78188cf879121c873faf4523649546{\npadding-bottom:10px;\ncolor:#ffffff;\n}\nbody .av-special-heading.av-l1m9li00-5d78188cf879121c873faf4523649546 .av-special-heading-tag .heading-char{\nfont-size:25px;\n}\n.av-special-heading.av-l1m9li00-5d78188cf879121c873faf4523649546 .special-heading-inner-border{\nborder-color:#ffffff;\n}\n.av-special-heading.av-l1m9li00-5d78188cf879121c873faf4523649546 .av-subheading{\nfont-size:15px;\n}\n<\/style>\n<div  class='av-special-heading av-l1m9li00-5d78188cf879121c873faf4523649546 av-special-heading-h1 custom-color-heading blockquote modern-quote  avia-builder-el-9  avia-builder-el-no-sibling '><h1 class='av-special-heading-tag '  itemprop=\"headline\"  >Roulotte mieten<\/h1><div class=\"special-heading-border\"><div class=\"special-heading-inner-border\"><\/div><\/div><\/div><\/div>\n<\/div><\/div>\n<\/div>\n<div id='av-layout-grid-3'  class='av-layout-grid-container av-e0d1u3-5608b829fa7241149bd2407d723d84f1 entry-content-wrapper main_color av-flex-cells  avia-builder-el-10  el_after_av_layout_row  avia-builder-el-last  grid-row-not-first  container_wrap fullsize'  >\n\n<style type=\"text\/css\" data-created_by=\"avia_inline_auto\" id=\"style-css-av-clnryj-e7dde2e3fdb6993fcccd3e30237eee50\">\n.flex_cell.av-clnryj-e7dde2e3fdb6993fcccd3e30237eee50{\nvertical-align:top;\n}\n.responsive #top #wrap_all .flex_cell.av-clnryj-e7dde2e3fdb6993fcccd3e30237eee50{\npadding:40px 30px 30px 150px !important;\n}\n<\/style>\n<div class='flex_cell av-clnryj-e7dde2e3fdb6993fcccd3e30237eee50 av-gridrow-cell av_two_fifth no_margin  avia-builder-el-11  el_before_av_cell_three_fifth  avia-builder-el-first  content-align-top'  ><div class='flex_cell_inner'>\n<style type=\"text\/css\" data-created_by=\"avia_inline_auto\" id=\"style-css-av-b99vmj-9568b21ffefeabbbddcfe4e9f7aa6a7e\">\n.flex_column.av-b99vmj-9568b21ffefeabbbddcfe4e9f7aa6a7e{\nborder-radius:0px 0px 0px 0px;\npadding:0px 0px 0px 0px;\n}\n<\/style>\n<div  class='flex_column av-b99vmj-9568b21ffefeabbbddcfe4e9f7aa6a7e av_one_full  avia-builder-el-12  avia-builder-el-no-sibling  first flex_column_div av-zero-column-padding  '     ><\/div>\n<\/div><\/div>\n<style type=\"text\/css\" data-created_by=\"avia_inline_auto\" id=\"style-css-av-7qioxn-16b124b189cd5b1a8c7ecfd3d5c1adf6\">\n.flex_cell.av-7qioxn-16b124b189cd5b1a8c7ecfd3d5c1adf6{\nvertical-align:top;\n}\n.responsive #top #wrap_all .flex_cell.av-7qioxn-16b124b189cd5b1a8c7ecfd3d5c1adf6{\npadding:30px 30px 30px 30px !important;\n}\n<\/style>\n<div class='flex_cell av-7qioxn-16b124b189cd5b1a8c7ecfd3d5c1adf6 av-gridrow-cell av_three_fifth no_margin  avia-builder-el-14  el_after_av_cell_two_fifth  avia-builder-el-last  content-align-top'  ><div class='flex_cell_inner'><p>\n<style type=\"text\/css\" data-created_by=\"avia_inline_auto\" id=\"style-css-av-5uucln-421d781c84177229a7dbca456539537e\">\n.flex_column.av-5uucln-421d781c84177229a7dbca456539537e{\nborder-radius:0px 0px 0px 0px;\npadding:0px 0px 0px 0px;\n}\n<\/style>\n<div  class='flex_column av-5uucln-421d781c84177229a7dbca456539537e av_one_full  avia-builder-el-15  el_before_av_heading  avia-builder-el-first  first flex_column_div av-zero-column-padding  '     ><section  class='av_textblock_section av-l1m9t72z-23065ea1671533ad8867a66a079234f0 '   itemscope=\"itemscope\" itemtype=\"https:\/\/schema.org\/CreativeWork\" ><div class='avia_textblock'  itemprop=\"text\" ><p>Der Verein REPER vermietet seine Wohnwagen. Dieser verf\u00fcgt \u00fcber eine Nutzfl\u00e4che von 27 m2 bis 38 m2 und ist f\u00fcr Personen mit eingeschr\u00e4nkter Mobilit\u00e4t zug\u00e4nglich.<\/p>\n<h3>Vorteile<\/h3>\n<ul>\n<li>Variable Fl\u00e4che (1 oder 2 seitliche B\u00f6den)<\/li>\n<li>Zugangsrampe<\/li>\n<li>Steckdosen an Boden und Decke<\/li>\n<li>Innenbeleuchtung<\/li>\n<li>Lieferung und Aufbau durch REPER<\/li>\n<\/ul>\n<p>Beiliegend finden Sie\u00a0<a href=\"https:\/\/www.reper-fr.ch\/wp-content\/uploads\/2022\/04\/Roulotte_REPER_Demande_autorisation.pdf\" target=\"_blank\" rel=\"noopener\">das Bewilligungsgesuch<\/a>\u00a0(auf franz\u00f6sisch).<br \/>\nDieses beinhaltet s\u00e4mtliche technischen Daten des Wohnwagens.<\/p>\n<h3>Preise<\/h3>\n<p>Ein Tag: 400.- CHF<br \/>\nZus\u00e4tzlicher Tag: 200.- CHF<br \/>\nLieferung, Aufbau, Abbau: 300.- CHF<br \/>\nTransportfahrzeug: 0.74\/km CHF<br \/>\nZudem ist\u00a0min Depot von 500.- CHF zu hinterlegen.<\/p>\n<h3>Soziales Engagement<\/h3>\n<p>Auf- und Abbau erfolgen durch den\u00a0&#8222;<a href=\"https:\/\/pmj-reper.ch\/de\/willkommen\/\" target=\"_blank\" rel=\"noopener\">Mini-Jobs-Pol<\/a>&#8220;\u00a0von REPER. Dieses Projekt bietet stellenlosen Jugendlichen ohne Ausbildung punktuelle Eins\u00e4tze und sozialp\u00e4dagogische Begleitung.<br \/>\nMit der Miete des REPER-Wohnwagens unterst\u00fctzen Sie die Freiburger Jugend!<\/p>\n<\/div><\/section><\/div>\n<style type=\"text\/css\" data-created_by=\"avia_inline_auto\" id=\"style-css-av-l1m9tj21-087c35aa586e0fb2c5e668ece457f464\">\n#top .av-special-heading.av-l1m9tj21-087c35aa586e0fb2c5e668ece457f464{\npadding-bottom:10px;\n}\nbody .av-special-heading.av-l1m9tj21-087c35aa586e0fb2c5e668ece457f464 .av-special-heading-tag .heading-char{\nfont-size:25px;\n}\n.av-special-heading.av-l1m9tj21-087c35aa586e0fb2c5e668ece457f464 .av-subheading{\nfont-size:15px;\n}\n<\/style>\n<div  class='av-special-heading av-l1m9tj21-087c35aa586e0fb2c5e668ece457f464 av-special-heading-h3 custom-color-heading blockquote modern-quote  avia-builder-el-17  el_after_av_one_full  el_before_av_tab_container '><div class='av-subheading av-subheading_above'><p>REPER<\/p>\n<\/div><h3 class='av-special-heading-tag '  itemprop=\"headline\"  >Sekretariat<\/h3><div class=\"special-heading-border\"><div class=\"special-heading-inner-border\"><\/div><\/div><\/div><br \/>\n<div  class='tabcontainer av-7pm43f-d252f7373494e871325519c8c94c6c9f sidebar_tab sidebar_tab_left  avia-builder-el-18  el_after_av_heading  avia-builder-el-last  noborder_tabs'>\n<section class='av_tab_section av_tab_section av-5kfoy3-28d77808e3b834a4874505cbf04d3398'  itemscope=\"itemscope\" itemtype=\"https:\/\/schema.org\/CreativeWork\" ><div id='tab-id-1-tab' class='tab active_tab' role='tab' aria-selected=\"true\" tabindex=\"0\" data-fake-id='#tab-id-1' aria-controls='tab-id-1-content'  itemprop=\"headline\" >Adresse<\/div><div id='tab-id-1-content' class='tab_content active_tab_content' role='tabpanel' aria-labelledby='tab-id-1-tab' aria-hidden=\"false\"><div class='tab_inner_content invers-color'  itemprop=\"text\" ><p><strong>REPER<br \/>\n<\/strong>Sekretariat<\/p>\n<p>Hans-Fries Strasse 11<br \/>\nCH-1700 Freiburg<\/p>\n<\/div><\/div><\/section>\n<section class='av_tab_section av_tab_section av-4we7jf-d8c105b9e6487a3de80abc85778d7b4b'  itemscope=\"itemscope\" itemtype=\"https:\/\/schema.org\/CreativeWork\" ><div id='tab-id-2-tab' class='tab' role='tab' aria-selected=\"false\" tabindex=\"0\" data-fake-id='#tab-id-2' aria-controls='tab-id-2-content'  itemprop=\"headline\" >Kontakt<\/div><div id='tab-id-2-content' class='tab_content' role='tabpanel' aria-labelledby='tab-id-2-tab' aria-hidden=\"true\"><div class='tab_inner_content invers-color'  itemprop=\"text\" ><p>T 026 322 29 01<\/p>\n<p><a href=\"mailto:info@reper-fr.ch\" target=\"_blank\" rel=\"noopener\">info@reper-fr.ch<\/a><\/p>\n<\/div><\/div><\/section>\n<section class='av_tab_section av_tab_section av-264m57-63770605d361b1047907d9370de266d1'  itemscope=\"itemscope\" itemtype=\"https:\/\/schema.org\/CreativeWork\" ><div id='tab-id-3-tab' class='tab' role='tab' aria-selected=\"false\" tabindex=\"0\" data-fake-id='#tab-id-3' aria-controls='tab-id-3-content'  itemprop=\"headline\" >\u00d6ffnungszeiten<\/div><div id='tab-id-3-content' class='tab_content' role='tabpanel' aria-labelledby='tab-id-3-tab' aria-hidden=\"true\"><div class='tab_inner_content invers-color'  itemprop=\"text\" ><p><span style=\"color: #808080;\">Montag bis Freitag 08:15 bis 12:00<br \/>\n<\/span><span style=\"color: #808080;\">Montag bis Donnerstag 13:00 bis 16:15<br \/>\n<\/span><\/p>\n<\/div><\/div><\/section>\n<\/div><\/p>\n<\/div><\/div><\/div>\n","protected":false},"excerpt":{"rendered":"","protected":false},"author":1,"featured_media":0,"parent":5340,"menu_order":3,"comment_status":"closed","ping_status":"closed","template":"","meta":{"_acf_changed":false,"footnotes":""},"class_list":["post-5371","page","type-page","status-publish","hentry"],"acf":[],"_links":{"self":[{"href":"https:\/\/www.reper-fr.ch\/de\/wp-json\/wp\/v2\/pages\/5371","targetHints":{"allow":["GET"]}}],"collection":[{"href":"https:\/\/www.reper-fr.ch\/de\/wp-json\/wp\/v2\/pages"}],"about":[{"href":"https:\/\/www.reper-fr.ch\/de\/wp-json\/wp\/v2\/types\/page"}],"author":[{"embeddable":true,"href":"https:\/\/www.reper-fr.ch\/de\/wp-json\/wp\/v2\/users\/1"}],"replies":[{"embeddable":true,"href":"https:\/\/www.reper-fr.ch\/de\/wp-json\/wp\/v2\/comments?post=5371"}],"version-history":[{"count":5,"href":"https:\/\/www.reper-fr.ch\/de\/wp-json\/wp\/v2\/pages\/5371\/revisions"}],"predecessor-version":[{"id":10208,"href":"https:\/\/www.reper-fr.ch\/de\/wp-json\/wp\/v2\/pages\/5371\/revisions\/10208"}],"up":[{"embeddable":true,"href":"https:\/\/www.reper-fr.ch\/de\/wp-json\/wp\/v2\/pages\/5340"}],"wp:attachment":[{"href":"https:\/\/www.reper-fr.ch\/de\/wp-json\/wp\/v2\/media?parent=5371"}],"curies":[{"name":"wp","href":"https:\/\/api.w.org\/{rel}","templated":true}]}}