{"id":5318,"date":"2021-05-14T16:27:07","date_gmt":"2021-05-14T14:27:52","guid":{"rendered":"https:\/\/www.reper-fr.ch\/ueber-uns\/aktuell\/newsletters\/"},"modified":"2024-11-11T09:52:25","modified_gmt":"2024-11-11T08:52:25","slug":"newsletters","status":"publish","type":"page","link":"https:\/\/www.reper-fr.ch\/de\/ueber-uns\/andere-dienste\/newsletters\/","title":{"rendered":"Newsletters"},"content":{"rendered":"\n<style type=\"text\/css\" data-created_by=\"avia_inline_auto\" id=\"style-css-av-4ajyud-1fb5a1143be4b4e37de0700dfb234ea6\">\n.flex_column.av-4ajyud-1fb5a1143be4b4e37de0700dfb234ea6{\nborder-radius:0px 0px 0px 0px;\npadding:0px 0px 0px 0px;\n}\n<\/style>\n<div  class='flex_column av-4ajyud-1fb5a1143be4b4e37de0700dfb234ea6 av_one_full  avia-builder-el-0  avia-builder-el-no-sibling  first flex_column_div av-zero-column-padding  '     ><p>\n<style type=\"text\/css\" data-created_by=\"avia_inline_auto\" id=\"style-css-av-b8xj9-dff68119be84bba9e82fff1781ede9b6\">\n#top .hr.hr-invisible.av-b8xj9-dff68119be84bba9e82fff1781ede9b6{\nheight:50px;\n}\n<\/style>\n<div  class='hr av-b8xj9-dff68119be84bba9e82fff1781ede9b6 hr-invisible  avia-builder-el-1  el_before_av_heading  avia-builder-el-first '><span class='hr-inner '><span class=\"hr-inner-style\"><\/span><\/span><\/div><br \/>\n\n<style type=\"text\/css\" data-created_by=\"avia_inline_auto\" id=\"style-css-av-ljqvyikm-c3ad11c9a5b0b455c2a3efc1c10e982e\">\n#top .av-special-heading.av-ljqvyikm-c3ad11c9a5b0b455c2a3efc1c10e982e{\npadding-bottom:10px;\n}\nbody .av-special-heading.av-ljqvyikm-c3ad11c9a5b0b455c2a3efc1c10e982e .av-special-heading-tag .heading-char{\nfont-size:25px;\n}\n.av-special-heading.av-ljqvyikm-c3ad11c9a5b0b455c2a3efc1c10e982e .av-subheading{\nfont-size:15px;\n}\n<\/style>\n<div  class='av-special-heading av-ljqvyikm-c3ad11c9a5b0b455c2a3efc1c10e982e av-special-heading-h1 blockquote modern-quote  avia-builder-el-2  el_after_av_hr  el_before_av_textblock '><h1 class='av-special-heading-tag '  itemprop=\"headline\"  >Newsletters<\/h1><div class=\"special-heading-border\"><div class=\"special-heading-inner-border\"><\/div><\/div><\/div><br \/>\n<section  class='av_textblock_section av-ljqw6wo2-a91b05978c4bbcf9b3c0e6610c510b70 '   itemscope=\"itemscope\" itemtype=\"https:\/\/schema.org\/CreativeWork\" ><div class='avia_textblock'  itemprop=\"text\" ><p>REPER bietet einen themenspezifischen, einen abteilungsspezifischen und einen institutionellen Newsletter an. Bisher l\u00e4sst sich hier nur der themenspezifische Newsletter abrufen.<\/p>\n<h3>1. ANMELDUNG:<\/h3>\n<p>Bald k\u00f6nnen Sie sich hier \u00fcber ein Formular f\u00fcr die Newsletter anmelden. Bis dahin senden Sie bitte eine E-Mail an <a href=\"mailto:info@reper-fr.ch\" target=\"_blank\" rel=\"noopener\">info@reper-fr.ch<\/a> und geben Sie an, welche Newsletter Sie erhalten m\u00f6chten.<\/p>\n<h3>2. NEUSTER NEWSLETTER:<\/h3>\n<p><strong>Thematischer Newsletter<\/strong><\/p>\n<p>Gl\u00fcckspielsucht<\/p>\n<ul>\n<li><a href=\"https:\/\/reper.g1.mp-stats.com\/newsletter-glucksspielsucht-n-17-oktober-2024\/2836334-1-1114242351.html\" target=\"_blank\" rel=\"noopener\">Gl\u00fccksspielsucht N\u00b017<\/a><\/li>\n<\/ul>\n<\/div><\/section><\/p><\/div>\n","protected":false},"excerpt":{"rendered":"","protected":false},"author":1,"featured_media":0,"parent":5340,"menu_order":0,"comment_status":"closed","ping_status":"closed","template":"","meta":{"_acf_changed":false,"footnotes":""},"class_list":["post-5318","page","type-page","status-publish","hentry"],"acf":[],"_links":{"self":[{"href":"https:\/\/www.reper-fr.ch\/de\/wp-json\/wp\/v2\/pages\/5318","targetHints":{"allow":["GET"]}}],"collection":[{"href":"https:\/\/www.reper-fr.ch\/de\/wp-json\/wp\/v2\/pages"}],"about":[{"href":"https:\/\/www.reper-fr.ch\/de\/wp-json\/wp\/v2\/types\/page"}],"author":[{"embeddable":true,"href":"https:\/\/www.reper-fr.ch\/de\/wp-json\/wp\/v2\/users\/1"}],"replies":[{"embeddable":true,"href":"https:\/\/www.reper-fr.ch\/de\/wp-json\/wp\/v2\/comments?post=5318"}],"version-history":[{"count":5,"href":"https:\/\/www.reper-fr.ch\/de\/wp-json\/wp\/v2\/pages\/5318\/revisions"}],"predecessor-version":[{"id":12357,"href":"https:\/\/www.reper-fr.ch\/de\/wp-json\/wp\/v2\/pages\/5318\/revisions\/12357"}],"up":[{"embeddable":true,"href":"https:\/\/www.reper-fr.ch\/de\/wp-json\/wp\/v2\/pages\/5340"}],"wp:attachment":[{"href":"https:\/\/www.reper-fr.ch\/de\/wp-json\/wp\/v2\/media?parent=5318"}],"curies":[{"name":"wp","href":"https:\/\/api.w.org\/{rel}","templated":true}]}}