{"id":5269,"date":"2021-04-22T17:00:36","date_gmt":"2021-04-22T15:00:36","guid":{"rendered":"https:\/\/www.reper-fr.ch\/unsere-abteilungen\/cas-centre-danimation-socioculturelle\/"},"modified":"2024-08-12T12:04:21","modified_gmt":"2024-08-12T10:04:21","slug":"zsa-zentren-fuer-soziokulturelle-animation","status":"publish","type":"page","link":"https:\/\/www.reper-fr.ch\/de\/unsere-abteilungen\/zsa-zentren-fuer-soziokulturelle-animation\/","title":{"rendered":"ZSA &#8211; Zentren f\u00fcr soziokulturelle Animation"},"content":{"rendered":"<div id='av-layout-grid-1'  class='av-layout-grid-container av-1dv0ge3-c6b84ab4cffeb89d6c258feaaf2984b1 entry-content-wrapper main_color av-flex-cells  avia-builder-el-0  el_before_av_layout_row  avia-builder-el-first  av-small-hide av-mini-hide container_wrap fullsize'  >\n\n<style type=\"text\/css\" data-created_by=\"avia_inline_auto\" id=\"style-css-av-1d1x7rv-d52ad86b8a8ebaad067730025591ca2d\">\n.flex_cell.av-1d1x7rv-d52ad86b8a8ebaad067730025591ca2d{\nvertical-align:bottom;\nheight:460px;\nmin-height:460px;\nbackground:url(https:\/\/www.reper-fr.ch\/wp-content\/uploads\/2021\/12\/REPER_CAS_Jura-7-1030x687.jpg) 50% 0% no-repeat scroll ;\n}\n.responsive #top #wrap_all .flex_cell.av-1d1x7rv-d52ad86b8a8ebaad067730025591ca2d{\npadding:200px 0px 200px 0px !important;\n}\n<\/style>\n<div class='flex_cell av-1d1x7rv-d52ad86b8a8ebaad067730025591ca2d av-gridrow-cell av_two_fifth no_margin  avia-builder-el-1  el_before_av_cell_three_fifth  avia-builder-el-first  content-align-bottom avia-full-stretch'  ><div class='flex_cell_inner'><\/div><\/div>\n<style type=\"text\/css\" data-created_by=\"avia_inline_auto\" id=\"style-css-av-1bitc0r-e4a322253958f792bb1e0ea8077d6e17\">\n.flex_cell.av-1bitc0r-e4a322253958f792bb1e0ea8077d6e17{\nvertical-align:bottom;\nheight:460px;\nmin-height:460px;\nbackground-color:#a40528;\n}\n.responsive #top #wrap_all .flex_cell.av-1bitc0r-e4a322253958f792bb1e0ea8077d6e17{\npadding:50px 0px 20px 40px !important;\n}\n<\/style>\n<div class='flex_cell av-1bitc0r-e4a322253958f792bb1e0ea8077d6e17 av-gridrow-cell av_three_fifth no_margin  avia-builder-el-2  el_after_av_cell_two_fifth  avia-builder-el-last  content-align-bottom avia-full-stretch'  ><div class='flex_cell_inner'>\n<style type=\"text\/css\" data-created_by=\"avia_inline_auto\" id=\"style-css-av-19axe2j-a4d66304beb1df622ce0c6451bd0e161\">\n.flex_column.av-19axe2j-a4d66304beb1df622ce0c6451bd0e161{\nborder-radius:0px 0px 0px 0px;\npadding:0px 0px 0px 0px;\n}\n<\/style>\n<div  class='flex_column av-19axe2j-a4d66304beb1df622ce0c6451bd0e161 av_three_fourth  avia-builder-el-3  avia-builder-el-no-sibling  first flex_column_div av-zero-column-padding  '     ><style type=\"text\/css\" data-created_by=\"avia_inline_auto\" id=\"style-css-av-kxfv6kvh-a01b1d0355292a318bee69056aeafd87\">\n#top .av-special-heading.av-kxfv6kvh-a01b1d0355292a318bee69056aeafd87{\nmargin:0 0 0 -10px;\npadding-bottom:10px;\ncolor:#ffffff;\n}\nbody .av-special-heading.av-kxfv6kvh-a01b1d0355292a318bee69056aeafd87 .av-special-heading-tag .heading-char{\nfont-size:25px;\n}\n.av-special-heading.av-kxfv6kvh-a01b1d0355292a318bee69056aeafd87 .special-heading-inner-border{\nborder-color:#ffffff;\n}\n.av-special-heading.av-kxfv6kvh-a01b1d0355292a318bee69056aeafd87 .av-subheading{\nfont-size:15px;\n}\n<\/style>\n<div  class='av-special-heading av-kxfv6kvh-a01b1d0355292a318bee69056aeafd87 av-special-heading-h1 custom-color-heading blockquote modern-quote  avia-builder-el-4  avia-builder-el-no-sibling '><h1 class='av-special-heading-tag '  itemprop=\"headline\"  >Abteilung ZSA | Zentren f\u00fcr soziokulturelle Animation<\/h1><div class=\"special-heading-border\"><div class=\"special-heading-inner-border\"><\/div><\/div><\/div><\/div>\n<\/div><\/div>\n<\/div>\n<div id='av-layout-grid-2'  class='av-layout-grid-container av-18fwx63-9274274cd44c509b45fe6b8b1cfb8617 entry-content-wrapper main_color av-flex-cells  avia-builder-el-5  el_after_av_layout_row  el_before_av_layout_row  grid-row-not-first av-desktop-hide av-medium-hide container_wrap fullsize'  >\n\n<style type=\"text\/css\" data-created_by=\"avia_inline_auto\" id=\"style-css-av-16m4y97-587147723c949913d121391379d15987\">\n.flex_cell.av-16m4y97-587147723c949913d121391379d15987{\nvertical-align:bottom;\nheight:180px;\nmin-height:180px;\nbackground:url(https:\/\/www.reper-fr.ch\/wp-content\/uploads\/2021\/12\/REPER_CAS_Jura-7-1030x687.jpg) 50% 0% no-repeat scroll ;\n}\n.responsive #top #wrap_all .flex_cell.av-16m4y97-587147723c949913d121391379d15987{\npadding:200px 0px 200px 0px !important;\n}\n<\/style>\n<div class='flex_cell av-16m4y97-587147723c949913d121391379d15987 av-gridrow-cell av_two_fifth no_margin  avia-builder-el-6  el_before_av_cell_three_fifth  avia-builder-el-first  content-align-bottom avia-full-stretch'  ><div class='flex_cell_inner'><\/div><\/div>\n<style type=\"text\/css\" data-created_by=\"avia_inline_auto\" id=\"style-css-av-14p3iy3-130bae6575fb21d8b3e08b2353faa1fe\">\n.flex_cell.av-14p3iy3-130bae6575fb21d8b3e08b2353faa1fe{\nvertical-align:bottom;\nheight:180px;\nmin-height:180px;\nbackground-color:#a40528;\n}\n.responsive #top #wrap_all .flex_cell.av-14p3iy3-130bae6575fb21d8b3e08b2353faa1fe{\npadding:50px 0px 20px 40px !important;\n}\n<\/style>\n<div class='flex_cell av-14p3iy3-130bae6575fb21d8b3e08b2353faa1fe av-gridrow-cell av_three_fifth no_margin  avia-builder-el-7  el_after_av_cell_two_fifth  avia-builder-el-last  content-align-bottom avia-full-stretch'  ><div class='flex_cell_inner'>\n<style type=\"text\/css\" data-created_by=\"avia_inline_auto\" id=\"style-css-av-12gw81n-2373931c2b8b8acf161a762ab0ba650d\">\n.flex_column.av-12gw81n-2373931c2b8b8acf161a762ab0ba650d{\nborder-radius:0px 0px 0px 0px;\npadding:0px 0px 0px 0px;\n}\n<\/style>\n<div  class='flex_column av-12gw81n-2373931c2b8b8acf161a762ab0ba650d av_three_fourth  avia-builder-el-8  avia-builder-el-no-sibling  first flex_column_div av-zero-column-padding  '     ><style type=\"text\/css\" data-created_by=\"avia_inline_auto\" id=\"style-css-av-kxfv6u2z-cd7e57cfddd5bac8d2fb70e8087b7118\">\n#top .av-special-heading.av-kxfv6u2z-cd7e57cfddd5bac8d2fb70e8087b7118{\npadding-bottom:10px;\ncolor:#ffffff;\n}\nbody .av-special-heading.av-kxfv6u2z-cd7e57cfddd5bac8d2fb70e8087b7118 .av-special-heading-tag .heading-char{\nfont-size:25px;\n}\n.av-special-heading.av-kxfv6u2z-cd7e57cfddd5bac8d2fb70e8087b7118 .special-heading-inner-border{\nborder-color:#ffffff;\n}\n.av-special-heading.av-kxfv6u2z-cd7e57cfddd5bac8d2fb70e8087b7118 .av-subheading{\nfont-size:15px;\n}\n<\/style>\n<div  class='av-special-heading av-kxfv6u2z-cd7e57cfddd5bac8d2fb70e8087b7118 av-special-heading-h1 custom-color-heading blockquote modern-quote  avia-builder-el-9  avia-builder-el-no-sibling '><h1 class='av-special-heading-tag '  itemprop=\"headline\"  >Abteilung ZSA | Zentren f\u00fcr soziokulturelle Animation<\/h1><div class=\"special-heading-border\"><div class=\"special-heading-inner-border\"><\/div><\/div><\/div><\/div>\n<\/div><\/div>\n<\/div>\n<div id='av-layout-grid-3'  class='av-layout-grid-container av-10p7wwb-2f7fd2451dd0bacd8aaa610e1263a893 entry-content-wrapper main_color av-flex-cells  avia-builder-el-10  el_after_av_layout_row  avia-builder-el-last  grid-row-not-first  container_wrap fullsize'  >\n\n<style type=\"text\/css\" data-created_by=\"avia_inline_auto\" id=\"style-css-av-z2txln-e71ec7d7132ee6f6f43af61181044f10\">\n.flex_cell.av-z2txln-e71ec7d7132ee6f6f43af61181044f10{\nvertical-align:top;\n}\n.responsive #top #wrap_all .flex_cell.av-z2txln-e71ec7d7132ee6f6f43af61181044f10{\npadding:40px 30px 30px 150px !important;\n}\n<\/style>\n<div class='flex_cell av-z2txln-e71ec7d7132ee6f6f43af61181044f10 av-gridrow-cell av_two_fifth no_margin  avia-builder-el-11  el_before_av_cell_three_fifth  avia-builder-el-first  content-align-top'  ><div class='flex_cell_inner'>\n<style type=\"text\/css\" data-created_by=\"avia_inline_auto\" id=\"style-css-av-xvapuj-113ba20e91f76e10e54d0b924b54aae2\">\n.flex_column.av-xvapuj-113ba20e91f76e10e54d0b924b54aae2{\nborder-radius:0px 0px 0px 0px;\npadding:0px 0px 0px 0px;\n}\n<\/style>\n<div  class='flex_column av-xvapuj-113ba20e91f76e10e54d0b924b54aae2 av_one_full  avia-builder-el-12  avia-builder-el-no-sibling  first flex_column_div av-zero-column-padding  '     ><\/div>\n<\/div><\/div>\n<style type=\"text\/css\" data-created_by=\"avia_inline_auto\" id=\"style-css-av-vqsawb-cc93659cb8a8451c99f592249c05164a\">\n.flex_cell.av-vqsawb-cc93659cb8a8451c99f592249c05164a{\nvertical-align:top;\n}\n.responsive #top #wrap_all .flex_cell.av-vqsawb-cc93659cb8a8451c99f592249c05164a{\npadding:30px 30px 30px 30px !important;\n}\n<\/style>\n<div class='flex_cell av-vqsawb-cc93659cb8a8451c99f592249c05164a av-gridrow-cell av_three_fifth no_margin  avia-builder-el-13  el_after_av_cell_two_fifth  avia-builder-el-last  content-align-top'  ><div class='flex_cell_inner'><p>\n<style type=\"text\/css\" data-created_by=\"avia_inline_auto\" id=\"style-css-av-vanvu3-f6c3269ed56535122bdcc270f005cb06\">\n.flex_column.av-vanvu3-f6c3269ed56535122bdcc270f005cb06{\nborder-radius:0px 0px 0px 0px;\npadding:0px 0px 0px 0px;\n}\n<\/style>\n<div  class='flex_column av-vanvu3-f6c3269ed56535122bdcc270f005cb06 av_one_full  avia-builder-el-14  el_before_av_heading  avia-builder-el-first  first flex_column_div av-zero-column-padding  '     ><section  class='av_textblock_section av-trlpt7-4fb6b0f94201c2bdbcbf6a1d05c471e8 '   itemscope=\"itemscope\" itemtype=\"https:\/\/schema.org\/CreativeWork\" ><div class='avia_textblock'  itemprop=\"text\" ><p>Die Zentren f\u00fcr soziokulturelle Animation (ZSA) bilden eine der 5 Abteilungen des Vereins REPER.<\/p>\n<p>Diese Abteilung wird durch die Stadt Freiburg, den Kanton Freiburg und verschiedene Projektbeitr\u00e4ge finanziert und unterst\u00fctzt.<\/p>\n<p><a href=\"https:\/\/www.reper-fr.ch\/wp-content\/uploads\/2022\/09\/PlaquetteCAS2022-web-DE.pdf\" target=\"_blank\" rel=\"noopener\">Brosch\u00fcre<\/a><\/p>\n<h3>Aufgabe<\/h3>\n<p>Die Bev\u00f6lkerung, insbesondere die Jugendliche, empfangen und unterst\u00fctzen, um das Leben in den Stadtvierteln zu f\u00f6rdern.<\/p>\n<h3>Zielpublikum<\/h3>\n<ul>\n<li>Kinder und Jugendliche<\/li>\n<li>Erwachsene und Senioren aus den Quartieren<\/li>\n<li>Vereine und lokale Initiativen<\/li>\n<\/ul>\n<h3><strong>Leistungen<\/strong><\/h3>\n<ul>\n<li>Offene Treffs (Jugendliche, Erwachsene und Senioren)<\/li>\n<li>Infostellen<\/li>\n<li>Kulturelle Aktivit\u00e4ten<\/li>\n<li>Workshops und Projekte<\/li>\n<li>Ausfl\u00fcge und Lager<\/li>\n<li>Gemeinschaftsgarten<\/li>\n<li>St\u00e4rkung des sozialen Zusammenhalts und des Vereinslebens<\/li>\n<\/ul>\n<h3>Das Team<\/h3>\n<p><a href=\"https:\/\/www.reper-fr.ch\/de\/ueber-uns\/kontakt\/verzeichnis-die-teams\/#centres-danimation-socioculturelle-cas\" target=\"_blank\" rel=\"noopener\">Das ZSA-Team<\/a> besteht aus \u00fcberwiegend franz\u00f6sischsprachigen Mitarbeitenden, wobei Mehrsprachigkeit angestrebt wird.<\/p>\n<\/div><\/section><\/div>\n<style type=\"text\/css\" data-created_by=\"avia_inline_auto\" id=\"style-css-av-kxfv72gr-2a800e755922dfc035ec729a20b50838\">\n#top .av-special-heading.av-kxfv72gr-2a800e755922dfc035ec729a20b50838{\npadding-bottom:10px;\n}\nbody .av-special-heading.av-kxfv72gr-2a800e755922dfc035ec729a20b50838 .av-special-heading-tag .heading-char{\nfont-size:25px;\n}\n.av-special-heading.av-kxfv72gr-2a800e755922dfc035ec729a20b50838 .av-subheading{\nfont-size:15px;\n}\n<\/style>\n<div  class='av-special-heading av-kxfv72gr-2a800e755922dfc035ec729a20b50838 av-special-heading-h3 custom-color-heading blockquote modern-quote  avia-builder-el-16  el_after_av_one_full  el_before_av_tab_container '><div class='av-subheading av-subheading_above'><p>REPER<\/p>\n<\/div><h3 class='av-special-heading-tag '  itemprop=\"headline\"  >ZSA Schoenberg<\/h3><div class=\"special-heading-border\"><div class=\"special-heading-inner-border\"><\/div><\/div><\/div><br \/>\n<div  class='tabcontainer av-qx1vet-71d43ee01cbb0c75aa5485c20ae0e077 sidebar_tab sidebar_tab_left  avia-builder-el-17  el_after_av_heading  el_before_av_heading  noborder_tabs'>\n<section class='av_tab_section av_tab_section av-2m7qtx-32ba0eb620d13aab10302ba2d3c29af9'  itemscope=\"itemscope\" itemtype=\"https:\/\/schema.org\/CreativeWork\" ><div id='tab-id-1-tab' class='tab active_tab' role='tab' aria-selected=\"true\" tabindex=\"0\" data-fake-id='#tab-id-1' aria-controls='tab-id-1-content'  itemprop=\"headline\" >Adresse<\/div><div id='tab-id-1-content' class='tab_content active_tab_content' role='tabpanel' aria-labelledby='tab-id-1-tab' aria-hidden=\"false\"><div class='tab_inner_content invers-color'  itemprop=\"text\" ><p><strong>REPER<br \/>\n<\/strong>ZSA Schoenberg<\/p>\n<p>Mon-Repos Strasse 9<br \/>\nCH-1700 Freiburg<\/p>\n<\/div><\/div><\/section>\n<section class='av_tab_section av_tab_section av-nq1s79-012f47d24eaf39206254cc128659574e'  itemscope=\"itemscope\" itemtype=\"https:\/\/schema.org\/CreativeWork\" ><div id='tab-id-2-tab' class='tab' role='tab' aria-selected=\"false\" tabindex=\"0\" data-fake-id='#tab-id-2' aria-controls='tab-id-2-content'  itemprop=\"headline\" >Kontakt<\/div><div id='tab-id-2-content' class='tab_content' role='tabpanel' aria-labelledby='tab-id-2-tab' aria-hidden=\"true\"><div class='tab_inner_content invers-color'  itemprop=\"text\" ><p><a href=\"https:\/\/www.reper-fr.ch\/de\/ueber-uns\/kontakt\/kontakt\/\" target=\"_blank\" rel=\"noopener\">Hier klicken<\/a><\/p>\n<\/div><\/div><\/section>\n<\/div><br \/>\n\n<style type=\"text\/css\" data-created_by=\"avia_inline_auto\" id=\"style-css-av-kxfv7v6p-3f11e116fbf8dc005d4fea8fb5aaff38\">\n#top .av-special-heading.av-kxfv7v6p-3f11e116fbf8dc005d4fea8fb5aaff38{\npadding-bottom:10px;\n}\nbody .av-special-heading.av-kxfv7v6p-3f11e116fbf8dc005d4fea8fb5aaff38 .av-special-heading-tag .heading-char{\nfont-size:25px;\n}\n.av-special-heading.av-kxfv7v6p-3f11e116fbf8dc005d4fea8fb5aaff38 .av-subheading{\nfont-size:15px;\n}\n<\/style>\n<div  class='av-special-heading av-kxfv7v6p-3f11e116fbf8dc005d4fea8fb5aaff38 av-special-heading-h3 custom-color-heading blockquote modern-quote  avia-builder-el-18  el_after_av_tab_container  el_before_av_tab_container '><div class='av-subheading av-subheading_above'><p>REPER<\/p>\n<\/div><h3 class='av-special-heading-tag '  itemprop=\"headline\"  >ZSA Jura<\/h3><div class=\"special-heading-border\"><div class=\"special-heading-inner-border\"><\/div><\/div><\/div><br \/>\n<div  class='tabcontainer av-l0i4g5-68a3bdbf307edfeb8f17146c30e90544 sidebar_tab sidebar_tab_left  avia-builder-el-19  el_after_av_heading  el_before_av_heading  noborder_tabs'>\n<section class='av_tab_section av_tab_section av-if7xdx-264a0699d26afb766837a23aab536386'  itemscope=\"itemscope\" itemtype=\"https:\/\/schema.org\/CreativeWork\" ><div id='tab-id-3-tab' class='tab active_tab' role='tab' aria-selected=\"true\" tabindex=\"0\" data-fake-id='#tab-id-3' aria-controls='tab-id-3-content'  itemprop=\"headline\" >Adresse<\/div><div id='tab-id-3-content' class='tab_content active_tab_content' role='tabpanel' aria-labelledby='tab-id-3-tab' aria-hidden=\"false\"><div class='tab_inner_content invers-color'  itemprop=\"text\" ><p><strong>REPER<\/strong><br \/>\nZSA Jura<\/p>\n<p>Av. du G\u00e9n\u00e9ral-Guisan 59<br \/>\nCH-1700 Freiburg<\/p>\n<\/div><\/div><\/section>\n<section class='av_tab_section av_tab_section av-h43wad-81fb9a54fb7bdea268f17f8f846f5db7'  itemscope=\"itemscope\" itemtype=\"https:\/\/schema.org\/CreativeWork\" ><div id='tab-id-4-tab' class='tab' role='tab' aria-selected=\"false\" tabindex=\"0\" data-fake-id='#tab-id-4' aria-controls='tab-id-4-content'  itemprop=\"headline\" >Kontakt<\/div><div id='tab-id-4-content' class='tab_content' role='tabpanel' aria-labelledby='tab-id-4-tab' aria-hidden=\"true\"><div class='tab_inner_content invers-color'  itemprop=\"text\" ><p><a href=\"https:\/\/www.reper-fr.ch\/de\/ueber-uns\/kontakt\/kontakt\/\" target=\"_blank\" rel=\"noopener\">Hier klicken<\/a><\/p>\n<\/div><\/div><\/section>\n<\/div><br \/>\n\n<style type=\"text\/css\" data-created_by=\"avia_inline_auto\" id=\"style-css-av-kxfv8dx4-09076479beea04d9850a70b366d82960\">\n#top .av-special-heading.av-kxfv8dx4-09076479beea04d9850a70b366d82960{\npadding-bottom:10px;\n}\nbody .av-special-heading.av-kxfv8dx4-09076479beea04d9850a70b366d82960 .av-special-heading-tag .heading-char{\nfont-size:25px;\n}\n.av-special-heading.av-kxfv8dx4-09076479beea04d9850a70b366d82960 .av-subheading{\nfont-size:15px;\n}\n<\/style>\n<div  class='av-special-heading av-kxfv8dx4-09076479beea04d9850a70b366d82960 av-special-heading-h3 custom-color-heading blockquote modern-quote  avia-builder-el-20  el_after_av_tab_container  el_before_av_tab_container '><div class='av-subheading av-subheading_above'><p>REPER<\/p>\n<\/div><h3 class='av-special-heading-tag '  itemprop=\"headline\"  >ZSA Basse-Ville<\/h3><div class=\"special-heading-border\"><div class=\"special-heading-inner-border\"><\/div><\/div><\/div><br \/>\n<div  class='tabcontainer av-e1jhj9-90d7bec643bc274031088c5d64216699 sidebar_tab sidebar_tab_left  avia-builder-el-21  el_after_av_heading  el_before_av_heading  noborder_tabs'>\n<section class='av_tab_section av_tab_section av-burmhh-44cde12abe49de59abfc5854005d970f'  itemscope=\"itemscope\" itemtype=\"https:\/\/schema.org\/CreativeWork\" ><div id='tab-id-5-tab' class='tab active_tab' role='tab' aria-selected=\"true\" tabindex=\"0\" data-fake-id='#tab-id-5' aria-controls='tab-id-5-content'  itemprop=\"headline\" >Adresse<\/div><div id='tab-id-5-content' class='tab_content active_tab_content' role='tabpanel' aria-labelledby='tab-id-5-tab' aria-hidden=\"false\"><div class='tab_inner_content invers-color'  itemprop=\"text\" ><p><strong>REPER<\/strong><br \/>\nZSA Basse-Ville<\/p>\n<p>Planche-Inf\u00e9rieure 14<br \/>\nCH-1700 Freiburg<\/p>\n<\/div><\/div><\/section>\n<section class='av_tab_section av_tab_section av-aks3px-dd5c53fa8f98baac132f45e4bcf2ec2b'  itemscope=\"itemscope\" itemtype=\"https:\/\/schema.org\/CreativeWork\" ><div id='tab-id-6-tab' class='tab' role='tab' aria-selected=\"false\" tabindex=\"0\" data-fake-id='#tab-id-6' aria-controls='tab-id-6-content'  itemprop=\"headline\" >Kontakt<\/div><div id='tab-id-6-content' class='tab_content' role='tabpanel' aria-labelledby='tab-id-6-tab' aria-hidden=\"true\"><div class='tab_inner_content invers-color'  itemprop=\"text\" ><p><a href=\"https:\/\/www.reper-fr.ch\/de\/ueber-uns\/kontakt\/kontakt\/\" target=\"_blank\" rel=\"noopener\">Hier klicken<\/a><\/p>\n<\/div><\/div><\/section>\n<\/div><br \/>\n\n<style type=\"text\/css\" data-created_by=\"avia_inline_auto\" id=\"style-css-av-kxfv8zy8-b4975d9636fdc98d4a2fcb017d12094a\">\n#top .av-special-heading.av-kxfv8zy8-b4975d9636fdc98d4a2fcb017d12094a{\npadding-bottom:10px;\n}\nbody .av-special-heading.av-kxfv8zy8-b4975d9636fdc98d4a2fcb017d12094a .av-special-heading-tag .heading-char{\nfont-size:25px;\n}\n.av-special-heading.av-kxfv8zy8-b4975d9636fdc98d4a2fcb017d12094a .av-subheading{\nfont-size:15px;\n}\n<\/style>\n<div  class='av-special-heading av-kxfv8zy8-b4975d9636fdc98d4a2fcb017d12094a av-special-heading-h3 custom-color-heading blockquote modern-quote  avia-builder-el-22  el_after_av_tab_container  el_before_av_tab_container '><div class='av-subheading av-subheading_above'><p>REPER<\/p>\n<\/div><h3 class='av-special-heading-tag '  itemprop=\"headline\"  >ZSA P\u00e9rolles<\/h3><div class=\"special-heading-border\"><div class=\"special-heading-inner-border\"><\/div><\/div><\/div><br \/>\n<div  class='tabcontainer av-qxc1h-1e1053d8063c77d7fb7b2a467117f995 sidebar_tab sidebar_tab_left  avia-builder-el-23  el_after_av_heading  avia-builder-el-last  noborder_tabs'>\n<section class='av_tab_section av_tab_section av-6i9411-e09ffa1104ac3fee29db3f43bca2f10f'  itemscope=\"itemscope\" itemtype=\"https:\/\/schema.org\/CreativeWork\" ><div id='tab-id-7-tab' class='tab active_tab' role='tab' aria-selected=\"true\" tabindex=\"0\" data-fake-id='#tab-id-7' aria-controls='tab-id-7-content'  itemprop=\"headline\" >Adresse<\/div><div id='tab-id-7-content' class='tab_content active_tab_content' role='tabpanel' aria-labelledby='tab-id-7-tab' aria-hidden=\"false\"><div class='tab_inner_content invers-color'  itemprop=\"text\" ><p><strong>REPER<br \/>\n<\/strong>ZSA P\u00e9rolles<\/p>\n<p>Rte des Arsenaux 37<br \/>\nCH-1700 Freiburg<\/p>\n<\/div><\/div><\/section>\n<section class='av_tab_section av_tab_section av-3nozd1-9a6404055b407bf051324b8783bc61b3'  itemscope=\"itemscope\" itemtype=\"https:\/\/schema.org\/CreativeWork\" ><div id='tab-id-8-tab' class='tab' role='tab' aria-selected=\"false\" tabindex=\"0\" data-fake-id='#tab-id-8' aria-controls='tab-id-8-content'  itemprop=\"headline\" >Kontakt<\/div><div id='tab-id-8-content' class='tab_content' role='tabpanel' aria-labelledby='tab-id-8-tab' aria-hidden=\"true\"><div class='tab_inner_content invers-color'  itemprop=\"text\" ><p><a href=\"https:\/\/www.reper-fr.ch\/de\/ueber-uns\/kontakt\/kontakt\/\" target=\"_blank\" rel=\"noopener\">Hier klicken<\/a><\/p>\n<\/div><\/div><\/section>\n<\/div><\/p>\n<\/div><\/div><\/div>\n","protected":false},"excerpt":{"rendered":"","protected":false},"author":1,"featured_media":0,"parent":5238,"menu_order":2,"comment_status":"closed","ping_status":"closed","template":"","meta":{"_acf_changed":false,"footnotes":""},"class_list":["post-5269","page","type-page","status-publish","hentry"],"acf":[],"_links":{"self":[{"href":"https:\/\/www.reper-fr.ch\/de\/wp-json\/wp\/v2\/pages\/5269","targetHints":{"allow":["GET"]}}],"collection":[{"href":"https:\/\/www.reper-fr.ch\/de\/wp-json\/wp\/v2\/pages"}],"about":[{"href":"https:\/\/www.reper-fr.ch\/de\/wp-json\/wp\/v2\/types\/page"}],"author":[{"embeddable":true,"href":"https:\/\/www.reper-fr.ch\/de\/wp-json\/wp\/v2\/users\/1"}],"replies":[{"embeddable":true,"href":"https:\/\/www.reper-fr.ch\/de\/wp-json\/wp\/v2\/comments?post=5269"}],"version-history":[{"count":5,"href":"https:\/\/www.reper-fr.ch\/de\/wp-json\/wp\/v2\/pages\/5269\/revisions"}],"predecessor-version":[{"id":14138,"href":"https:\/\/www.reper-fr.ch\/de\/wp-json\/wp\/v2\/pages\/5269\/revisions\/14138"}],"up":[{"embeddable":true,"href":"https:\/\/www.reper-fr.ch\/de\/wp-json\/wp\/v2\/pages\/5238"}],"wp:attachment":[{"href":"https:\/\/www.reper-fr.ch\/de\/wp-json\/wp\/v2\/media?parent=5269"}],"curies":[{"name":"wp","href":"https:\/\/api.w.org\/{rel}","templated":true}]}}