{"id":5259,"date":"2021-04-22T17:00:36","date_gmt":"2021-04-22T15:00:36","guid":{"rendered":"https:\/\/www.reper-fr.ch\/unsere-abteilungen\/ip-information-projets\/"},"modified":"2025-05-02T14:12:22","modified_gmt":"2025-05-02T12:12:22","slug":"ip-information-projekte","status":"publish","type":"page","link":"https:\/\/www.reper-fr.ch\/de\/unsere-abteilungen\/ip-information-projekte\/","title":{"rendered":"IP &#8211; Information &#038; Projekte"},"content":{"rendered":"<div id='av-layout-grid-1'  class='av-layout-grid-container av-pmmmtm-9f450d3674827413ce1d0c7842cc4375 entry-content-wrapper main_color av-flex-cells  avia-builder-el-0  el_before_av_layout_row  avia-builder-el-first  av-small-hide av-mini-hide container_wrap fullsize'  >\n\n<style type=\"text\/css\" data-created_by=\"avia_inline_auto\" id=\"style-css-av-kxes3ycz-d53d9369ce69d70322178f1177d0b7a5\">\n.flex_cell.av-kxes3ycz-d53d9369ce69d70322178f1177d0b7a5{\nvertical-align:bottom;\nheight:460px;\nmin-height:460px;\nbackground:url(https:\/\/www.reper-fr.ch\/wp-content\/uploads\/2021\/12\/REPER-IP-inte\u0301rieur-mini-1030x870.jpeg) 50% 0% no-repeat scroll ;\n}\n.responsive #top #wrap_all .flex_cell.av-kxes3ycz-d53d9369ce69d70322178f1177d0b7a5{\npadding:200px 0px 200px 0px !important;\n}\n<\/style>\n<div class='flex_cell av-kxes3ycz-d53d9369ce69d70322178f1177d0b7a5 av-gridrow-cell av_two_fifth no_margin  avia-builder-el-1  el_before_av_cell_three_fifth  avia-builder-el-first  content-align-bottom avia-full-stretch'  ><div class='flex_cell_inner'><\/div><\/div>\n<style type=\"text\/css\" data-created_by=\"avia_inline_auto\" id=\"style-css-av-o6whsa-411ce3ad9ff23208cc2b9ece9cddf720\">\n.flex_cell.av-o6whsa-411ce3ad9ff23208cc2b9ece9cddf720{\nvertical-align:bottom;\nheight:460px;\nmin-height:460px;\nbackground-color:#a40528;\n}\n.responsive #top #wrap_all .flex_cell.av-o6whsa-411ce3ad9ff23208cc2b9ece9cddf720{\npadding:50px 0px 20px 40px !important;\n}\n<\/style>\n<div class='flex_cell av-o6whsa-411ce3ad9ff23208cc2b9ece9cddf720 av-gridrow-cell av_three_fifth no_margin  avia-builder-el-2  el_after_av_cell_two_fifth  avia-builder-el-last  content-align-bottom avia-full-stretch'  ><div class='flex_cell_inner'>\n<style type=\"text\/css\" data-created_by=\"avia_inline_auto\" id=\"style-css-av-mhhmqi-1d75518a281f5ffd6c658c6eb8ce1b83\">\n.flex_column.av-mhhmqi-1d75518a281f5ffd6c658c6eb8ce1b83{\nborder-radius:0px 0px 0px 0px;\npadding:0px 0px 0px 0px;\n}\n<\/style>\n<div  class='flex_column av-mhhmqi-1d75518a281f5ffd6c658c6eb8ce1b83 av_three_fourth  avia-builder-el-3  avia-builder-el-no-sibling  first flex_column_div av-zero-column-padding  '     ><style type=\"text\/css\" data-created_by=\"avia_inline_auto\" id=\"style-css-av-kxerx81t-f643a5e5c615296b92219b8dd3ef5382\">\n#top .av-special-heading.av-kxerx81t-f643a5e5c615296b92219b8dd3ef5382{\nmargin:0 0 0 -10px;\npadding-bottom:10px;\ncolor:#ffffff;\n}\nbody .av-special-heading.av-kxerx81t-f643a5e5c615296b92219b8dd3ef5382 .av-special-heading-tag .heading-char{\nfont-size:25px;\n}\n.av-special-heading.av-kxerx81t-f643a5e5c615296b92219b8dd3ef5382 .special-heading-inner-border{\nborder-color:#ffffff;\n}\n.av-special-heading.av-kxerx81t-f643a5e5c615296b92219b8dd3ef5382 .av-subheading{\nfont-size:15px;\n}\n<\/style>\n<div  class='av-special-heading av-kxerx81t-f643a5e5c615296b92219b8dd3ef5382 av-special-heading-h1 custom-color-heading blockquote modern-quote  avia-builder-el-4  avia-builder-el-no-sibling '><h1 class='av-special-heading-tag '  itemprop=\"headline\"  >Abteilung IP | Information <span class='special_amp'>&amp;<\/span> Projekte<\/h1><div class=\"special-heading-border\"><div class=\"special-heading-inner-border\"><\/div><\/div><\/div><\/div>\n<\/div><\/div>\n<\/div>\n<div id='av-layout-grid-2'  class='av-layout-grid-container av-kunsga-b027150ea4c6f661943966eb86da7d79 entry-content-wrapper main_color av-flex-cells  avia-builder-el-5  el_after_av_layout_row  el_before_av_layout_row  grid-row-not-first av-desktop-hide av-medium-hide container_wrap fullsize'  >\n\n<style type=\"text\/css\" data-created_by=\"avia_inline_auto\" id=\"style-css-av-kxes479u-66e597e62f08f20e1760fb1a8e4bc42f\">\n.flex_cell.av-kxes479u-66e597e62f08f20e1760fb1a8e4bc42f{\nvertical-align:bottom;\nheight:180px;\nmin-height:180px;\nbackground:url(https:\/\/www.reper-fr.ch\/wp-content\/uploads\/2021\/12\/REPER-IP-inte\u0301rieur-mini-1030x870.jpeg) 50% 0% no-repeat scroll ;\n}\n.responsive #top #wrap_all .flex_cell.av-kxes479u-66e597e62f08f20e1760fb1a8e4bc42f{\npadding:200px 0px 200px 0px !important;\n}\n<\/style>\n<div class='flex_cell av-kxes479u-66e597e62f08f20e1760fb1a8e4bc42f av-gridrow-cell av_two_fifth no_margin  avia-builder-el-6  el_before_av_cell_three_fifth  avia-builder-el-first  content-align-bottom avia-full-stretch'  ><div class='flex_cell_inner'><\/div><\/div>\n<style type=\"text\/css\" data-created_by=\"avia_inline_auto\" id=\"style-css-av-j8w3mi-a03b96bae9023fc40287d105f7b04dd6\">\n.flex_cell.av-j8w3mi-a03b96bae9023fc40287d105f7b04dd6{\nvertical-align:bottom;\nheight:180px;\nmin-height:180px;\nbackground-color:#a40528;\n}\n.responsive #top #wrap_all .flex_cell.av-j8w3mi-a03b96bae9023fc40287d105f7b04dd6{\npadding:50px 0px 20px 40px !important;\n}\n<\/style>\n<div class='flex_cell av-j8w3mi-a03b96bae9023fc40287d105f7b04dd6 av-gridrow-cell av_three_fifth no_margin  avia-builder-el-7  el_after_av_cell_two_fifth  avia-builder-el-last  content-align-bottom avia-full-stretch'  ><div class='flex_cell_inner'>\n<style type=\"text\/css\" data-created_by=\"avia_inline_auto\" id=\"style-css-av-hlfyve-0c0f8de61a5c7ceb58b6b9576d235400\">\n.flex_column.av-hlfyve-0c0f8de61a5c7ceb58b6b9576d235400{\nborder-radius:0px 0px 0px 0px;\npadding:0px 0px 0px 0px;\n}\n<\/style>\n<div  class='flex_column av-hlfyve-0c0f8de61a5c7ceb58b6b9576d235400 av_three_fourth  avia-builder-el-8  avia-builder-el-no-sibling  first flex_column_div av-zero-column-padding  '     ><style type=\"text\/css\" data-created_by=\"avia_inline_auto\" id=\"style-css-av-kxeryu5p-b6e6de5150fe7e32c99e6d975baccbb6\">\n#top .av-special-heading.av-kxeryu5p-b6e6de5150fe7e32c99e6d975baccbb6{\npadding-bottom:10px;\ncolor:#ffffff;\n}\nbody .av-special-heading.av-kxeryu5p-b6e6de5150fe7e32c99e6d975baccbb6 .av-special-heading-tag .heading-char{\nfont-size:25px;\n}\n.av-special-heading.av-kxeryu5p-b6e6de5150fe7e32c99e6d975baccbb6 .special-heading-inner-border{\nborder-color:#ffffff;\n}\n.av-special-heading.av-kxeryu5p-b6e6de5150fe7e32c99e6d975baccbb6 .av-subheading{\nfont-size:15px;\n}\n<\/style>\n<div  class='av-special-heading av-kxeryu5p-b6e6de5150fe7e32c99e6d975baccbb6 av-special-heading-h1 custom-color-heading blockquote modern-quote  avia-builder-el-9  avia-builder-el-no-sibling '><h1 class='av-special-heading-tag '  itemprop=\"headline\"  >Abteilung IP | Information <span class='special_amp'>&amp;<\/span> Projekte<\/h1><div class=\"special-heading-border\"><div class=\"special-heading-inner-border\"><\/div><\/div><\/div><\/div>\n<\/div><\/div>\n<\/div>\n<div id='av-layout-grid-3'  class='av-layout-grid-container av-g2uip6-34b7611491676fb6af02110b87b8f00c entry-content-wrapper main_color av-flex-cells  avia-builder-el-10  el_after_av_layout_row  avia-builder-el-last  grid-row-not-first  container_wrap fullsize'  >\n\n<style type=\"text\/css\" data-created_by=\"avia_inline_auto\" id=\"style-css-av-dhn3y2-14a1caa034dd887eebc2cdf8f04f8460\">\n.flex_cell.av-dhn3y2-14a1caa034dd887eebc2cdf8f04f8460{\nvertical-align:top;\n}\n.responsive #top #wrap_all .flex_cell.av-dhn3y2-14a1caa034dd887eebc2cdf8f04f8460{\npadding:40px 30px 30px 150px !important;\n}\n<\/style>\n<div class='flex_cell av-dhn3y2-14a1caa034dd887eebc2cdf8f04f8460 av-gridrow-cell av_two_fifth no_margin  avia-builder-el-11  el_before_av_cell_three_fifth  avia-builder-el-first  content-align-top'  ><div class='flex_cell_inner'>\n<style type=\"text\/css\" data-created_by=\"avia_inline_auto\" id=\"style-css-av-cvdpmy-94304c59c2f64f3ab4027506b42d4093\">\n.flex_column.av-cvdpmy-94304c59c2f64f3ab4027506b42d4093{\nborder-radius:0px 0px 0px 0px;\npadding:0px 0px 0px 0px;\n}\n<\/style>\n<div  class='flex_column av-cvdpmy-94304c59c2f64f3ab4027506b42d4093 av_one_full  avia-builder-el-12  avia-builder-el-no-sibling  first flex_column_div av-zero-column-padding  '     ><\/div>\n<\/div><\/div>\n<style type=\"text\/css\" data-created_by=\"avia_inline_auto\" id=\"style-css-av-auktsa-afc5469ff87090625fc265218c33c29e\">\n.flex_cell.av-auktsa-afc5469ff87090625fc265218c33c29e{\nvertical-align:top;\n}\n.responsive #top #wrap_all .flex_cell.av-auktsa-afc5469ff87090625fc265218c33c29e{\npadding:30px 30px 30px 30px !important;\n}\n<\/style>\n<div class='flex_cell av-auktsa-afc5469ff87090625fc265218c33c29e av-gridrow-cell av_three_fifth no_margin  avia-builder-el-13  el_after_av_cell_two_fifth  avia-builder-el-last  content-align-top'  ><div class='flex_cell_inner'><p>\n<style type=\"text\/css\" data-created_by=\"avia_inline_auto\" id=\"style-css-av-vg5oq-db40266dc4000b1af34f23a19314915a\">\n.flex_column.av-vg5oq-db40266dc4000b1af34f23a19314915a{\nborder-radius:0px 0px 0px 0px;\npadding:0px 0px 0px 0px;\n}\n<\/style>\n<div  class='flex_column av-vg5oq-db40266dc4000b1af34f23a19314915a av_one_full  avia-builder-el-14  el_before_av_heading  avia-builder-el-first  first flex_column_div av-zero-column-padding  '     ><section  class='av_textblock_section av-kxesak9c-fc114391f0d6516d2dd41b1886505787 '   itemscope=\"itemscope\" itemtype=\"https:\/\/schema.org\/CreativeWork\" ><div class='avia_textblock'  itemprop=\"text\" ><p>Die Abteilung Information &amp; Projekte (IP) ist eine der 5 Abteilungen des Vereins REPER.<\/p>\n<p>Diese Abteilung ist auf die Arbeit mit Personen spezialisiert, die mit Jugendlichen in Kontakt stehen: Sie informiert, sensibilisiert und begleitet Fachleute, Eltern und Ehrenamtliche.<\/p>\n<h3>Aufgabe<\/h3>\n<p>Personen und Einrichtungen, die mit Jugendlichen zu tun haben, bei ihrer erzieherischen Aufgabe, dem Erkennen von Problemsituationen und der Schaffung eines gesundheitsf\u00f6rdernden Umfelds unterst\u00fctzen.<\/p>\n<h3>Zielpublikum<\/h3>\n<ul>\n<li>Bildungsbereich: Primar- und Sekundarschulen, nachobligatorische Schulen und berufsbildende Schulen<\/li>\n<li>Institutionsbereich: Heime, Motivationssemester (MoSe), berufliche Vorbildung (Prefo), Krippen<\/li>\n<li>Festbereich: tempor\u00e4re Veranstaltungen, Jugendfeste, Festivals, Fasnacht, Musikfeste, Studentenfeste<\/li>\n<li>Sportbereich: Sportvereine<\/li>\n<li>\u00d6ffentlichkeitsbereich: Vereine, Gemeinden, Eltern<\/li>\n<\/ul>\n<h3>Dienstleistungen<\/h3>\n<ul>\n<li>Information: Vortr\u00e4ge, Gespr\u00e4chsabende, Erstellen von Unterlagen und Spielen, Erstellen von Dokumentationen, Pr\u00e4ventionsst\u00e4nde, Consulting<\/li>\n<li>Bildung: Sensibilisierung, bestehende und massgeschneiderte Bildungsmodule<\/li>\n<li>Projektbegleitung: Unterst\u00fctzung bei der Realisierung von Pr\u00e4ventionsprojekten und \u2011massnahmen, Projektleitung bei spezifischen Projekten<\/li>\n<\/ul>\n<h3>Das Team<\/h3>\n<p><a href=\"https:\/\/www.reper-fr.ch\/de\/ueber-uns\/kontakt\/verzeichnis-die-teams\/#information-projets-ip\" target=\"_blank\" rel=\"noopener\">Das Team von IP<\/a> besteht aus deutschsprachigen sowie franz\u00f6sischsprachigen Mitarbeitenden.<\/p>\n<\/div><\/section><\/div>\n<style type=\"text\/css\" data-created_by=\"avia_inline_auto\" id=\"style-css-av-kxerze9v-32519a98cbc4c71a1fa618620bfdb005\">\n#top .av-special-heading.av-kxerze9v-32519a98cbc4c71a1fa618620bfdb005{\npadding-bottom:10px;\n}\nbody .av-special-heading.av-kxerze9v-32519a98cbc4c71a1fa618620bfdb005 .av-special-heading-tag .heading-char{\nfont-size:25px;\n}\n.av-special-heading.av-kxerze9v-32519a98cbc4c71a1fa618620bfdb005 .av-subheading{\nfont-size:15px;\n}\n<\/style>\n<div  class='av-special-heading av-kxerze9v-32519a98cbc4c71a1fa618620bfdb005 av-special-heading-h3 custom-color-heading blockquote modern-quote  avia-builder-el-16  el_after_av_one_full  el_before_av_tab_container '><div class='av-subheading av-subheading_above'><p>REPER<\/p>\n<\/div><h3 class='av-special-heading-tag '  itemprop=\"headline\"  >Information <span class='special_amp'>&amp;<\/span> Projekte<\/h3><div class=\"special-heading-border\"><div class=\"special-heading-inner-border\"><\/div><\/div><\/div><br \/>\n<div  class='tabcontainer av-7ywh1n-e41e010d63c726957c2ddeba8bfaac6f sidebar_tab sidebar_tab_left  avia-builder-el-17  el_after_av_heading  avia-builder-el-last  noborder_tabs'>\n<section class='av_tab_section av_tab_section av-5neuvv-74439e498f8dcb886872b6df61d09a35'  itemscope=\"itemscope\" itemtype=\"https:\/\/schema.org\/CreativeWork\" ><div id='tab-id-1-tab' class='tab active_tab' role='tab' aria-selected=\"true\" tabindex=\"0\" data-fake-id='#tab-id-1' aria-controls='tab-id-1-content'  itemprop=\"headline\" >Adresse<\/div><div id='tab-id-1-content' class='tab_content active_tab_content' role='tabpanel' aria-labelledby='tab-id-1-tab' aria-hidden=\"false\"><div class='tab_inner_content invers-color'  itemprop=\"text\" ><p><strong>REPER<br \/>\n<\/strong>Information &amp; Projekte<\/p>\n<p>Jurastrasse 29<br \/>\nCH-1700 Freiburg<\/p>\n<\/div><\/div><\/section>\n<section class='av_tab_section av_tab_section av-2urj2j-318ec7c4ef5825bf36dff08faf2a4904'  itemscope=\"itemscope\" itemtype=\"https:\/\/schema.org\/CreativeWork\" ><div id='tab-id-2-tab' class='tab' role='tab' aria-selected=\"false\" tabindex=\"0\" data-fake-id='#tab-id-2' aria-controls='tab-id-2-content'  itemprop=\"headline\" >Kontakt<\/div><div id='tab-id-2-content' class='tab_content' role='tabpanel' aria-labelledby='tab-id-2-tab' aria-hidden=\"true\"><div class='tab_inner_content invers-color'  itemprop=\"text\" ><p><a href=\"https:\/\/www.reper-fr.ch\/de\/ueber-uns\/kontakt\/kontakt\/\" target=\"_blank\" rel=\"noopener\">Hier klicken<\/a><\/p>\n<\/div><\/div><\/section>\n<\/div><\/p>\n<\/div><\/div><\/div>\n","protected":false},"excerpt":{"rendered":"","protected":false},"author":1,"featured_media":0,"parent":5238,"menu_order":1,"comment_status":"closed","ping_status":"closed","template":"","meta":{"_acf_changed":false,"footnotes":""},"class_list":["post-5259","page","type-page","status-publish","hentry"],"acf":[],"_links":{"self":[{"href":"https:\/\/www.reper-fr.ch\/de\/wp-json\/wp\/v2\/pages\/5259","targetHints":{"allow":["GET"]}}],"collection":[{"href":"https:\/\/www.reper-fr.ch\/de\/wp-json\/wp\/v2\/pages"}],"about":[{"href":"https:\/\/www.reper-fr.ch\/de\/wp-json\/wp\/v2\/types\/page"}],"author":[{"embeddable":true,"href":"https:\/\/www.reper-fr.ch\/de\/wp-json\/wp\/v2\/users\/1"}],"replies":[{"embeddable":true,"href":"https:\/\/www.reper-fr.ch\/de\/wp-json\/wp\/v2\/comments?post=5259"}],"version-history":[{"count":5,"href":"https:\/\/www.reper-fr.ch\/de\/wp-json\/wp\/v2\/pages\/5259\/revisions"}],"predecessor-version":[{"id":5902,"href":"https:\/\/www.reper-fr.ch\/de\/wp-json\/wp\/v2\/pages\/5259\/revisions\/5902"}],"up":[{"embeddable":true,"href":"https:\/\/www.reper-fr.ch\/de\/wp-json\/wp\/v2\/pages\/5238"}],"wp:attachment":[{"href":"https:\/\/www.reper-fr.ch\/de\/wp-json\/wp\/v2\/media?parent=5259"}],"curies":[{"name":"wp","href":"https:\/\/api.w.org\/{rel}","templated":true}]}}