{"id":5252,"date":"2021-05-14T16:25:55","date_gmt":"2021-05-14T14:25:55","guid":{"rendered":"https:\/\/www.reper-fr.ch\/ueber-uns\/reper-d\/presentation-reper\/"},"modified":"2026-04-27T15:57:19","modified_gmt":"2026-04-27T13:57:19","slug":"vorstellung","status":"publish","type":"page","link":"https:\/\/www.reper-fr.ch\/de\/ueber-uns\/reper-d\/vorstellung\/","title":{"rendered":"Vorstellung"},"content":{"rendered":"<div id='av-layout-grid-1'  class='av-layout-grid-container av-o85xzi-065046215aab3d0cfcec45bce915e584 entry-content-wrapper main_color av-flex-cells  avia-builder-el-0  el_before_av_layout_row  avia-builder-el-first  av-small-hide av-mini-hide container_wrap fullsize'  >\n\n<style type=\"text\/css\" data-created_by=\"avia_inline_auto\" id=\"style-css-av-kx92jj7g-fd11465a6135decfde171f87f98c068e\">\n.flex_cell.av-kx92jj7g-fd11465a6135decfde171f87f98c068e{\nvertical-align:bottom;\nheight:460px;\nmin-height:460px;\nbackground:url(https:\/\/www.reper-fr.ch\/wp-content\/uploads\/2021\/12\/REPER-Pre\u0301sentation-image-1030x687.jpg) 50% 0% no-repeat scroll ;\n}\n.responsive #top #wrap_all .flex_cell.av-kx92jj7g-fd11465a6135decfde171f87f98c068e{\npadding:200px 0px 200px 0px !important;\n}\n<\/style>\n<div class='flex_cell av-kx92jj7g-fd11465a6135decfde171f87f98c068e av-gridrow-cell av_two_fifth no_margin  avia-builder-el-1  el_before_av_cell_three_fifth  avia-builder-el-first  content-align-bottom avia-full-stretch'  ><div class='flex_cell_inner'><\/div><\/div>\n<style type=\"text\/css\" data-created_by=\"avia_inline_auto\" id=\"style-css-av-mq6cum-eea50fa53adecd0e7ee0478d0d9427e6\">\n.flex_cell.av-mq6cum-eea50fa53adecd0e7ee0478d0d9427e6{\nvertical-align:bottom;\nheight:460px;\nmin-height:460px;\nbackground-color:#a40528;\n}\n.responsive #top #wrap_all .flex_cell.av-mq6cum-eea50fa53adecd0e7ee0478d0d9427e6{\npadding:50px 0px 20px 40px !important;\n}\n<\/style>\n<div class='flex_cell av-mq6cum-eea50fa53adecd0e7ee0478d0d9427e6 av-gridrow-cell av_three_fifth no_margin  avia-builder-el-2  el_after_av_cell_two_fifth  avia-builder-el-last  content-align-bottom avia-full-stretch'  ><div class='flex_cell_inner'>\n<style type=\"text\/css\" data-created_by=\"avia_inline_auto\" id=\"style-css-av-kbxi5q-1b32b42261b8049c66c63cd4caedcf84\">\n.flex_column.av-kbxi5q-1b32b42261b8049c66c63cd4caedcf84{\nborder-radius:0px 0px 0px 0px;\npadding:0px 0px 0px 0px;\n}\n<\/style>\n<div  class='flex_column av-kbxi5q-1b32b42261b8049c66c63cd4caedcf84 av_three_fourth  avia-builder-el-3  avia-builder-el-no-sibling  first flex_column_div av-zero-column-padding  '     ><style type=\"text\/css\" data-created_by=\"avia_inline_auto\" id=\"style-css-av-kx92k3xn-8d8ef7147ab6ecc0fd406ad372a41b69\">\n#top .av-special-heading.av-kx92k3xn-8d8ef7147ab6ecc0fd406ad372a41b69{\nmargin:0 0 0 -10px;\npadding-bottom:10px;\ncolor:#ffffff;\n}\nbody .av-special-heading.av-kx92k3xn-8d8ef7147ab6ecc0fd406ad372a41b69 .av-special-heading-tag .heading-char{\nfont-size:25px;\n}\n.av-special-heading.av-kx92k3xn-8d8ef7147ab6ecc0fd406ad372a41b69 .special-heading-inner-border{\nborder-color:#ffffff;\n}\n.av-special-heading.av-kx92k3xn-8d8ef7147ab6ecc0fd406ad372a41b69 .av-subheading{\nfont-size:15px;\n}\n<\/style>\n<div  class='av-special-heading av-kx92k3xn-8d8ef7147ab6ecc0fd406ad372a41b69 av-special-heading-h1 custom-color-heading blockquote modern-quote  avia-builder-el-4  avia-builder-el-no-sibling '><h1 class='av-special-heading-tag '  itemprop=\"headline\"  >Vorstellung<\/h1><div class=\"special-heading-border\"><div class=\"special-heading-inner-border\"><\/div><\/div><\/div><\/div>\n<\/div><\/div>\n<\/div>\n<div id='av-layout-grid-2'  class='av-layout-grid-container av-imzse6-d3066fded34f22e4f76030313837ea38 entry-content-wrapper main_color av-flex-cells  avia-builder-el-5  el_after_av_layout_row  el_before_av_layout_row  grid-row-not-first av-desktop-hide av-medium-hide container_wrap fullsize'  >\n\n<style type=\"text\/css\" data-created_by=\"avia_inline_auto\" id=\"style-css-av-kx92jvc2-131bf250a9688785d2a5d4a38c0bbb55\">\n.flex_cell.av-kx92jvc2-131bf250a9688785d2a5d4a38c0bbb55{\nvertical-align:bottom;\nheight:180px;\nmin-height:180px;\nbackground:url(https:\/\/www.reper-fr.ch\/wp-content\/uploads\/2021\/12\/REPER-Pre\u0301sentation-image-1030x687.jpg) 50% 0% no-repeat scroll ;\n}\n.responsive #top #wrap_all .flex_cell.av-kx92jvc2-131bf250a9688785d2a5d4a38c0bbb55{\npadding:200px 0px 200px 0px !important;\n}\n<\/style>\n<div class='flex_cell av-kx92jvc2-131bf250a9688785d2a5d4a38c0bbb55 av-gridrow-cell av_two_fifth no_margin  avia-builder-el-6  el_before_av_cell_three_fifth  avia-builder-el-first  content-align-bottom avia-full-stretch'  ><div class='flex_cell_inner'><\/div><\/div>\n<style type=\"text\/css\" data-created_by=\"avia_inline_auto\" id=\"style-css-av-gt88wu-65571a85416508b1384ce840ecdc2286\">\n.flex_cell.av-gt88wu-65571a85416508b1384ce840ecdc2286{\nvertical-align:bottom;\nheight:180px;\nmin-height:180px;\nbackground-color:#a40528;\n}\n.responsive #top #wrap_all .flex_cell.av-gt88wu-65571a85416508b1384ce840ecdc2286{\npadding:50px 0px 20px 40px !important;\n}\n<\/style>\n<div class='flex_cell av-gt88wu-65571a85416508b1384ce840ecdc2286 av-gridrow-cell av_three_fifth no_margin  avia-builder-el-7  el_after_av_cell_two_fifth  avia-builder-el-last  content-align-bottom avia-full-stretch'  ><div class='flex_cell_inner'>\n<style type=\"text\/css\" data-created_by=\"avia_inline_auto\" id=\"style-css-av-gdd1n2-ab32a92a3e9bdd4fc720029c018b3185\">\n.flex_column.av-gdd1n2-ab32a92a3e9bdd4fc720029c018b3185{\nborder-radius:0px 0px 0px 0px;\npadding:0px 0px 0px 0px;\n}\n<\/style>\n<div  class='flex_column av-gdd1n2-ab32a92a3e9bdd4fc720029c018b3185 av_three_fourth  avia-builder-el-8  avia-builder-el-no-sibling  first flex_column_div av-zero-column-padding  '     ><style type=\"text\/css\" data-created_by=\"avia_inline_auto\" id=\"style-css-av-kx92kaj4-d365cd9f0e37ff5aca437f01aafee9f3\">\n#top .av-special-heading.av-kx92kaj4-d365cd9f0e37ff5aca437f01aafee9f3{\npadding-bottom:10px;\ncolor:#ffffff;\n}\nbody .av-special-heading.av-kx92kaj4-d365cd9f0e37ff5aca437f01aafee9f3 .av-special-heading-tag .heading-char{\nfont-size:25px;\n}\n.av-special-heading.av-kx92kaj4-d365cd9f0e37ff5aca437f01aafee9f3 .special-heading-inner-border{\nborder-color:#ffffff;\n}\n.av-special-heading.av-kx92kaj4-d365cd9f0e37ff5aca437f01aafee9f3 .av-subheading{\nfont-size:15px;\n}\n<\/style>\n<div  class='av-special-heading av-kx92kaj4-d365cd9f0e37ff5aca437f01aafee9f3 av-special-heading-h1 custom-color-heading blockquote modern-quote  avia-builder-el-9  avia-builder-el-no-sibling '><h1 class='av-special-heading-tag '  itemprop=\"headline\"  >Vorstellung<\/h1><div class=\"special-heading-border\"><div class=\"special-heading-inner-border\"><\/div><\/div><\/div><\/div>\n<\/div><\/div>\n<\/div>\n<div id='av-layout-grid-3'  class='av-layout-grid-container av-def5ym-2afed54609d2818d6ea415dd1b084091 entry-content-wrapper main_color av-flex-cells  avia-builder-el-10  el_after_av_layout_row  avia-builder-el-last  grid-row-not-first  container_wrap fullsize'  >\n\n<style type=\"text\/css\" data-created_by=\"avia_inline_auto\" id=\"style-css-av-c4tkqm-9d88170f6e0a1057fd889867c9fea3c5\">\n.flex_cell.av-c4tkqm-9d88170f6e0a1057fd889867c9fea3c5{\nvertical-align:top;\n}\n.responsive #top #wrap_all .flex_cell.av-c4tkqm-9d88170f6e0a1057fd889867c9fea3c5{\npadding:40px 30px 30px 150px !important;\n}\n<\/style>\n<div class='flex_cell av-c4tkqm-9d88170f6e0a1057fd889867c9fea3c5 av-gridrow-cell av_two_fifth no_margin  avia-builder-el-11  el_before_av_cell_three_fifth  avia-builder-el-first  content-align-top'  ><div class='flex_cell_inner'>\n<style type=\"text\/css\" data-created_by=\"avia_inline_auto\" id=\"style-css-av-amp24u-82c774d498542eed4f681b46ce92cf90\">\n.flex_column.av-amp24u-82c774d498542eed4f681b46ce92cf90{\nborder-radius:0px 0px 0px 0px;\npadding:0px 0px 0px 0px;\n}\n<\/style>\n<div  class='flex_column av-amp24u-82c774d498542eed4f681b46ce92cf90 av_one_full  avia-builder-el-12  avia-builder-el-no-sibling  first flex_column_div av-zero-column-padding  '     ><\/div>\n<\/div><\/div>\n<style type=\"text\/css\" data-created_by=\"avia_inline_auto\" id=\"style-css-av-786h9q-7135b8ef2586843b19bf3bb89e0f653f\">\n.flex_cell.av-786h9q-7135b8ef2586843b19bf3bb89e0f653f{\nvertical-align:top;\n}\n.responsive #top #wrap_all .flex_cell.av-786h9q-7135b8ef2586843b19bf3bb89e0f653f{\npadding:30px 30px 30px 30px !important;\n}\n<\/style>\n<div class='flex_cell av-786h9q-7135b8ef2586843b19bf3bb89e0f653f av-gridrow-cell av_three_fifth no_margin  avia-builder-el-14  el_after_av_cell_two_fifth  avia-builder-el-last  content-align-top'  ><div class='flex_cell_inner'><p>\n<style type=\"text\/css\" data-created_by=\"avia_inline_auto\" id=\"style-css-av-5clztq-1b236b38b6a14138c4fd129a7d762f26\">\n.flex_column.av-5clztq-1b236b38b6a14138c4fd129a7d762f26{\nborder-radius:0px 0px 0px 0px;\npadding:0px 0px 0px 0px;\n}\n<\/style>\n<div  class='flex_column av-5clztq-1b236b38b6a14138c4fd129a7d762f26 av_one_full  avia-builder-el-15  el_before_av_one_full  avia-builder-el-first  first flex_column_div av-zero-column-padding  '     ><section  class='av_textblock_section av-kx92mi9u-d3d3ca83fe38db0f61baffda06adbf48 '   itemscope=\"itemscope\" itemtype=\"https:\/\/schema.org\/CreativeWork\" ><div class='avia_textblock'  itemprop=\"text\" ><p>REPER ist ein anerkannter gemeinn\u00fctziger Verein. Die Aufgabe von REPER ist die Gesundheitsf\u00f6rderung sowie die Pr\u00e4vention von Sucht und Risikoverhalten insbesondere bei Jugendlichen.<\/p>\n<p>Diese Aufgabe erf\u00fcllt REPER mit Fachkompetenzen wie Sensibilisierung und Schulung von Fachleuten, soziokultureller Animation, Sozialarbeit und aufsuchender Jugendarbeit, sozialer und beruflicher Eingliederung sowie Einzel- und Familienbegleitung.<\/p>\n<p>REPER pflegt gegen\u00fcber den sozio\u00f6konomischen Bedingungen, dem Druck durch Werbung und der Entwicklung von Trends und Verhaltensweisen eine kritische und konstruktive Haltung. Der Verein beteiligt sich an der \u00f6ffentlichen Debatte, sensibilisiert die Beh\u00f6rden f\u00fcr Themen, mit denen er sich befasst, und arbeitet mit den Medien zusammen.<\/p>\n<\/div><\/section><\/div>\n<style type=\"text\/css\" data-created_by=\"avia_inline_auto\" id=\"style-css-av-2to8vy-7edd260e1caf7a865a0675a7a3a41d5a\">\n.flex_column.av-2to8vy-7edd260e1caf7a865a0675a7a3a41d5a{\nborder-radius:0px 0px 0px 0px;\npadding:0px 0px 0px 0px;\n}\n<\/style>\n<div  class='flex_column av-2to8vy-7edd260e1caf7a865a0675a7a3a41d5a av_one_full  avia-builder-el-17  el_after_av_one_full  el_before_av_one_full  first flex_column_div av-zero-column-padding  column-top-margin'     ><section  class='av_textblock_section av-kx94ts7b-15e032d92470658156aef6e4917e00f7 '   itemscope=\"itemscope\" itemtype=\"https:\/\/schema.org\/CreativeWork\" ><div class='avia_textblock'  itemprop=\"text\" ><h3>Geschichte, Organisation und Qualit\u00e4t<\/h3>\n<p>REPER entstand 2006 im Zuge der Fusion von FLAD und RELEASE, die seit 1956 respektive 1972 existierten. Der Verein umfasst neben der Leitung\u00a0<a href=\"https:\/\/www.reper-fr.ch\/wp-content\/uploads\/2022\/03\/REPER-plaquette-centre-2016-DE-COM-compresse.pdf\" target=\"_blank\" rel=\"noopener\">5\u00a0Abteilungen<\/a>:<\/p>\n<ul>\n<li>Information &amp; Projekte (IP)<\/li>\n<li>Strasse &amp; Projektrealisation (SP)<\/li>\n<li>Zentren f\u00fcr soziokulturelle Animation (ZSA)<\/li>\n<li>Berufliche Vorbildung (PREFO)<\/li>\n<li>Ressourcen &amp; Entwicklung (CHOICE)<\/li>\n<\/ul>\n<p>REPER hat einen Leistungsauftrag des Kantons Freiburg. Der Verein wird von Gemeinde und Kanton Freiburg sowie von weiteren Gemeinden und Stiftungen finanziert.<\/p>\n<p>REPER ist politisch und konfessionell unabh\u00e4ngig und verf\u00fcgt \u00fcber zwei Zertifikate: ISO 9001 und QuaTheDa 2020.<\/p>\n<p>In Sachen Qualit\u00e4t ist REPER <a href=\"https:\/\/www.reper-fr.ch\/wp-content\/uploads\/2026\/01\/REF-QUA-002-D_Qualitatspolitik.pdf\" target=\"_blank\" rel=\"noopener\">sechs Hauptzielen<\/a> verpflichtet.<\/p>\n<\/div><\/section><\/div>\n<style type=\"text\/css\" data-created_by=\"avia_inline_auto\" id=\"style-css-av-bqxoe-2e36946c6e51599d179cf5a5c73911e6\">\n.flex_column.av-bqxoe-2e36946c6e51599d179cf5a5c73911e6{\nborder-radius:0px 0px 0px 0px;\npadding:0px 0px 0px 0px;\n}\n<\/style>\n<div  class='flex_column av-bqxoe-2e36946c6e51599d179cf5a5c73911e6 av_one_full  avia-builder-el-19  el_after_av_one_full  el_before_av_one_full  first flex_column_div av-zero-column-padding  column-top-margin'     ><section  class='av_textblock_section av-kxgbcyi4-68ac9da23e2242611bf6921770040982 '   itemscope=\"itemscope\" itemtype=\"https:\/\/schema.org\/CreativeWork\" ><div class='avia_textblock'  itemprop=\"text\" ><h3>Identit\u00e4t und Werte<\/h3>\n<p>Angesichts der Risiken, die bestimmte Verhaltensweisen, Kontexte und Konsumformen mit sich bringen, setzt sich REPER f\u00fcr das Wohlbefinden und ein harmonisches Sozialleben jeder und jedes Einzelnen ein. Der Verein vertritt eine humanistische Philosophie und tr\u00e4gt dazu bei, den Selbstwert und das Selbstbewusstsein, die Integration und die Entfaltung aller Personen und Gruppen zu f\u00f6rdern. Unsere Arbeit baut auf der Achtung der W\u00fcrde, der Freiheit, der Diversit\u00e4t und des Rechts aller Menschen auf Bildung und Gesundheit auf.<\/p>\n<p>Allen Dienstleistungen und dem Arbeitsklima von REPER liegen sechs Gruppen von <a href=\"https:\/\/www.reper-fr.ch\/wp-content\/uploads\/2022\/07\/REPER-Werte.pdf\" target=\"_blank\" rel=\"noopener\">Werten<\/a> zugrunde:<\/p>\n<ul>\n<li>Authentizit\u00e4t<\/li>\n<li>Zusammenarbeit<\/li>\n<li>Arbeitsethos<\/li>\n<li>Offenheit<\/li>\n<li>Respekt<\/li>\n<li>Wohlwollen<\/li>\n<\/ul>\n<p>REPER hat ausgehend von anerkannten Leitbildern <a href=\"https:\/\/www.reper-fr.ch\/wp-content\/uploads\/2026\/03\/REF-DIR-002-D_Leitbild_Verein_REPER.pdf\" target=\"_blank\" rel=\"noopener\">sein eigenes Leitbild<\/a> erarbeitet.<\/p>\n<\/div><\/section><\/div>\n<style type=\"text\/css\" data-created_by=\"avia_inline_auto\" id=\"style-css-av-38bkic-f655c384f3e0fd57842bed2a7877e83a\">\n.flex_column.av-38bkic-f655c384f3e0fd57842bed2a7877e83a{\nborder-radius:0px 0px 0px 0px;\npadding:0px 0px 0px 0px;\n}\n<\/style>\n<div  class='flex_column av-38bkic-f655c384f3e0fd57842bed2a7877e83a av_one_full  avia-builder-el-21  el_after_av_one_full  el_before_av_one_full  first flex_column_div av-zero-column-padding  column-top-margin'     ><section  class='av_textblock_section av-mbukinf3-0cf865518ae9a6275ab0ffb169567a6f '   itemscope=\"itemscope\" itemtype=\"https:\/\/schema.org\/CreativeWork\" ><div class='avia_textblock'  itemprop=\"text\" ><h3>Jahresbericht<\/h3>\n<p><a href=\"https:\/\/www.reper-fr.ch\/rapport-annuel-2025\/\" target=\"_blank\" rel=\"noopener\">Jahresbericht 2025<\/a><\/p>\n<\/div><\/section><\/div>\n<style type=\"text\/css\" data-created_by=\"avia_inline_auto\" id=\"style-css-av-31wqbo-f5600210f9430c00e6c577320f206d6a\">\n.flex_column.av-31wqbo-f5600210f9430c00e6c577320f206d6a{\nborder-radius:0px 0px 0px 0px;\npadding:0px 0px 0px 0px;\n}\n<\/style>\n<div  class='flex_column av-31wqbo-f5600210f9430c00e6c577320f206d6a av_one_full  avia-builder-el-23  el_after_av_one_full  avia-builder-el-last  first flex_column_div av-zero-column-padding  column-top-margin'     ><p><section  class='av_textblock_section av-lp85os0y-9db5f52baa9e8f8e53f809f0a133c13b '   itemscope=\"itemscope\" itemtype=\"https:\/\/schema.org\/CreativeWork\" ><div class='avia_textblock'  itemprop=\"text\" ><p>J\u00e4hrlich bezuschusst von:<\/p>\n<\/div><\/section><br \/>\n<div  class='avia-logo-element-container av-lp86d9qu-eb472264ca54d4dc35ded1b7b08842c9 av-border-deactivate avia-logo-slider avia-content-slider avia-smallarrow-slider avia-content-slider-active noHover avia-content-slider-odd  avia-builder-el-25  el_after_av_textblock  el_before_av_partner  av-slideshow-ui av-control-default av-nav-arrows-visible av-nav-dots-visible av-no-slider-navigation av-slideshow-manual av-loop-once av-loop-manual-endless avia-content-slider1' data-slideshow-options=\"{&quot;animation&quot;:&quot;slide&quot;,&quot;autoplay&quot;:false,&quot;loop_autoplay&quot;:&quot;once&quot;,&quot;interval&quot;:5,&quot;loop_manual&quot;:&quot;manual-endless&quot;,&quot;autoplay_stopper&quot;:false,&quot;noNavigation&quot;:false,&quot;bg_slider&quot;:false,&quot;keep_padding&quot;:&quot;&quot;,&quot;hoverpause&quot;:false,&quot;show_slide_delay&quot;:0}\"><div class='avia-smallarrow-slider-heading  no-logo-slider-heading '><div class='new-special-heading'>&nbsp;<\/div><\/div><div class=\"avia-content-slider-inner\"><div class=\"slide-entry-wrap\"><div  class='slide-entry av-eplm2s-74558026a279ebf9ef3356e8237478a5 flex_column no_margin av_one_fifth real-thumbnail post-entry slide-entry-overview slide-loop-1 slide-parity-odd post-entry-last first'><span class='av-partner-fake-img' style='padding-bottom:97.560975609756%; background-image:url(https:\/\/www.reper-fr.ch\/wp-content\/uploads\/2023\/11\/logo_etat_FR_vers_principale.jpg);'><\/span><\/div><\/div><\/div><\/div><br \/>\n<div  class='avia-logo-element-container av-19eexg-aac648dc3285ab2fb243a8b12a00fc6d av-border-deactivate avia-logo-slider avia-content-slider avia-smallarrow-slider avia-content-slider-active noHover avia-content-slider-even  avia-builder-el-26  el_after_av_partner  el_before_av_textblock  av-slideshow-ui av-control-default av-nav-arrows-visible av-nav-dots-visible av-no-slider-navigation av-slideshow-manual av-loop-once av-loop-manual-endless avia-content-slider2' data-slideshow-options=\"{&quot;animation&quot;:&quot;slide&quot;,&quot;autoplay&quot;:false,&quot;loop_autoplay&quot;:&quot;once&quot;,&quot;interval&quot;:5,&quot;loop_manual&quot;:&quot;manual-endless&quot;,&quot;autoplay_stopper&quot;:false,&quot;noNavigation&quot;:false,&quot;bg_slider&quot;:false,&quot;keep_padding&quot;:&quot;&quot;,&quot;hoverpause&quot;:false,&quot;show_slide_delay&quot;:0}\"><div class='avia-smallarrow-slider-heading  no-logo-slider-heading '><div class='new-special-heading'>&nbsp;<\/div><div class='avia-slideshow-arrows avia-slideshow-controls' ><a href='#prev' class='prev-slide  avia-svg-icon avia-font-svg_entypo-fontello' data-av_svg_icon='left-open-big' data-av_iconset='svg_entypo-fontello' tabindex='-1' title=\"Zur\u00fcck\"><svg version=\"1.1\" xmlns=\"http:\/\/www.w3.org\/2000\/svg\" width=\"15\" height=\"32\" viewBox=\"0 0 15 32\" preserveAspectRatio=\"xMidYMid meet\" aria-labelledby='av-svg-title-1' aria-describedby='av-svg-desc-1' role=\"graphics-symbol\" aria-hidden=\"true\">\n<title id='av-svg-title-1'>Zur\u00fcck<\/title>\n<desc id='av-svg-desc-1'>Zur\u00fcck<\/desc>\n<path d=\"M14.464 27.84q0.832 0.832 0 1.536-0.832 0.832-1.536 0l-12.544-12.608q-0.768-0.768 0-1.6l12.544-12.608q0.704-0.832 1.536 0 0.832 0.704 0 1.536l-11.456 11.904z\"><\/path>\n<\/svg><span class='avia_hidden_link_text'>Zur\u00fcck<\/span><\/a><a href='#next' class='next-slide  avia-svg-icon avia-font-svg_entypo-fontello' data-av_svg_icon='right-open-big' data-av_iconset='svg_entypo-fontello' tabindex='-1' title=\"Weiter\"><svg version=\"1.1\" xmlns=\"http:\/\/www.w3.org\/2000\/svg\" width=\"15\" height=\"32\" viewBox=\"0 0 15 32\" preserveAspectRatio=\"xMidYMid meet\" aria-labelledby='av-svg-title-2' aria-describedby='av-svg-desc-2' role=\"graphics-symbol\" aria-hidden=\"true\">\n<title id='av-svg-title-2'>Weiter<\/title>\n<desc id='av-svg-desc-2'>Weiter<\/desc>\n<path d=\"M0.416 27.84l11.456-11.84-11.456-11.904q-0.832-0.832 0-1.536 0.832-0.832 1.536 0l12.544 12.608q0.768 0.832 0 1.6l-12.544 12.608q-0.704 0.832-1.536 0-0.832-0.704 0-1.536z\"><\/path>\n<\/svg><span class='avia_hidden_link_text'>Weiter<\/span><\/a><\/div><\/div><div class=\"avia-content-slider-inner\"><div class=\"slide-entry-wrap\"><div  class='slide-entry av-13r844-0e6fa9a4cf5739270c8165c3f07d6f49 flex_column no_margin av_one_fourth real-thumbnail post-entry slide-entry-overview slide-loop-1 slide-parity-odd  first'><span class='av-partner-fake-img' style='padding-bottom:25.298329355609%; background-image:url(https:\/\/www.reper-fr.ch\/wp-content\/uploads\/2023\/11\/VilleFR_logo_vague.jpg);'><\/span><\/div><div  class='slide-entry av-8hwmo4-5228b9cdb115d1cbd384343349807787 flex_column no_margin av_one_fourth real-thumbnail post-entry slide-entry-overview slide-loop-2 slide-parity-even  '><span class='av-partner-fake-img' style='padding-bottom:25.298329355609%; background-image:url(https:\/\/www.reper-fr.ch\/wp-content\/uploads\/2023\/11\/logoVillars_original.jpg);'><\/span><\/div><div  class='slide-entry av-30walg-7a78c9304d0a6a1575bfab9154357774 flex_column no_margin av_one_fourth real-thumbnail post-entry slide-entry-overview slide-loop-3 slide-parity-odd  '><span class='av-partner-fake-img' style='padding-bottom:25.298329355609%; background-image:url(https:\/\/www.reper-fr.ch\/wp-content\/uploads\/2023\/11\/Neyruz_logo.png);'><\/span><\/div><div  class='slide-entry av-qo48k-0311ab4c2d171271c82df035aeaebe4a flex_column no_margin av_one_fourth real-thumbnail post-entry slide-entry-overview slide-loop-4 slide-parity-even  '><span class='av-partner-fake-img' style='padding-bottom:25.298329355609%; background-image:url(https:\/\/www.reper-fr.ch\/wp-content\/uploads\/2023\/11\/VilleRomont-Logo.png);'><\/span><\/div><\/div><div class=\"slide-entry-wrap\"><div  class='slide-entry av-6685lg-949bd64faab759d75b17f07b61676367 flex_column no_margin av_one_fourth real-thumbnail post-entry slide-entry-overview slide-loop-5 slide-parity-odd  first'><span class='av-partner-fake-img' style='padding-bottom:25.298329355609%; background-image:url(https:\/\/www.reper-fr.ch\/wp-content\/uploads\/2023\/11\/Attalens_commune_CMJN.jpg);'><\/span><\/div><div  class='slide-entry av-4k5yok-05f2a707709a160eb5652ca9ef2eac60 flex_column no_margin av_one_fourth real-thumbnail post-entry slide-entry-overview slide-loop-6 slide-parity-even  '><span class='av-partner-fake-img' style='padding-bottom:25.298329355609%; background-image:url(https:\/\/www.reper-fr.ch\/wp-content\/uploads\/2023\/11\/Logo-Corminboeuf-2.png);'><\/span><\/div><div  class='slide-entry av-2uvdyc-0ec4cbb17664ada082fa1c24d6ee0e4d flex_column no_margin av_one_fourth real-thumbnail post-entry slide-entry-overview slide-loop-7 slide-parity-odd  '><span class='av-partner-fake-img' style='padding-bottom:25.298329355609%; background-image:url(https:\/\/www.reper-fr.ch\/wp-content\/uploads\/2023\/11\/Logo-la-Brillaz.jpg);'><\/span><\/div><div  class='slide-entry av-2ul3l0-2910c2f5dfb4f73cd2566d40e0c219e3 flex_column no_margin av_one_fourth real-thumbnail post-entry slide-entry-overview slide-loop-8 slide-parity-even post-entry-last '><span class='av-partner-fake-img' style='padding-bottom:25.298329355609%; background-image:url(https:\/\/www.reper-fr.ch\/wp-content\/uploads\/2024\/08\/Official_logo_Marly_avec_ecriture-scaled.jpg);'><\/span><\/div><\/div><\/div><\/div><br \/>\n<section  class='av_textblock_section av-lpaza60n-861204d719258a205221b1ea9a5e6d9f '   itemscope=\"itemscope\" itemtype=\"https:\/\/schema.org\/CreativeWork\" ><div class='avia_textblock'  itemprop=\"text\" ><p>Mit Unterst\u00fctzung von:<\/p>\n<\/div><\/section><br \/>\n<div  class='avia-logo-element-container av-lpazaoa4-1a799ad2ae53e0d1e5a5dee0e740e293 av-border-deactivate avia-logo-slider avia-content-slider avia-smallarrow-slider avia-content-slider-active noHover avia-content-slider-even  avia-builder-el-28  el_after_av_textblock  avia-builder-el-last  av-slideshow-ui av-control-default av-nav-arrows-visible av-nav-dots-visible av-no-slider-navigation av-slideshow-manual av-loop-once av-loop-manual-endless avia-content-slider3' data-slideshow-options=\"{&quot;animation&quot;:&quot;slide&quot;,&quot;autoplay&quot;:false,&quot;loop_autoplay&quot;:&quot;once&quot;,&quot;interval&quot;:5,&quot;loop_manual&quot;:&quot;manual-endless&quot;,&quot;autoplay_stopper&quot;:false,&quot;noNavigation&quot;:false,&quot;bg_slider&quot;:false,&quot;keep_padding&quot;:&quot;&quot;,&quot;hoverpause&quot;:false,&quot;show_slide_delay&quot;:0}\"><div class='avia-smallarrow-slider-heading  no-logo-slider-heading '><div class='new-special-heading'>&nbsp;<\/div><\/div><div class=\"avia-content-slider-inner\"><div class=\"slide-entry-wrap\"><div  class='slide-entry av-2vgluc-40d4d7f02d2d18e8415dd6b3b587d680 flex_column no_margin av_one_fourth real-thumbnail post-entry slide-entry-overview slide-loop-1 slide-parity-odd post-entry-last first'><span class='av-partner-fake-img' style='padding-bottom:34.860050890585%; background-image:url(https:\/\/www.reper-fr.ch\/wp-content\/uploads\/2023\/11\/LoRo-LogoBeneficiaires-RVB.jpeg);'><\/span><\/div><\/div><\/div><\/div><\/p><\/div><\/p>\n<\/div><\/div><\/div>\n","protected":false},"excerpt":{"rendered":"","protected":false},"author":1,"featured_media":0,"parent":5243,"menu_order":0,"comment_status":"closed","ping_status":"closed","template":"","meta":{"_acf_changed":false,"footnotes":""},"class_list":["post-5252","page","type-page","status-publish","hentry"],"acf":[],"_links":{"self":[{"href":"https:\/\/www.reper-fr.ch\/de\/wp-json\/wp\/v2\/pages\/5252","targetHints":{"allow":["GET"]}}],"collection":[{"href":"https:\/\/www.reper-fr.ch\/de\/wp-json\/wp\/v2\/pages"}],"about":[{"href":"https:\/\/www.reper-fr.ch\/de\/wp-json\/wp\/v2\/types\/page"}],"author":[{"embeddable":true,"href":"https:\/\/www.reper-fr.ch\/de\/wp-json\/wp\/v2\/users\/1"}],"replies":[{"embeddable":true,"href":"https:\/\/www.reper-fr.ch\/de\/wp-json\/wp\/v2\/comments?post=5252"}],"version-history":[{"count":8,"href":"https:\/\/www.reper-fr.ch\/de\/wp-json\/wp\/v2\/pages\/5252\/revisions"}],"predecessor-version":[{"id":14408,"href":"https:\/\/www.reper-fr.ch\/de\/wp-json\/wp\/v2\/pages\/5252\/revisions\/14408"}],"up":[{"embeddable":true,"href":"https:\/\/www.reper-fr.ch\/de\/wp-json\/wp\/v2\/pages\/5243"}],"wp:attachment":[{"href":"https:\/\/www.reper-fr.ch\/de\/wp-json\/wp\/v2\/media?parent=5252"}],"curies":[{"name":"wp","href":"https:\/\/api.w.org\/{rel}","templated":true}]}}