{"id":5220,"date":"2021-04-22T16:35:21","date_gmt":"2021-04-22T14:35:29","guid":{"rendered":"https:\/\/www.reper-fr.ch\/fachleute\/festbereich\/organiser-une-manifestation\/"},"modified":"2025-05-05T12:26:07","modified_gmt":"2025-05-05T10:26:07","slug":"ein-fest-veranstalten","status":"publish","type":"page","link":"https:\/\/www.reper-fr.ch\/de\/fachleute\/festbereich\/ein-fest-veranstalten\/","title":{"rendered":"Ein Fest veranstalten"},"content":{"rendered":"<div id='av-layout-grid-1'  class='av-layout-grid-container av-rm27z2-150579b2c192cfe85e13b9c0104bc389 entry-content-wrapper main_color av-flex-cells  avia-builder-el-0  el_before_av_layout_row  avia-builder-el-first  av-small-hide av-mini-hide container_wrap fullsize'  >\n\n<style type=\"text\/css\" data-created_by=\"avia_inline_auto\" id=\"style-css-av-ku6vex76-e1a26cecb407a60048d9b59d8cf35098\">\n.flex_cell.av-ku6vex76-e1a26cecb407a60048d9b59d8cf35098{\nvertical-align:bottom;\nheight:460px;\nmin-height:460px;\nbackground:url(https:\/\/www.reper-fr.ch\/wp-content\/uploads\/2021\/09\/IP-MIlieu-festif-image-1030x775.png) 50% 0% no-repeat scroll ;\n}\n.responsive #top #wrap_all .flex_cell.av-ku6vex76-e1a26cecb407a60048d9b59d8cf35098{\npadding:200px 0px 200px 0px !important;\n}\n<\/style>\n<div class='flex_cell av-ku6vex76-e1a26cecb407a60048d9b59d8cf35098 av-gridrow-cell av_two_fifth no_margin  avia-builder-el-1  el_before_av_cell_three_fifth  avia-builder-el-first  content-align-bottom avia-full-stretch'  ><div class='flex_cell_inner'><\/div><\/div>\n<style type=\"text\/css\" data-created_by=\"avia_inline_auto\" id=\"style-css-av-pln9ny-4230891cef49fef26fd1122a8ffe9e63\">\n.flex_cell.av-pln9ny-4230891cef49fef26fd1122a8ffe9e63{\nvertical-align:bottom;\nheight:460px;\nmin-height:460px;\nbackground-color:#a40528;\n}\n.responsive #top #wrap_all .flex_cell.av-pln9ny-4230891cef49fef26fd1122a8ffe9e63{\npadding:50px 0px 20px 40px !important;\n}\n<\/style>\n<div class='flex_cell av-pln9ny-4230891cef49fef26fd1122a8ffe9e63 av-gridrow-cell av_three_fifth no_margin  avia-builder-el-2  el_after_av_cell_two_fifth  avia-builder-el-last  content-align-bottom avia-full-stretch'  ><div class='flex_cell_inner'>\n<style type=\"text\/css\" data-created_by=\"avia_inline_auto\" id=\"style-css-av-nqxfm6-2f7abac7334009b3b2acff1b38bceb13\">\n.flex_column.av-nqxfm6-2f7abac7334009b3b2acff1b38bceb13{\nborder-radius:0px 0px 0px 0px;\npadding:0px 0px 0px 0px;\n}\n<\/style>\n<div  class='flex_column av-nqxfm6-2f7abac7334009b3b2acff1b38bceb13 av_three_fourth  avia-builder-el-3  avia-builder-el-no-sibling  first flex_column_div av-zero-column-padding  '     ><style type=\"text\/css\" data-created_by=\"avia_inline_auto\" id=\"style-css-av-ku6uxbba-9a9ff217bc1d7a95a1786610cd52cf8b\">\n#top .av-special-heading.av-ku6uxbba-9a9ff217bc1d7a95a1786610cd52cf8b{\nmargin:0 0 0 -10px;\npadding-bottom:10px;\ncolor:#ffffff;\n}\nbody .av-special-heading.av-ku6uxbba-9a9ff217bc1d7a95a1786610cd52cf8b .av-special-heading-tag .heading-char{\nfont-size:25px;\n}\n.av-special-heading.av-ku6uxbba-9a9ff217bc1d7a95a1786610cd52cf8b .special-heading-inner-border{\nborder-color:#ffffff;\n}\n.av-special-heading.av-ku6uxbba-9a9ff217bc1d7a95a1786610cd52cf8b .av-subheading{\nfont-size:15px;\n}\n<\/style>\n<div  class='av-special-heading av-ku6uxbba-9a9ff217bc1d7a95a1786610cd52cf8b av-special-heading-h1 custom-color-heading blockquote modern-quote  avia-builder-el-4  avia-builder-el-no-sibling '><h1 class='av-special-heading-tag '  itemprop=\"headline\"  >Ein Fest veranstalten<\/h1><div class=\"special-heading-border\"><div class=\"special-heading-inner-border\"><\/div><\/div><\/div><\/div>\n<\/div><\/div>\n<\/div>\n<div id='av-layout-grid-2'  class='av-layout-grid-container av-lt4sda-cfdb861fca5eb97e16f8cf43167206f0 entry-content-wrapper main_color av-flex-cells  avia-builder-el-5  el_after_av_layout_row  el_before_av_layout_row  grid-row-not-first av-desktop-hide av-medium-hide container_wrap fullsize'  >\n\n<style type=\"text\/css\" data-created_by=\"avia_inline_auto\" id=\"style-css-av-ku6vf7bt-f2bb3b28543de5be8a81450589bba8f9\">\n.flex_cell.av-ku6vf7bt-f2bb3b28543de5be8a81450589bba8f9{\nvertical-align:bottom;\nheight:180px;\nmin-height:180px;\nbackground:url(https:\/\/www.reper-fr.ch\/wp-content\/uploads\/2021\/09\/IP-MIlieu-festif-image-1030x775.png) 50% 0% no-repeat scroll ;\n}\n.responsive #top #wrap_all .flex_cell.av-ku6vf7bt-f2bb3b28543de5be8a81450589bba8f9{\npadding:200px 0px 200px 0px !important;\n}\n<\/style>\n<div class='flex_cell av-ku6vf7bt-f2bb3b28543de5be8a81450589bba8f9 av-gridrow-cell av_two_fifth no_margin  avia-builder-el-6  el_before_av_cell_three_fifth  avia-builder-el-first  content-align-bottom avia-full-stretch'  ><div class='flex_cell_inner'><\/div><\/div>\n<style type=\"text\/css\" data-created_by=\"avia_inline_auto\" id=\"style-css-av-k6ndm6-a2e22a5ac40fd813bb77b99852eff34c\">\n.flex_cell.av-k6ndm6-a2e22a5ac40fd813bb77b99852eff34c{\nvertical-align:bottom;\nheight:180px;\nmin-height:180px;\nbackground-color:#a40528;\n}\n.responsive #top #wrap_all .flex_cell.av-k6ndm6-a2e22a5ac40fd813bb77b99852eff34c{\npadding:50px 0px 20px 40px !important;\n}\n<\/style>\n<div class='flex_cell av-k6ndm6-a2e22a5ac40fd813bb77b99852eff34c av-gridrow-cell av_three_fifth no_margin  avia-builder-el-7  el_after_av_cell_two_fifth  avia-builder-el-last  content-align-bottom avia-full-stretch'  ><div class='flex_cell_inner'>\n<style type=\"text\/css\" data-created_by=\"avia_inline_auto\" id=\"style-css-av-it1426-237d0f94c4a0264d2f367e5045c227d0\">\n.flex_column.av-it1426-237d0f94c4a0264d2f367e5045c227d0{\nborder-radius:0px 0px 0px 0px;\npadding:0px 0px 0px 0px;\n}\n<\/style>\n<div  class='flex_column av-it1426-237d0f94c4a0264d2f367e5045c227d0 av_three_fourth  avia-builder-el-8  avia-builder-el-no-sibling  first flex_column_div av-zero-column-padding  '     ><style type=\"text\/css\" data-created_by=\"avia_inline_auto\" id=\"style-css-av-ku6uxna4-5291bb8c54a9eed14a2f25ff5edd832a\">\n#top .av-special-heading.av-ku6uxna4-5291bb8c54a9eed14a2f25ff5edd832a{\npadding-bottom:10px;\ncolor:#ffffff;\n}\nbody .av-special-heading.av-ku6uxna4-5291bb8c54a9eed14a2f25ff5edd832a .av-special-heading-tag .heading-char{\nfont-size:25px;\n}\n.av-special-heading.av-ku6uxna4-5291bb8c54a9eed14a2f25ff5edd832a .special-heading-inner-border{\nborder-color:#ffffff;\n}\n.av-special-heading.av-ku6uxna4-5291bb8c54a9eed14a2f25ff5edd832a .av-subheading{\nfont-size:15px;\n}\n<\/style>\n<div  class='av-special-heading av-ku6uxna4-5291bb8c54a9eed14a2f25ff5edd832a av-special-heading-h1 custom-color-heading blockquote modern-quote  avia-builder-el-9  avia-builder-el-no-sibling '><h1 class='av-special-heading-tag '  itemprop=\"headline\"  >Ein Fest veranstalten<\/h1><div class=\"special-heading-border\"><div class=\"special-heading-inner-border\"><\/div><\/div><\/div><\/div>\n<\/div><\/div>\n<\/div>\n<div id='av-layout-grid-3'  class='av-layout-grid-container av-h25iv2-89d377e74cbf15a99e6a0b6d0d1e8164 entry-content-wrapper main_color av-flex-cells  avia-builder-el-10  el_after_av_layout_row  avia-builder-el-last  grid-row-not-first  container_wrap fullsize'  >\n\n<style type=\"text\/css\" data-created_by=\"avia_inline_auto\" id=\"style-css-av-fhvmri-ace4bf9abedd0209aa4497de46160428\">\n.flex_cell.av-fhvmri-ace4bf9abedd0209aa4497de46160428{\nvertical-align:top;\n}\n.responsive #top #wrap_all .flex_cell.av-fhvmri-ace4bf9abedd0209aa4497de46160428{\npadding:40px 30px 30px 150px !important;\n}\n<\/style>\n<div class='flex_cell av-fhvmri-ace4bf9abedd0209aa4497de46160428 av-gridrow-cell av_two_fifth no_margin  avia-builder-el-11  el_before_av_cell_three_fifth  avia-builder-el-first  content-align-top'  ><div class='flex_cell_inner'>\n<style type=\"text\/css\" data-created_by=\"avia_inline_auto\" id=\"style-css-av-dsjcb2-ddcfa0592008a9d6187efcf8dae0e0dc\">\n.flex_column.av-dsjcb2-ddcfa0592008a9d6187efcf8dae0e0dc{\nborder-radius:0px 0px 0px 0px;\npadding:0px 0px 0px 0px;\n}\n<\/style>\n<div  class='flex_column av-dsjcb2-ddcfa0592008a9d6187efcf8dae0e0dc av_one_full  avia-builder-el-12  avia-builder-el-no-sibling  first flex_column_div av-zero-column-padding  '     ><\/div>\n<\/div><\/div>\n<style type=\"text\/css\" data-created_by=\"avia_inline_auto\" id=\"style-css-av-adw9em-a987ed621dfcbd76c13767a4421a4367\">\n.flex_cell.av-adw9em-a987ed621dfcbd76c13767a4421a4367{\nvertical-align:top;\n}\n.responsive #top #wrap_all .flex_cell.av-adw9em-a987ed621dfcbd76c13767a4421a4367{\npadding:30px 30px 30px 30px !important;\n}\n<\/style>\n<div class='flex_cell av-adw9em-a987ed621dfcbd76c13767a4421a4367 av-gridrow-cell av_three_fifth no_margin  avia-builder-el-14  el_after_av_cell_two_fifth  avia-builder-el-last  content-align-top'  ><div class='flex_cell_inner'><p>\n<style type=\"text\/css\" data-created_by=\"avia_inline_auto\" id=\"style-css-av-8lpaym-20f37ded8dd23fce760e57b5a7edb4c6\">\n.flex_column.av-8lpaym-20f37ded8dd23fce760e57b5a7edb4c6{\nborder-radius:0px 0px 0px 0px;\npadding:0px 0px 0px 0px;\n}\n<\/style>\n<div  class='flex_column av-8lpaym-20f37ded8dd23fce760e57b5a7edb4c6 av_one_full  avia-builder-el-15  el_before_av_heading  avia-builder-el-first  first flex_column_div av-zero-column-padding  '     ><section  class='av_textblock_section av-ku6vh60k-66b27b014a986352533336d49151a44d '   itemscope=\"itemscope\" itemtype=\"https:\/\/schema.org\/CreativeWork\" ><div class='avia_textblock'  itemprop=\"text\" ><p><a href=\"https:\/\/www.smartevent.info\/de\" target=\"_blank\" rel=\"noopener\">smart event<\/a> ist der kantonale Pr\u00e4ventionspartner f\u00fcr Feste und Veranstaltungen im Kanton Freiburg und bietet Unterst\u00fctzung bei den Vorbereitungen sowie f\u00fcr einen sicheren Verlauf. Das Konzept ist f\u00fcr Organisationskomitees tempor\u00e4rer Veranstaltungen in Freiburg gedacht und dient der Risikominderung im Festbereich.<\/p>\n<p>Unsere kostenlosen Dienstleistungen im \u00dcberblick:<\/p>\n<ul>\n<li>Sensibilisierung und Information von Organisationskomitees zum Thema Jugendschutz, insbesondere im Hinblick auf Alkoholkonsum<\/li>\n<li>Schulungen f\u00fcr Barverantwortliche sowie Bereitstellung von Material zur Sensibilisierung hinsichtlich Alkoholkonsum<\/li>\n<li>Bereitstellung von Pr\u00e4ventionsmaterial f\u00fcr die Umsetzung verschiedener Massnahmen wie Armb\u00e4nder zur Alterskontrolle, Hinweistafeln zu den geltenden Alkoholregelungen, Beschilderungsmaterial usw.<\/li>\n<li>Beratung und Empfehlungen zu allen kantonalen Angeboten f\u00fcr Pr\u00e4vention und Minderung von Risikoverhalten, Pr\u00e4senz vor Ort w\u00e4hrend der Veranstaltung<\/li>\n<li>Begleitung von Organisationskomitees beim freiwilligen Prozess f\u00fcr den Erhalt des Labels<\/li>\n<\/ul>\n<p>Veranstaltungen mit dem smart event-Label stehen f\u00fcr eine bewusste Festkultur und profitieren zudem von verschiedenen Vorteilen: Sichtbarkeit, Material, Partnerverg\u00fcnstigungen, kostenlose Schulungen und Mitwirkung in unseren Arbeitsgruppen.<\/p>\n<p>Weitere Informationen finden sich auf der\u00a0<a href=\"https:\/\/www.smartevent.info\/de\" target=\"_blank\" rel=\"noopener\">Website von smart event<\/a>.<\/p>\n<\/div><\/section><\/div>\n<style type=\"text\/css\" data-created_by=\"avia_inline_auto\" id=\"style-css-av-ku6vfr1s-692a160520de65278960cb5c52a81857\">\n#top .av-special-heading.av-ku6vfr1s-692a160520de65278960cb5c52a81857{\npadding-bottom:10px;\n}\nbody .av-special-heading.av-ku6vfr1s-692a160520de65278960cb5c52a81857 .av-special-heading-tag .heading-char{\nfont-size:25px;\n}\n.av-special-heading.av-ku6vfr1s-692a160520de65278960cb5c52a81857 .av-subheading{\nfont-size:15px;\n}\n<\/style>\n<div  class='av-special-heading av-ku6vfr1s-692a160520de65278960cb5c52a81857 av-special-heading-h3 custom-color-heading blockquote modern-quote  avia-builder-el-17  el_after_av_one_full  el_before_av_tab_container '><div class='av-subheading av-subheading_above'><p>REPER<\/p>\n<\/div><h3 class='av-special-heading-tag '  itemprop=\"headline\"  >Information <span class='special_amp'>&amp;<\/span> Projekte<\/h3><div class=\"special-heading-border\"><div class=\"special-heading-inner-border\"><\/div><\/div><\/div><br \/>\n<div  class='tabcontainer av-7jbcec-89d5616e2894034c2665a805739873c8 sidebar_tab sidebar_tab_left  avia-builder-el-18  el_after_av_heading  avia-builder-el-last  noborder_tabs'>\n<section class='av_tab_section av_tab_section av-5afe5g-51e5a233736129f77a409f18c1f3e904'  itemscope=\"itemscope\" itemtype=\"https:\/\/schema.org\/CreativeWork\" ><div id='tab-id-1-tab' class='tab active_tab' role='tab' aria-selected=\"true\" tabindex=\"0\" data-fake-id='#tab-id-1' aria-controls='tab-id-1-content'  itemprop=\"headline\" >Adresse<\/div><div id='tab-id-1-content' class='tab_content active_tab_content' role='tabpanel' aria-labelledby='tab-id-1-tab' aria-hidden=\"false\"><div class='tab_inner_content invers-color'  itemprop=\"text\" ><p><strong>REPER<br \/>\n<\/strong>Information &amp; Projekte<\/p>\n<p>Jurastrasse 29<br \/>\nCH-1700 Freiburg<\/p>\n<\/div><\/div><\/section>\n<section class='av_tab_section av_tab_section av-4tgbp0-a25a6ae3eed1a01e922383374925de2a'  itemscope=\"itemscope\" itemtype=\"https:\/\/schema.org\/CreativeWork\" ><div id='tab-id-2-tab' class='tab' role='tab' aria-selected=\"false\" tabindex=\"0\" data-fake-id='#tab-id-2' aria-controls='tab-id-2-content'  itemprop=\"headline\" >Kontakt<\/div><div id='tab-id-2-content' class='tab_content' role='tabpanel' aria-labelledby='tab-id-2-tab' aria-hidden=\"true\"><div class='tab_inner_content invers-color'  itemprop=\"text\" ><p><a href=\"https:\/\/www.reper-fr.ch\/de\/ueber-uns\/kontakt\/kontakt\/\" target=\"_blank\" rel=\"noopener\">Hier klicken<\/a><\/p>\n<\/div><\/div><\/section>\n<\/div><\/p>\n<\/div><\/div><\/div>\n","protected":false},"excerpt":{"rendered":"","protected":false},"author":1,"featured_media":0,"parent":5215,"menu_order":0,"comment_status":"closed","ping_status":"closed","template":"","meta":{"_acf_changed":false,"footnotes":""},"class_list":["post-5220","page","type-page","status-publish","hentry"],"acf":[],"_links":{"self":[{"href":"https:\/\/www.reper-fr.ch\/de\/wp-json\/wp\/v2\/pages\/5220","targetHints":{"allow":["GET"]}}],"collection":[{"href":"https:\/\/www.reper-fr.ch\/de\/wp-json\/wp\/v2\/pages"}],"about":[{"href":"https:\/\/www.reper-fr.ch\/de\/wp-json\/wp\/v2\/types\/page"}],"author":[{"embeddable":true,"href":"https:\/\/www.reper-fr.ch\/de\/wp-json\/wp\/v2\/users\/1"}],"replies":[{"embeddable":true,"href":"https:\/\/www.reper-fr.ch\/de\/wp-json\/wp\/v2\/comments?post=5220"}],"version-history":[{"count":5,"href":"https:\/\/www.reper-fr.ch\/de\/wp-json\/wp\/v2\/pages\/5220\/revisions"}],"predecessor-version":[{"id":13096,"href":"https:\/\/www.reper-fr.ch\/de\/wp-json\/wp\/v2\/pages\/5220\/revisions\/13096"}],"up":[{"embeddable":true,"href":"https:\/\/www.reper-fr.ch\/de\/wp-json\/wp\/v2\/pages\/5215"}],"wp:attachment":[{"href":"https:\/\/www.reper-fr.ch\/de\/wp-json\/wp\/v2\/media?parent=5220"}],"curies":[{"name":"wp","href":"https:\/\/api.w.org\/{rel}","templated":true}]}}