{"id":5207,"date":"2021-04-22T16:08:24","date_gmt":"2021-04-22T14:08:24","guid":{"rendered":"https:\/\/www.reper-fr.ch\/fachleute\/sportbereich\/materiel-de-prevention\/"},"modified":"2025-09-30T10:40:49","modified_gmt":"2025-09-30T08:40:49","slug":"praeventionsmaterial","status":"publish","type":"page","link":"https:\/\/www.reper-fr.ch\/de\/fachleute\/sportbereich\/praeventionsmaterial\/","title":{"rendered":"Pr\u00e4ventionsmaterial"},"content":{"rendered":"<div id='av-layout-grid-1'  class='av-layout-grid-container av-rs0rql-80b4e6f5d219068e0564cdfb3e4a4e90 entry-content-wrapper main_color av-flex-cells  avia-builder-el-0  el_before_av_layout_row  avia-builder-el-first  av-small-hide av-mini-hide container_wrap fullsize'  >\n\n<style type=\"text\/css\" data-created_by=\"avia_inline_auto\" id=\"style-css-av-kudu8noz-838f4049698ee1d5651318ce436d9934\">\n.flex_cell.av-kudu8noz-838f4049698ee1d5651318ce436d9934{\nvertical-align:bottom;\nheight:460px;\nmin-height:460px;\nbackground:url(https:\/\/www.reper-fr.ch\/wp-content\/uploads\/2021\/10\/A730937-1030x687.jpeg) 50% 0% no-repeat scroll ;\n}\n.responsive #top #wrap_all .flex_cell.av-kudu8noz-838f4049698ee1d5651318ce436d9934{\npadding:200px 0px 200px 0px !important;\n}\n<\/style>\n<div class='flex_cell av-kudu8noz-838f4049698ee1d5651318ce436d9934 av-gridrow-cell av_two_fifth no_margin  avia-builder-el-1  el_before_av_cell_three_fifth  avia-builder-el-first  content-align-bottom avia-full-stretch'  ><div class='flex_cell_inner'><\/div><\/div>\n<style type=\"text\/css\" data-created_by=\"avia_inline_auto\" id=\"style-css-av-pd09od-ed99fc29af62de6da0fe578db160aa57\">\n.flex_cell.av-pd09od-ed99fc29af62de6da0fe578db160aa57{\nvertical-align:bottom;\nheight:460px;\nmin-height:460px;\nbackground-color:#a40528;\n}\n.responsive #top #wrap_all .flex_cell.av-pd09od-ed99fc29af62de6da0fe578db160aa57{\npadding:50px 0px 20px 40px !important;\n}\n<\/style>\n<div class='flex_cell av-pd09od-ed99fc29af62de6da0fe578db160aa57 av-gridrow-cell av_three_fifth no_margin  avia-builder-el-2  el_after_av_cell_two_fifth  avia-builder-el-last  content-align-bottom avia-full-stretch'  ><div class='flex_cell_inner'>\n<style type=\"text\/css\" data-created_by=\"avia_inline_auto\" id=\"style-css-av-od5jml-24c1a493ac5f004253c12c952d35a473\">\n.flex_column.av-od5jml-24c1a493ac5f004253c12c952d35a473{\nborder-radius:0px 0px 0px 0px;\npadding:0px 0px 0px 0px;\n}\n<\/style>\n<div  class='flex_column av-od5jml-24c1a493ac5f004253c12c952d35a473 av_three_fourth  avia-builder-el-3  avia-builder-el-no-sibling  first flex_column_div av-zero-column-padding  '     ><style type=\"text\/css\" data-created_by=\"avia_inline_auto\" id=\"style-css-av-kudtmn4g-4097f6e348dd85a7ec51ca96f70782ae\">\n#top .av-special-heading.av-kudtmn4g-4097f6e348dd85a7ec51ca96f70782ae{\nmargin:0 0 0 -10px;\npadding-bottom:10px;\ncolor:#ffffff;\n}\nbody .av-special-heading.av-kudtmn4g-4097f6e348dd85a7ec51ca96f70782ae .av-special-heading-tag .heading-char{\nfont-size:25px;\n}\n.av-special-heading.av-kudtmn4g-4097f6e348dd85a7ec51ca96f70782ae .special-heading-inner-border{\nborder-color:#ffffff;\n}\n.av-special-heading.av-kudtmn4g-4097f6e348dd85a7ec51ca96f70782ae .av-subheading{\nfont-size:15px;\n}\n<\/style>\n<div  class='av-special-heading av-kudtmn4g-4097f6e348dd85a7ec51ca96f70782ae av-special-heading-h1 custom-color-heading blockquote modern-quote  avia-builder-el-4  avia-builder-el-no-sibling '><h1 class='av-special-heading-tag '  itemprop=\"headline\"  >Pr\u00e4ventionsmaterial<\/h1><div class=\"special-heading-border\"><div class=\"special-heading-inner-border\"><\/div><\/div><\/div><\/div>\n<\/div><\/div>\n<\/div>\n<div id='av-layout-grid-2'  class='av-layout-grid-container av-mdjb9p-627b0a4d114b0edbdcd47d3c0e54d96a entry-content-wrapper main_color av-flex-cells  avia-builder-el-5  el_after_av_layout_row  el_before_av_layout_row  grid-row-not-first av-desktop-hide av-medium-hide container_wrap fullsize'  >\n\n<style type=\"text\/css\" data-created_by=\"avia_inline_auto\" id=\"style-css-av-kudu8xm2-fe2d89c66880b5439999ae0054b19a20\">\n.flex_cell.av-kudu8xm2-fe2d89c66880b5439999ae0054b19a20{\nvertical-align:bottom;\nheight:180px;\nmin-height:180px;\nbackground:url(https:\/\/www.reper-fr.ch\/wp-content\/uploads\/2021\/10\/A730937-1030x687.jpeg) 50% 0% no-repeat scroll ;\n}\n.responsive #top #wrap_all .flex_cell.av-kudu8xm2-fe2d89c66880b5439999ae0054b19a20{\npadding:200px 0px 200px 0px !important;\n}\n<\/style>\n<div class='flex_cell av-kudu8xm2-fe2d89c66880b5439999ae0054b19a20 av-gridrow-cell av_two_fifth no_margin  avia-builder-el-6  el_before_av_cell_three_fifth  avia-builder-el-first  content-align-bottom avia-full-stretch'  ><div class='flex_cell_inner'><\/div><\/div>\n<style type=\"text\/css\" data-created_by=\"avia_inline_auto\" id=\"style-css-av-22wsu5-5639f2bb645c7b83144c93ee9f14f90f\">\n.flex_cell.av-22wsu5-5639f2bb645c7b83144c93ee9f14f90f{\nvertical-align:bottom;\nheight:180px;\nmin-height:180px;\nbackground-color:#a40528;\n}\n.responsive #top #wrap_all .flex_cell.av-22wsu5-5639f2bb645c7b83144c93ee9f14f90f{\npadding:50px 0px 20px 40px !important;\n}\n<\/style>\n<div class='flex_cell av-22wsu5-5639f2bb645c7b83144c93ee9f14f90f av-gridrow-cell av_three_fifth no_margin  avia-builder-el-7  el_after_av_cell_two_fifth  avia-builder-el-last  content-align-bottom avia-full-stretch'  ><div class='flex_cell_inner'>\n<style type=\"text\/css\" data-created_by=\"avia_inline_auto\" id=\"style-css-av-1wv91p-9b55f22d06212ebb8e2bce2c3bca0be4\">\n.flex_column.av-1wv91p-9b55f22d06212ebb8e2bce2c3bca0be4{\nborder-radius:0px 0px 0px 0px;\npadding:0px 0px 0px 0px;\n}\n<\/style>\n<div  class='flex_column av-1wv91p-9b55f22d06212ebb8e2bce2c3bca0be4 av_three_fourth  avia-builder-el-8  avia-builder-el-no-sibling  first flex_column_div av-zero-column-padding  '     ><style type=\"text\/css\" data-created_by=\"avia_inline_auto\" id=\"style-css-av-kudtmt8v-01b8bca6eb93c25c0f0a2c58d5039905\">\n#top .av-special-heading.av-kudtmt8v-01b8bca6eb93c25c0f0a2c58d5039905{\npadding-bottom:10px;\ncolor:#ffffff;\n}\nbody .av-special-heading.av-kudtmt8v-01b8bca6eb93c25c0f0a2c58d5039905 .av-special-heading-tag .heading-char{\nfont-size:25px;\n}\n.av-special-heading.av-kudtmt8v-01b8bca6eb93c25c0f0a2c58d5039905 .special-heading-inner-border{\nborder-color:#ffffff;\n}\n.av-special-heading.av-kudtmt8v-01b8bca6eb93c25c0f0a2c58d5039905 .av-subheading{\nfont-size:15px;\n}\n<\/style>\n<div  class='av-special-heading av-kudtmt8v-01b8bca6eb93c25c0f0a2c58d5039905 av-special-heading-h1 custom-color-heading blockquote modern-quote  avia-builder-el-9  avia-builder-el-no-sibling '><h1 class='av-special-heading-tag '  itemprop=\"headline\"  >Pr\u00e4ventionsmaterial<\/h1><div class=\"special-heading-border\"><div class=\"special-heading-inner-border\"><\/div><\/div><\/div><\/div>\n<\/div><\/div>\n<\/div>\n<div id='av-layout-grid-3'  class='av-layout-grid-container av-hhp5gt-70011e5fbab7db8eef645e6567ddcf24 entry-content-wrapper main_color av-flex-cells  avia-builder-el-10  el_after_av_layout_row  avia-builder-el-last  grid-row-not-first  container_wrap fullsize'  >\n\n<style type=\"text\/css\" data-created_by=\"avia_inline_auto\" id=\"style-css-av-f35sot-19b16c20142b09cc2d1208c11c33a8ad\">\n.flex_cell.av-f35sot-19b16c20142b09cc2d1208c11c33a8ad{\nvertical-align:top;\n}\n.responsive #top #wrap_all .flex_cell.av-f35sot-19b16c20142b09cc2d1208c11c33a8ad{\npadding:40px 30px 30px 150px !important;\n}\n<\/style>\n<div class='flex_cell av-f35sot-19b16c20142b09cc2d1208c11c33a8ad av-gridrow-cell av_two_fifth no_margin  avia-builder-el-11  el_before_av_cell_three_fifth  avia-builder-el-first  content-align-top'  ><div class='flex_cell_inner'>\n<style type=\"text\/css\" data-created_by=\"avia_inline_auto\" id=\"style-css-av-er8p5p-b20fd45ac75c5d01cd940416d22058d8\">\n.flex_column.av-er8p5p-b20fd45ac75c5d01cd940416d22058d8{\nborder-radius:0px 0px 0px 0px;\npadding:0px 0px 0px 0px;\n}\n<\/style>\n<div  class='flex_column av-er8p5p-b20fd45ac75c5d01cd940416d22058d8 av_one_full  avia-builder-el-12  avia-builder-el-no-sibling  first flex_column_div av-zero-column-padding  '     ><\/div>\n<\/div><\/div>\n<style type=\"text\/css\" data-created_by=\"avia_inline_auto\" id=\"style-css-av-agea59-5a9be06adeedde37acb11e76e767d0df\">\n.flex_cell.av-agea59-5a9be06adeedde37acb11e76e767d0df{\nvertical-align:top;\n}\n.responsive #top #wrap_all .flex_cell.av-agea59-5a9be06adeedde37acb11e76e767d0df{\npadding:30px 30px 30px 30px !important;\n}\n<\/style>\n<div class='flex_cell av-agea59-5a9be06adeedde37acb11e76e767d0df av-gridrow-cell av_three_fifth no_margin  avia-builder-el-14  el_after_av_cell_two_fifth  avia-builder-el-last  content-align-top'  ><div class='flex_cell_inner'><p>\n<style type=\"text\/css\" data-created_by=\"avia_inline_auto\" id=\"style-css-av-98ghp9-a3f3afad7e8ad02d02fd2b6471bd8b0e\">\n.flex_column.av-98ghp9-a3f3afad7e8ad02d02fd2b6471bd8b0e{\nborder-radius:0px 0px 0px 0px;\npadding:0px 0px 0px 0px;\n}\n<\/style>\n<div  class='flex_column av-98ghp9-a3f3afad7e8ad02d02fd2b6471bd8b0e av_one_full  avia-builder-el-15  el_before_av_heading  avia-builder-el-first  first flex_column_div av-zero-column-padding  '     ><section  class='av_textblock_section av-kudu1f02-2f95a0becabe77c3c2cf13bddf0ac81f '   itemscope=\"itemscope\" itemtype=\"https:\/\/schema.org\/CreativeWork\" ><div class='avia_textblock'  itemprop=\"text\" ><p><strong>Cool &amp; Clean<\/strong><\/p>\n<p>Cool &amp; Clean bietet seinen Mitgliedern kostenloses Material f\u00fcr Sportlager, Sportveranstaltungen und Trainings an. Auf spielerische Art und Weise k\u00f6nnen Themen wie Ethik, Werte, Ern\u00e4hrung, Sucht und Gesundheit im Sport behandelt werden.<\/p>\n<p>Finde das gesamte Sortiment im Online-Shop.<\/p>\n<p><strong>WERTvolle Sportanlagen<\/strong><\/p>\n<p>Das Projekt von Swiss Olympic &#8211; welches von REPER unterst\u00fctzt wird &#8211; hat zum Ziel, bei Sportanlagen die ethischen Prinzipien f\u00fcr wertvollen Sport in der Gesellschaft zu verankern. Swiss Olympic bietet eine breite Auswahl an kostenlosem Material, um die Werte des Sports in Sportanlagen sicht- und erlebbar zu machen.<\/p>\n<\/div><\/section><\/div>\n<style type=\"text\/css\" data-created_by=\"avia_inline_auto\" id=\"style-css-av-kudu1o6a-3059bfb351e7df60e17ba62edad0140b\">\n#top .av-special-heading.av-kudu1o6a-3059bfb351e7df60e17ba62edad0140b{\npadding-bottom:10px;\n}\nbody .av-special-heading.av-kudu1o6a-3059bfb351e7df60e17ba62edad0140b .av-special-heading-tag .heading-char{\nfont-size:25px;\n}\n.av-special-heading.av-kudu1o6a-3059bfb351e7df60e17ba62edad0140b .av-subheading{\nfont-size:15px;\n}\n<\/style>\n<div  class='av-special-heading av-kudu1o6a-3059bfb351e7df60e17ba62edad0140b av-special-heading-h3 custom-color-heading blockquote modern-quote  avia-builder-el-17  el_after_av_one_full  el_before_av_tab_container '><div class='av-subheading av-subheading_above'><p>REPER<\/p>\n<\/div><h3 class='av-special-heading-tag '  itemprop=\"headline\"  >Information <span class='special_amp'>&amp;<\/span> Projekte<\/h3><div class=\"special-heading-border\"><div class=\"special-heading-inner-border\"><\/div><\/div><\/div><br \/>\n<div  class='tabcontainer av-7kga5j-489747f5cc1e97aa458d372d65e66bfa sidebar_tab sidebar_tab_left  avia-builder-el-18  el_after_av_heading  avia-builder-el-last  noborder_tabs'>\n<section class='av_tab_section av_tab_section av-5i38p3-f627df4846340f46fdf9262b0f8c397f'  itemscope=\"itemscope\" itemtype=\"https:\/\/schema.org\/CreativeWork\" ><div id='tab-id-1-tab' class='tab active_tab' role='tab' aria-selected=\"true\" tabindex=\"0\" data-fake-id='#tab-id-1' aria-controls='tab-id-1-content'  itemprop=\"headline\" >Adresse<\/div><div id='tab-id-1-content' class='tab_content active_tab_content' role='tabpanel' aria-labelledby='tab-id-1-tab' aria-hidden=\"false\"><div class='tab_inner_content invers-color'  itemprop=\"text\" ><p><strong>REPER<br \/>\n<\/strong>Information &amp; Projekte<\/p>\n<p>Jurastrasse 29<br \/>\nCH-1700 Freiburg<\/p>\n<\/div><\/div><\/section>\n<section class='av_tab_section av_tab_section av-4azvxj-4230958b1c6dbfee639a469183f40028'  itemscope=\"itemscope\" itemtype=\"https:\/\/schema.org\/CreativeWork\" ><div id='tab-id-2-tab' class='tab' role='tab' aria-selected=\"false\" tabindex=\"0\" data-fake-id='#tab-id-2' aria-controls='tab-id-2-content'  itemprop=\"headline\" >Kontakt<\/div><div id='tab-id-2-content' class='tab_content' role='tabpanel' aria-labelledby='tab-id-2-tab' aria-hidden=\"true\"><div class='tab_inner_content invers-color'  itemprop=\"text\" ><p><a href=\"https:\/\/www.reper-fr.ch\/de\/ueber-uns\/kontakt\/kontakt\/\" target=\"_blank\" rel=\"noopener\">Hier klicken<\/a><\/p>\n<\/div><\/div><\/section>\n<\/div><\/p>\n<\/div><\/div><\/div>\n","protected":false},"excerpt":{"rendered":"","protected":false},"author":1,"featured_media":0,"parent":5137,"menu_order":6,"comment_status":"closed","ping_status":"closed","template":"","meta":{"_acf_changed":false,"footnotes":""},"class_list":["post-5207","page","type-page","status-publish","hentry"],"acf":[],"_links":{"self":[{"href":"https:\/\/www.reper-fr.ch\/de\/wp-json\/wp\/v2\/pages\/5207","targetHints":{"allow":["GET"]}}],"collection":[{"href":"https:\/\/www.reper-fr.ch\/de\/wp-json\/wp\/v2\/pages"}],"about":[{"href":"https:\/\/www.reper-fr.ch\/de\/wp-json\/wp\/v2\/types\/page"}],"author":[{"embeddable":true,"href":"https:\/\/www.reper-fr.ch\/de\/wp-json\/wp\/v2\/users\/1"}],"replies":[{"embeddable":true,"href":"https:\/\/www.reper-fr.ch\/de\/wp-json\/wp\/v2\/comments?post=5207"}],"version-history":[{"count":6,"href":"https:\/\/www.reper-fr.ch\/de\/wp-json\/wp\/v2\/pages\/5207\/revisions"}],"predecessor-version":[{"id":13639,"href":"https:\/\/www.reper-fr.ch\/de\/wp-json\/wp\/v2\/pages\/5207\/revisions\/13639"}],"up":[{"embeddable":true,"href":"https:\/\/www.reper-fr.ch\/de\/wp-json\/wp\/v2\/pages\/5137"}],"wp:attachment":[{"href":"https:\/\/www.reper-fr.ch\/de\/wp-json\/wp\/v2\/media?parent=5207"}],"curies":[{"name":"wp","href":"https:\/\/api.w.org\/{rel}","templated":true}]}}