{"id":5178,"date":"2021-04-22T16:08:24","date_gmt":"2021-04-22T14:08:24","guid":{"rendered":"https:\/\/www.reper-fr.ch\/fachleute\/sportbereich\/accompagnement-de-clubs\/"},"modified":"2025-12-05T09:41:04","modified_gmt":"2025-12-05T08:41:04","slug":"begleitung-von-clubs","status":"publish","type":"page","link":"https:\/\/www.reper-fr.ch\/de\/fachleute\/sportbereich\/begleitung-von-clubs\/","title":{"rendered":"Begleitungen von Vereinen"},"content":{"rendered":"<div id='av-layout-grid-1'  class='av-layout-grid-container av-r9p1qj-73389f7ac4016bef5bde6408ffdd524d entry-content-wrapper main_color av-flex-cells  avia-builder-el-0  el_before_av_layout_row  avia-builder-el-first  av-small-hide av-mini-hide container_wrap fullsize'  >\n\n<style type=\"text\/css\" data-created_by=\"avia_inline_auto\" id=\"style-css-av-kudrkma2-b1924fc988422d6b972ae7418ed219c5\">\n.flex_cell.av-kudrkma2-b1924fc988422d6b972ae7418ed219c5{\nvertical-align:bottom;\nheight:460px;\nmin-height:460px;\nbackground:url(https:\/\/www.reper-fr.ch\/wp-content\/uploads\/2021\/10\/REPER-IP-Accompagnement-clubs-image-1030x825.jpeg) 50% 0% no-repeat scroll ;\n}\n.responsive #top #wrap_all .flex_cell.av-kudrkma2-b1924fc988422d6b972ae7418ed219c5{\npadding:200px 0px 200px 0px !important;\n}\n<\/style>\n<div class='flex_cell av-kudrkma2-b1924fc988422d6b972ae7418ed219c5 av-gridrow-cell av_two_fifth no_margin  avia-builder-el-1  el_before_av_cell_three_fifth  avia-builder-el-first  content-align-bottom avia-full-stretch'  ><div class='flex_cell_inner'><\/div><\/div>\n<style type=\"text\/css\" data-created_by=\"avia_inline_auto\" id=\"style-css-av-pfbfi3-d18e72933773b875bf8ed0d868c7f81c\">\n.flex_cell.av-pfbfi3-d18e72933773b875bf8ed0d868c7f81c{\nvertical-align:bottom;\nheight:460px;\nmin-height:460px;\nbackground-color:#a40528;\n}\n.responsive #top #wrap_all .flex_cell.av-pfbfi3-d18e72933773b875bf8ed0d868c7f81c{\npadding:50px 0px 20px 40px !important;\n}\n<\/style>\n<div class='flex_cell av-pfbfi3-d18e72933773b875bf8ed0d868c7f81c av-gridrow-cell av_three_fifth no_margin  avia-builder-el-2  el_after_av_cell_two_fifth  avia-builder-el-last  content-align-bottom avia-full-stretch'  ><div class='flex_cell_inner'>\n<style type=\"text\/css\" data-created_by=\"avia_inline_auto\" id=\"style-css-av-nu4j4r-f4c70b9f786acaf97d9ad2b7b0d88070\">\n.flex_column.av-nu4j4r-f4c70b9f786acaf97d9ad2b7b0d88070{\nborder-radius:0px 0px 0px 0px;\npadding:0px 0px 0px 0px;\n}\n<\/style>\n<div  class='flex_column av-nu4j4r-f4c70b9f786acaf97d9ad2b7b0d88070 av_three_fourth  avia-builder-el-3  avia-builder-el-no-sibling  first flex_column_div av-zero-column-padding  '     ><style type=\"text\/css\" data-created_by=\"avia_inline_auto\" id=\"style-css-av-kudr9jwr-66dc7bf4a09a380d25ea5f39080c8aab\">\n#top .av-special-heading.av-kudr9jwr-66dc7bf4a09a380d25ea5f39080c8aab{\nmargin:0 0 0 -10px;\npadding-bottom:10px;\ncolor:#ffffff;\n}\nbody .av-special-heading.av-kudr9jwr-66dc7bf4a09a380d25ea5f39080c8aab .av-special-heading-tag .heading-char{\nfont-size:25px;\n}\n.av-special-heading.av-kudr9jwr-66dc7bf4a09a380d25ea5f39080c8aab .special-heading-inner-border{\nborder-color:#ffffff;\n}\n.av-special-heading.av-kudr9jwr-66dc7bf4a09a380d25ea5f39080c8aab .av-subheading{\nfont-size:15px;\n}\n<\/style>\n<div  class='av-special-heading av-kudr9jwr-66dc7bf4a09a380d25ea5f39080c8aab av-special-heading-h1 custom-color-heading blockquote modern-quote  avia-builder-el-4  avia-builder-el-no-sibling '><h1 class='av-special-heading-tag '  itemprop=\"headline\"  >Begleitung von Clubs<\/h1><div class=\"special-heading-border\"><div class=\"special-heading-inner-border\"><\/div><\/div><\/div><\/div>\n<\/div><\/div>\n<\/div>\n<div id='av-layout-grid-2'  class='av-layout-grid-container av-mejypn-92496ea995dd0e4958cb6e118c853651 entry-content-wrapper main_color av-flex-cells  avia-builder-el-5  el_after_av_layout_row  el_before_av_layout_row  grid-row-not-first av-desktop-hide av-medium-hide container_wrap fullsize'  >\n\n<style type=\"text\/css\" data-created_by=\"avia_inline_auto\" id=\"style-css-av-kudrkzdt-5295fe03d49be124a75f732445450b52\">\n.flex_cell.av-kudrkzdt-5295fe03d49be124a75f732445450b52{\nvertical-align:bottom;\nheight:180px;\nmin-height:180px;\nbackground:url(https:\/\/www.reper-fr.ch\/wp-content\/uploads\/2021\/10\/REPER-IP-Accompagnement-clubs-image-1030x825.jpeg) 50% 0% no-repeat scroll ;\n}\n.responsive #top #wrap_all .flex_cell.av-kudrkzdt-5295fe03d49be124a75f732445450b52{\npadding:200px 0px 200px 0px !important;\n}\n<\/style>\n<div class='flex_cell av-kudrkzdt-5295fe03d49be124a75f732445450b52 av-gridrow-cell av_two_fifth no_margin  avia-builder-el-6  el_before_av_cell_three_fifth  avia-builder-el-first  content-align-bottom avia-full-stretch'  ><div class='flex_cell_inner'><\/div><\/div>\n<style type=\"text\/css\" data-created_by=\"avia_inline_auto\" id=\"style-css-av-lbwxjv-93fb7bec80c574fe4fb81af58de04c9b\">\n.flex_cell.av-lbwxjv-93fb7bec80c574fe4fb81af58de04c9b{\nvertical-align:bottom;\nheight:180px;\nmin-height:180px;\nbackground-color:#a40528;\n}\n.responsive #top #wrap_all .flex_cell.av-lbwxjv-93fb7bec80c574fe4fb81af58de04c9b{\npadding:50px 0px 20px 40px !important;\n}\n<\/style>\n<div class='flex_cell av-lbwxjv-93fb7bec80c574fe4fb81af58de04c9b av-gridrow-cell av_three_fifth no_margin  avia-builder-el-7  el_after_av_cell_two_fifth  avia-builder-el-last  content-align-bottom avia-full-stretch'  ><div class='flex_cell_inner'>\n<style type=\"text\/css\" data-created_by=\"avia_inline_auto\" id=\"style-css-av-iyddcr-6814218e5b3d83c696065833b1efa857\">\n.flex_column.av-iyddcr-6814218e5b3d83c696065833b1efa857{\nborder-radius:0px 0px 0px 0px;\npadding:0px 0px 0px 0px;\n}\n<\/style>\n<div  class='flex_column av-iyddcr-6814218e5b3d83c696065833b1efa857 av_three_fourth  avia-builder-el-8  avia-builder-el-no-sibling  first flex_column_div av-zero-column-padding  '     ><style type=\"text\/css\" data-created_by=\"avia_inline_auto\" id=\"style-css-av-kudr9sk1-8375c9edca078d8c4610aba5aa03e0df\">\n#top .av-special-heading.av-kudr9sk1-8375c9edca078d8c4610aba5aa03e0df{\npadding-bottom:10px;\ncolor:#ffffff;\n}\nbody .av-special-heading.av-kudr9sk1-8375c9edca078d8c4610aba5aa03e0df .av-special-heading-tag .heading-char{\nfont-size:25px;\n}\n.av-special-heading.av-kudr9sk1-8375c9edca078d8c4610aba5aa03e0df .special-heading-inner-border{\nborder-color:#ffffff;\n}\n.av-special-heading.av-kudr9sk1-8375c9edca078d8c4610aba5aa03e0df .av-subheading{\nfont-size:15px;\n}\n<\/style>\n<div  class='av-special-heading av-kudr9sk1-8375c9edca078d8c4610aba5aa03e0df av-special-heading-h1 custom-color-heading blockquote modern-quote  avia-builder-el-9  avia-builder-el-no-sibling '><h1 class='av-special-heading-tag '  itemprop=\"headline\"  >Begleitung von Clubs<\/h1><div class=\"special-heading-border\"><div class=\"special-heading-inner-border\"><\/div><\/div><\/div><\/div>\n<\/div><\/div>\n<\/div>\n<div id='av-layout-grid-3'  class='av-layout-grid-container av-hdl1ob-2ef7200644e2e95b59170fdb647768af entry-content-wrapper main_color av-flex-cells  avia-builder-el-10  el_after_av_layout_row  avia-builder-el-last  grid-row-not-first  container_wrap fullsize'  >\n\n<style type=\"text\/css\" data-created_by=\"avia_inline_auto\" id=\"style-css-av-g1i2uz-7652c09b73da3efc72607c8652383efc\">\n.flex_cell.av-g1i2uz-7652c09b73da3efc72607c8652383efc{\nvertical-align:top;\n}\n.responsive #top #wrap_all .flex_cell.av-g1i2uz-7652c09b73da3efc72607c8652383efc{\npadding:40px 30px 30px 150px !important;\n}\n<\/style>\n<div class='flex_cell av-g1i2uz-7652c09b73da3efc72607c8652383efc av-gridrow-cell av_two_fifth no_margin  avia-builder-el-11  el_before_av_cell_three_fifth  avia-builder-el-first  content-align-top'  ><div class='flex_cell_inner'>\n<style type=\"text\/css\" data-created_by=\"avia_inline_auto\" id=\"style-css-av-ecfncb-a22b0f954159521bc202d648e623e4e8\">\n.flex_column.av-ecfncb-a22b0f954159521bc202d648e623e4e8{\nborder-radius:0px 0px 0px 0px;\npadding:0px 0px 0px 0px;\n}\n<\/style>\n<div  class='flex_column av-ecfncb-a22b0f954159521bc202d648e623e4e8 av_one_full  avia-builder-el-12  avia-builder-el-no-sibling  first flex_column_div av-zero-column-padding  '     ><\/div>\n<\/div><\/div>\n<style type=\"text\/css\" data-created_by=\"avia_inline_auto\" id=\"style-css-av-bcebwr-8a7fb63ea8eb89d85cd2bd99f3249c92\">\n.flex_cell.av-bcebwr-8a7fb63ea8eb89d85cd2bd99f3249c92{\nvertical-align:top;\n}\n.responsive #top #wrap_all .flex_cell.av-bcebwr-8a7fb63ea8eb89d85cd2bd99f3249c92{\npadding:30px 30px 30px 30px !important;\n}\n<\/style>\n<div class='flex_cell av-bcebwr-8a7fb63ea8eb89d85cd2bd99f3249c92 av-gridrow-cell av_three_fifth no_margin  avia-builder-el-14  el_after_av_cell_two_fifth  avia-builder-el-last  content-align-top'  ><div class='flex_cell_inner'><p>\n<style type=\"text\/css\" data-created_by=\"avia_inline_auto\" id=\"style-css-av-8g3tvf-15ef692d27cc0ac94d05edea146d9d4c\">\n.flex_column.av-8g3tvf-15ef692d27cc0ac94d05edea146d9d4c{\nborder-radius:0px 0px 0px 0px;\npadding:0px 0px 0px 0px;\n}\n<\/style>\n<div  class='flex_column av-8g3tvf-15ef692d27cc0ac94d05edea146d9d4c av_one_full  avia-builder-el-15  el_before_av_heading  avia-builder-el-first  first flex_column_div av-zero-column-padding  '     ><section  class='av_textblock_section av-kudrdy0f-bcdd5cba3dc5789d63a0bcca79f66fef '   itemscope=\"itemscope\" itemtype=\"https:\/\/schema.org\/CreativeWork\" ><div class='avia_textblock'  itemprop=\"text\" ><p><strong>Vereinsbegleitungen<\/strong><\/p>\n<p>Cool &amp; Clean bietet Vereinen die Reflexion und Umsetzung von Massnahmen f\u00fcr ein gesundheitsf\u00f6rderndes Vereinsumfeld an. Die 8 Standards dieser Arbeit findest du auf der Webseite von Cool and Clean. Nach der Umsetzung von mindestens drei dieser Standards wird der Verein mit einem Gutschein von Ochsner Sport im Wert von CHF 100.- belohnt.<\/p>\n<p><strong>Dein Verein m\u00f6chte noch etwas mehr erreichen ?<\/strong><\/p>\n<p>Mit der Unterst\u00fctzung des Amts f\u00fcr Sport und der LoRo-Sport Kommission Freiburg begleitet euch REPER bei der Umsetzung von strukturellen Massnahmen. Was sind die Werte des Vereins? Was hat der Verein f\u00fcr eine Mission? Welche Vision hat er f\u00fcr die n\u00e4chsten Jahre? M\u00f6chtet ihr zum Beispiel ein Leitbild f\u00fcr den Verein erstellen oder ein bestehendes aktualisieren? Oder einen auf euren Verein zugeschnittenen Interventionsprozess erarbeiten? Gemeinsam arbeiten wir w\u00e4hrend drei Workshops an diesen Themen (auch andere Themen sind m\u00f6glich). Durch die Teilnahme an der Workshops erh\u00e4lt der Verein von der LoRo-Sport-Kommission einen Gutschein im Wert von CHF 2000. Dieser Gutschein kann in einem lokalen Sportgesch\u00e4ft f\u00fcr den Einkauf von Material f\u00fcr Verein eingel\u00f6st werden.<\/p>\n<p>M\u00f6chtest du mehr wissen ?<\/p>\n<p><a href=\"https:\/\/coolandclean.ch\/de\/inhalt\/Vereine\">Vereinsberatungen Cool &amp; Clean<\/a><\/p>\n<p><a href=\"https:\/\/www.youtube.com\/watch?v=crQurHPLsc4&amp;t=3s\">Video Vereinsberatung<\/a><\/p>\n<p><a href=\"https:\/\/www.fr.ch\/de\/sjsd\/spa\/news\/begleitung-fuer-vereine-mit-reper\">Vereinsbegleitung REPER<\/a><\/p>\n<\/div><\/section><\/div>\n<style type=\"text\/css\" data-created_by=\"avia_inline_auto\" id=\"style-css-av-kudra6sq-6490f7ff6f39c271223f82f3fd851f0c\">\n#top .av-special-heading.av-kudra6sq-6490f7ff6f39c271223f82f3fd851f0c{\npadding-bottom:10px;\n}\nbody .av-special-heading.av-kudra6sq-6490f7ff6f39c271223f82f3fd851f0c .av-special-heading-tag .heading-char{\nfont-size:25px;\n}\n.av-special-heading.av-kudra6sq-6490f7ff6f39c271223f82f3fd851f0c .av-subheading{\nfont-size:15px;\n}\n<\/style>\n<div  class='av-special-heading av-kudra6sq-6490f7ff6f39c271223f82f3fd851f0c av-special-heading-h3 custom-color-heading blockquote modern-quote  avia-builder-el-17  el_after_av_one_full  el_before_av_tab_container '><div class='av-subheading av-subheading_above'><p>REPER<\/p>\n<\/div><h3 class='av-special-heading-tag '  itemprop=\"headline\"  >Information <span class='special_amp'>&amp;<\/span> Projekte<\/h3><div class=\"special-heading-border\"><div class=\"special-heading-inner-border\"><\/div><\/div><\/div><br \/>\n<div  class='tabcontainer av-l167su3n-23f3fd7d947375a3ac6eac2d17b51597 sidebar_tab sidebar_tab_left  avia-builder-el-18  el_after_av_heading  avia-builder-el-last  noborder_tabs'>\n<section class='av_tab_section av_tab_section av-6af1my-947a6e6d31d1ab68961a6c0ab4e750ea'  itemscope=\"itemscope\" itemtype=\"https:\/\/schema.org\/CreativeWork\" ><div id='tab-id-1-tab' class='tab active_tab' role='tab' aria-selected=\"true\" tabindex=\"0\" data-fake-id='#tab-id-1' aria-controls='tab-id-1-content'  itemprop=\"headline\" >Adresse<\/div><div id='tab-id-1-content' class='tab_content active_tab_content' role='tabpanel' aria-labelledby='tab-id-1-tab' aria-hidden=\"false\"><div class='tab_inner_content invers-color'  itemprop=\"text\" ><p><strong>REPER<br \/>\n<\/strong>Information &amp; Projekte<\/p>\n<p>Jurastrasse 29<br \/>\nCH-1700 Freiburg<\/p>\n<\/div><\/div><\/section>\n<section class='av_tab_section av_tab_section av-4xl2lm-35b7d1b1b167b84b749b28187aee0d36'  itemscope=\"itemscope\" itemtype=\"https:\/\/schema.org\/CreativeWork\" ><div id='tab-id-2-tab' class='tab' role='tab' aria-selected=\"false\" tabindex=\"0\" data-fake-id='#tab-id-2' aria-controls='tab-id-2-content'  itemprop=\"headline\" >Kontakt<\/div><div id='tab-id-2-content' class='tab_content' role='tabpanel' aria-labelledby='tab-id-2-tab' aria-hidden=\"true\"><div class='tab_inner_content invers-color'  itemprop=\"text\" ><p><a href=\"https:\/\/www.reper-fr.ch\/de\/ueber-uns\/kontakt\/kontakt\/\" target=\"_blank\" rel=\"noopener\">Hier klicken<\/a><\/p>\n<\/div><\/div><\/section>\n<\/div><\/p>\n<\/div><\/div><\/div>\n","protected":false},"excerpt":{"rendered":"","protected":false},"author":1,"featured_media":0,"parent":5137,"menu_order":4,"comment_status":"closed","ping_status":"closed","template":"","meta":{"_acf_changed":false,"footnotes":""},"class_list":["post-5178","page","type-page","status-publish","hentry"],"acf":[],"_links":{"self":[{"href":"https:\/\/www.reper-fr.ch\/de\/wp-json\/wp\/v2\/pages\/5178","targetHints":{"allow":["GET"]}}],"collection":[{"href":"https:\/\/www.reper-fr.ch\/de\/wp-json\/wp\/v2\/pages"}],"about":[{"href":"https:\/\/www.reper-fr.ch\/de\/wp-json\/wp\/v2\/types\/page"}],"author":[{"embeddable":true,"href":"https:\/\/www.reper-fr.ch\/de\/wp-json\/wp\/v2\/users\/1"}],"replies":[{"embeddable":true,"href":"https:\/\/www.reper-fr.ch\/de\/wp-json\/wp\/v2\/comments?post=5178"}],"version-history":[{"count":9,"href":"https:\/\/www.reper-fr.ch\/de\/wp-json\/wp\/v2\/pages\/5178\/revisions"}],"predecessor-version":[{"id":13899,"href":"https:\/\/www.reper-fr.ch\/de\/wp-json\/wp\/v2\/pages\/5178\/revisions\/13899"}],"up":[{"embeddable":true,"href":"https:\/\/www.reper-fr.ch\/de\/wp-json\/wp\/v2\/pages\/5137"}],"wp:attachment":[{"href":"https:\/\/www.reper-fr.ch\/de\/wp-json\/wp\/v2\/media?parent=5178"}],"curies":[{"name":"wp","href":"https:\/\/api.w.org\/{rel}","templated":true}]}}