{"id":5115,"date":"2021-03-18T10:51:43","date_gmt":"2021-03-18T09:51:43","guid":{"rendered":"https:\/\/www.reper-fr.ch\/fachleute\/unternehmen\/preformation-professionnelle\/"},"modified":"2024-08-12T09:17:25","modified_gmt":"2024-08-12T07:17:25","slug":"berufliche-vorbildung","status":"publish","type":"page","link":"https:\/\/www.reper-fr.ch\/de\/fachleute\/unternehmen\/berufliche-vorbildung\/","title":{"rendered":"Prefo | Berufliche Vorbildung"},"content":{"rendered":"<div id='av-layout-grid-1'  class='av-layout-grid-container av-k2vwua-b6587fb52e0242807a904525d87677d4 entry-content-wrapper main_color av-flex-cells  avia-builder-el-0  el_before_av_layout_row  avia-builder-el-first  av-small-hide av-mini-hide container_wrap fullsize'  >\n\n<style type=\"text\/css\" data-created_by=\"avia_inline_auto\" id=\"style-css-av-ktvmpjl4-2f598ccce69ca8c6135ba0621db7daa9\">\n.flex_cell.av-ktvmpjl4-2f598ccce69ca8c6135ba0621db7daa9{\nvertical-align:bottom;\nheight:460px;\nmin-height:460px;\nbackground:url(https:\/\/www.reper-fr.ch\/wp-content\/uploads\/2021\/09\/REPER-PREFO-image-1030x768.jpg) 50% 0% no-repeat scroll ;\n}\n.responsive #top #wrap_all .flex_cell.av-ktvmpjl4-2f598ccce69ca8c6135ba0621db7daa9{\npadding:200px 0px 200px 0px !important;\n}\n<\/style>\n<div class='flex_cell av-ktvmpjl4-2f598ccce69ca8c6135ba0621db7daa9 av-gridrow-cell av_two_fifth no_margin  avia-builder-el-1  el_before_av_cell_three_fifth  avia-builder-el-first  content-align-bottom avia-full-stretch'  ><div class='flex_cell_inner'><\/div><\/div>\n<style type=\"text\/css\" data-created_by=\"avia_inline_auto\" id=\"style-css-av-jhxvs2-0ed4c988ecbd9cfcc9fc651deae6b311\">\n.flex_cell.av-jhxvs2-0ed4c988ecbd9cfcc9fc651deae6b311{\nvertical-align:bottom;\nheight:460px;\nmin-height:460px;\nbackground-color:#a40528;\n}\n.responsive #top #wrap_all .flex_cell.av-jhxvs2-0ed4c988ecbd9cfcc9fc651deae6b311{\npadding:50px 0px 20px 40px !important;\n}\n<\/style>\n<div class='flex_cell av-jhxvs2-0ed4c988ecbd9cfcc9fc651deae6b311 av-gridrow-cell av_three_fifth no_margin  avia-builder-el-2  el_after_av_cell_two_fifth  avia-builder-el-last  content-align-bottom avia-full-stretch'  ><div class='flex_cell_inner'>\n<style type=\"text\/css\" data-created_by=\"avia_inline_auto\" id=\"style-css-av-hnqp0y-b74786705496da0d7f720a22a6a65027\">\n.flex_column.av-hnqp0y-b74786705496da0d7f720a22a6a65027{\nborder-radius:0px 0px 0px 0px;\npadding:0px 0px 0px 0px;\n}\n<\/style>\n<div  class='flex_column av-hnqp0y-b74786705496da0d7f720a22a6a65027 av_three_fourth  avia-builder-el-3  avia-builder-el-no-sibling  first flex_column_div av-zero-column-padding  '     ><style type=\"text\/css\" data-created_by=\"avia_inline_auto\" id=\"style-css-av-ktvmlvg7-72286258c3b36c1c26d8801bb7365f63\">\n#top .av-special-heading.av-ktvmlvg7-72286258c3b36c1c26d8801bb7365f63{\nmargin:0 0 0 -10px;\npadding-bottom:10px;\ncolor:#ffffff;\n}\nbody .av-special-heading.av-ktvmlvg7-72286258c3b36c1c26d8801bb7365f63 .av-special-heading-tag .heading-char{\nfont-size:25px;\n}\n.av-special-heading.av-ktvmlvg7-72286258c3b36c1c26d8801bb7365f63 .special-heading-inner-border{\nborder-color:#ffffff;\n}\n.av-special-heading.av-ktvmlvg7-72286258c3b36c1c26d8801bb7365f63 .av-subheading{\nfont-size:15px;\n}\n<\/style>\n<div  class='av-special-heading av-ktvmlvg7-72286258c3b36c1c26d8801bb7365f63 av-special-heading-h1 custom-color-heading blockquote modern-quote  avia-builder-el-4  avia-builder-el-no-sibling '><h1 class='av-special-heading-tag '  itemprop=\"headline\"  >Prefo | Berufliche Vorbildung<\/h1><div class=\"special-heading-border\"><div class=\"special-heading-inner-border\"><\/div><\/div><\/div><\/div>\n<\/div><\/div>\n<\/div>\n<div id='av-layout-grid-2'  class='av-layout-grid-container av-fvmybm-563ca8d237c4766529ebacd60bf17d96 entry-content-wrapper main_color av-flex-cells  avia-builder-el-5  el_after_av_layout_row  el_before_av_layout_row  grid-row-not-first av-desktop-hide av-medium-hide container_wrap fullsize'  >\n\n<style type=\"text\/css\" data-created_by=\"avia_inline_auto\" id=\"style-css-av-ktvmpv2v-b1123dda6afcc9bc23203b4e14dbe373\">\n.flex_cell.av-ktvmpv2v-b1123dda6afcc9bc23203b4e14dbe373{\nvertical-align:bottom;\nheight:180px;\nmin-height:180px;\nbackground:url(https:\/\/www.reper-fr.ch\/wp-content\/uploads\/2021\/09\/REPER-PREFO-image-1030x768.jpg) 50% 0% no-repeat scroll ;\n}\n.responsive #top #wrap_all .flex_cell.av-ktvmpv2v-b1123dda6afcc9bc23203b4e14dbe373{\npadding:200px 0px 200px 0px !important;\n}\n<\/style>\n<div class='flex_cell av-ktvmpv2v-b1123dda6afcc9bc23203b4e14dbe373 av-gridrow-cell av_two_fifth no_margin  avia-builder-el-6  el_before_av_cell_three_fifth  avia-builder-el-first  content-align-bottom avia-full-stretch'  ><div class='flex_cell_inner'><\/div><\/div>\n<style type=\"text\/css\" data-created_by=\"avia_inline_auto\" id=\"style-css-av-dsxwrm-6c9b94e24d49ccc00d4e408dbd7561db\">\n.flex_cell.av-dsxwrm-6c9b94e24d49ccc00d4e408dbd7561db{\nvertical-align:bottom;\nheight:180px;\nmin-height:180px;\nbackground-color:#a40528;\n}\n.responsive #top #wrap_all .flex_cell.av-dsxwrm-6c9b94e24d49ccc00d4e408dbd7561db{\npadding:50px 0px 20px 40px !important;\n}\n<\/style>\n<div class='flex_cell av-dsxwrm-6c9b94e24d49ccc00d4e408dbd7561db av-gridrow-cell av_three_fifth no_margin  avia-builder-el-7  el_after_av_cell_two_fifth  avia-builder-el-last  content-align-bottom avia-full-stretch'  ><div class='flex_cell_inner'>\n<style type=\"text\/css\" data-created_by=\"avia_inline_auto\" id=\"style-css-av-cxr0du-1d6111d96a4d4a5584e8dee3f326f95e\">\n.flex_column.av-cxr0du-1d6111d96a4d4a5584e8dee3f326f95e{\nborder-radius:0px 0px 0px 0px;\npadding:0px 0px 0px 0px;\n}\n<\/style>\n<div  class='flex_column av-cxr0du-1d6111d96a4d4a5584e8dee3f326f95e av_three_fourth  avia-builder-el-8  avia-builder-el-no-sibling  first flex_column_div av-zero-column-padding  '     ><style type=\"text\/css\" data-created_by=\"avia_inline_auto\" id=\"style-css-av-ktvmm2af-d953dcafddaa07aefc3dd8fba07c20dd\">\n#top .av-special-heading.av-ktvmm2af-d953dcafddaa07aefc3dd8fba07c20dd{\npadding-bottom:10px;\ncolor:#ffffff;\n}\nbody .av-special-heading.av-ktvmm2af-d953dcafddaa07aefc3dd8fba07c20dd .av-special-heading-tag .heading-char{\nfont-size:25px;\n}\n.av-special-heading.av-ktvmm2af-d953dcafddaa07aefc3dd8fba07c20dd .special-heading-inner-border{\nborder-color:#ffffff;\n}\n.av-special-heading.av-ktvmm2af-d953dcafddaa07aefc3dd8fba07c20dd .av-subheading{\nfont-size:15px;\n}\n<\/style>\n<div  class='av-special-heading av-ktvmm2af-d953dcafddaa07aefc3dd8fba07c20dd av-special-heading-h1 custom-color-heading blockquote modern-quote  avia-builder-el-9  avia-builder-el-no-sibling '><h1 class='av-special-heading-tag '  itemprop=\"headline\"  >Prefo | Berufliche Vorbildung<\/h1><div class=\"special-heading-border\"><div class=\"special-heading-inner-border\"><\/div><\/div><\/div><\/div>\n<\/div><\/div>\n<\/div>\n<div id='av-layout-grid-3'  class='av-layout-grid-container av-av695e-4f02ce32cacc1b63f9fe83c02a05b189 entry-content-wrapper main_color av-flex-cells  avia-builder-el-10  el_after_av_layout_row  avia-builder-el-last  grid-row-not-first  container_wrap fullsize'  >\n\n<style type=\"text\/css\" data-created_by=\"avia_inline_auto\" id=\"style-css-av-9vagiq-fcb97e81886c9de9b94e77cfcbc2278e\">\n.flex_cell.av-9vagiq-fcb97e81886c9de9b94e77cfcbc2278e{\nvertical-align:top;\n}\n.responsive #top #wrap_all .flex_cell.av-9vagiq-fcb97e81886c9de9b94e77cfcbc2278e{\npadding:40px 30px 30px 150px !important;\n}\n<\/style>\n<div class='flex_cell av-9vagiq-fcb97e81886c9de9b94e77cfcbc2278e av-gridrow-cell av_two_fifth no_margin  avia-builder-el-11  el_before_av_cell_three_fifth  avia-builder-el-first  content-align-top'  ><div class='flex_cell_inner'>\n<style type=\"text\/css\" data-created_by=\"avia_inline_auto\" id=\"style-css-av-797yxu-eb17d97434a39233e24933fd6fe7c0db\">\n.flex_column.av-797yxu-eb17d97434a39233e24933fd6fe7c0db{\nborder-radius:0px 0px 0px 0px;\npadding:0px 0px 0px 0px;\n}\n<\/style>\n<div  class='flex_column av-797yxu-eb17d97434a39233e24933fd6fe7c0db av_one_full  avia-builder-el-12  avia-builder-el-no-sibling  first flex_column_div av-zero-column-padding  '     ><\/div>\n<\/div><\/div>\n<style type=\"text\/css\" data-created_by=\"avia_inline_auto\" id=\"style-css-av-40cslu-e3eb3ab9d882cf0f47372d7d10dd34d5\">\n.flex_cell.av-40cslu-e3eb3ab9d882cf0f47372d7d10dd34d5{\nvertical-align:top;\n}\n.responsive #top #wrap_all .flex_cell.av-40cslu-e3eb3ab9d882cf0f47372d7d10dd34d5{\npadding:30px 30px 30px 30px !important;\n}\n<\/style>\n<div class='flex_cell av-40cslu-e3eb3ab9d882cf0f47372d7d10dd34d5 av-gridrow-cell av_three_fifth no_margin  avia-builder-el-14  el_after_av_cell_two_fifth  avia-builder-el-last  content-align-top'  ><div class='flex_cell_inner'><p>\n<style type=\"text\/css\" data-created_by=\"avia_inline_auto\" id=\"style-css-av-25jj3m-92d9fd0c6b78c54be9cc3b0fc0a32efc\">\n.flex_column.av-25jj3m-92d9fd0c6b78c54be9cc3b0fc0a32efc{\nborder-radius:0px 0px 0px 0px;\npadding:0px 0px 0px 0px;\n}\n<\/style>\n<div  class='flex_column av-25jj3m-92d9fd0c6b78c54be9cc3b0fc0a32efc av_one_full  avia-builder-el-15  el_before_av_heading  avia-builder-el-first  first flex_column_div av-zero-column-padding  '     ><section  class='av_textblock_section av-ktvmldxz-854af407bc1d70962e9b145cf6fc51a1 '   itemscope=\"itemscope\" itemtype=\"https:\/\/schema.org\/CreativeWork\" ><div class='avia_textblock'  itemprop=\"text\" ><p>Die REPER-Abteilung Prefo unterst\u00fctzt Jugendliche und junge Erwachsene mit einer individuellen Begleitung bei der Verwirklichung ihres Berufsbildungsprojekts. Das Angebot richtet sich an Jugendliche zwischen 15 und 25 Jahren, die im Kanton Freiburg wohnhaft sind. Das <a href=\"https:\/\/www.seco.admin.ch\/seco\/de\/home.html\" target=\"_blank\" rel=\"noopener\">Programm ist vom\u00a0Staatssekretariat f\u00fcr Wirtschaft<\/a>\u00a0(SECO) und vom <a href=\"https:\/\/www.fr.ch\/de\/vwbd\/ama\" target=\"_blank\" rel=\"noopener\">Amt f\u00fcr den Arbeitsmarkt\u00a0des Kantons Freiburg<\/a> (AMA) anerkannt und wird von diesen Institutionen finanziert.<\/p>\n<p><span style=\"font-weight: 400;\">Die Jugendlichen k\u00f6nnen sich via die\u00a0<a href=\"https:\/\/www.fr.ch\/de\/vwd\/pfj\" target=\"_blank\" rel=\"noopener\">Plattform Jugendliche<\/a> (PFJ) bei der Prefo anmelden. Bei der Prefo besuchen sie ein w\u00f6chentliches Programm, das Folgendes beinhaltet:\u00a0<\/span><\/p>\n<ul>\n<li>Unterst\u00fctzung bei der Suche nach einem Ausbildungsprojekt<\/li>\n<li>Unterricht in Deutsch und Mathematik<\/li>\n<li>Gezielte individuelle Begleitung unter Ber\u00fccksichtigung der Interessen und Gegebenheiten<\/li>\n<\/ul>\n<p><span style=\"font-weight: 400;\">Es wird grossen Wert darauf gelegt, jeweils alle Eigenschaften (St\u00e4rken und Hindernisse) der einzelnen Jugendlichen einzubeziehen, um ihre Selbstst\u00e4ndigkeit und ihre Selbstkenntnis zu f\u00f6rdern.<\/span><\/p>\n<p><span style=\"font-weight: 400;\">Anhand konkreter Situationen und in Praktika lernen die Teilnehmenden, ihre Interessen und Kompetenzen im Hinblick auf einen bestimmten Beruf sowie im Allgemeinen zu beurteilen und ihre M\u00f6glichkeiten in der Berufswelt einzusch\u00e4tzen.<\/span><\/p>\n<p>Die Prefo bedankt sich bei den lokalen Unternehmen f\u00fcr ihr Engagement f\u00fcr die Jugendlichen.<\/p>\n<\/div><\/section><\/div>\n<style type=\"text\/css\" data-created_by=\"avia_inline_auto\" id=\"style-css-av-ktvmq3ly-9d8dffc5775474948e6ee6fca59b246c\">\n#top .av-special-heading.av-ktvmq3ly-9d8dffc5775474948e6ee6fca59b246c{\npadding-bottom:10px;\n}\nbody .av-special-heading.av-ktvmq3ly-9d8dffc5775474948e6ee6fca59b246c .av-special-heading-tag .heading-char{\nfont-size:25px;\n}\n.av-special-heading.av-ktvmq3ly-9d8dffc5775474948e6ee6fca59b246c .av-subheading{\nfont-size:15px;\n}\n<\/style>\n<div  class='av-special-heading av-ktvmq3ly-9d8dffc5775474948e6ee6fca59b246c av-special-heading-h3 custom-color-heading blockquote modern-quote  avia-builder-el-17  el_after_av_one_full  el_before_av_tab_container '><div class='av-subheading av-subheading_above'><p>REPER<\/p>\n<\/div><h3 class='av-special-heading-tag '  itemprop=\"headline\"  >PREFO<\/h3><div class=\"special-heading-border\"><div class=\"special-heading-inner-border\"><\/div><\/div><\/div><br \/>\n<div  class='tabcontainer av-79m6vf-0c830f9b6f4c6f1e6863738dccd7a57f sidebar_tab sidebar_tab_left  avia-builder-el-18  el_after_av_heading  avia-builder-el-last  noborder_tabs'>\n<section class='av_tab_section av_tab_section av-kl2bv-eb3de2840a029033450159244813bb0b'  itemscope=\"itemscope\" itemtype=\"https:\/\/schema.org\/CreativeWork\" ><div id='tab-id-1-tab' class='tab active_tab' role='tab' aria-selected=\"true\" tabindex=\"0\" data-fake-id='#tab-id-1' aria-controls='tab-id-1-content'  itemprop=\"headline\" >Adresse<\/div><div id='tab-id-1-content' class='tab_content active_tab_content' role='tabpanel' aria-labelledby='tab-id-1-tab' aria-hidden=\"false\"><div class='tab_inner_content invers-color'  itemprop=\"text\" ><p><strong>REPER<br \/>\n<\/strong>Pr\u00e9fo<\/p>\n<p>Route de l&#8217;Ancienne Papeterie 108<br \/>\nCH-1723 Marly<\/p>\n<\/div><\/div><\/section>\n<section class='av_tab_section av_tab_section av-4cw1kb-b38f76b594222186341ef0d02d6ad766'  itemscope=\"itemscope\" itemtype=\"https:\/\/schema.org\/CreativeWork\" ><div id='tab-id-2-tab' class='tab' role='tab' aria-selected=\"false\" tabindex=\"0\" data-fake-id='#tab-id-2' aria-controls='tab-id-2-content'  itemprop=\"headline\" >Kontakt<\/div><div id='tab-id-2-content' class='tab_content' role='tabpanel' aria-labelledby='tab-id-2-tab' aria-hidden=\"true\"><div class='tab_inner_content invers-color'  itemprop=\"text\" ><p><a href=\"https:\/\/www.reper-fr.ch\/de\/ueber-uns\/kontakt\/kontakt\/\" target=\"_blank\" rel=\"noopener\">Hier klicken<\/a><\/p>\n<\/div><\/div><\/section>\n<\/div><\/p>\n<\/div><\/div><\/div>\n","protected":false},"excerpt":{"rendered":"","protected":false},"author":1,"featured_media":0,"parent":5102,"menu_order":0,"comment_status":"closed","ping_status":"closed","template":"","meta":{"_acf_changed":false,"footnotes":""},"class_list":["post-5115","page","type-page","status-publish","hentry"],"acf":[],"_links":{"self":[{"href":"https:\/\/www.reper-fr.ch\/de\/wp-json\/wp\/v2\/pages\/5115","targetHints":{"allow":["GET"]}}],"collection":[{"href":"https:\/\/www.reper-fr.ch\/de\/wp-json\/wp\/v2\/pages"}],"about":[{"href":"https:\/\/www.reper-fr.ch\/de\/wp-json\/wp\/v2\/types\/page"}],"author":[{"embeddable":true,"href":"https:\/\/www.reper-fr.ch\/de\/wp-json\/wp\/v2\/users\/1"}],"replies":[{"embeddable":true,"href":"https:\/\/www.reper-fr.ch\/de\/wp-json\/wp\/v2\/comments?post=5115"}],"version-history":[{"count":5,"href":"https:\/\/www.reper-fr.ch\/de\/wp-json\/wp\/v2\/pages\/5115\/revisions"}],"predecessor-version":[{"id":11984,"href":"https:\/\/www.reper-fr.ch\/de\/wp-json\/wp\/v2\/pages\/5115\/revisions\/11984"}],"up":[{"embeddable":true,"href":"https:\/\/www.reper-fr.ch\/de\/wp-json\/wp\/v2\/pages\/5102"}],"wp:attachment":[{"href":"https:\/\/www.reper-fr.ch\/de\/wp-json\/wp\/v2\/media?parent=5115"}],"curies":[{"name":"wp","href":"https:\/\/api.w.org\/{rel}","templated":true}]}}