{"id":5096,"date":"2021-10-01T17:06:59","date_gmt":"2021-10-01T15:06:59","guid":{"rendered":"https:\/\/www.reper-fr.ch\/privatpersonen\/bevoelkerung\/banque-alimentaire-fribourgeoise\/"},"modified":"2025-01-24T17:04:32","modified_gmt":"2025-01-24T16:04:32","slug":"freiburger-lebensmittelbank","status":"publish","type":"page","link":"https:\/\/www.reper-fr.ch\/de\/privatpersonen\/bevoelkerung\/engagement-in-vereinen\/freiburger-lebensmittelbank\/","title":{"rendered":"Freiburger Lebensmittelbank"},"content":{"rendered":"<div id='av-layout-grid-1'  class='av-layout-grid-container av-g4w8yw-82569b3d18d801b1c6daadd213f40982 entry-content-wrapper main_color av-flex-cells  avia-builder-el-0  el_before_av_layout_row  avia-builder-el-first  av-small-hide av-mini-hide container_wrap fullsize'  >\n\n<style type=\"text\/css\" data-created_by=\"avia_inline_auto\" id=\"style-css-av-ksin4rci-b3a7e0e79014132e4289fdf0683d33f5\">\n.flex_cell.av-ksin4rci-b3a7e0e79014132e4289fdf0683d33f5{\nvertical-align:bottom;\nheight:460px;\nmin-height:460px;\nbackground:url(https:\/\/www.reper-fr.ch\/wp-content\/uploads\/2022\/02\/maria-lin-kim-8RaUEd8zD-U-unsplash-1030x773.jpg) 50% 0% no-repeat scroll ;\n}\n.responsive #top #wrap_all .flex_cell.av-ksin4rci-b3a7e0e79014132e4289fdf0683d33f5{\npadding:200px 0px 200px 0px !important;\n}\n<\/style>\n<div class='flex_cell av-ksin4rci-b3a7e0e79014132e4289fdf0683d33f5 av-gridrow-cell av_two_fifth no_margin  avia-builder-el-1  el_before_av_cell_three_fifth  avia-builder-el-first  content-align-bottom avia-full-stretch'  ><div class='flex_cell_inner'><\/div><\/div>\n<style type=\"text\/css\" data-created_by=\"avia_inline_auto\" id=\"style-css-av-duz04o-d275d4a923f777e1c1a93e1522cfefa7\">\n.flex_cell.av-duz04o-d275d4a923f777e1c1a93e1522cfefa7{\nvertical-align:bottom;\nheight:460px;\nmin-height:460px;\nbackground-color:#a40528;\n}\n.responsive #top #wrap_all .flex_cell.av-duz04o-d275d4a923f777e1c1a93e1522cfefa7{\npadding:50px 0px 20px 40px !important;\n}\n<\/style>\n<div class='flex_cell av-duz04o-d275d4a923f777e1c1a93e1522cfefa7 av-gridrow-cell av_three_fifth no_margin  avia-builder-el-2  el_after_av_cell_two_fifth  avia-builder-el-last  content-align-bottom avia-full-stretch'  ><div class='flex_cell_inner'>\n<style type=\"text\/css\" data-created_by=\"avia_inline_auto\" id=\"style-css-av-coyveg-f8e3e9a6042e40f41caa046f4304ed1d\">\n.flex_column.av-coyveg-f8e3e9a6042e40f41caa046f4304ed1d{\nborder-radius:0px 0px 0px 0px;\npadding:0px 0px 0px 0px;\n}\n<\/style>\n<div  class='flex_column av-coyveg-f8e3e9a6042e40f41caa046f4304ed1d av_three_fourth  avia-builder-el-3  avia-builder-el-no-sibling  first flex_column_div av-zero-column-padding  '     ><style type=\"text\/css\" data-created_by=\"avia_inline_auto\" id=\"style-css-av-ksin4bpm-c47220437af05f10e0473cf57e1c26bb\">\n#top .av-special-heading.av-ksin4bpm-c47220437af05f10e0473cf57e1c26bb{\nmargin:0 0 0 -10px;\npadding-bottom:10px;\ncolor:#ffffff;\n}\nbody .av-special-heading.av-ksin4bpm-c47220437af05f10e0473cf57e1c26bb .av-special-heading-tag .heading-char{\nfont-size:25px;\n}\n.av-special-heading.av-ksin4bpm-c47220437af05f10e0473cf57e1c26bb .special-heading-inner-border{\nborder-color:#ffffff;\n}\n.av-special-heading.av-ksin4bpm-c47220437af05f10e0473cf57e1c26bb .av-subheading{\nfont-size:15px;\n}\n<\/style>\n<div  class='av-special-heading av-ksin4bpm-c47220437af05f10e0473cf57e1c26bb av-special-heading-h1 custom-color-heading blockquote modern-quote  avia-builder-el-4  avia-builder-el-no-sibling '><h1 class='av-special-heading-tag '  itemprop=\"headline\"  >Freiburger Lebensmittelbank<\/h1><div class=\"special-heading-border\"><div class=\"special-heading-inner-border\"><\/div><\/div><\/div><\/div>\n<\/div><\/div>\n<\/div>\n<div id='av-layout-grid-2'  class='av-layout-grid-container av-ksrmx7zp-364bdc77112955192c7ae5c47912998d entry-content-wrapper main_color av-flex-cells  avia-builder-el-5  el_after_av_layout_row  el_before_av_layout_row  grid-row-not-first av-desktop-hide av-medium-hide container_wrap fullsize'  >\n\n<style type=\"text\/css\" data-created_by=\"avia_inline_auto\" id=\"style-css-av-ksrmxjjs-4e25914f02669983e87e774f3dd13552\">\n.flex_cell.av-ksrmxjjs-4e25914f02669983e87e774f3dd13552{\nvertical-align:bottom;\nheight:180px;\nmin-height:180px;\nbackground:url(https:\/\/www.reper-fr.ch\/wp-content\/uploads\/2022\/02\/maria-lin-kim-8RaUEd8zD-U-unsplash-1030x773.jpg) 50% 0% no-repeat scroll ;\n}\n.responsive #top #wrap_all .flex_cell.av-ksrmxjjs-4e25914f02669983e87e774f3dd13552{\npadding:200px 0px 200px 0px !important;\n}\n<\/style>\n<div class='flex_cell av-ksrmxjjs-4e25914f02669983e87e774f3dd13552 av-gridrow-cell av_two_fifth no_margin  avia-builder-el-6  el_before_av_cell_three_fifth  avia-builder-el-first  content-align-bottom avia-full-stretch'  ><div class='flex_cell_inner'><\/div><\/div>\n<style type=\"text\/css\" data-created_by=\"avia_inline_auto\" id=\"style-css-av-6i61eg-226a1fceae107225ab1d121a27a2289b\">\n.flex_cell.av-6i61eg-226a1fceae107225ab1d121a27a2289b{\nvertical-align:bottom;\nheight:180px;\nmin-height:180px;\nbackground-color:#a40528;\n}\n.responsive #top #wrap_all .flex_cell.av-6i61eg-226a1fceae107225ab1d121a27a2289b{\npadding:50px 0px 20px 40px !important;\n}\n<\/style>\n<div class='flex_cell av-6i61eg-226a1fceae107225ab1d121a27a2289b av-gridrow-cell av_three_fifth no_margin  avia-builder-el-7  el_after_av_cell_two_fifth  avia-builder-el-last  content-align-bottom avia-full-stretch'  ><div class='flex_cell_inner'>\n<style type=\"text\/css\" data-created_by=\"avia_inline_auto\" id=\"style-css-av-4ush8o-01797d9718233bb11426e8300e8aa876\">\n.flex_column.av-4ush8o-01797d9718233bb11426e8300e8aa876{\nborder-radius:0px 0px 0px 0px;\npadding:0px 0px 0px 0px;\n}\n<\/style>\n<div  class='flex_column av-4ush8o-01797d9718233bb11426e8300e8aa876 av_three_fourth  avia-builder-el-8  avia-builder-el-no-sibling  first flex_column_div av-zero-column-padding  '     ><style type=\"text\/css\" data-created_by=\"avia_inline_auto\" id=\"style-css-av-2phcc8-bac7109e938c62aaaa4ef39cbd0d7b7c\">\n#top .av-special-heading.av-2phcc8-bac7109e938c62aaaa4ef39cbd0d7b7c{\npadding-bottom:10px;\ncolor:#ffffff;\n}\nbody .av-special-heading.av-2phcc8-bac7109e938c62aaaa4ef39cbd0d7b7c .av-special-heading-tag .heading-char{\nfont-size:25px;\n}\n.av-special-heading.av-2phcc8-bac7109e938c62aaaa4ef39cbd0d7b7c .special-heading-inner-border{\nborder-color:#ffffff;\n}\n.av-special-heading.av-2phcc8-bac7109e938c62aaaa4ef39cbd0d7b7c .av-subheading{\nfont-size:15px;\n}\n<\/style>\n<div  class='av-special-heading av-2phcc8-bac7109e938c62aaaa4ef39cbd0d7b7c av-special-heading-h1 custom-color-heading blockquote modern-quote  avia-builder-el-9  avia-builder-el-no-sibling '><h1 class='av-special-heading-tag '  itemprop=\"headline\"  >Freiburger Lebensmittelbank<\/h1><div class=\"special-heading-border\"><div class=\"special-heading-inner-border\"><\/div><\/div><\/div><\/div>\n<\/div><\/div>\n<\/div>\n<div id='av-layout-grid-3'  class='av-layout-grid-container av-bd6u3s-a25b61517f15bad49953ed7ab45205f5 entry-content-wrapper main_color av-flex-cells  avia-builder-el-10  el_after_av_layout_row  avia-builder-el-last  grid-row-not-first  container_wrap fullsize'  >\n\n<style type=\"text\/css\" data-created_by=\"avia_inline_auto\" id=\"style-css-av-8homl4-3650bd99fd7ebd91f0c93d3939f62a1f\">\n.flex_cell.av-8homl4-3650bd99fd7ebd91f0c93d3939f62a1f{\nvertical-align:top;\n}\n.responsive #top #wrap_all .flex_cell.av-8homl4-3650bd99fd7ebd91f0c93d3939f62a1f{\npadding:40px 30px 30px 150px !important;\n}\n<\/style>\n<div class='flex_cell av-8homl4-3650bd99fd7ebd91f0c93d3939f62a1f av-gridrow-cell av_two_fifth no_margin  avia-builder-el-11  el_before_av_cell_three_fifth  avia-builder-el-first  content-align-top'  ><div class='flex_cell_inner'>\n<style type=\"text\/css\" data-created_by=\"avia_inline_auto\" id=\"style-css-av-7rc72g-3a6fb40948201c1ff2f85d1a90a572f7\">\n.flex_column.av-7rc72g-3a6fb40948201c1ff2f85d1a90a572f7{\nborder-radius:0px 0px 0px 0px;\npadding:0px 0px 0px 0px;\n}\n<\/style>\n<div  class='flex_column av-7rc72g-3a6fb40948201c1ff2f85d1a90a572f7 av_one_full  avia-builder-el-12  avia-builder-el-no-sibling  first flex_column_div av-zero-column-padding  '     ><\/div>\n<\/div><\/div>\n<style type=\"text\/css\" data-created_by=\"avia_inline_auto\" id=\"style-css-av-47madk-e470e87a05590190061e59168b8bf6cf\">\n.flex_cell.av-47madk-e470e87a05590190061e59168b8bf6cf{\nvertical-align:top;\n}\n.responsive #top #wrap_all .flex_cell.av-47madk-e470e87a05590190061e59168b8bf6cf{\npadding:30px 30px 30px 30px !important;\n}\n<\/style>\n<div class='flex_cell av-47madk-e470e87a05590190061e59168b8bf6cf av-gridrow-cell av_three_fifth no_margin  avia-builder-el-14  el_after_av_cell_two_fifth  avia-builder-el-last  content-align-top'  ><div class='flex_cell_inner'><p>\n<style type=\"text\/css\" data-created_by=\"avia_inline_auto\" id=\"style-css-av-2j65bs-eed3c2109897e0beb8002c3d2e4fe983\">\n.flex_column.av-2j65bs-eed3c2109897e0beb8002c3d2e4fe983{\nborder-radius:0px 0px 0px 0px;\npadding:0px 0px 0px 0px;\n}\n<\/style>\n<div  class='flex_column av-2j65bs-eed3c2109897e0beb8002c3d2e4fe983 av_one_full  avia-builder-el-15  el_before_av_heading  avia-builder-el-first  first flex_column_div av-zero-column-padding  '     ><section  class='av_textblock_section av-ksin3wf3-1ad12b231b1224d3f5a9fb93dec3ca3c '   itemscope=\"itemscope\" itemtype=\"https:\/\/schema.org\/CreativeWork\" ><div class='avia_textblock'  itemprop=\"text\" ><p>Die Idee f\u00fcr eine <a href=\"https:\/\/www.banquealimentairefribourgeoise.ch\/\" target=\"_blank\" rel=\"noopener\">Lebensmittelbank<\/a> im Kanton Freiburg ist in den Kreisen, die sich gegen Prekarit\u00e4t engagieren, schon seit einigen Jahren pr\u00e4sent, doch mit der Pandemie ist eine Umsetzung definitiv naheliegend. Denn wie in der ganzen Schweiz und \u00fcberall auf der Welt nehmen Prekarit\u00e4t und Armut auch in unserer Region stark zu.<\/p>\n<p>Es fanden bereits Lebensmittelverteilungen statt. Die Lebensmittelbank soll dar\u00fcber hinaus Vereinen, die schon mit Prekarisierten in Kontakt sind, beim Sammeln von Lebensmitteln helfen. Weiter soll sie der Lebensmittelverschwendung etwas entgegensetzen und ein Ort des Teilens und der beruflichen Wiedereingliederung sein.<\/p>\n<p>Die Lebensmittelbank m\u00f6chte hochwertige Produkte bieten, welche die Standards der Hygiene und der Lebensmittelsicherheit erf\u00fcllen, um Prekarisierte w\u00fcrdig und langfristig zu unterst\u00fctzen. Die k\u00fcnftige Freiburger Lebensmittelbank wird somit den gesamten Lebensmittelkreislauf umfassen: das Sammeln, Sortieren und Lagern sowie das Verteilen an die Partner.<\/p>\n<p>Die Ziele der Lebensmittelbank sind bereits klar und gesetzt. Aktuell sind wir dabei, die \u00d6rtlichkeit, die Finanzierung und die Beteiligung der Beh\u00f6rden zu organisieren.<\/p>\n<p>Das Recht auf Nahrung ist eine der 7 Forderungen des\u00a0<a href=\"https:\/\/dignite-fribourg.ch\/de\/\" target=\"_blank\" rel=\"noopener\">Manifests f\u00fcr die W\u00fcrde<\/a> im Kanton Freiburg. Die Lebensmittelbank ist ein institutions\u00fcbergreifendes Projekt, an dem REPER beteiligt ist.<\/p>\n<p>Fur weitere Informationen k\u00f6nnen Sie die Website besuchen : <a href=\"https:\/\/www.banquealimentairefribourgeoise.ch\/\" target=\"_blank\" rel=\"noopener\">Freiburger Lebensmittelbank<\/a><\/p>\n<\/div><\/section><\/div>\n<style type=\"text\/css\" data-created_by=\"avia_inline_auto\" id=\"style-css-av-ksin6cps-ac48918ff005cc453a0982b155bca9f0\">\n#top .av-special-heading.av-ksin6cps-ac48918ff005cc453a0982b155bca9f0{\npadding-bottom:10px;\n}\nbody .av-special-heading.av-ksin6cps-ac48918ff005cc453a0982b155bca9f0 .av-special-heading-tag .heading-char{\nfont-size:25px;\n}\n.av-special-heading.av-ksin6cps-ac48918ff005cc453a0982b155bca9f0 .av-subheading{\nfont-size:15px;\n}\n<\/style>\n<div  class='av-special-heading av-ksin6cps-ac48918ff005cc453a0982b155bca9f0 av-special-heading-h3 custom-color-heading blockquote modern-quote  avia-builder-el-17  el_after_av_one_full  el_before_av_tab_container '><div class='av-subheading av-subheading_above'><p>Kollektiv Menschenw\u00fcrde Freiburg<\/p>\n<\/div><h3 class='av-special-heading-tag '  itemprop=\"headline\"  >Freiburger Lebensmittelbank<\/h3><div class=\"special-heading-border\"><div class=\"special-heading-inner-border\"><\/div><\/div><\/div><br \/>\n<div  class='tabcontainer av-ksin8pbd-045c1af7c04f69c26516fd6dda80569c sidebar_tab sidebar_tab_left  avia-builder-el-18  el_after_av_heading  avia-builder-el-last  noborder_tabs'>\n<section class='av_tab_section av_tab_section av-ksin8da6-3a3a5330dd9234857e8aeda7e6b9b947'  itemscope=\"itemscope\" itemtype=\"https:\/\/schema.org\/CreativeWork\" ><div id='tab-id-1-tab' class='tab active_tab' role='tab' aria-selected=\"true\" tabindex=\"0\" data-fake-id='#tab-id-1' aria-controls='tab-id-1-content'  itemprop=\"headline\" >Kontakt<\/div><div id='tab-id-1-content' class='tab_content active_tab_content' role='tabpanel' aria-labelledby='tab-id-1-tab' aria-hidden=\"false\"><div class='tab_inner_content invers-color'  itemprop=\"text\" ><p><strong>Koordinator Lebensmittelbank<\/strong><\/p>\n<p>Christophe Koersgen<\/p>\n<p>T 077 468 36 92 <a href=\"mailto:contact@bafr.ch\" target=\"_blank\" rel=\"noopener\">contact@bafr.ch<\/a><\/p>\n<p>Website : <a href=\"https:\/\/banquealimentairefribourgeoise.ch\/\" target=\"_blank\" rel=\"noopener\">banque alimentaire fribourgeoise<\/a><\/p>\n<\/div><\/div><\/section>\n<section class='av_tab_section av_tab_section av-ksin8ml0-c5bdda9257dd3e81ba1566d3c949ca6e'  itemscope=\"itemscope\" itemtype=\"https:\/\/schema.org\/CreativeWork\" ><div id='tab-id-2-tab' class='tab' role='tab' aria-selected=\"false\" tabindex=\"0\" data-fake-id='#tab-id-2' aria-controls='tab-id-2-content'  itemprop=\"headline\" >\u00d6ffnungszeiten<\/div><div id='tab-id-2-content' class='tab_content' role='tabpanel' aria-labelledby='tab-id-2-tab' aria-hidden=\"true\"><div class='tab_inner_content invers-color'  itemprop=\"text\" ><p>T\u00e4glich von Montag bis Freitag<\/p>\n<\/div><\/div><\/section>\n<\/div><\/p>\n<\/div><\/div><\/div>\n","protected":false},"excerpt":{"rendered":"","protected":false},"author":3,"featured_media":0,"parent":4918,"menu_order":1,"comment_status":"closed","ping_status":"closed","template":"","meta":{"_acf_changed":false,"footnotes":""},"class_list":["post-5096","page","type-page","status-publish","hentry"],"acf":[],"_links":{"self":[{"href":"https:\/\/www.reper-fr.ch\/de\/wp-json\/wp\/v2\/pages\/5096","targetHints":{"allow":["GET"]}}],"collection":[{"href":"https:\/\/www.reper-fr.ch\/de\/wp-json\/wp\/v2\/pages"}],"about":[{"href":"https:\/\/www.reper-fr.ch\/de\/wp-json\/wp\/v2\/types\/page"}],"author":[{"embeddable":true,"href":"https:\/\/www.reper-fr.ch\/de\/wp-json\/wp\/v2\/users\/3"}],"replies":[{"embeddable":true,"href":"https:\/\/www.reper-fr.ch\/de\/wp-json\/wp\/v2\/comments?post=5096"}],"version-history":[{"count":5,"href":"https:\/\/www.reper-fr.ch\/de\/wp-json\/wp\/v2\/pages\/5096\/revisions"}],"predecessor-version":[{"id":12712,"href":"https:\/\/www.reper-fr.ch\/de\/wp-json\/wp\/v2\/pages\/5096\/revisions\/12712"}],"up":[{"embeddable":true,"href":"https:\/\/www.reper-fr.ch\/de\/wp-json\/wp\/v2\/pages\/4918"}],"wp:attachment":[{"href":"https:\/\/www.reper-fr.ch\/de\/wp-json\/wp\/v2\/media?parent=5096"}],"curies":[{"name":"wp","href":"https:\/\/api.w.org\/{rel}","templated":true}]}}