{"id":5082,"date":"2021-05-14T10:27:07","date_gmt":"2021-05-14T08:27:15","guid":{"rendered":"https:\/\/www.reper-fr.ch\/fachleute\/institutionen-vereine\/paedagogische-hilfsmittel\/fiches-ecran\/"},"modified":"2024-08-12T09:15:03","modified_gmt":"2024-08-12T07:15:03","slug":"arbeitsblatter-digitale-medien","status":"publish","type":"page","link":"https:\/\/www.reper-fr.ch\/de\/fachleute\/institutionen-vereine\/paedagogische-hilfsmittel\/arbeitsblatter-digitale-medien\/","title":{"rendered":"Arbeitsbla\u0308tter digitale Medien"},"content":{"rendered":"<div id='av-layout-grid-1'  class='av-layout-grid-container av-rttq21-b8e629fa113e25ed604f1b6e7314bc7f entry-content-wrapper main_color av-flex-cells  avia-builder-el-0  el_before_av_layout_row  avia-builder-el-first  av-small-hide av-mini-hide container_wrap fullsize'  >\n\n<style type=\"text\/css\" data-created_by=\"avia_inline_auto\" id=\"style-css-av-ktcmuldr-bc686af5172352cf858438788f890bc7\">\n.flex_cell.av-ktcmuldr-bc686af5172352cf858438788f890bc7{\nvertical-align:bottom;\nheight:460px;\nmin-height:460px;\nbackground:url(https:\/\/www.reper-fr.ch\/wp-content\/uploads\/2021\/09\/IP-Fiches-e\u0301crans-image-1030x687.jpg) 50% 0% no-repeat scroll ;\n}\n.responsive #top #wrap_all .flex_cell.av-ktcmuldr-bc686af5172352cf858438788f890bc7{\npadding:200px 0px 200px 0px !important;\n}\n<\/style>\n<div class='flex_cell av-ktcmuldr-bc686af5172352cf858438788f890bc7 av-gridrow-cell av_two_fifth no_margin  avia-builder-el-1  el_before_av_cell_three_fifth  avia-builder-el-first  content-align-bottom avia-full-stretch'  ><div class='flex_cell_inner'><\/div><\/div>\n<style type=\"text\/css\" data-created_by=\"avia_inline_auto\" id=\"style-css-av-q6k8i1-40a6c4b9ce6215f41e0d55e93f5bb2ef\">\n.flex_cell.av-q6k8i1-40a6c4b9ce6215f41e0d55e93f5bb2ef{\nvertical-align:bottom;\nheight:460px;\nmin-height:460px;\nbackground-color:#a40528;\n}\n.responsive #top #wrap_all .flex_cell.av-q6k8i1-40a6c4b9ce6215f41e0d55e93f5bb2ef{\npadding:50px 0px 20px 40px !important;\n}\n<\/style>\n<div class='flex_cell av-q6k8i1-40a6c4b9ce6215f41e0d55e93f5bb2ef av-gridrow-cell av_three_fifth no_margin  avia-builder-el-2  el_after_av_cell_two_fifth  avia-builder-el-last  content-align-bottom avia-full-stretch'  ><div class='flex_cell_inner'>\n<style type=\"text\/css\" data-created_by=\"avia_inline_auto\" id=\"style-css-av-nwqujt-9a4dd14d6c7a446ecefbc1e2bb16ce00\">\n.flex_column.av-nwqujt-9a4dd14d6c7a446ecefbc1e2bb16ce00{\nborder-radius:0px 0px 0px 0px;\npadding:0px 0px 0px 0px;\n}\n<\/style>\n<div  class='flex_column av-nwqujt-9a4dd14d6c7a446ecefbc1e2bb16ce00 av_three_fourth  avia-builder-el-3  avia-builder-el-no-sibling  first flex_column_div av-zero-column-padding  '     ><style type=\"text\/css\" data-created_by=\"avia_inline_auto\" id=\"style-css-av-ktcmpje9-c18e55b3730927f1bc7beae1272ae549\">\n#top .av-special-heading.av-ktcmpje9-c18e55b3730927f1bc7beae1272ae549{\npadding-bottom:10px;\ncolor:#ffffff;\n}\nbody .av-special-heading.av-ktcmpje9-c18e55b3730927f1bc7beae1272ae549 .av-special-heading-tag .heading-char{\nfont-size:25px;\n}\n.av-special-heading.av-ktcmpje9-c18e55b3730927f1bc7beae1272ae549 .special-heading-inner-border{\nborder-color:#ffffff;\n}\n.av-special-heading.av-ktcmpje9-c18e55b3730927f1bc7beae1272ae549 .av-subheading{\nfont-size:15px;\n}\n<\/style>\n<div  class='av-special-heading av-ktcmpje9-c18e55b3730927f1bc7beae1272ae549 av-special-heading-h1 custom-color-heading blockquote modern-quote  avia-builder-el-4  avia-builder-el-no-sibling '><h1 class='av-special-heading-tag '  itemprop=\"headline\"  >Arbeitsbla\u0308tter digitale Medien<\/h1><div class=\"special-heading-border\"><div class=\"special-heading-inner-border\"><\/div><\/div><\/div><\/div>\n<\/div><\/div>\n<\/div>\n<div id='av-layout-grid-2'  class='av-layout-grid-container av-268715-021e786e50cd4968d39510af5fd37ebe entry-content-wrapper main_color av-flex-cells  avia-builder-el-5  el_after_av_layout_row  el_before_av_layout_row  grid-row-not-first av-desktop-hide av-medium-hide container_wrap fullsize'  >\n\n<style type=\"text\/css\" data-created_by=\"avia_inline_auto\" id=\"style-css-av-ktcmuxkt-34d6776e68a348f2bce6eca65985890a\">\n.flex_cell.av-ktcmuxkt-34d6776e68a348f2bce6eca65985890a{\nvertical-align:bottom;\nheight:180px;\nmin-height:180px;\nbackground:url(https:\/\/www.reper-fr.ch\/wp-content\/uploads\/2021\/09\/IP-Fiches-e\u0301crans-image-300x200.jpg) 50% 0% no-repeat scroll ;\n}\n.responsive #top #wrap_all .flex_cell.av-ktcmuxkt-34d6776e68a348f2bce6eca65985890a{\npadding:200px 0px 200px 0px !important;\n}\n<\/style>\n<div class='flex_cell av-ktcmuxkt-34d6776e68a348f2bce6eca65985890a av-gridrow-cell av_two_fifth no_margin  avia-builder-el-6  el_before_av_cell_three_fifth  avia-builder-el-first  content-align-bottom avia-full-stretch'  ><div class='flex_cell_inner'><\/div><\/div>\n<style type=\"text\/css\" data-created_by=\"avia_inline_auto\" id=\"style-css-av-l4oiwp-445796d7ce401f3878d3b33423f6b5d5\">\n.flex_cell.av-l4oiwp-445796d7ce401f3878d3b33423f6b5d5{\nvertical-align:bottom;\nheight:180px;\nmin-height:180px;\nbackground-color:#a40528;\n}\n.responsive #top #wrap_all .flex_cell.av-l4oiwp-445796d7ce401f3878d3b33423f6b5d5{\npadding:50px 0px 20px 40px !important;\n}\n<\/style>\n<div class='flex_cell av-l4oiwp-445796d7ce401f3878d3b33423f6b5d5 av-gridrow-cell av_three_fifth no_margin  avia-builder-el-7  el_after_av_cell_two_fifth  avia-builder-el-last  content-align-bottom avia-full-stretch'  ><div class='flex_cell_inner'>\n<style type=\"text\/css\" data-created_by=\"avia_inline_auto\" id=\"style-css-av-ipa3ax-df8eaf11deaf8ba9aab64ab9bb7341a7\">\n.flex_column.av-ipa3ax-df8eaf11deaf8ba9aab64ab9bb7341a7{\nborder-radius:0px 0px 0px 0px;\npadding:0px 0px 0px 0px;\n}\n<\/style>\n<div  class='flex_column av-ipa3ax-df8eaf11deaf8ba9aab64ab9bb7341a7 av_three_fourth  avia-builder-el-8  avia-builder-el-no-sibling  first flex_column_div av-zero-column-padding  '     ><style type=\"text\/css\" data-created_by=\"avia_inline_auto\" id=\"style-css-av-ktcmv7z9-e4dbfab3d934c29aad9cb1170847c543\">\n#top .av-special-heading.av-ktcmv7z9-e4dbfab3d934c29aad9cb1170847c543{\npadding-bottom:10px;\ncolor:#ffffff;\n}\nbody .av-special-heading.av-ktcmv7z9-e4dbfab3d934c29aad9cb1170847c543 .av-special-heading-tag .heading-char{\nfont-size:25px;\n}\n.av-special-heading.av-ktcmv7z9-e4dbfab3d934c29aad9cb1170847c543 .special-heading-inner-border{\nborder-color:#ffffff;\n}\n.av-special-heading.av-ktcmv7z9-e4dbfab3d934c29aad9cb1170847c543 .av-subheading{\nfont-size:15px;\n}\n<\/style>\n<div  class='av-special-heading av-ktcmv7z9-e4dbfab3d934c29aad9cb1170847c543 av-special-heading-h1 custom-color-heading blockquote modern-quote  avia-builder-el-9  avia-builder-el-no-sibling '><h1 class='av-special-heading-tag '  itemprop=\"headline\"  >Arbeitsbla\u0308tter digitale Medien<\/h1><div class=\"special-heading-border\"><div class=\"special-heading-inner-border\"><\/div><\/div><\/div><\/div>\n<\/div><\/div>\n<\/div>\n<div id='av-layout-grid-3'  class='av-layout-grid-container av-hlzp3d-2f7413e634d8a1d3a775bb8bbad5a101 entry-content-wrapper main_color av-flex-cells  avia-builder-el-10  el_after_av_layout_row  avia-builder-el-last  grid-row-not-first  container_wrap fullsize'  >\n\n<style type=\"text\/css\" data-created_by=\"avia_inline_auto\" id=\"style-css-av-f2diix-2493540445f3fe0357e892ac425759d1\">\n.flex_cell.av-f2diix-2493540445f3fe0357e892ac425759d1{\nvertical-align:top;\n}\n.responsive #top #wrap_all .flex_cell.av-f2diix-2493540445f3fe0357e892ac425759d1{\npadding:40px 30px 30px 150px !important;\n}\n<\/style>\n<div class='flex_cell av-f2diix-2493540445f3fe0357e892ac425759d1 av-gridrow-cell av_two_fifth no_margin  avia-builder-el-11  el_before_av_cell_three_fifth  avia-builder-el-first  content-align-top'  ><div class='flex_cell_inner'>\n<style type=\"text\/css\" data-created_by=\"avia_inline_auto\" id=\"style-css-av-dl97xl-c31a5dce1db1393df9533c237717826e\">\n.flex_column.av-dl97xl-c31a5dce1db1393df9533c237717826e{\nborder-radius:0px 0px 0px 0px;\npadding:0px 0px 0px 0px;\n}\n<\/style>\n<div  class='flex_column av-dl97xl-c31a5dce1db1393df9533c237717826e av_one_full  avia-builder-el-12  avia-builder-el-no-sibling  first flex_column_div av-zero-column-padding  '     ><\/div>\n<\/div><\/div>\n<style type=\"text\/css\" data-created_by=\"avia_inline_auto\" id=\"style-css-av-ammp7d-71056e01568d94ff7b392f5ec20f260b\">\n.flex_cell.av-ammp7d-71056e01568d94ff7b392f5ec20f260b{\nvertical-align:top;\n}\n.responsive #top #wrap_all .flex_cell.av-ammp7d-71056e01568d94ff7b392f5ec20f260b{\npadding:30px 30px 30px 30px !important;\n}\n<\/style>\n<div class='flex_cell av-ammp7d-71056e01568d94ff7b392f5ec20f260b av-gridrow-cell av_three_fifth no_margin  avia-builder-el-14  el_after_av_cell_two_fifth  avia-builder-el-last  content-align-top'  ><div class='flex_cell_inner'><p>\n<style type=\"text\/css\" data-created_by=\"avia_inline_auto\" id=\"style-css-av-92ft4p-fd764336b6f1c39e2bffbcf8e8da3227\">\n.flex_column.av-92ft4p-fd764336b6f1c39e2bffbcf8e8da3227{\nborder-radius:0px 0px 0px 0px;\npadding:0px 0px 0px 0px;\n}\n<\/style>\n<div  class='flex_column av-92ft4p-fd764336b6f1c39e2bffbcf8e8da3227 av_one_full  avia-builder-el-15  el_before_av_heading  avia-builder-el-first  first flex_column_div av-zero-column-padding  '     ><section  class='av_textblock_section av-ktcmxi26-89a244ecb0b9aee697139bfab777dfea '   itemscope=\"itemscope\" itemtype=\"https:\/\/schema.org\/CreativeWork\" ><div class='avia_textblock'  itemprop=\"text\" ><p><a href=\"https:\/\/gouvernail.ch\/\" target=\"_blank\" rel=\"noopener\">Gouvernail<\/a>\u00a0ist ein wegweisendes Programm f\u00fcr die Suchtpr\u00e4vention und Gesundheitsf\u00f6rderung in sozialp\u00e4dagogischen Institutionen. Von diesem universell ausgerichteten Programm gibt es auch Material zu spezifischen Themen. Ein Beispiel daf\u00fcr sind die Arbeitsbl\u00e4tter zu digitalen Medien.<\/p>\n<p><strong>Bestehende Arbeitsbl\u00e4tter (zurzeit nur auf Franz\u00f6sisch)<br \/>\n<\/strong><\/p>\n<ul>\n<li>Facebook-Pinnwand<\/li>\n<li>Digitale Medien vor Gericht<\/li>\n<li>Stell dir vor, du w\u00e4rst &#8230;<\/li>\n<li>Wie viel Distanz ist zwischen uns?<\/li>\n<li>Virtuelles Quiz<\/li>\n<li>Erlaubt oder verboten?<\/li>\n<li>Gaming-Projekt<\/li>\n<\/ul>\n<p>Die Arbeitsbl\u00e4tter werden im Anschluss an einen Kurs zum Thema abgegeben.<\/p>\n<p>Interessiert? Dann kontaktieren Sie uns!<\/p>\n<\/div><\/section><\/div>\n<style type=\"text\/css\" data-created_by=\"avia_inline_auto\" id=\"style-css-av-ktcmxokg-bcd6ec23229cfcd54d0ac75ca09e0853\">\n#top .av-special-heading.av-ktcmxokg-bcd6ec23229cfcd54d0ac75ca09e0853{\npadding-bottom:10px;\n}\nbody .av-special-heading.av-ktcmxokg-bcd6ec23229cfcd54d0ac75ca09e0853 .av-special-heading-tag .heading-char{\nfont-size:25px;\n}\n.av-special-heading.av-ktcmxokg-bcd6ec23229cfcd54d0ac75ca09e0853 .av-subheading{\nfont-size:15px;\n}\n<\/style>\n<div  class='av-special-heading av-ktcmxokg-bcd6ec23229cfcd54d0ac75ca09e0853 av-special-heading-h3 custom-color-heading blockquote modern-quote  avia-builder-el-17  el_after_av_one_full  el_before_av_tab_container '><div class='av-subheading av-subheading_above'><p>REPER<\/p>\n<\/div><h3 class='av-special-heading-tag '  itemprop=\"headline\"  >Information <span class='special_amp'>&amp;<\/span> Projekte<\/h3><div class=\"special-heading-border\"><div class=\"special-heading-inner-border\"><\/div><\/div><\/div><br \/>\n<div  class='tabcontainer av-795opm-6831b532788b8c6f58d4eb727dc170bc sidebar_tab sidebar_tab_left  avia-builder-el-18  el_after_av_heading  avia-builder-el-last  noborder_tabs'>\n<section class='av_tab_section av_tab_section av-65fuy2-c2cddd4de57ca2bd464474796c26cf74'  itemscope=\"itemscope\" itemtype=\"https:\/\/schema.org\/CreativeWork\" ><div id='tab-id-1-tab' class='tab active_tab' role='tab' aria-selected=\"true\" tabindex=\"0\" data-fake-id='#tab-id-1' aria-controls='tab-id-1-content'  itemprop=\"headline\" >Adresse<\/div><div id='tab-id-1-content' class='tab_content active_tab_content' role='tabpanel' aria-labelledby='tab-id-1-tab' aria-hidden=\"false\"><div class='tab_inner_content invers-color'  itemprop=\"text\" ><p><strong>REPER<br \/>\n<\/strong>Information &amp; Projekte<\/p>\n<p>Jurastrasse 29<br \/>\nCH-1700 Freiburg<\/p>\n<\/div><\/div><\/section>\n<section class='av_tab_section av_tab_section av-4sbdtm-d0c3bf50402fc9fc28366d663881499c'  itemscope=\"itemscope\" itemtype=\"https:\/\/schema.org\/CreativeWork\" ><div id='tab-id-2-tab' class='tab' role='tab' aria-selected=\"false\" tabindex=\"0\" data-fake-id='#tab-id-2' aria-controls='tab-id-2-content'  itemprop=\"headline\" >Kontakt<\/div><div id='tab-id-2-content' class='tab_content' role='tabpanel' aria-labelledby='tab-id-2-tab' aria-hidden=\"true\"><div class='tab_inner_content invers-color'  itemprop=\"text\" ><p><a href=\"https:\/\/www.reper-fr.ch\/de\/ueber-uns\/kontakt\/kontakt\/\" target=\"_blank\" rel=\"noopener\">Hier klicken<\/a><\/p>\n<\/div><\/div><\/section>\n<\/div><\/p>\n<\/div><\/div><\/div>\n","protected":false},"excerpt":{"rendered":"","protected":false},"author":1,"featured_media":0,"parent":5077,"menu_order":1,"comment_status":"closed","ping_status":"closed","template":"","meta":{"_acf_changed":false,"footnotes":""},"class_list":["post-5082","page","type-page","status-publish","hentry"],"acf":[],"_links":{"self":[{"href":"https:\/\/www.reper-fr.ch\/de\/wp-json\/wp\/v2\/pages\/5082","targetHints":{"allow":["GET"]}}],"collection":[{"href":"https:\/\/www.reper-fr.ch\/de\/wp-json\/wp\/v2\/pages"}],"about":[{"href":"https:\/\/www.reper-fr.ch\/de\/wp-json\/wp\/v2\/types\/page"}],"author":[{"embeddable":true,"href":"https:\/\/www.reper-fr.ch\/de\/wp-json\/wp\/v2\/users\/1"}],"replies":[{"embeddable":true,"href":"https:\/\/www.reper-fr.ch\/de\/wp-json\/wp\/v2\/comments?post=5082"}],"version-history":[{"count":5,"href":"https:\/\/www.reper-fr.ch\/de\/wp-json\/wp\/v2\/pages\/5082\/revisions"}],"predecessor-version":[{"id":11979,"href":"https:\/\/www.reper-fr.ch\/de\/wp-json\/wp\/v2\/pages\/5082\/revisions\/11979"}],"up":[{"embeddable":true,"href":"https:\/\/www.reper-fr.ch\/de\/wp-json\/wp\/v2\/pages\/5077"}],"wp:attachment":[{"href":"https:\/\/www.reper-fr.ch\/de\/wp-json\/wp\/v2\/media?parent=5082"}],"curies":[{"name":"wp","href":"https:\/\/api.w.org\/{rel}","templated":true}]}}