{"id":5056,"date":"2021-05-14T10:26:07","date_gmt":"2021-05-14T08:26:39","guid":{"rendered":"https:\/\/www.reper-fr.ch\/gouvernail\/"},"modified":"2025-05-05T14:17:19","modified_gmt":"2025-05-05T12:17:19","slug":"gouvernail-d","status":"publish","type":"page","link":"https:\/\/www.reper-fr.ch\/de\/fachleute\/institutionen-vereine\/paedagogische-hilfsmittel\/gouvernail-d\/","title":{"rendered":"Gouvernail"},"content":{"rendered":"<div id='av-layout-grid-1'  class='av-layout-grid-container av-rbfuw7-b05833e9b3e95d7962cf233d10bce141 entry-content-wrapper main_color av-flex-cells  avia-builder-el-0  el_before_av_layout_row  avia-builder-el-first  av-small-hide av-mini-hide container_wrap fullsize'  >\n\n<style type=\"text\/css\" data-created_by=\"avia_inline_auto\" id=\"style-css-av-ktcngiru-1dc0e082db9af13ebbdcf7bd3ea4ac38\">\n.flex_cell.av-ktcngiru-1dc0e082db9af13ebbdcf7bd3ea4ac38{\nvertical-align:bottom;\nheight:460px;\nmin-height:460px;\nbackground:url(https:\/\/www.reper-fr.ch\/wp-content\/uploads\/2025\/05\/News-Logo-gouvernail-clair-1.png) 50% 0% no-repeat scroll ;\n}\n.responsive #top #wrap_all .flex_cell.av-ktcngiru-1dc0e082db9af13ebbdcf7bd3ea4ac38{\npadding:200px 0px 200px 0px !important;\n}\n<\/style>\n<div class='flex_cell av-ktcngiru-1dc0e082db9af13ebbdcf7bd3ea4ac38 av-gridrow-cell av_two_fifth no_margin  avia-builder-el-1  el_before_av_cell_three_fifth  avia-builder-el-first  content-align-bottom avia-full-contain'  ><div class='flex_cell_inner'><\/div><\/div>\n<style type=\"text\/css\" data-created_by=\"avia_inline_auto\" id=\"style-css-av-pjz9iv-fb34560e3ea6689fd350641fa57ec04e\">\n.flex_cell.av-pjz9iv-fb34560e3ea6689fd350641fa57ec04e{\nvertical-align:bottom;\nheight:460px;\nmin-height:460px;\nbackground-color:#a40528;\n}\n.responsive #top #wrap_all .flex_cell.av-pjz9iv-fb34560e3ea6689fd350641fa57ec04e{\npadding:50px 0px 20px 40px !important;\n}\n<\/style>\n<div class='flex_cell av-pjz9iv-fb34560e3ea6689fd350641fa57ec04e av-gridrow-cell av_three_fifth no_margin  avia-builder-el-2  el_after_av_cell_two_fifth  avia-builder-el-last  content-align-bottom avia-full-stretch'  ><div class='flex_cell_inner'>\n<style type=\"text\/css\" data-created_by=\"avia_inline_auto\" id=\"style-css-av-nen9rb-32fbc972dec57b8359a14da2a9e0423e\">\n.flex_column.av-nen9rb-32fbc972dec57b8359a14da2a9e0423e{\nborder-radius:0px 0px 0px 0px;\npadding:0px 0px 0px 0px;\n}\n<\/style>\n<div  class='flex_column av-nen9rb-32fbc972dec57b8359a14da2a9e0423e av_three_fourth  avia-builder-el-3  avia-builder-el-no-sibling  first flex_column_div av-zero-column-padding  '     ><style type=\"text\/css\" data-created_by=\"avia_inline_auto\" id=\"style-css-av-ktcn3ob1-0cb9e24c8eb1a5b8e1c2562745594187\">\n#top .av-special-heading.av-ktcn3ob1-0cb9e24c8eb1a5b8e1c2562745594187{\nmargin:0 0 0 -10px;\npadding-bottom:10px;\ncolor:#ffffff;\n}\nbody .av-special-heading.av-ktcn3ob1-0cb9e24c8eb1a5b8e1c2562745594187 .av-special-heading-tag .heading-char{\nfont-size:25px;\n}\n.av-special-heading.av-ktcn3ob1-0cb9e24c8eb1a5b8e1c2562745594187 .special-heading-inner-border{\nborder-color:#ffffff;\n}\n.av-special-heading.av-ktcn3ob1-0cb9e24c8eb1a5b8e1c2562745594187 .av-subheading{\nfont-size:15px;\n}\n<\/style>\n<div  class='av-special-heading av-ktcn3ob1-0cb9e24c8eb1a5b8e1c2562745594187 av-special-heading-h1 custom-color-heading blockquote modern-quote  avia-builder-el-4  avia-builder-el-no-sibling '><h1 class='av-special-heading-tag '  itemprop=\"headline\"  >Gouvernail<\/h1><div class=\"special-heading-border\"><div class=\"special-heading-inner-border\"><\/div><\/div><\/div><\/div>\n<\/div><\/div><\/div><div id='av-layout-grid-2'  class='av-layout-grid-container av-7z1nb-a5fb525bcb572eb72df289e9c547885e entry-content-wrapper main_color av-flex-cells  avia-builder-el-5  el_after_av_layout_row  el_before_av_layout_row  grid-row-not-first av-desktop-hide av-medium-hide container_wrap fullsize'  >\n\n<style type=\"text\/css\" data-created_by=\"avia_inline_auto\" id=\"style-css-av-ktcng3mr-39602fe1eaf0ac0414b05152076282a2\">\n.flex_cell.av-ktcng3mr-39602fe1eaf0ac0414b05152076282a2{\nvertical-align:bottom;\nheight:180px;\nmin-height:180px;\nbackground:url(https:\/\/www.reper-fr.ch\/wp-content\/uploads\/2025\/05\/News-Logo-gouvernail-clair-1.png) 50% 0% no-repeat scroll ;\n}\n.responsive #top #wrap_all .flex_cell.av-ktcng3mr-39602fe1eaf0ac0414b05152076282a2{\npadding:200px 0px 200px 0px !important;\n}\n<\/style>\n<div class='flex_cell av-ktcng3mr-39602fe1eaf0ac0414b05152076282a2 av-gridrow-cell av_two_fifth no_margin  avia-builder-el-6  el_before_av_cell_three_fifth  avia-builder-el-first  content-align-bottom avia-full-contain'  ><div class='flex_cell_inner'><\/div><\/div>\n<style type=\"text\/css\" data-created_by=\"avia_inline_auto\" id=\"style-css-av-ldrdvr-0553661188038bc84ab9f4adf8d21dd9\">\n.flex_cell.av-ldrdvr-0553661188038bc84ab9f4adf8d21dd9{\nvertical-align:bottom;\nheight:180px;\nmin-height:180px;\nbackground-color:#a40528;\n}\n.responsive #top #wrap_all .flex_cell.av-ldrdvr-0553661188038bc84ab9f4adf8d21dd9{\npadding:50px 0px 20px 40px !important;\n}\n<\/style>\n<div class='flex_cell av-ldrdvr-0553661188038bc84ab9f4adf8d21dd9 av-gridrow-cell av_three_fifth no_margin  avia-builder-el-7  el_after_av_cell_two_fifth  avia-builder-el-last  content-align-bottom avia-full-stretch'  ><div class='flex_cell_inner'>\n<style type=\"text\/css\" data-created_by=\"avia_inline_auto\" id=\"style-css-av-jk87br-c0c711ebefad6d413a645c20f0a39bac\">\n.flex_column.av-jk87br-c0c711ebefad6d413a645c20f0a39bac{\nborder-radius:0px 0px 0px 0px;\npadding:0px 0px 0px 0px;\n}\n<\/style>\n<div  class='flex_column av-jk87br-c0c711ebefad6d413a645c20f0a39bac av_three_fourth  avia-builder-el-8  avia-builder-el-no-sibling  first flex_column_div av-zero-column-padding  '     ><style type=\"text\/css\" data-created_by=\"avia_inline_auto\" id=\"style-css-av-ktcn48vo-fcfdf793331fba68a2e82f135be5b717\">\n#top .av-special-heading.av-ktcn48vo-fcfdf793331fba68a2e82f135be5b717{\npadding-bottom:10px;\ncolor:#ffffff;\n}\nbody .av-special-heading.av-ktcn48vo-fcfdf793331fba68a2e82f135be5b717 .av-special-heading-tag .heading-char{\nfont-size:25px;\n}\n.av-special-heading.av-ktcn48vo-fcfdf793331fba68a2e82f135be5b717 .special-heading-inner-border{\nborder-color:#ffffff;\n}\n.av-special-heading.av-ktcn48vo-fcfdf793331fba68a2e82f135be5b717 .av-subheading{\nfont-size:15px;\n}\n<\/style>\n<div  class='av-special-heading av-ktcn48vo-fcfdf793331fba68a2e82f135be5b717 av-special-heading-h1 custom-color-heading blockquote modern-quote  avia-builder-el-9  avia-builder-el-no-sibling '><h1 class='av-special-heading-tag '  itemprop=\"headline\"  >Gouvernail<\/h1><div class=\"special-heading-border\"><div class=\"special-heading-inner-border\"><\/div><\/div><\/div><\/div>\n<\/div><\/div><\/div><div id='av-layout-grid-3'  class='av-layout-grid-container av-hhn0nr-569d2f1404d1579597ad7fcae1b95dcf entry-content-wrapper main_color av-flex-cells  avia-builder-el-10  el_after_av_layout_row  avia-builder-el-last  grid-row-not-first  container_wrap fullsize'  >\n\n<style type=\"text\/css\" data-created_by=\"avia_inline_auto\" id=\"style-css-av-g4dts7-b9d8876d3b1be4055c9051fe615a0ce4\">\n.flex_cell.av-g4dts7-b9d8876d3b1be4055c9051fe615a0ce4{\nvertical-align:top;\n}\n.responsive #top #wrap_all .flex_cell.av-g4dts7-b9d8876d3b1be4055c9051fe615a0ce4{\npadding:40px 30px 30px 150px !important;\n}\n<\/style>\n<div class='flex_cell av-g4dts7-b9d8876d3b1be4055c9051fe615a0ce4 av-gridrow-cell av_two_fifth no_margin  avia-builder-el-11  el_before_av_cell_three_fifth  avia-builder-el-first  content-align-top'  ><div class='flex_cell_inner'>\n<style type=\"text\/css\" data-created_by=\"avia_inline_auto\" id=\"style-css-av-dw9yc7-ef46a077e85f3fcaf677fe89156a6c7c\">\n.flex_column.av-dw9yc7-ef46a077e85f3fcaf677fe89156a6c7c{\nborder-radius:0px 0px 0px 0px;\npadding:0px 0px 0px 0px;\n}\n<\/style>\n<div  class='flex_column av-dw9yc7-ef46a077e85f3fcaf677fe89156a6c7c av_one_full  avia-builder-el-12  avia-builder-el-no-sibling  first flex_column_div av-zero-column-padding  '     ><\/div>\n<\/div><\/div>\n<style type=\"text\/css\" data-created_by=\"avia_inline_auto\" id=\"style-css-av-a6kn0n-52d63d5fd0c8fc368a0e263604a96f17\">\n.flex_cell.av-a6kn0n-52d63d5fd0c8fc368a0e263604a96f17{\nvertical-align:top;\n}\n.responsive #top #wrap_all .flex_cell.av-a6kn0n-52d63d5fd0c8fc368a0e263604a96f17{\npadding:30px 30px 30px 30px !important;\n}\n<\/style>\n<div class='flex_cell av-a6kn0n-52d63d5fd0c8fc368a0e263604a96f17 av-gridrow-cell av_three_fifth no_margin  avia-builder-el-14  el_after_av_cell_two_fifth  avia-builder-el-last  content-align-top'  ><div class='flex_cell_inner'><p>\n<style type=\"text\/css\" data-created_by=\"avia_inline_auto\" id=\"style-css-av-8q4kc7-e23ba381091e54bfa9f07a1bf5939e22\">\n.flex_column.av-8q4kc7-e23ba381091e54bfa9f07a1bf5939e22{\nborder-radius:0px 0px 0px 0px;\npadding:0px 0px 0px 0px;\n}\n<\/style>\n<div  class='flex_column av-8q4kc7-e23ba381091e54bfa9f07a1bf5939e22 av_one_full  avia-builder-el-15  el_before_av_heading  avia-builder-el-first  first flex_column_div av-zero-column-padding  '     ><section  class='av_textblock_section av-ktcnefsm-29a0ca16493a8b54a3e9c94151b6f676 '   itemscope=\"itemscope\" itemtype=\"https:\/\/schema.org\/CreativeWork\" ><div class='avia_textblock'  itemprop=\"text\" ><p>Das Pr\u00e4ventionsprogramm <a href=\"https:\/\/gouvernail.ch\/\" target=\"_blank\" rel=\"noopener\">Gouvernail\u00a0<\/a>richtet sich an Erziehungsinstitutionen f\u00fcr Jugendliche und junge Erwachsene. Das Programm sensibilisiert Jugendliche und Fachleute f\u00fcr Themen aus den Bereichen Gesundheitsf\u00f6rderung, Pr\u00e4vention von Risikoverhalten sowie Sucht. Es kann flexibel an die Bed\u00fcrfnisse der einzelnen Institutionen angepasst werden.<\/p>\n<p>Mit dem Gouvernail-Lehrmittel lassen sich Pr\u00e4ventions-Workshops f\u00fcr die Jugendlichen gestalten, um ihre psychosozialen Kompetenzen zu f\u00f6rdern. Das Programm vermittelt den Fachleuten die n\u00f6tigen Kompetenzen f\u00fcr die Durchf\u00fchrung der Workshops.<\/p>\n<p>Weitere Informationen unter <a class=\"\" href=\"http:\/\/www.gouvernail.ch\" target=\"_blank\" rel=\"noopener\" data-start=\"119\" data-end=\"136\">www.gouvernail.ch<\/a><\/p>\n<\/div><\/section><\/div>\n<style type=\"text\/css\" data-created_by=\"avia_inline_auto\" id=\"style-css-av-ktcngppu-1a726a8749f7213b01d528cddf62813e\">\n#top .av-special-heading.av-ktcngppu-1a726a8749f7213b01d528cddf62813e{\npadding-bottom:10px;\n}\nbody .av-special-heading.av-ktcngppu-1a726a8749f7213b01d528cddf62813e .av-special-heading-tag .heading-char{\nfont-size:25px;\n}\n.av-special-heading.av-ktcngppu-1a726a8749f7213b01d528cddf62813e .av-subheading{\nfont-size:15px;\n}\n<\/style>\n<div  class='av-special-heading av-ktcngppu-1a726a8749f7213b01d528cddf62813e av-special-heading-h3 custom-color-heading blockquote modern-quote  avia-builder-el-17  el_after_av_one_full  el_before_av_tab_container '><div class='av-subheading av-subheading_above'><p>REPER<\/p>\n<\/div><h3 class='av-special-heading-tag '  itemprop=\"headline\"  >Information <span class='special_amp'>&amp;<\/span> Projekte<\/h3><div class=\"special-heading-border\"><div class=\"special-heading-inner-border\"><\/div><\/div><\/div><br \/>\n<div  class='tabcontainer av-7u6i28-dff3716a06090ef93d77a7d67536b354 sidebar_tab sidebar_tab_left  avia-builder-el-18  el_after_av_heading  avia-builder-el-last  noborder_tabs'>\n<section class='av_tab_section av_tab_section av-5hz5z4-926ad4868377c570a6f80aa3f1ca5815'  itemscope=\"itemscope\" itemtype=\"https:\/\/schema.org\/CreativeWork\" ><div id='tab-id-1-tab' class='tab active_tab' role='tab' aria-selected=\"true\" tabindex=\"0\" data-fake-id='#tab-id-1' aria-controls='tab-id-1-content'  itemprop=\"headline\" >Adresse<\/div><div id='tab-id-1-content' class='tab_content active_tab_content' role='tabpanel' aria-labelledby='tab-id-1-tab' aria-hidden=\"false\"><div class='tab_inner_content invers-color'  itemprop=\"text\" ><p><strong>REPER<br \/>\n<\/strong>Information &amp; Projekte<\/p>\n<p>Jurastrasse 29<br \/>\nCH-1700 Freiburg<\/p>\n<\/div><\/div><\/section>\n<section class='av_tab_section av_tab_section av-3nsu34-9758d036fb1021ace670ac535996a187'  itemscope=\"itemscope\" itemtype=\"https:\/\/schema.org\/CreativeWork\" ><div id='tab-id-2-tab' class='tab' role='tab' aria-selected=\"false\" tabindex=\"0\" data-fake-id='#tab-id-2' aria-controls='tab-id-2-content'  itemprop=\"headline\" >Kontakt<\/div><div id='tab-id-2-content' class='tab_content' role='tabpanel' aria-labelledby='tab-id-2-tab' aria-hidden=\"true\"><div class='tab_inner_content invers-color'  itemprop=\"text\" ><p><a href=\"https:\/\/www.reper-fr.ch\/de\/ueber-uns\/kontakt\/kontakt\/\" target=\"_blank\" rel=\"noopener\">Hier klicken<\/a><\/p>\n<\/div><\/div><\/section>\n<\/div><\/p>\n<\/div><\/div><\/div><\/p>\n","protected":false},"excerpt":{"rendered":"","protected":false},"author":1,"featured_media":0,"parent":5077,"menu_order":0,"comment_status":"closed","ping_status":"closed","template":"","meta":{"_acf_changed":false,"footnotes":""},"class_list":["post-5056","page","type-page","status-publish","hentry"],"acf":[],"_links":{"self":[{"href":"https:\/\/www.reper-fr.ch\/de\/wp-json\/wp\/v2\/pages\/5056","targetHints":{"allow":["GET"]}}],"collection":[{"href":"https:\/\/www.reper-fr.ch\/de\/wp-json\/wp\/v2\/pages"}],"about":[{"href":"https:\/\/www.reper-fr.ch\/de\/wp-json\/wp\/v2\/types\/page"}],"author":[{"embeddable":true,"href":"https:\/\/www.reper-fr.ch\/de\/wp-json\/wp\/v2\/users\/1"}],"replies":[{"embeddable":true,"href":"https:\/\/www.reper-fr.ch\/de\/wp-json\/wp\/v2\/comments?post=5056"}],"version-history":[{"count":5,"href":"https:\/\/www.reper-fr.ch\/de\/wp-json\/wp\/v2\/pages\/5056\/revisions"}],"predecessor-version":[{"id":13120,"href":"https:\/\/www.reper-fr.ch\/de\/wp-json\/wp\/v2\/pages\/5056\/revisions\/13120"}],"up":[{"embeddable":true,"href":"https:\/\/www.reper-fr.ch\/de\/wp-json\/wp\/v2\/pages\/5077"}],"wp:attachment":[{"href":"https:\/\/www.reper-fr.ch\/de\/wp-json\/wp\/v2\/media?parent=5056"}],"curies":[{"name":"wp","href":"https:\/\/api.w.org\/{rel}","templated":true}]}}