{"id":5006,"date":"2021-05-12T10:06:44","date_gmt":"2021-05-12T08:06:42","guid":{"rendered":"https:\/\/www.reper-fr.ch\/fachleute\/gemeinden\/expertise-und-unterstuetzung\/expertise-jeunesse\/"},"modified":"2023-08-31T08:54:02","modified_gmt":"2023-08-31T06:54:02","slug":"expertise-jeunesse-d","status":"publish","type":"page","link":"https:\/\/www.reper-fr.ch\/de\/fachleute\/gemeinden\/expertise-und-unterstuetzung\/expertise-jeunesse-d\/","title":{"rendered":"Expertise jeunesse &#8211; D"},"content":{"rendered":"<div id='av-layout-grid-1'  class='av-layout-grid-container av-oe67bj-f3e3830890f0db38b07c0d70c5bf4428 entry-content-wrapper main_color av-flex-cells  avia-builder-el-0  el_before_av_layout_row  avia-builder-el-first  av-small-hide av-mini-hide container_wrap fullsize'  >\n\n<style type=\"text\/css\" data-created_by=\"avia_inline_auto\" id=\"style-css-av-mewm7j-7ee7e51cb5d10af427eb1b782f6b4772\">\n.flex_cell.av-mewm7j-7ee7e51cb5d10af427eb1b782f6b4772{\nvertical-align:bottom;\nheight:460px;\nmin-height:460px;\nbackground:url(https:\/\/www.reper-fr.ch\/wp-content\/uploads\/2021\/09\/REPER-RR-Expertise-jeunesse-image-1030x687.jpg) 50% 0% no-repeat scroll ;\n}\n.responsive #top #wrap_all .flex_cell.av-mewm7j-7ee7e51cb5d10af427eb1b782f6b4772{\npadding:200px 0px 200px 0px !important;\n}\n<\/style>\n<div class='flex_cell av-mewm7j-7ee7e51cb5d10af427eb1b782f6b4772 av-gridrow-cell av_two_fifth no_margin  avia-builder-el-1  el_before_av_cell_three_fifth  avia-builder-el-first  content-align-bottom avia-full-stretch'  ><div class='flex_cell_inner'><\/div><\/div>\n<style type=\"text\/css\" data-created_by=\"avia_inline_auto\" id=\"style-css-av-k67qlb-d3f66157cff41887a9959768a4ffaa77\">\n.flex_cell.av-k67qlb-d3f66157cff41887a9959768a4ffaa77{\nvertical-align:bottom;\nheight:460px;\nmin-height:460px;\nbackground-color:#a40528;\n}\n.responsive #top #wrap_all .flex_cell.av-k67qlb-d3f66157cff41887a9959768a4ffaa77{\npadding:50px 0px 20px 40px !important;\n}\n<\/style>\n<div class='flex_cell av-k67qlb-d3f66157cff41887a9959768a4ffaa77 av-gridrow-cell av_three_fifth no_margin  avia-builder-el-2  el_after_av_cell_two_fifth  avia-builder-el-last  content-align-bottom avia-full-stretch'  ><div class='flex_cell_inner'>\n<style type=\"text\/css\" data-created_by=\"avia_inline_auto\" id=\"style-css-av-jj3wlr-655d192e36ecf40f64cc98cfffd454ad\">\n.flex_column.av-jj3wlr-655d192e36ecf40f64cc98cfffd454ad{\nborder-radius:0px 0px 0px 0px;\npadding:0px 0px 0px 0px;\n}\n<\/style>\n<div  class='flex_column av-jj3wlr-655d192e36ecf40f64cc98cfffd454ad av_three_fourth  avia-builder-el-3  avia-builder-el-no-sibling  first flex_column_div av-zero-column-padding  '     ><style type=\"text\/css\" data-created_by=\"avia_inline_auto\" id=\"style-css-av-ktd11vqt-ebf324ce862005c03def45f0932248ca\">\n#top .av-special-heading.av-ktd11vqt-ebf324ce862005c03def45f0932248ca{\nmargin:0 0 0 -10px;\npadding-bottom:10px;\ncolor:#ffffff;\n}\nbody .av-special-heading.av-ktd11vqt-ebf324ce862005c03def45f0932248ca .av-special-heading-tag .heading-char{\nfont-size:25px;\n}\n.av-special-heading.av-ktd11vqt-ebf324ce862005c03def45f0932248ca .special-heading-inner-border{\nborder-color:#ffffff;\n}\n.av-special-heading.av-ktd11vqt-ebf324ce862005c03def45f0932248ca .av-subheading{\nfont-size:15px;\n}\n<\/style>\n<div  class='av-special-heading av-ktd11vqt-ebf324ce862005c03def45f0932248ca av-special-heading-h1 custom-color-heading blockquote modern-quote  avia-builder-el-4  avia-builder-el-no-sibling '><h1 class='av-special-heading-tag '  itemprop=\"headline\"  >Expertise jeunesse<\/h1><div class=\"special-heading-border\"><div class=\"special-heading-inner-border\"><\/div><\/div><\/div><\/div>\n<\/div><\/div>\n<\/div>\n<div id='av-layout-grid-2'  class='av-layout-grid-container av-hm94hr-41ad32800d001d0e479a119148e3a4a6 entry-content-wrapper main_color av-flex-cells  avia-builder-el-5  el_after_av_layout_row  el_before_av_layout_row  grid-row-not-first av-desktop-hide av-medium-hide container_wrap fullsize'  >\n\n<style type=\"text\/css\" data-created_by=\"avia_inline_auto\" id=\"style-css-av-g3f3of-a02b2f26e2fb3e671c32651af2a50812\">\n.flex_cell.av-g3f3of-a02b2f26e2fb3e671c32651af2a50812{\nvertical-align:bottom;\nheight:180px;\nmin-height:180px;\nbackground:url(https:\/\/www.reper-fr.ch\/wp-content\/uploads\/2021\/09\/REPER-RR-Expertise-jeunesse-image-1030x687.jpg) 50% 0% no-repeat scroll ;\n}\n.responsive #top #wrap_all .flex_cell.av-g3f3of-a02b2f26e2fb3e671c32651af2a50812{\npadding:200px 0px 200px 0px !important;\n}\n<\/style>\n<div class='flex_cell av-g3f3of-a02b2f26e2fb3e671c32651af2a50812 av-gridrow-cell av_two_fifth no_margin  avia-builder-el-6  el_before_av_cell_three_fifth  avia-builder-el-first  content-align-bottom avia-full-stretch'  ><div class='flex_cell_inner'><\/div><\/div>\n<style type=\"text\/css\" data-created_by=\"avia_inline_auto\" id=\"style-css-av-e0amkf-c5b5024f71ff2d6b4b35ac85d7a89167\">\n.flex_cell.av-e0amkf-c5b5024f71ff2d6b4b35ac85d7a89167{\nvertical-align:bottom;\nheight:180px;\nmin-height:180px;\nbackground-color:#a40528;\n}\n.responsive #top #wrap_all .flex_cell.av-e0amkf-c5b5024f71ff2d6b4b35ac85d7a89167{\npadding:50px 0px 20px 40px !important;\n}\n<\/style>\n<div class='flex_cell av-e0amkf-c5b5024f71ff2d6b4b35ac85d7a89167 av-gridrow-cell av_three_fifth no_margin  avia-builder-el-7  el_after_av_cell_two_fifth  avia-builder-el-last  content-align-bottom avia-full-stretch'  ><div class='flex_cell_inner'>\n<style type=\"text\/css\" data-created_by=\"avia_inline_auto\" id=\"style-css-av-1bbd73-6844ff28061f47dabe1dfd370ae82ed5\">\n.flex_column.av-1bbd73-6844ff28061f47dabe1dfd370ae82ed5{\nborder-radius:0px 0px 0px 0px;\npadding:0px 0px 0px 0px;\n}\n<\/style>\n<div  class='flex_column av-1bbd73-6844ff28061f47dabe1dfd370ae82ed5 av_three_fourth  avia-builder-el-8  avia-builder-el-no-sibling  first flex_column_div av-zero-column-padding  '     ><style type=\"text\/css\" data-created_by=\"avia_inline_auto\" id=\"style-css-av-ktd121qd-02bd6e59af8bbffb1b50d645d9530546\">\n#top .av-special-heading.av-ktd121qd-02bd6e59af8bbffb1b50d645d9530546{\npadding-bottom:10px;\ncolor:#ffffff;\n}\nbody .av-special-heading.av-ktd121qd-02bd6e59af8bbffb1b50d645d9530546 .av-special-heading-tag .heading-char{\nfont-size:25px;\n}\n.av-special-heading.av-ktd121qd-02bd6e59af8bbffb1b50d645d9530546 .special-heading-inner-border{\nborder-color:#ffffff;\n}\n.av-special-heading.av-ktd121qd-02bd6e59af8bbffb1b50d645d9530546 .av-subheading{\nfont-size:15px;\n}\n<\/style>\n<div  class='av-special-heading av-ktd121qd-02bd6e59af8bbffb1b50d645d9530546 av-special-heading-h1 custom-color-heading blockquote modern-quote  avia-builder-el-9  avia-builder-el-no-sibling '><h1 class='av-special-heading-tag '  itemprop=\"headline\"  >Expertise jeunesse<\/h1><div class=\"special-heading-border\"><div class=\"special-heading-inner-border\"><\/div><\/div><\/div><\/div>\n<\/div><\/div>\n<\/div>\n<div id='av-layout-grid-3'  class='av-layout-grid-container av-aqx0nj-5bef8452712f49a503a5ec115293476d entry-content-wrapper main_color av-flex-cells  avia-builder-el-10  el_after_av_layout_row  avia-builder-el-last  grid-row-not-first  container_wrap fullsize'  >\n\n<style type=\"text\/css\" data-created_by=\"avia_inline_auto\" id=\"style-css-av-95cegf-b2e64bd84b9f28b1541c02e85b124df2\">\n.flex_cell.av-95cegf-b2e64bd84b9f28b1541c02e85b124df2{\nvertical-align:top;\n}\n.responsive #top #wrap_all .flex_cell.av-95cegf-b2e64bd84b9f28b1541c02e85b124df2{\npadding:40px 30px 30px 150px !important;\n}\n<\/style>\n<div class='flex_cell av-95cegf-b2e64bd84b9f28b1541c02e85b124df2 av-gridrow-cell av_two_fifth no_margin  avia-builder-el-11  el_before_av_cell_three_fifth  avia-builder-el-first  content-align-top'  ><div class='flex_cell_inner'>\n<style type=\"text\/css\" data-created_by=\"avia_inline_auto\" id=\"style-css-av-6xzbin-b7bfb408d69a0fb621dcf373dd8e21c2\">\n.flex_column.av-6xzbin-b7bfb408d69a0fb621dcf373dd8e21c2{\nborder-radius:0px 0px 0px 0px;\npadding:0px 0px 0px 0px;\n}\n<\/style>\n<div  class='flex_column av-6xzbin-b7bfb408d69a0fb621dcf373dd8e21c2 av_one_full  avia-builder-el-12  avia-builder-el-no-sibling  first flex_column_div av-zero-column-padding  '     ><\/div>\n<\/div><\/div>\n<style type=\"text\/css\" data-created_by=\"avia_inline_auto\" id=\"style-css-av-4j7e3j-523a6edefe5fa1535cfcd9fb0cc79783\">\n.flex_cell.av-4j7e3j-523a6edefe5fa1535cfcd9fb0cc79783{\nvertical-align:top;\n}\n.responsive #top #wrap_all .flex_cell.av-4j7e3j-523a6edefe5fa1535cfcd9fb0cc79783{\npadding:30px 30px 30px 30px !important;\n}\n<\/style>\n<div class='flex_cell av-4j7e3j-523a6edefe5fa1535cfcd9fb0cc79783 av-gridrow-cell av_three_fifth no_margin  avia-builder-el-14  el_after_av_cell_two_fifth  avia-builder-el-last  content-align-top'  ><div class='flex_cell_inner'><p>\n<style type=\"text\/css\" data-created_by=\"avia_inline_auto\" id=\"style-css-av-21008f-a5bee911cc1e64d35804bec2eda9493a\">\n.flex_column.av-21008f-a5bee911cc1e64d35804bec2eda9493a{\nborder-radius:0px 0px 0px 0px;\npadding:0px 0px 0px 0px;\n}\n<\/style>\n<div  class='flex_column av-21008f-a5bee911cc1e64d35804bec2eda9493a av_one_full  avia-builder-el-15  el_before_av_heading  avia-builder-el-first  first flex_column_div av-zero-column-padding  '     ><section  class='av_textblock_section av-ktd132l9-e2d6704a0a5d3d6e3330803924c28cd2 '   itemscope=\"itemscope\" itemtype=\"https:\/\/schema.org\/CreativeWork\" ><div class='avia_textblock'  itemprop=\"text\" ><p><em><strong>Diese Leistung gibt es nur auf Franz\u00f6sisch<\/strong><\/em><\/p>\n<p>L\u2019expertise jeunesse est une prestation du secteur Rue &amp; R\u00e9alisations qui consiste \u00e0 r\u00e9aliser une analyse de la situation des adolescent\u00b7es et des jeunes adultes au sein de leur communaut\u00e9 locale, et plus particuli\u00e8rement pour celles et ceux qui se regroupent sur l\u2019espace public.<\/p>\n<p>Cette expertise a pour objectif d\u2019identifier et comprendre les enjeux et les points de tensions qui se cristallisent autour de la jeunesse ou d\u2019une partie de celle-ci. Pour se faire, elle cherche \u00e0 saisir les diff\u00e9rents besoins des jeunes et groupes de jeunes rencontr\u00e9s, mais aussi les besoins que la collectivit\u00e9 locale nourrit par rapport \u00e0 cette jeunesse.<\/p>\n<p>Sur la base de l\u2019analyse des \u00e9l\u00e9ments r\u00e9colt\u00e9s, l\u2019expertise jeunesse propose au mandataire diff\u00e9rentes pistes d\u2019interventions possibles, incluant leurs avantages et inconv\u00e9nients respectifs, et se prononce sur celle qui para\u00eet la plus adapt\u00e9e en fonction de la situation.<\/p>\n<p>Plusieurs communes fribourgeoises ont d\u00e9j\u00e0 fait appel \u00e0 REPER pour la r\u00e9alisation de telles expertises.<\/p>\n<\/div><\/section><\/div>\n<style type=\"text\/css\" data-created_by=\"avia_inline_auto\" id=\"style-css-av-ktd13d15-fd17a11f21d967c3d8bfa7187c9b83a4\">\n#top .av-special-heading.av-ktd13d15-fd17a11f21d967c3d8bfa7187c9b83a4{\npadding-bottom:10px;\n}\nbody .av-special-heading.av-ktd13d15-fd17a11f21d967c3d8bfa7187c9b83a4 .av-special-heading-tag .heading-char{\nfont-size:25px;\n}\n.av-special-heading.av-ktd13d15-fd17a11f21d967c3d8bfa7187c9b83a4 .av-subheading{\nfont-size:15px;\n}\n<\/style>\n<div  class='av-special-heading av-ktd13d15-fd17a11f21d967c3d8bfa7187c9b83a4 av-special-heading-h3 custom-color-heading blockquote modern-quote  avia-builder-el-17  el_after_av_one_full  el_before_av_tab_container '><div class='av-subheading av-subheading_above'><p>REPER<\/p>\n<\/div><h3 class='av-special-heading-tag '  itemprop=\"headline\"  >Rue <span class='special_amp'>&amp;<\/span> R\u00e9alisations<\/h3><div class=\"special-heading-border\"><div class=\"special-heading-inner-border\"><\/div><\/div><\/div><br \/>\n<div  class='tabcontainer av-7je2fj-dc7fc2ab0c58a84497391758c5ba12e3 sidebar_tab sidebar_tab_left  avia-builder-el-18  el_after_av_heading  avia-builder-el-last  noborder_tabs'>\n<section class='av_tab_section av_tab_section av-5dtab3-9ce4e74cedc3d009dac7d3421c4604e4'  itemscope=\"itemscope\" itemtype=\"https:\/\/schema.org\/CreativeWork\" ><div id='tab-id-1-tab' class='tab active_tab' role='tab' aria-selected=\"true\" tabindex=\"0\" data-fake-id='#tab-id-1' aria-controls='tab-id-1-content'  itemprop=\"headline\" >Adresse<\/div><div id='tab-id-1-content' class='tab_content active_tab_content' role='tabpanel' aria-labelledby='tab-id-1-tab' aria-hidden=\"false\"><div class='tab_inner_content invers-color'  itemprop=\"text\" ><p><strong>REPER<\/strong><br \/>\nRue &amp; R\u00e9alisations<\/p>\n<p>Rue Hans-Fries 11<br \/>\nCH-1700 Fribourg<\/p>\n<\/div><\/div><\/section>\n<section class='av_tab_section av_tab_section av-45if6n-2971a57b1406e76649f712be5fb2bcae'  itemscope=\"itemscope\" itemtype=\"https:\/\/schema.org\/CreativeWork\" ><div id='tab-id-2-tab' class='tab' role='tab' aria-selected=\"false\" tabindex=\"0\" data-fake-id='#tab-id-2' aria-controls='tab-id-2-content'  itemprop=\"headline\" >Contact<\/div><div id='tab-id-2-content' class='tab_content' role='tabpanel' aria-labelledby='tab-id-2-tab' aria-hidden=\"true\"><div class='tab_inner_content invers-color'  itemprop=\"text\" ><p><strong>Responsable de secteur<\/strong><\/p>\n<p>Adrien Oesch<\/p>\n<p>T 078 897 24 70<\/p>\n<p><a href=\"mailto:adrien.oesch@reper-fr.ch\" target=\"_blank\" rel=\"noopener\">adrien.oesch@reper-fr.ch<\/a><\/p>\n<\/div><\/div><\/section>\n<section class='av_tab_section av_tab_section av-30gl0v-4a3dd555484738c14d4eaa2587aa17a0'  itemscope=\"itemscope\" itemtype=\"https:\/\/schema.org\/CreativeWork\" ><div id='tab-id-3-tab' class='tab' role='tab' aria-selected=\"false\" tabindex=\"0\" data-fake-id='#tab-id-3' aria-controls='tab-id-3-content'  itemprop=\"headline\" >Horaires<\/div><div id='tab-id-3-content' class='tab_content' role='tabpanel' aria-labelledby='tab-id-3-tab' aria-hidden=\"true\"><div class='tab_inner_content invers-color'  itemprop=\"text\" ><p>Tous les jours sauf le vendredi<\/p>\n<\/div><\/div><\/section>\n<\/div><\/p>\n<\/div><\/div><\/div>\n","protected":false},"excerpt":{"rendered":"","protected":false},"author":1,"featured_media":0,"parent":5001,"menu_order":0,"comment_status":"closed","ping_status":"closed","template":"","meta":{"_acf_changed":false,"footnotes":""},"class_list":["post-5006","page","type-page","status-publish","hentry"],"acf":[],"_links":{"self":[{"href":"https:\/\/www.reper-fr.ch\/de\/wp-json\/wp\/v2\/pages\/5006","targetHints":{"allow":["GET"]}}],"collection":[{"href":"https:\/\/www.reper-fr.ch\/de\/wp-json\/wp\/v2\/pages"}],"about":[{"href":"https:\/\/www.reper-fr.ch\/de\/wp-json\/wp\/v2\/types\/page"}],"author":[{"embeddable":true,"href":"https:\/\/www.reper-fr.ch\/de\/wp-json\/wp\/v2\/users\/1"}],"replies":[{"embeddable":true,"href":"https:\/\/www.reper-fr.ch\/de\/wp-json\/wp\/v2\/comments?post=5006"}],"version-history":[{"count":4,"href":"https:\/\/www.reper-fr.ch\/de\/wp-json\/wp\/v2\/pages\/5006\/revisions"}],"predecessor-version":[{"id":11970,"href":"https:\/\/www.reper-fr.ch\/de\/wp-json\/wp\/v2\/pages\/5006\/revisions\/11970"}],"up":[{"embeddable":true,"href":"https:\/\/www.reper-fr.ch\/de\/wp-json\/wp\/v2\/pages\/5001"}],"wp:attachment":[{"href":"https:\/\/www.reper-fr.ch\/de\/wp-json\/wp\/v2\/media?parent=5006"}],"curies":[{"name":"wp","href":"https:\/\/api.w.org\/{rel}","templated":true}]}}