{"id":4986,"date":"2021-05-12T10:01:56","date_gmt":"2021-05-12T08:01:55","guid":{"rendered":"https:\/\/www.reper-fr.ch\/fachleute\/schulen\/begleitung-von-schulen\/methode-de-la-preoccupation-partagee\/"},"modified":"2024-03-25T10:54:48","modified_gmt":"2024-03-25T09:54:48","slug":"methode-de-la-preoccupation-partagee-d","status":"publish","type":"page","link":"https:\/\/www.reper-fr.ch\/de\/fachleute\/schulen\/begleitung-von-schulen\/methode-de-la-preoccupation-partagee-d\/","title":{"rendered":"M\u00e9thode de la pr\u00e9occupation partag\u00e9e &#8211; D"},"content":{"rendered":"<div id='av-layout-grid-1'  class='av-layout-grid-container av-rnb0v6-6dc97318ff190ea57f5cfbd33429dccd entry-content-wrapper main_color av-flex-cells  avia-builder-el-0  el_before_av_layout_row  avia-builder-el-first  av-small-hide av-mini-hide container_wrap fullsize'  >\n\n<style type=\"text\/css\" data-created_by=\"avia_inline_auto\" id=\"style-css-av-kuo300qv-c0fd3d55bd8ca9738a3d3f6f1039709c\">\n.flex_cell.av-kuo300qv-c0fd3d55bd8ca9738a3d3f6f1039709c{\nvertical-align:bottom;\nheight:460px;\nmin-height:460px;\nbackground:url(https:\/\/www.reper-fr.ch\/wp-content\/uploads\/2021\/10\/timothy-eberly-28S1UBUM7aQ-unsplash-1030x687.jpg) 50% 0% no-repeat scroll ;\n}\n.responsive #top #wrap_all .flex_cell.av-kuo300qv-c0fd3d55bd8ca9738a3d3f6f1039709c{\npadding:200px 0px 200px 0px !important;\n}\n<\/style>\n<div class='flex_cell av-kuo300qv-c0fd3d55bd8ca9738a3d3f6f1039709c av-gridrow-cell av_two_fifth no_margin  avia-builder-el-1  el_before_av_cell_three_fifth  avia-builder-el-first  content-align-bottom avia-full-stretch'  ><div class='flex_cell_inner'><\/div><\/div>\n<style type=\"text\/css\" data-created_by=\"avia_inline_auto\" id=\"style-css-av-pqqqua-2f8e89f835ebe391826d19f8f7cb3330\">\n.flex_cell.av-pqqqua-2f8e89f835ebe391826d19f8f7cb3330{\nvertical-align:bottom;\nheight:460px;\nmin-height:460px;\nbackground-color:#a40528;\n}\n.responsive #top #wrap_all .flex_cell.av-pqqqua-2f8e89f835ebe391826d19f8f7cb3330{\npadding:50px 0px 20px 40px !important;\n}\n<\/style>\n<div class='flex_cell av-pqqqua-2f8e89f835ebe391826d19f8f7cb3330 av-gridrow-cell av_three_fifth no_margin  avia-builder-el-2  el_after_av_cell_two_fifth  avia-builder-el-last  content-align-bottom avia-full-stretch'  ><div class='flex_cell_inner'>\n<style type=\"text\/css\" data-created_by=\"avia_inline_auto\" id=\"style-css-av-nnf73m-75a787f7701cb18385a8a956a2f1bfcc\">\n.flex_column.av-nnf73m-75a787f7701cb18385a8a956a2f1bfcc{\nborder-radius:0px 0px 0px 0px;\npadding:0px 0px 0px 0px;\n}\n<\/style>\n<div  class='flex_column av-nnf73m-75a787f7701cb18385a8a956a2f1bfcc av_three_fourth  avia-builder-el-3  avia-builder-el-no-sibling  first flex_column_div av-zero-column-padding  '     ><style type=\"text\/css\" data-created_by=\"avia_inline_auto\" id=\"style-css-av-kuo2slf7-d1da1424a1e9746d6b217a1166665d10\">\n#top .av-special-heading.av-kuo2slf7-d1da1424a1e9746d6b217a1166665d10{\nmargin:0 0 0 -10px;\npadding-bottom:10px;\ncolor:#ffffff;\n}\nbody .av-special-heading.av-kuo2slf7-d1da1424a1e9746d6b217a1166665d10 .av-special-heading-tag .heading-char{\nfont-size:25px;\n}\n.av-special-heading.av-kuo2slf7-d1da1424a1e9746d6b217a1166665d10 .special-heading-inner-border{\nborder-color:#ffffff;\n}\n.av-special-heading.av-kuo2slf7-d1da1424a1e9746d6b217a1166665d10 .av-subheading{\nfont-size:15px;\n}\n<\/style>\n<div  class='av-special-heading av-kuo2slf7-d1da1424a1e9746d6b217a1166665d10 av-special-heading-h1 custom-color-heading blockquote modern-quote  avia-builder-el-4  avia-builder-el-no-sibling '><h1 class='av-special-heading-tag '  itemprop=\"headline\"  >M\u00e9thode de la pr\u00e9occupation partag\u00e9e<\/h1><div class=\"special-heading-border\"><div class=\"special-heading-inner-border\"><\/div><\/div><\/div><\/div>\n<\/div><\/div>\n<\/div>\n<div id='av-layout-grid-2'  class='av-layout-grid-container av-2aixwi-394702a2dce63afa6689b3a3d8035b8c entry-content-wrapper main_color av-flex-cells  avia-builder-el-5  el_after_av_layout_row  el_before_av_layout_row  grid-row-not-first av-desktop-hide av-medium-hide container_wrap fullsize'  >\n\n<style type=\"text\/css\" data-created_by=\"avia_inline_auto\" id=\"style-css-av-kuo30d9d-5d9ff9fce376830655570ed3b538d8cf\">\n.flex_cell.av-kuo30d9d-5d9ff9fce376830655570ed3b538d8cf{\nvertical-align:bottom;\nheight:180px;\nmin-height:180px;\nbackground:url(https:\/\/www.reper-fr.ch\/wp-content\/uploads\/2021\/10\/timothy-eberly-28S1UBUM7aQ-unsplash-1030x687.jpg) 50% 0% no-repeat scroll ;\n}\n.responsive #top #wrap_all .flex_cell.av-kuo30d9d-5d9ff9fce376830655570ed3b538d8cf{\npadding:200px 0px 200px 0px !important;\n}\n<\/style>\n<div class='flex_cell av-kuo30d9d-5d9ff9fce376830655570ed3b538d8cf av-gridrow-cell av_two_fifth no_margin  avia-builder-el-6  el_before_av_cell_three_fifth  avia-builder-el-first  content-align-bottom avia-full-stretch'  ><div class='flex_cell_inner'><\/div><\/div>\n<style type=\"text\/css\" data-created_by=\"avia_inline_auto\" id=\"style-css-av-23aqma-ef8ad00284f2d2e81d4fbcd86d09359d\">\n.flex_cell.av-23aqma-ef8ad00284f2d2e81d4fbcd86d09359d{\nvertical-align:bottom;\nheight:180px;\nmin-height:180px;\nbackground-color:#a40528;\n}\n.responsive #top #wrap_all .flex_cell.av-23aqma-ef8ad00284f2d2e81d4fbcd86d09359d{\npadding:50px 0px 20px 40px !important;\n}\n<\/style>\n<div class='flex_cell av-23aqma-ef8ad00284f2d2e81d4fbcd86d09359d av-gridrow-cell av_three_fifth no_margin  avia-builder-el-7  el_after_av_cell_two_fifth  avia-builder-el-last  content-align-bottom avia-full-stretch'  ><div class='flex_cell_inner'>\n<style type=\"text\/css\" data-created_by=\"avia_inline_auto\" id=\"style-css-av-jqoyua-405970b97a8f373c29a2c310ebdeeae9\">\n.flex_column.av-jqoyua-405970b97a8f373c29a2c310ebdeeae9{\nborder-radius:0px 0px 0px 0px;\npadding:0px 0px 0px 0px;\n}\n<\/style>\n<div  class='flex_column av-jqoyua-405970b97a8f373c29a2c310ebdeeae9 av_three_fourth  avia-builder-el-8  avia-builder-el-no-sibling  first flex_column_div av-zero-column-padding  '     ><style type=\"text\/css\" data-created_by=\"avia_inline_auto\" id=\"style-css-av-kuo31upp-66da227f90fb13e60aa22582c6dc65b0\">\n#top .av-special-heading.av-kuo31upp-66da227f90fb13e60aa22582c6dc65b0{\npadding-bottom:10px;\ncolor:#ffffff;\n}\nbody .av-special-heading.av-kuo31upp-66da227f90fb13e60aa22582c6dc65b0 .av-special-heading-tag .heading-char{\nfont-size:25px;\n}\n.av-special-heading.av-kuo31upp-66da227f90fb13e60aa22582c6dc65b0 .special-heading-inner-border{\nborder-color:#ffffff;\n}\n.av-special-heading.av-kuo31upp-66da227f90fb13e60aa22582c6dc65b0 .av-subheading{\nfont-size:15px;\n}\n<\/style>\n<div  class='av-special-heading av-kuo31upp-66da227f90fb13e60aa22582c6dc65b0 av-special-heading-h1 custom-color-heading blockquote modern-quote  avia-builder-el-9  avia-builder-el-no-sibling '><h1 class='av-special-heading-tag '  itemprop=\"headline\"  >M\u00e9thode de la pr\u00e9occupation partag\u00e9e<\/h1><div class=\"special-heading-border\"><div class=\"special-heading-inner-border\"><\/div><\/div><\/div><\/div>\n<\/div><\/div>\n<\/div>\n<div id='av-layout-grid-3'  class='av-layout-grid-container av-i4kmrm-258c61ab69249a508a17215b1b162795 entry-content-wrapper main_color av-flex-cells  avia-builder-el-10  el_after_av_layout_row  avia-builder-el-last  grid-row-not-first  container_wrap fullsize'  >\n\n<style type=\"text\/css\" data-created_by=\"avia_inline_auto\" id=\"style-css-av-foqrlu-8a630434d4787400a7150437afeffa06\">\n.flex_cell.av-foqrlu-8a630434d4787400a7150437afeffa06{\nvertical-align:top;\n}\n.responsive #top #wrap_all .flex_cell.av-foqrlu-8a630434d4787400a7150437afeffa06{\npadding:40px 30px 30px 150px !important;\n}\n<\/style>\n<div class='flex_cell av-foqrlu-8a630434d4787400a7150437afeffa06 av-gridrow-cell av_two_fifth no_margin  avia-builder-el-11  el_before_av_cell_three_fifth  avia-builder-el-first  content-align-top'  ><div class='flex_cell_inner'>\n<style type=\"text\/css\" data-created_by=\"avia_inline_auto\" id=\"style-css-av-dwmlgy-69f550c1efa61076fb2b95b73d2e19cd\">\n.flex_column.av-dwmlgy-69f550c1efa61076fb2b95b73d2e19cd{\nborder-radius:0px 0px 0px 0px;\npadding:0px 0px 0px 0px;\n}\n<\/style>\n<div  class='flex_column av-dwmlgy-69f550c1efa61076fb2b95b73d2e19cd av_one_full  avia-builder-el-12  avia-builder-el-no-sibling  first flex_column_div av-zero-column-padding  '     ><\/div>\n<\/div><\/div>\n<style type=\"text\/css\" data-created_by=\"avia_inline_auto\" id=\"style-css-av-ap8kpu-98c4cbdec0c2bf75e0d28b461e3224d5\">\n.flex_cell.av-ap8kpu-98c4cbdec0c2bf75e0d28b461e3224d5{\nvertical-align:top;\n}\n.responsive #top #wrap_all .flex_cell.av-ap8kpu-98c4cbdec0c2bf75e0d28b461e3224d5{\npadding:30px 30px 30px 30px !important;\n}\n<\/style>\n<div class='flex_cell av-ap8kpu-98c4cbdec0c2bf75e0d28b461e3224d5 av-gridrow-cell av_three_fifth no_margin  avia-builder-el-14  el_after_av_cell_two_fifth  avia-builder-el-last  content-align-top'  ><div class='flex_cell_inner'><p>\n<style type=\"text\/css\" data-created_by=\"avia_inline_auto\" id=\"style-css-av-8lqt7m-a23141ff148662a04f1f449cec7aa27b\">\n.flex_column.av-8lqt7m-a23141ff148662a04f1f449cec7aa27b{\nborder-radius:0px 0px 0px 0px;\npadding:0px 0px 0px 0px;\n}\n<\/style>\n<div  class='flex_column av-8lqt7m-a23141ff148662a04f1f449cec7aa27b av_one_full  avia-builder-el-15  el_before_av_heading  avia-builder-el-first  first flex_column_div av-zero-column-padding  '     ><section  class='av_textblock_section av-kuo2vn1r-c235dd2950b39887a2ddeb0c0df17dbe '   itemscope=\"itemscope\" itemtype=\"https:\/\/schema.org\/CreativeWork\" ><div class='avia_textblock'  itemprop=\"text\" ><p><em><strong>Diese Leistung gibt es nur auf Franz\u00f6sisch<\/strong><\/em><\/p>\n<p>La m\u00e9thode de pr\u00e9occupation partag\u00e9e est une ressource de traitement de type non-bl\u00e2mant des situations de cyberintimidation\/harc\u00e8lement entre pairs en contexte scolaire.<\/p>\n<p>Cette m\u00e9thode\u00a0s\u2019int\u00e8gre en compl\u00e9mentarit\u00e9 aux dispositifs d\u2019intervention existants au sein de l\u2019\u00e9cole.<\/p>\n<p>L\u2019utilisation de la m\u00e9thode de la pr\u00e9occupation partag\u00e9e n\u00e9cessite une formation et un accompagnement sp\u00e9cifique.\u00a0Elle s\u2019inscrit dans une d\u00e9marche d\u2019\u00e9tablissement, et est soutenue par le <a href=\"https:\/\/www.fr.ch\/sante\/prevention-et-promotion\/sante-a-lecole-pour-les-enseignant-e-s-et-les-professionnel-le-s\" target=\"_blank\" rel=\"noopener\">bureau sant\u00e9 \u00e0 l\u2019\u00e9cole du canton de Fribourg.<\/a><\/p>\n<p>Pour plus d&#8217;informations, consultez le site web de la <a href=\"https:\/\/www.plateforme-mpp.ch\/\" target=\"_blank\" rel=\"noopener\">Plateforme romande de la m\u00e9thode de pr\u00e9occupation partag\u00e9e<\/a> (MPP)\u00a0 dont REPER est membre.<\/p>\n<p>Ce nouveau site web centralise les informations et les ressources pour lutter contre le harc\u00e8lement scolaire en Suisse romande, et renforce la collaboration entre les cantons.<\/p>\n<\/div><\/section><\/div>\n<style type=\"text\/css\" data-created_by=\"avia_inline_auto\" id=\"style-css-av-kuo328ao-c482c29a278fff036988f0d7108c9147\">\n#top .av-special-heading.av-kuo328ao-c482c29a278fff036988f0d7108c9147{\npadding-bottom:10px;\n}\nbody .av-special-heading.av-kuo328ao-c482c29a278fff036988f0d7108c9147 .av-special-heading-tag .heading-char{\nfont-size:25px;\n}\n.av-special-heading.av-kuo328ao-c482c29a278fff036988f0d7108c9147 .av-subheading{\nfont-size:15px;\n}\n<\/style>\n<div  class='av-special-heading av-kuo328ao-c482c29a278fff036988f0d7108c9147 av-special-heading-h3 custom-color-heading blockquote modern-quote  avia-builder-el-17  el_after_av_one_full  el_before_av_tab_container '><div class='av-subheading av-subheading_above'><p>REPER<\/p>\n<\/div><h3 class='av-special-heading-tag '  itemprop=\"headline\"  >Information <span class='special_amp'>&amp;<\/span> Projets<\/h3><div class=\"special-heading-border\"><div class=\"special-heading-inner-border\"><\/div><\/div><\/div><br \/>\n<div  class='tabcontainer av-855w0i-571621011b382fe25be6d3cc3e38243f sidebar_tab sidebar_tab_left  avia-builder-el-18  el_after_av_heading  avia-builder-el-last  noborder_tabs'>\n<section class='av_tab_section av_tab_section av-6c7pmq-5e18fa153d346761fd9611696d187722'  itemscope=\"itemscope\" itemtype=\"https:\/\/schema.org\/CreativeWork\" ><div id='tab-id-1-tab' class='tab active_tab' role='tab' aria-selected=\"true\" tabindex=\"0\" data-fake-id='#tab-id-1' aria-controls='tab-id-1-content'  itemprop=\"headline\" >Adresse<\/div><div id='tab-id-1-content' class='tab_content active_tab_content' role='tabpanel' aria-labelledby='tab-id-1-tab' aria-hidden=\"false\"><div class='tab_inner_content invers-color'  itemprop=\"text\" ><p><strong>REPER<br \/>\n<\/strong>Information &amp; Projets<\/p>\n<p>Rte du Jura 29<br \/>\nCH-1700 Fribourg<\/p>\n<\/div><\/div><\/section>\n<section class='av_tab_section av_tab_section av-cs0du-557490de3facb5fedcc49a10d94df841'  itemscope=\"itemscope\" itemtype=\"https:\/\/schema.org\/CreativeWork\" ><div id='tab-id-2-tab' class='tab' role='tab' aria-selected=\"false\" tabindex=\"0\" data-fake-id='#tab-id-2' aria-controls='tab-id-2-content'  itemprop=\"headline\" >Contact<\/div><div id='tab-id-2-content' class='tab_content' role='tabpanel' aria-labelledby='tab-id-2-tab' aria-hidden=\"true\"><div class='tab_inner_content invers-color'  itemprop=\"text\" ><p>T 026 322 40 00<\/p>\n<p><a href=\"mailto:projets@reper-fr.ch\" target=\"_blank\" rel=\"noopener\">projets@reper-fr.ch<\/a><\/p>\n<\/div><\/div><\/section>\n<section class='av_tab_section av_tab_section av-2j4fvm-f1f83194beca5b27a35f36042e55c289'  itemscope=\"itemscope\" itemtype=\"https:\/\/schema.org\/CreativeWork\" ><div id='tab-id-3-tab' class='tab' role='tab' aria-selected=\"false\" tabindex=\"0\" data-fake-id='#tab-id-3' aria-controls='tab-id-3-content'  itemprop=\"headline\" >Horaires<\/div><div id='tab-id-3-content' class='tab_content' role='tabpanel' aria-labelledby='tab-id-3-tab' aria-hidden=\"true\"><div class='tab_inner_content invers-color'  itemprop=\"text\" ><p>Lundi au vendredi 08:00 \u00e0 11:30<br \/>\nLundi, jeudi et vendredi 13:30 \u00e0 17:00<\/p>\n<\/div><\/div><\/section>\n<\/div><\/p>\n<\/div><\/div><\/div>\n","protected":false},"excerpt":{"rendered":"","protected":false},"author":1,"featured_media":0,"parent":4977,"menu_order":1,"comment_status":"closed","ping_status":"closed","template":"","meta":{"_acf_changed":false,"footnotes":""},"class_list":["post-4986","page","type-page","status-publish","hentry"],"acf":[],"_links":{"self":[{"href":"https:\/\/www.reper-fr.ch\/de\/wp-json\/wp\/v2\/pages\/4986","targetHints":{"allow":["GET"]}}],"collection":[{"href":"https:\/\/www.reper-fr.ch\/de\/wp-json\/wp\/v2\/pages"}],"about":[{"href":"https:\/\/www.reper-fr.ch\/de\/wp-json\/wp\/v2\/types\/page"}],"author":[{"embeddable":true,"href":"https:\/\/www.reper-fr.ch\/de\/wp-json\/wp\/v2\/users\/1"}],"replies":[{"embeddable":true,"href":"https:\/\/www.reper-fr.ch\/de\/wp-json\/wp\/v2\/comments?post=4986"}],"version-history":[{"count":5,"href":"https:\/\/www.reper-fr.ch\/de\/wp-json\/wp\/v2\/pages\/4986\/revisions"}],"predecessor-version":[{"id":11331,"href":"https:\/\/www.reper-fr.ch\/de\/wp-json\/wp\/v2\/pages\/4986\/revisions\/11331"}],"up":[{"embeddable":true,"href":"https:\/\/www.reper-fr.ch\/de\/wp-json\/wp\/v2\/pages\/4977"}],"wp:attachment":[{"href":"https:\/\/www.reper-fr.ch\/de\/wp-json\/wp\/v2\/media?parent=4986"}],"curies":[{"name":"wp","href":"https:\/\/api.w.org\/{rel}","templated":true}]}}