{"id":4966,"date":"2021-03-18T10:51:43","date_gmt":"2021-03-18T09:51:43","guid":{"rendered":"https:\/\/www.reper-fr.ch\/fachleute\/schulen\/ausbildung\/f3-technique-de-recherche-dapprentissage\/"},"modified":"2024-08-12T08:42:31","modified_gmt":"2024-08-12T06:42:31","slug":"f3-technique-de-recherche-dapprentissage-d","status":"publish","type":"page","link":"https:\/\/www.reper-fr.ch\/de\/fachleute\/schulen\/ausbildung\/f3-technique-de-recherche-dapprentissage-d\/","title":{"rendered":"F3+ | technique de recherche d&#8217;apprentissage &#8211; D"},"content":{"rendered":"<div id='av-layout-grid-1'  class='av-layout-grid-container av-o5su2s-91ed827a1836f275a1f8f655529749d8 entry-content-wrapper main_color av-flex-cells  avia-builder-el-0  el_before_av_layout_row  avia-builder-el-first  av-small-hide av-mini-hide container_wrap fullsize'  >\n\n<style type=\"text\/css\" data-created_by=\"avia_inline_auto\" id=\"style-css-av-mtg81g-5b3e32b557bfc3a8f448b4a508d2c7a8\">\n.flex_cell.av-mtg81g-5b3e32b557bfc3a8f448b4a508d2c7a8{\nvertical-align:bottom;\nheight:460px;\nmin-height:460px;\nbackground:url(https:\/\/www.reper-fr.ch\/wp-content\/uploads\/2021\/10\/REPER-RR-F3-image-1030x687.jpg) 50% 0% no-repeat scroll ;\n}\n.responsive #top #wrap_all .flex_cell.av-mtg81g-5b3e32b557bfc3a8f448b4a508d2c7a8{\npadding:200px 0px 200px 0px !important;\n}\n<\/style>\n<div class='flex_cell av-mtg81g-5b3e32b557bfc3a8f448b4a508d2c7a8 av-gridrow-cell av_two_fifth no_margin  avia-builder-el-1  el_before_av_cell_three_fifth  avia-builder-el-first  content-align-bottom avia-full-stretch'  ><div class='flex_cell_inner'><\/div><\/div>\n<style type=\"text\/css\" data-created_by=\"avia_inline_auto\" id=\"style-css-av-kysyl0-77edbd34a1e7c5313e843b4c3216379b\">\n.flex_cell.av-kysyl0-77edbd34a1e7c5313e843b4c3216379b{\nvertical-align:bottom;\nheight:460px;\nmin-height:460px;\nbackground-color:#a40528;\n}\n.responsive #top #wrap_all .flex_cell.av-kysyl0-77edbd34a1e7c5313e843b4c3216379b{\npadding:50px 0px 20px 40px !important;\n}\n<\/style>\n<div class='flex_cell av-kysyl0-77edbd34a1e7c5313e843b4c3216379b av-gridrow-cell av_three_fifth no_margin  avia-builder-el-2  el_after_av_cell_two_fifth  avia-builder-el-last  content-align-bottom avia-full-stretch'  ><div class='flex_cell_inner'>\n<style type=\"text\/css\" data-created_by=\"avia_inline_auto\" id=\"style-css-av-iuxoys-1953c71cfacd498de3f39e1e480aebc1\">\n.flex_column.av-iuxoys-1953c71cfacd498de3f39e1e480aebc1{\nborder-radius:0px 0px 0px 0px;\npadding:0px 0px 0px 0px;\n}\n<\/style>\n<div  class='flex_column av-iuxoys-1953c71cfacd498de3f39e1e480aebc1 av_three_fourth  avia-builder-el-3  avia-builder-el-no-sibling  first flex_column_div av-zero-column-padding  '     ><style type=\"text\/css\" data-created_by=\"avia_inline_auto\" id=\"style-css-av-kvaz64i4-9a79722da281f13c9bdfee5a592ec014\">\n#top .av-special-heading.av-kvaz64i4-9a79722da281f13c9bdfee5a592ec014{\nmargin:0 0 0 -10px;\npadding-bottom:10px;\ncolor:#ffffff;\n}\nbody .av-special-heading.av-kvaz64i4-9a79722da281f13c9bdfee5a592ec014 .av-special-heading-tag .heading-char{\nfont-size:25px;\n}\n.av-special-heading.av-kvaz64i4-9a79722da281f13c9bdfee5a592ec014 .special-heading-inner-border{\nborder-color:#ffffff;\n}\n.av-special-heading.av-kvaz64i4-9a79722da281f13c9bdfee5a592ec014 .av-subheading{\nfont-size:15px;\n}\n<\/style>\n<div  class='av-special-heading av-kvaz64i4-9a79722da281f13c9bdfee5a592ec014 av-special-heading-h1 custom-color-heading blockquote modern-quote  avia-builder-el-4  avia-builder-el-no-sibling '><h1 class='av-special-heading-tag '  itemprop=\"headline\"  >F3+ | technique de recherche d\u2019apprentissage<\/h1><div class=\"special-heading-border\"><div class=\"special-heading-inner-border\"><\/div><\/div><\/div><\/div>\n<\/div><\/div>\n<\/div>\n<div id='av-layout-grid-2'  class='av-layout-grid-container av-hob21w-31e0f45e2b5cb6bc0d4ed68d7e6380c4 entry-content-wrapper main_color av-flex-cells  avia-builder-el-5  el_after_av_layout_row  el_before_av_layout_row  grid-row-not-first av-desktop-hide av-medium-hide container_wrap fullsize'  >\n\n<style type=\"text\/css\" data-created_by=\"avia_inline_auto\" id=\"style-css-av-g2famc-73ee5223aa61a2523629d900c86178c8\">\n.flex_cell.av-g2famc-73ee5223aa61a2523629d900c86178c8{\nvertical-align:bottom;\nheight:180px;\nmin-height:180px;\nbackground:url(https:\/\/www.reper-fr.ch\/wp-content\/uploads\/2021\/10\/REPER-RR-F3-image-1030x687.jpg) 50% 0% no-repeat scroll ;\n}\n.responsive #top #wrap_all .flex_cell.av-g2famc-73ee5223aa61a2523629d900c86178c8{\npadding:200px 0px 200px 0px !important;\n}\n<\/style>\n<div class='flex_cell av-g2famc-73ee5223aa61a2523629d900c86178c8 av-gridrow-cell av_two_fifth no_margin  avia-builder-el-6  el_before_av_cell_three_fifth  avia-builder-el-first  content-align-bottom avia-full-stretch'  ><div class='flex_cell_inner'><\/div><\/div>\n<style type=\"text\/css\" data-created_by=\"avia_inline_auto\" id=\"style-css-av-elzfno-7be4af87a900a20d1beb3adda3ad3f36\">\n.flex_cell.av-elzfno-7be4af87a900a20d1beb3adda3ad3f36{\nvertical-align:bottom;\nheight:180px;\nmin-height:180px;\nbackground-color:#a40528;\n}\n.responsive #top #wrap_all .flex_cell.av-elzfno-7be4af87a900a20d1beb3adda3ad3f36{\npadding:50px 0px 20px 40px !important;\n}\n<\/style>\n<div class='flex_cell av-elzfno-7be4af87a900a20d1beb3adda3ad3f36 av-gridrow-cell av_three_fifth no_margin  avia-builder-el-7  el_after_av_cell_two_fifth  avia-builder-el-last  content-align-bottom avia-full-stretch'  ><div class='flex_cell_inner'>\n<style type=\"text\/css\" data-created_by=\"avia_inline_auto\" id=\"style-css-av-bsadtg-89fd8d157336c9fd4b59f5e96f5a898d\">\n.flex_column.av-bsadtg-89fd8d157336c9fd4b59f5e96f5a898d{\nborder-radius:0px 0px 0px 0px;\npadding:0px 0px 0px 0px;\n}\n<\/style>\n<div  class='flex_column av-bsadtg-89fd8d157336c9fd4b59f5e96f5a898d av_three_fourth  avia-builder-el-8  avia-builder-el-no-sibling  first flex_column_div av-zero-column-padding  '     ><style type=\"text\/css\" data-created_by=\"avia_inline_auto\" id=\"style-css-av-kvaz6b4q-4fcb479958ea091ec2fe8b383537e079\">\n#top .av-special-heading.av-kvaz6b4q-4fcb479958ea091ec2fe8b383537e079{\npadding-bottom:10px;\ncolor:#ffffff;\n}\nbody .av-special-heading.av-kvaz6b4q-4fcb479958ea091ec2fe8b383537e079 .av-special-heading-tag .heading-char{\nfont-size:25px;\n}\n.av-special-heading.av-kvaz6b4q-4fcb479958ea091ec2fe8b383537e079 .special-heading-inner-border{\nborder-color:#ffffff;\n}\n.av-special-heading.av-kvaz6b4q-4fcb479958ea091ec2fe8b383537e079 .av-subheading{\nfont-size:15px;\n}\n<\/style>\n<div  class='av-special-heading av-kvaz6b4q-4fcb479958ea091ec2fe8b383537e079 av-special-heading-h1 custom-color-heading blockquote modern-quote  avia-builder-el-9  avia-builder-el-no-sibling '><h1 class='av-special-heading-tag '  itemprop=\"headline\"  >F3+ | technique de recherche d\u2019apprentissage<\/h1><div class=\"special-heading-border\"><div class=\"special-heading-inner-border\"><\/div><\/div><\/div><\/div>\n<\/div><\/div>\n<\/div>\n<div id='av-layout-grid-3'  class='av-layout-grid-container av-ao1hbo-09eb2e41aa0f2d82620e7fcda0fbcc55 entry-content-wrapper main_color av-flex-cells  avia-builder-el-10  el_after_av_layout_row  avia-builder-el-last  grid-row-not-first  container_wrap fullsize'  >\n\n<style type=\"text\/css\" data-created_by=\"avia_inline_auto\" id=\"style-css-av-9op6us-5666034bc8f2dc2af09e2070112eacab\">\n.flex_cell.av-9op6us-5666034bc8f2dc2af09e2070112eacab{\nvertical-align:top;\n}\n.responsive #top #wrap_all .flex_cell.av-9op6us-5666034bc8f2dc2af09e2070112eacab{\npadding:40px 30px 30px 150px !important;\n}\n<\/style>\n<div class='flex_cell av-9op6us-5666034bc8f2dc2af09e2070112eacab av-gridrow-cell av_two_fifth no_margin  avia-builder-el-11  el_before_av_cell_three_fifth  avia-builder-el-first  content-align-top'  ><div class='flex_cell_inner'>\n<style type=\"text\/css\" data-created_by=\"avia_inline_auto\" id=\"style-css-av-7e1d84-2af1675f95ceddd4cce9ab4348054704\">\n.flex_column.av-7e1d84-2af1675f95ceddd4cce9ab4348054704{\nborder-radius:0px 0px 0px 0px;\npadding:0px 0px 0px 0px;\n}\n<\/style>\n<div  class='flex_column av-7e1d84-2af1675f95ceddd4cce9ab4348054704 av_one_full  avia-builder-el-12  avia-builder-el-no-sibling  first flex_column_div av-zero-column-padding  '     ><\/div>\n<\/div><\/div>\n<style type=\"text\/css\" data-created_by=\"avia_inline_auto\" id=\"style-css-av-3kjb2c-6aa64e23da0a1e103395d5bdf5de8913\">\n.flex_cell.av-3kjb2c-6aa64e23da0a1e103395d5bdf5de8913{\nvertical-align:top;\n}\n.responsive #top #wrap_all .flex_cell.av-3kjb2c-6aa64e23da0a1e103395d5bdf5de8913{\npadding:30px 30px 30px 30px !important;\n}\n<\/style>\n<div class='flex_cell av-3kjb2c-6aa64e23da0a1e103395d5bdf5de8913 av-gridrow-cell av_three_fifth no_margin  avia-builder-el-14  el_after_av_cell_two_fifth  avia-builder-el-last  content-align-top'  ><div class='flex_cell_inner'><p>\n<style type=\"text\/css\" data-created_by=\"avia_inline_auto\" id=\"style-css-av-2zrx78-601a725bc100ed8e490d7c997efb498c\">\n.flex_column.av-2zrx78-601a725bc100ed8e490d7c997efb498c{\nborder-radius:0px 0px 0px 0px;\npadding:0px 0px 0px 0px;\n}\n<\/style>\n<div  class='flex_column av-2zrx78-601a725bc100ed8e490d7c997efb498c av_one_full  avia-builder-el-15  el_before_av_heading  avia-builder-el-first  first flex_column_div av-zero-column-padding  '     ><section  class='av_textblock_section av-kvazndw3-3f14cae36527577da2a115ce63f69401 '   itemscope=\"itemscope\" itemtype=\"https:\/\/schema.org\/CreativeWork\" ><div class='avia_textblock'  itemprop=\"text\" ><p><em><strong>Diese Leistung gibt es nur auf Franz\u00f6sisch<\/strong><\/em><\/p>\n<p>Ce programme s&#8217;adresse aux jeunes et \u00e0 leur\u00b7s parent\u00b7s et se d\u00e9roule dans les locaux de REPER apr\u00e8s inscription par un cycle d&#8217;orientation (CO).<\/p>\n<p>Pour les jeunes, F3+ se d\u00e9roule sur 3 jours et leur permet d\u2019acqu\u00e9rir les outils n\u00e9cessaires \u00e0 la recherche d\u2019une place de stage, d\u2019un apprentissage ou \u00e9ventuellement d\u2019un emploi.<br \/>\nPour les parents, ce programme consiste en une s\u00e9ance de sensibilisation aux enjeux du syst\u00e8me de formation et d\u2019apprentissage du canton.<\/p>\n<p>Les objectifs de F3+ sont \u00e0 la fois explicites et implicites.<\/p>\n<p>Objectifs explicites :<\/p>\n<ul>\n<li>acquisition d\u2019outils de recherche de place d\u2019apprentissage<\/li>\n<li>\u00e9laboration \/ correction CV et\u00a0lettre de motivation<\/li>\n<li>\u00e9laboration du dossier de candidature complet<\/li>\n<li>recherche d\u2019une place de stage<\/li>\n<\/ul>\n<p>Objectifs implicites :<\/p>\n<ul>\n<li>augmentation de l\u2019estime de soi<\/li>\n<li>augmentation de la capacit\u00e9 \u00e0 trouver un m\u00e9tier qui plaise<\/li>\n<li>clarification du r\u00f4le du\u00b7des parent\u00b7s<\/li>\n<li>attention \u00e0 un langage et une attitude ad\u00e9quate<\/li>\n<\/ul>\n<p>Inscription \u00e0 F3+ <span style=\"color: #ff6600;\">(renvoyer vers un formulaire)<\/span><\/p>\n<\/div><\/section><\/div>\n<style type=\"text\/css\" data-created_by=\"avia_inline_auto\" id=\"style-css-av-kvaz6y02-eafa4981b690f0e3784ac7280f3354f8\">\n#top .av-special-heading.av-kvaz6y02-eafa4981b690f0e3784ac7280f3354f8{\npadding-bottom:10px;\n}\nbody .av-special-heading.av-kvaz6y02-eafa4981b690f0e3784ac7280f3354f8 .av-special-heading-tag .heading-char{\nfont-size:25px;\n}\n.av-special-heading.av-kvaz6y02-eafa4981b690f0e3784ac7280f3354f8 .av-subheading{\nfont-size:15px;\n}\n<\/style>\n<div  class='av-special-heading av-kvaz6y02-eafa4981b690f0e3784ac7280f3354f8 av-special-heading-h3 custom-color-heading blockquote modern-quote  avia-builder-el-17  el_after_av_one_full  el_before_av_tab_container '><div class='av-subheading av-subheading_above'><p>REPER<\/p>\n<\/div><h3 class='av-special-heading-tag '  itemprop=\"headline\"  >Rue <span class='special_amp'>&amp;<\/span> R\u00e9alisations<\/h3><div class=\"special-heading-border\"><div class=\"special-heading-inner-border\"><\/div><\/div><\/div><br \/>\n<div  class='tabcontainer av-80v4k4-d61ff34764d6160b583b05a5f3aaf707 sidebar_tab sidebar_tab_left  avia-builder-el-18  el_after_av_heading  avia-builder-el-last  noborder_tabs'>\n<section class='av_tab_section av_tab_section av-5ms9x0-37984c65d5b6dfe245160d1ad6f22576'  itemscope=\"itemscope\" itemtype=\"https:\/\/schema.org\/CreativeWork\" ><div id='tab-id-1-tab' class='tab active_tab' role='tab' aria-selected=\"true\" tabindex=\"0\" data-fake-id='#tab-id-1' aria-controls='tab-id-1-content'  itemprop=\"headline\" >Adresse<\/div><div id='tab-id-1-content' class='tab_content active_tab_content' role='tabpanel' aria-labelledby='tab-id-1-tab' aria-hidden=\"false\"><div class='tab_inner_content invers-color'  itemprop=\"text\" ><p><strong>REPER<br \/>\n<\/strong>Rue &amp; R\u00e9alisations<\/p>\n<p>Rue Hans-Fries 11<br \/>\nCH-1700 Fribourg<\/p>\n<\/div><\/div><\/section>\n<section class='av_tab_section av_tab_section av-41bilw-58e491778e353b6275e0ca52e881e74f'  itemscope=\"itemscope\" itemtype=\"https:\/\/schema.org\/CreativeWork\" ><div id='tab-id-2-tab' class='tab' role='tab' aria-selected=\"false\" tabindex=\"0\" data-fake-id='#tab-id-2' aria-controls='tab-id-2-content'  itemprop=\"headline\" >Contact<\/div><div id='tab-id-2-content' class='tab_content' role='tabpanel' aria-labelledby='tab-id-2-tab' aria-hidden=\"true\"><div class='tab_inner_content invers-color'  itemprop=\"text\" ><p><a href=\"https:\/\/www.reper-fr.ch\/de\/ueber-uns\/kontakt\/kontakt\/\" target=\"_blank\" rel=\"noopener\">Hier klicken<\/a><\/p>\n<\/div><\/div><\/section>\n<\/div><\/p>\n<\/div><\/div><\/div>\n","protected":false},"excerpt":{"rendered":"","protected":false},"author":1,"featured_media":0,"parent":4956,"menu_order":1,"comment_status":"closed","ping_status":"closed","template":"","meta":{"_acf_changed":false,"footnotes":""},"class_list":["post-4966","page","type-page","status-publish","hentry"],"acf":[],"_links":{"self":[{"href":"https:\/\/www.reper-fr.ch\/de\/wp-json\/wp\/v2\/pages\/4966","targetHints":{"allow":["GET"]}}],"collection":[{"href":"https:\/\/www.reper-fr.ch\/de\/wp-json\/wp\/v2\/pages"}],"about":[{"href":"https:\/\/www.reper-fr.ch\/de\/wp-json\/wp\/v2\/types\/page"}],"author":[{"embeddable":true,"href":"https:\/\/www.reper-fr.ch\/de\/wp-json\/wp\/v2\/users\/1"}],"replies":[{"embeddable":true,"href":"https:\/\/www.reper-fr.ch\/de\/wp-json\/wp\/v2\/comments?post=4966"}],"version-history":[{"count":5,"href":"https:\/\/www.reper-fr.ch\/de\/wp-json\/wp\/v2\/pages\/4966\/revisions"}],"predecessor-version":[{"id":4967,"href":"https:\/\/www.reper-fr.ch\/de\/wp-json\/wp\/v2\/pages\/4966\/revisions\/4967"}],"up":[{"embeddable":true,"href":"https:\/\/www.reper-fr.ch\/de\/wp-json\/wp\/v2\/pages\/4956"}],"wp:attachment":[{"href":"https:\/\/www.reper-fr.ch\/de\/wp-json\/wp\/v2\/media?parent=4966"}],"curies":[{"name":"wp","href":"https:\/\/api.w.org\/{rel}","templated":true}]}}