{"id":4949,"date":"2021-05-12T08:34:07","date_gmt":"2021-05-12T06:34:07","guid":{"rendered":"https:\/\/www.reper-fr.ch\/fachleute\/schulen\/information-und-sensibilisierung\/ressource-acte\/"},"modified":"2024-08-12T08:38:47","modified_gmt":"2024-08-12T06:38:47","slug":"ressource-akte","status":"publish","type":"page","link":"https:\/\/www.reper-fr.ch\/de\/fachleute\/schulen\/information-und-sensibilisierung\/ressource-akte\/","title":{"rendered":"Ressource AKTE"},"content":{"rendered":"<div id='av-layout-grid-1'  class='av-layout-grid-container av-u6ek3s-79d016ee5c6953b5b3ed5b72e670fd37 entry-content-wrapper main_color av-flex-cells  avia-builder-el-0  el_before_av_layout_row  avia-builder-el-first  av-small-hide av-mini-hide container_wrap fullsize'  >\n\n<style type=\"text\/css\" data-created_by=\"avia_inline_auto\" id=\"style-css-av-2ywfdk-f96ade80fd587b6770be006b4ef34e29\">\n.flex_cell.av-2ywfdk-f96ade80fd587b6770be006b4ef34e29{\nvertical-align:bottom;\nheight:460px;\nmin-height:460px;\nbackground:url(https:\/\/www.reper-fr.ch\/wp-content\/uploads\/2021\/09\/REPER-IP-ACTE-image-1030x688.jpg) 50% 0% no-repeat scroll ;\n}\n.responsive #top #wrap_all .flex_cell.av-2ywfdk-f96ade80fd587b6770be006b4ef34e29{\npadding:200px 0px 200px 0px !important;\n}\n<\/style>\n<div class='flex_cell av-2ywfdk-f96ade80fd587b6770be006b4ef34e29 av-gridrow-cell av_two_fifth no_margin  avia-builder-el-1  el_before_av_cell_three_fifth  avia-builder-el-first  content-align-bottom avia-full-stretch'  ><div class='flex_cell_inner'><\/div><\/div>\n<style type=\"text\/css\" data-created_by=\"avia_inline_auto\" id=\"style-css-av-s2sak8-f52bc3b8d559b9612c12b74ea1e1e367\">\n.flex_cell.av-s2sak8-f52bc3b8d559b9612c12b74ea1e1e367{\nvertical-align:bottom;\nheight:460px;\nmin-height:460px;\nbackground-color:#a40528;\n}\n.responsive #top #wrap_all .flex_cell.av-s2sak8-f52bc3b8d559b9612c12b74ea1e1e367{\npadding:50px 0px 20px 40px !important;\n}\n<\/style>\n<div class='flex_cell av-s2sak8-f52bc3b8d559b9612c12b74ea1e1e367 av-gridrow-cell av_three_fifth no_margin  avia-builder-el-2  el_after_av_cell_two_fifth  avia-builder-el-last  content-align-bottom avia-full-stretch'  ><div class='flex_cell_inner'>\n<style type=\"text\/css\" data-created_by=\"avia_inline_auto\" id=\"style-css-av-pi6bew-76d78b90b0f4a14914f5f1a72e13e1ec\">\n.flex_column.av-pi6bew-76d78b90b0f4a14914f5f1a72e13e1ec{\nborder-radius:0px 0px 0px 0px;\npadding:0px 0px 0px 0px;\n}\n<\/style>\n<div  class='flex_column av-pi6bew-76d78b90b0f4a14914f5f1a72e13e1ec av_three_fourth  avia-builder-el-3  avia-builder-el-no-sibling  first flex_column_div av-zero-column-padding  '     ><style type=\"text\/css\" data-created_by=\"avia_inline_auto\" id=\"style-css-av-ktsfr2as-4d6cfba599d229451cdb9647b68ceab4\">\n#top .av-special-heading.av-ktsfr2as-4d6cfba599d229451cdb9647b68ceab4{\nmargin:0 0 0 -10px;\npadding-bottom:10px;\ncolor:#ffffff;\n}\nbody .av-special-heading.av-ktsfr2as-4d6cfba599d229451cdb9647b68ceab4 .av-special-heading-tag .heading-char{\nfont-size:25px;\n}\n.av-special-heading.av-ktsfr2as-4d6cfba599d229451cdb9647b68ceab4 .special-heading-inner-border{\nborder-color:#ffffff;\n}\n.av-special-heading.av-ktsfr2as-4d6cfba599d229451cdb9647b68ceab4 .av-subheading{\nfont-size:15px;\n}\n<\/style>\n<div  class='av-special-heading av-ktsfr2as-4d6cfba599d229451cdb9647b68ceab4 av-special-heading-h1 custom-color-heading blockquote modern-quote  avia-builder-el-4  avia-builder-el-no-sibling '><h1 class='av-special-heading-tag '  itemprop=\"headline\"  >Ressource AKTE<\/h1><div class=\"special-heading-border\"><div class=\"special-heading-inner-border\"><\/div><\/div><\/div><\/div>\n<\/div><\/div>\n<\/div>\n<div id='av-layout-grid-2'  class='av-layout-grid-container av-oba8zs-497e56b2aaca0e4693d93abd12cd3c49 entry-content-wrapper main_color av-flex-cells  avia-builder-el-5  el_after_av_layout_row  el_before_av_layout_row  grid-row-not-first av-desktop-hide av-medium-hide container_wrap fullsize'  >\n\n<style type=\"text\/css\" data-created_by=\"avia_inline_auto\" id=\"style-css-av-2b9388-f12698693fed35024e8ae3eff625f3a5\">\n.flex_cell.av-2b9388-f12698693fed35024e8ae3eff625f3a5{\nvertical-align:bottom;\nheight:180px;\nmin-height:180px;\nbackground:url(https:\/\/www.reper-fr.ch\/wp-content\/uploads\/2021\/09\/REPER-IP-ACTE-image-1030x688.jpg) 50% 0% no-repeat scroll ;\n}\n.responsive #top #wrap_all .flex_cell.av-2b9388-f12698693fed35024e8ae3eff625f3a5{\npadding:200px 0px 200px 0px !important;\n}\n<\/style>\n<div class='flex_cell av-2b9388-f12698693fed35024e8ae3eff625f3a5 av-gridrow-cell av_two_fifth no_margin  avia-builder-el-6  el_before_av_cell_three_fifth  avia-builder-el-first  content-align-bottom avia-full-stretch'  ><div class='flex_cell_inner'><\/div><\/div>\n<style type=\"text\/css\" data-created_by=\"avia_inline_auto\" id=\"style-css-av-l6n920-c6874eb894e323c0c9b19f85c825b208\">\n.flex_cell.av-l6n920-c6874eb894e323c0c9b19f85c825b208{\nvertical-align:bottom;\nheight:180px;\nmin-height:180px;\nbackground-color:#a40528;\n}\n.responsive #top #wrap_all .flex_cell.av-l6n920-c6874eb894e323c0c9b19f85c825b208{\npadding:50px 0px 20px 40px !important;\n}\n<\/style>\n<div class='flex_cell av-l6n920-c6874eb894e323c0c9b19f85c825b208 av-gridrow-cell av_three_fifth no_margin  avia-builder-el-7  el_after_av_cell_two_fifth  avia-builder-el-last  content-align-bottom avia-full-stretch'  ><div class='flex_cell_inner'>\n<style type=\"text\/css\" data-created_by=\"avia_inline_auto\" id=\"style-css-av-iggnoo-89be53a51333dcc8b0d08874e25d44c1\">\n.flex_column.av-iggnoo-89be53a51333dcc8b0d08874e25d44c1{\nborder-radius:0px 0px 0px 0px;\npadding:0px 0px 0px 0px;\n}\n<\/style>\n<div  class='flex_column av-iggnoo-89be53a51333dcc8b0d08874e25d44c1 av_three_fourth  avia-builder-el-8  avia-builder-el-no-sibling  first flex_column_div av-zero-column-padding  '     ><style type=\"text\/css\" data-created_by=\"avia_inline_auto\" id=\"style-css-av-ktsfrcir-8cbd46ad96c1adf5eb08436a06d99588\">\n#top .av-special-heading.av-ktsfrcir-8cbd46ad96c1adf5eb08436a06d99588{\npadding-bottom:10px;\ncolor:#ffffff;\n}\nbody .av-special-heading.av-ktsfrcir-8cbd46ad96c1adf5eb08436a06d99588 .av-special-heading-tag .heading-char{\nfont-size:25px;\n}\n.av-special-heading.av-ktsfrcir-8cbd46ad96c1adf5eb08436a06d99588 .special-heading-inner-border{\nborder-color:#ffffff;\n}\n.av-special-heading.av-ktsfrcir-8cbd46ad96c1adf5eb08436a06d99588 .av-subheading{\nfont-size:15px;\n}\n<\/style>\n<div  class='av-special-heading av-ktsfrcir-8cbd46ad96c1adf5eb08436a06d99588 av-special-heading-h1 custom-color-heading blockquote modern-quote  avia-builder-el-9  avia-builder-el-no-sibling '><h1 class='av-special-heading-tag '  itemprop=\"headline\"  >Ressource AKTE<\/h1><div class=\"special-heading-border\"><div class=\"special-heading-inner-border\"><\/div><\/div><\/div><\/div>\n<\/div><\/div>\n<\/div>\n<div id='av-layout-grid-3'  class='av-layout-grid-container av-henmrs-b2a776e29a379a5006b927320120e501 entry-content-wrapper main_color av-flex-cells  avia-builder-el-10  el_after_av_layout_row  avia-builder-el-last  grid-row-not-first  container_wrap fullsize'  >\n\n<style type=\"text\/css\" data-created_by=\"avia_inline_auto\" id=\"style-css-av-ger6zs-f5622f25619ba9807218ab323ea16a27\">\n.flex_cell.av-ger6zs-f5622f25619ba9807218ab323ea16a27{\nvertical-align:top;\n}\n.responsive #top #wrap_all .flex_cell.av-ger6zs-f5622f25619ba9807218ab323ea16a27{\npadding:40px 30px 30px 150px !important;\n}\n<\/style>\n<div class='flex_cell av-ger6zs-f5622f25619ba9807218ab323ea16a27 av-gridrow-cell av_two_fifth no_margin  avia-builder-el-11  el_before_av_cell_three_fifth  avia-builder-el-first  content-align-top'  ><div class='flex_cell_inner'>\n<style type=\"text\/css\" data-created_by=\"avia_inline_auto\" id=\"style-css-av-do562g-df852620d85c876ddb1b3e51f257c148\">\n.flex_column.av-do562g-df852620d85c876ddb1b3e51f257c148{\nborder-radius:0px 0px 0px 0px;\npadding:0px 0px 0px 0px;\n}\n<\/style>\n<div  class='flex_column av-do562g-df852620d85c876ddb1b3e51f257c148 av_one_full  avia-builder-el-12  avia-builder-el-no-sibling  first flex_column_div av-zero-column-padding  '     ><\/div>\n<\/div><\/div>\n<style type=\"text\/css\" data-created_by=\"avia_inline_auto\" id=\"style-css-av-anm27c-30f32d984828d3cd800e5ce126eacbca\">\n.flex_cell.av-anm27c-30f32d984828d3cd800e5ce126eacbca{\nvertical-align:top;\n}\n.responsive #top #wrap_all .flex_cell.av-anm27c-30f32d984828d3cd800e5ce126eacbca{\npadding:30px 30px 30px 30px !important;\n}\n<\/style>\n<div class='flex_cell av-anm27c-30f32d984828d3cd800e5ce126eacbca av-gridrow-cell av_three_fifth no_margin  avia-builder-el-14  el_after_av_cell_two_fifth  avia-builder-el-last  content-align-top'  ><div class='flex_cell_inner'><p>\n<style type=\"text\/css\" data-created_by=\"avia_inline_auto\" id=\"style-css-av-9p0ciw-e3303abe41131e1be8ba56bf0ad775d9\">\n.flex_column.av-9p0ciw-e3303abe41131e1be8ba56bf0ad775d9{\nborder-radius:0px 0px 0px 0px;\npadding:0px 0px 0px 0px;\n}\n<\/style>\n<div  class='flex_column av-9p0ciw-e3303abe41131e1be8ba56bf0ad775d9 av_one_full  avia-builder-el-15  el_before_av_heading  avia-builder-el-first  first flex_column_div av-zero-column-padding  '     ><section  class='av_textblock_section av-ktsgddf1-a01b9ed5375f5d23fe4f28cab818666c '   itemscope=\"itemscope\" itemtype=\"https:\/\/schema.org\/CreativeWork\" ><div class='avia_textblock'  itemprop=\"text\" ><p>AKTE \u2013 Agieren, Kennen, Testen, (sich) Entwickeln \u2013 ist ein zweisprachiges Programm f\u00fcr die universelle Pr\u00e4vention bei Sch\u00fclerinnen und Sch\u00fclern. Diese Ressource hilft Jugendlichen dabei, psychosoziale Kompetenzen im Hinblick auf Risikoverhalten und Sucht (Risikokonsum) zu entwickeln.<\/p>\n<p>AKTE unterst\u00fctzt Lehrpersonen des Zyklus 3 im Kanton Freiburg bei der Pr\u00e4vention, indem es in Unterrichtsdossiers Informationen zu folgenden Themen vermittelt:<\/p>\n<ul>\n<li>Alkohol<\/li>\n<li>Sucht und Cannabis<\/li>\n<li>(Cyber)Mobbing<\/li>\n<li>Hyperkonnektivit\u00e4t<\/li>\n<\/ul>\n<p>AKTE ist von der <a href=\"https:\/\/www.fr.ch\/de\/bkad\" target=\"_blank\" rel=\"noopener\">BKAD<\/a> (Direktion f\u00fcr Bildung und kulturelle Angelegenheiten) und der <a href=\"https:\/\/www.fr.ch\/de\/gsd\" target=\"_blank\" rel=\"noopener\">GSD<\/a> (Direktion f\u00fcr Gesundheit und Soziales) zugelassen sowie auf den<\/p>\n<p><a href=\"https:\/\/www.lehrplan21.ch\/\" target=\"_blank\" rel=\"noopener\">Lehrplan 21<\/a> abgestimmt, der das Thema Gesundheit und Wohlbefinden als Bestandteil der Allgemeinbildung vorsieht.<\/p>\n<\/div><\/section><\/div>\n<style type=\"text\/css\" data-created_by=\"avia_inline_auto\" id=\"style-css-av-ktsgdufb-5e9a1f3077671ba2a4347267a06652e0\">\n#top .av-special-heading.av-ktsgdufb-5e9a1f3077671ba2a4347267a06652e0{\npadding-bottom:10px;\n}\nbody .av-special-heading.av-ktsgdufb-5e9a1f3077671ba2a4347267a06652e0 .av-special-heading-tag .heading-char{\nfont-size:25px;\n}\n.av-special-heading.av-ktsgdufb-5e9a1f3077671ba2a4347267a06652e0 .av-subheading{\nfont-size:15px;\n}\n<\/style>\n<div  class='av-special-heading av-ktsgdufb-5e9a1f3077671ba2a4347267a06652e0 av-special-heading-h3 custom-color-heading blockquote modern-quote  avia-builder-el-17  el_after_av_one_full  el_before_av_tab_container '><div class='av-subheading av-subheading_above'><p>REPER<\/p>\n<\/div><h3 class='av-special-heading-tag '  itemprop=\"headline\"  >Information <span class='special_amp'>&amp;<\/span> Projekte<\/h3><div class=\"special-heading-border\"><div class=\"special-heading-inner-border\"><\/div><\/div><\/div><br \/>\n<div  class='tabcontainer av-6yx6m0-7a0b7b226b79703b0be6e42516ddb578 sidebar_tab sidebar_tab_left  avia-builder-el-18  el_after_av_heading  avia-builder-el-last  noborder_tabs'>\n<section class='av_tab_section av_tab_section av-571su0-7452b7adb2ebb0ec76390cbc030c477f'  itemscope=\"itemscope\" itemtype=\"https:\/\/schema.org\/CreativeWork\" ><div id='tab-id-1-tab' class='tab active_tab' role='tab' aria-selected=\"true\" tabindex=\"0\" data-fake-id='#tab-id-1' aria-controls='tab-id-1-content'  itemprop=\"headline\" >Adresse<\/div><div id='tab-id-1-content' class='tab_content active_tab_content' role='tabpanel' aria-labelledby='tab-id-1-tab' aria-hidden=\"false\"><div class='tab_inner_content invers-color'  itemprop=\"text\" ><p><strong>REPER<br \/>\n<\/strong>Information &amp; Projekte<\/p>\n<p>Jurastrasse 29<br \/>\nCH-1700 Freiburg<\/p>\n<\/div><\/div><\/section>\n<section class='av_tab_section av_tab_section av-41dvx4-e2542d25f9fff8706c7c27af37805398'  itemscope=\"itemscope\" itemtype=\"https:\/\/schema.org\/CreativeWork\" ><div id='tab-id-2-tab' class='tab' role='tab' aria-selected=\"false\" tabindex=\"0\" data-fake-id='#tab-id-2' aria-controls='tab-id-2-content'  itemprop=\"headline\" >Kontakt<\/div><div id='tab-id-2-content' class='tab_content' role='tabpanel' aria-labelledby='tab-id-2-tab' aria-hidden=\"true\"><div class='tab_inner_content invers-color'  itemprop=\"text\" ><p><a href=\"https:\/\/www.reper-fr.ch\/de\/ueber-uns\/kontakt\/kontakt\/\" target=\"_blank\" rel=\"noopener\">Hier klicken<\/a><\/p>\n<\/div><\/div><\/section>\n<\/div><\/p>\n<\/div><\/div><\/div>\n","protected":false},"excerpt":{"rendered":"","protected":false},"author":1,"featured_media":0,"parent":4944,"menu_order":0,"comment_status":"closed","ping_status":"closed","template":"","meta":{"_acf_changed":false,"footnotes":""},"class_list":["post-4949","page","type-page","status-publish","hentry"],"acf":[],"_links":{"self":[{"href":"https:\/\/www.reper-fr.ch\/de\/wp-json\/wp\/v2\/pages\/4949","targetHints":{"allow":["GET"]}}],"collection":[{"href":"https:\/\/www.reper-fr.ch\/de\/wp-json\/wp\/v2\/pages"}],"about":[{"href":"https:\/\/www.reper-fr.ch\/de\/wp-json\/wp\/v2\/types\/page"}],"author":[{"embeddable":true,"href":"https:\/\/www.reper-fr.ch\/de\/wp-json\/wp\/v2\/users\/1"}],"replies":[{"embeddable":true,"href":"https:\/\/www.reper-fr.ch\/de\/wp-json\/wp\/v2\/comments?post=4949"}],"version-history":[{"count":5,"href":"https:\/\/www.reper-fr.ch\/de\/wp-json\/wp\/v2\/pages\/4949\/revisions"}],"predecessor-version":[{"id":11962,"href":"https:\/\/www.reper-fr.ch\/de\/wp-json\/wp\/v2\/pages\/4949\/revisions\/11962"}],"up":[{"embeddable":true,"href":"https:\/\/www.reper-fr.ch\/de\/wp-json\/wp\/v2\/pages\/4944"}],"wp:attachment":[{"href":"https:\/\/www.reper-fr.ch\/de\/wp-json\/wp\/v2\/media?parent=4949"}],"curies":[{"name":"wp","href":"https:\/\/api.w.org\/{rel}","templated":true}]}}