{"id":4885,"date":"2021-04-22T15:19:07","date_gmt":"2021-04-22T13:19:19","guid":{"rendered":"https:\/\/www.reper-fr.ch\/privatpersonen\/bevoelkerung\/soziokulturelle-angebote\/fetes-de-quartiers\/"},"modified":"2024-08-12T11:52:51","modified_gmt":"2024-08-12T09:52:51","slug":"quartierfeste-und-veranstaltungen","status":"publish","type":"page","link":"https:\/\/www.reper-fr.ch\/de\/privatpersonen\/bevoelkerung\/soziokulturelle-angebote\/quartierfeste-und-veranstaltungen\/","title":{"rendered":"Quartierfeste und Veranstaltungen"},"content":{"rendered":"<div id='av-layout-grid-1'  class='av-layout-grid-container av-1gvwmvy-825c22046e61650c20e6040272b49910 entry-content-wrapper main_color av-flex-cells  avia-builder-el-0  el_before_av_layout_row  avia-builder-el-first  av-small-hide av-mini-hide container_wrap fullsize'  >\n\n<style type=\"text\/css\" data-created_by=\"avia_inline_auto\" id=\"style-css-av-ksrn8en3-0383a691e83fb3aedc910c05c49aeb36\">\n.flex_cell.av-ksrn8en3-0383a691e83fb3aedc910c05c49aeb36{\nvertical-align:bottom;\nheight:460px;\nmin-height:460px;\nbackground:url(https:\/\/www.reper-fr.ch\/wp-content\/uploads\/2021\/08\/CAS_RR-_-FetesQuartiers3-1030x956.jpeg) 50% 0% no-repeat scroll ;\n}\n.responsive #top #wrap_all .flex_cell.av-ksrn8en3-0383a691e83fb3aedc910c05c49aeb36{\npadding:200px 0px 200px 0px !important;\n}\n<\/style>\n<div class='flex_cell av-ksrn8en3-0383a691e83fb3aedc910c05c49aeb36 av-gridrow-cell av_two_fifth no_margin  avia-builder-el-1  el_before_av_cell_three_fifth  avia-builder-el-first  content-align-bottom avia-full-stretch'  ><div class='flex_cell_inner'><\/div><\/div>\n<style type=\"text\/css\" data-created_by=\"avia_inline_auto\" id=\"style-css-av-1f8x7zi-aee0b9522de803bc4e54af8b52add42f\">\n.flex_cell.av-1f8x7zi-aee0b9522de803bc4e54af8b52add42f{\nvertical-align:bottom;\nheight:460px;\nmin-height:460px;\nbackground-color:#a40528;\n}\n.responsive #top #wrap_all .flex_cell.av-1f8x7zi-aee0b9522de803bc4e54af8b52add42f{\npadding:50px 0px 20px 40px !important;\n}\n<\/style>\n<div class='flex_cell av-1f8x7zi-aee0b9522de803bc4e54af8b52add42f av-gridrow-cell av_three_fifth no_margin  avia-builder-el-2  el_after_av_cell_two_fifth  avia-builder-el-last  content-align-bottom avia-full-stretch'  ><div class='flex_cell_inner'>\n<style type=\"text\/css\" data-created_by=\"avia_inline_auto\" id=\"style-css-av-1cjzupa-a79345ecf6207a89a94d24f9363f5788\">\n.flex_column.av-1cjzupa-a79345ecf6207a89a94d24f9363f5788{\nborder-radius:0px 0px 0px 0px;\npadding:0px 0px 0px 0px;\n}\n<\/style>\n<div  class='flex_column av-1cjzupa-a79345ecf6207a89a94d24f9363f5788 av_three_fourth  avia-builder-el-3  avia-builder-el-no-sibling  first flex_column_div av-zero-column-padding  '     ><style type=\"text\/css\" data-created_by=\"avia_inline_auto\" id=\"style-css-av-ksrn8pr2-1a791a78c8f95b9226105b96eab2cfab\">\n#top .av-special-heading.av-ksrn8pr2-1a791a78c8f95b9226105b96eab2cfab{\nmargin:0 0 0 -10px;\npadding-bottom:10px;\ncolor:#ffffff;\n}\nbody .av-special-heading.av-ksrn8pr2-1a791a78c8f95b9226105b96eab2cfab .av-special-heading-tag .heading-char{\nfont-size:25px;\n}\n.av-special-heading.av-ksrn8pr2-1a791a78c8f95b9226105b96eab2cfab .special-heading-inner-border{\nborder-color:#ffffff;\n}\n.av-special-heading.av-ksrn8pr2-1a791a78c8f95b9226105b96eab2cfab .av-subheading{\nfont-size:15px;\n}\n<\/style>\n<div  class='av-special-heading av-ksrn8pr2-1a791a78c8f95b9226105b96eab2cfab av-special-heading-h1 custom-color-heading blockquote modern-quote  avia-builder-el-4  avia-builder-el-no-sibling '><h1 class='av-special-heading-tag '  itemprop=\"headline\"  >Quartierfeste und Veranstaltungen<\/h1><div class=\"special-heading-border\"><div class=\"special-heading-inner-border\"><\/div><\/div><\/div><\/div>\n<\/div><\/div>\n<\/div>\n<div id='av-layout-grid-2'  class='av-layout-grid-container av-1btxpjy-fbb6ace53d558e4c1b6b0f287204b210 entry-content-wrapper main_color av-flex-cells  avia-builder-el-5  el_after_av_layout_row  el_before_av_layout_row  grid-row-not-first av-desktop-hide av-medium-hide container_wrap fullsize'  >\n\n<style type=\"text\/css\" data-created_by=\"avia_inline_auto\" id=\"style-css-av-ksrn99cp-17b6079269d338a7e22e6d72144fa0a3\">\n.flex_cell.av-ksrn99cp-17b6079269d338a7e22e6d72144fa0a3{\nvertical-align:bottom;\nheight:180px;\nmin-height:180px;\nbackground:url(https:\/\/www.reper-fr.ch\/wp-content\/uploads\/2021\/08\/CAS_RR-_-FetesQuartiers3-300x279.jpeg) 50% 0% no-repeat scroll ;\n}\n.responsive #top #wrap_all .flex_cell.av-ksrn99cp-17b6079269d338a7e22e6d72144fa0a3{\npadding:200px 0px 200px 0px !important;\n}\n<\/style>\n<div class='flex_cell av-ksrn99cp-17b6079269d338a7e22e6d72144fa0a3 av-gridrow-cell av_two_fifth no_margin  avia-builder-el-6  el_before_av_cell_three_fifth  avia-builder-el-first  content-align-bottom avia-full-stretch'  ><div class='flex_cell_inner'><\/div><\/div>\n<style type=\"text\/css\" data-created_by=\"avia_inline_auto\" id=\"style-css-av-19puxvi-2f92e6372e6e391f586f234cca6a5e4c\">\n.flex_cell.av-19puxvi-2f92e6372e6e391f586f234cca6a5e4c{\nvertical-align:bottom;\nheight:180px;\nmin-height:180px;\nbackground-color:#a40528;\n}\n.responsive #top #wrap_all .flex_cell.av-19puxvi-2f92e6372e6e391f586f234cca6a5e4c{\npadding:50px 0px 20px 40px !important;\n}\n<\/style>\n<div class='flex_cell av-19puxvi-2f92e6372e6e391f586f234cca6a5e4c av-gridrow-cell av_three_fifth no_margin  avia-builder-el-7  el_after_av_cell_two_fifth  avia-builder-el-last  content-align-bottom avia-full-stretch'  ><div class='flex_cell_inner'>\n<style type=\"text\/css\" data-created_by=\"avia_inline_auto\" id=\"style-css-av-177nk0e-d102973c6418e771d541091657b8bba7\">\n.flex_column.av-177nk0e-d102973c6418e771d541091657b8bba7{\nborder-radius:0px 0px 0px 0px;\npadding:0px 0px 0px 0px;\n}\n<\/style>\n<div  class='flex_column av-177nk0e-d102973c6418e771d541091657b8bba7 av_three_fourth  avia-builder-el-8  avia-builder-el-no-sibling  first flex_column_div av-zero-column-padding  '     ><style type=\"text\/css\" data-created_by=\"avia_inline_auto\" id=\"style-css-av-ksrn8zpz-2b51d65de6fb54641f45fdfea2506e8f\">\n#top .av-special-heading.av-ksrn8zpz-2b51d65de6fb54641f45fdfea2506e8f{\npadding-bottom:10px;\ncolor:#ffffff;\n}\nbody .av-special-heading.av-ksrn8zpz-2b51d65de6fb54641f45fdfea2506e8f .av-special-heading-tag .heading-char{\nfont-size:25px;\n}\n.av-special-heading.av-ksrn8zpz-2b51d65de6fb54641f45fdfea2506e8f .special-heading-inner-border{\nborder-color:#ffffff;\n}\n.av-special-heading.av-ksrn8zpz-2b51d65de6fb54641f45fdfea2506e8f .av-subheading{\nfont-size:15px;\n}\n<\/style>\n<div  class='av-special-heading av-ksrn8zpz-2b51d65de6fb54641f45fdfea2506e8f av-special-heading-h1 custom-color-heading blockquote modern-quote  avia-builder-el-9  avia-builder-el-no-sibling '><h1 class='av-special-heading-tag '  itemprop=\"headline\"  >Quartierfeste und Veranstaltungen<\/h1><div class=\"special-heading-border\"><div class=\"special-heading-inner-border\"><\/div><\/div><\/div><\/div>\n<\/div><\/div>\n<\/div>\n<div id='av-layout-grid-3'  class='av-layout-grid-container av-167jege-f586f02adab10f112dbc0f3627ff460b entry-content-wrapper main_color av-flex-cells  avia-builder-el-10  el_after_av_layout_row  avia-builder-el-last  grid-row-not-first  container_wrap fullsize'  >\n\n<style type=\"text\/css\" data-created_by=\"avia_inline_auto\" id=\"style-css-av-14cks1q-afc3b591b97a80364ed4cb2a2c594db3\">\n.flex_cell.av-14cks1q-afc3b591b97a80364ed4cb2a2c594db3{\nvertical-align:top;\n}\n.responsive #top #wrap_all .flex_cell.av-14cks1q-afc3b591b97a80364ed4cb2a2c594db3{\npadding:40px 30px 30px 150px !important;\n}\n<\/style>\n<div class='flex_cell av-14cks1q-afc3b591b97a80364ed4cb2a2c594db3 av-gridrow-cell av_two_fifth no_margin  avia-builder-el-11  el_before_av_cell_three_fifth  avia-builder-el-first  content-align-top'  ><div class='flex_cell_inner'>\n<style type=\"text\/css\" data-created_by=\"avia_inline_auto\" id=\"style-css-av-3x4mpa-935c4f428e4966d02a1a2f5d16d1bd56\">\n.flex_column.av-3x4mpa-935c4f428e4966d02a1a2f5d16d1bd56{\nborder-radius:0px 0px 0px 0px;\npadding:0px 0px 0px 0px;\n}\n<\/style>\n<div  class='flex_column av-3x4mpa-935c4f428e4966d02a1a2f5d16d1bd56 av_one_full  avia-builder-el-12  avia-builder-el-no-sibling  first flex_column_div av-zero-column-padding  '     ><\/div>\n<\/div><\/div>\n<style type=\"text\/css\" data-created_by=\"avia_inline_auto\" id=\"style-css-av-10adkqm-092440867e03832b9fa3d0b97c7f4bd1\">\n.flex_cell.av-10adkqm-092440867e03832b9fa3d0b97c7f4bd1{\nvertical-align:top;\n}\n.responsive #top #wrap_all .flex_cell.av-10adkqm-092440867e03832b9fa3d0b97c7f4bd1{\npadding:30px 30px 30px 30px !important;\n}\n<\/style>\n<div class='flex_cell av-10adkqm-092440867e03832b9fa3d0b97c7f4bd1 av-gridrow-cell av_three_fifth no_margin  avia-builder-el-14  el_after_av_cell_two_fifth  avia-builder-el-last  content-align-top'  ><div class='flex_cell_inner'><p>\n<style type=\"text\/css\" data-created_by=\"avia_inline_auto\" id=\"style-css-av-ksrn9ibj-45be09bcc0aeaaca087a7110f205b6eb\">\n.flex_column.av-ksrn9ibj-45be09bcc0aeaaca087a7110f205b6eb{\nborder-radius:0px 0px 0px 0px;\npadding:0px 0px 0px 0px;\n}\n<\/style>\n<div  class='flex_column av-ksrn9ibj-45be09bcc0aeaaca087a7110f205b6eb av_one_full  avia-builder-el-15  el_before_av_heading  avia-builder-el-first  first flex_column_div av-zero-column-padding  '     ><section  class='av_textblock_section av-ksrnae5b-edb2fa9aa3fe0e6828c9dbecd30ca819 '   itemscope=\"itemscope\" itemtype=\"https:\/\/schema.org\/CreativeWork\" ><div class='avia_textblock'  itemprop=\"text\" ><p>Die Zentren f\u00fcr soziokulturelle Animation und die Abteilung Strasse &amp; Projektrealisation m\u00f6chten Teil der Realit\u00e4t der Quartiere und des Quartierlebens sein. Deshalb organisieren und\/oder unterst\u00fctzen sie verschiedene Anl\u00e4sse wie die Erz\u00e4hlnacht, <a href=\"http:\/\/www.fete-musique.ch\/\" target=\"_blank\" rel=\"noopener\">das\u00a0Musikfest<\/a>\u00a0oder die Quartier-Picknicks in der Stadt Freiburg und im Quartier Arruffens in Romont.<\/p>\n<p>Die Aktivit\u00e4ten k\u00f6nnen je nach den Bed\u00fcrfnissen von Quartierbewohnerinnen und -bewohnern und Partnervereinen unterschiedliche Formen annehmen.<\/p>\n<\/div><\/section><\/div>\n<style type=\"text\/css\" data-created_by=\"avia_inline_auto\" id=\"style-css-av-ymvxz2-da37d3f824d7eb8253c36818a43ac0f5\">\n#top .av-special-heading.av-ymvxz2-da37d3f824d7eb8253c36818a43ac0f5{\npadding-bottom:10px;\n}\nbody .av-special-heading.av-ymvxz2-da37d3f824d7eb8253c36818a43ac0f5 .av-special-heading-tag .heading-char{\nfont-size:25px;\n}\n.av-special-heading.av-ymvxz2-da37d3f824d7eb8253c36818a43ac0f5 .av-subheading{\nfont-size:15px;\n}\n<\/style>\n<div  class='av-special-heading av-ymvxz2-da37d3f824d7eb8253c36818a43ac0f5 av-special-heading-h3 custom-color-heading blockquote modern-quote  avia-builder-el-17  el_after_av_one_full  el_before_av_tab_container '><div class='av-subheading av-subheading_above'><p>REPER<\/p>\n<\/div><h3 class='av-special-heading-tag '  itemprop=\"headline\"  >Strasse <span class='special_amp'>&amp;<\/span> Projektrealisation &#8211; Romont<\/h3><div class=\"special-heading-border\"><div class=\"special-heading-inner-border\"><\/div><\/div><\/div><br \/>\n<div  class='tabcontainer av-x12yum-d5caa4bf787b39d92b561df4348b2882 sidebar_tab sidebar_tab_left  avia-builder-el-18  el_after_av_heading  el_before_av_heading  noborder_tabs'>\n<section class='av_tab_section av_tab_section av-b17b2-9ff986f2e647444a6b5aec1d0bc9ca6b'  itemscope=\"itemscope\" itemtype=\"https:\/\/schema.org\/CreativeWork\" ><div id='tab-id-1-tab' class='tab active_tab' role='tab' aria-selected=\"true\" tabindex=\"0\" data-fake-id='#tab-id-1' aria-controls='tab-id-1-content'  itemprop=\"headline\" >Adresse<\/div><div id='tab-id-1-content' class='tab_content active_tab_content' role='tabpanel' aria-labelledby='tab-id-1-tab' aria-hidden=\"false\"><div class='tab_inner_content invers-color'  itemprop=\"text\" ><p><strong>REPER<br \/>\n<\/strong>Strasse &amp; Projektrealisation<\/p>\n<p>Rue du Ch\u00e2teau 112<br \/>\nCH-1680 Romont<\/p>\n<\/div><\/div><\/section>\n<section class='av_tab_section av_tab_section av-sf2o8u-91c3071927aa9edf2144cc736a0cb8b9'  itemscope=\"itemscope\" itemtype=\"https:\/\/schema.org\/CreativeWork\" ><div id='tab-id-2-tab' class='tab' role='tab' aria-selected=\"false\" tabindex=\"0\" data-fake-id='#tab-id-2' aria-controls='tab-id-2-content'  itemprop=\"headline\" >Kontakt<\/div><div id='tab-id-2-content' class='tab_content' role='tabpanel' aria-labelledby='tab-id-2-tab' aria-hidden=\"true\"><div class='tab_inner_content invers-color'  itemprop=\"text\" ><p>Christel Richoz<\/p>\n<p>T 079 258 22 15<\/p>\n<p><a href=\"mailto:christel.richoz@reper-fr.ch\" target=\"_blank\" rel=\"noopener\">christel.richoz@reper-fr.ch<\/a><\/p>\n<p>Onur Songur<\/p>\n<p>T 079 951 00 46<\/p>\n<p><a href=\"mailto:onur.songur@reper-fr.ch\" target=\"_blank\" rel=\"noopener\">onur.songur@reper-fr.ch<\/a><\/p>\n<\/div><\/div><\/section>\n<section class='av_tab_section av_tab_section av-qr9w8u-5d2f87b715c402aeb2ceb4d879786106'  itemscope=\"itemscope\" itemtype=\"https:\/\/schema.org\/CreativeWork\" ><div id='tab-id-3-tab' class='tab' role='tab' aria-selected=\"false\" tabindex=\"0\" data-fake-id='#tab-id-3' aria-controls='tab-id-3-content'  itemprop=\"headline\" >\u00d6ffnungszeiten<\/div><div id='tab-id-3-content' class='tab_content' role='tabpanel' aria-labelledby='tab-id-3-tab' aria-hidden=\"true\"><div class='tab_inner_content invers-color'  itemprop=\"text\" ><p><a href=\"https:\/\/www.reper-fr.ch\/de\/ueber-uns\/kontakt\/kontakt\/\" target=\"_blank\" rel=\"noopener\">Hier klicken<\/a><\/p>\n<\/div><\/div><\/section>\n<\/div><br \/>\n\n<style type=\"text\/css\" data-created_by=\"avia_inline_auto\" id=\"style-css-av-9cyyfi-7f5113f4cc963fef37285211f199104e\">\n#top .av-special-heading.av-9cyyfi-7f5113f4cc963fef37285211f199104e{\npadding-bottom:10px;\n}\nbody .av-special-heading.av-9cyyfi-7f5113f4cc963fef37285211f199104e .av-special-heading-tag .heading-char{\nfont-size:25px;\n}\n.av-special-heading.av-9cyyfi-7f5113f4cc963fef37285211f199104e .av-subheading{\nfont-size:15px;\n}\n<\/style>\n<div  class='av-special-heading av-9cyyfi-7f5113f4cc963fef37285211f199104e av-special-heading-h3 custom-color-heading blockquote modern-quote  avia-builder-el-19  el_after_av_tab_container  el_before_av_tab_container '><div class='av-subheading av-subheading_above'><p>REPER<\/p>\n<\/div><h3 class='av-special-heading-tag '  itemprop=\"headline\"  >ZSA Schoenberg<\/h3><div class=\"special-heading-border\"><div class=\"special-heading-inner-border\"><\/div><\/div><\/div><br \/>\n<div  class='tabcontainer av-riijh1-21d4021e000352e7109e2189d95c6caf sidebar_tab sidebar_tab_left  avia-builder-el-20  el_after_av_heading  el_before_av_heading  noborder_tabs'>\n<section class='av_tab_section av_tab_section av-pkh3v9-85654d516803e13a5891781d8f3e38de'  itemscope=\"itemscope\" itemtype=\"https:\/\/schema.org\/CreativeWork\" ><div id='tab-id-4-tab' class='tab active_tab' role='tab' aria-selected=\"true\" tabindex=\"0\" data-fake-id='#tab-id-4' aria-controls='tab-id-4-content'  itemprop=\"headline\" >Adresse<\/div><div id='tab-id-4-content' class='tab_content active_tab_content' role='tabpanel' aria-labelledby='tab-id-4-tab' aria-hidden=\"false\"><div class='tab_inner_content invers-color'  itemprop=\"text\" ><p><strong>REPER<br \/>\n<\/strong>ZSA Schoenberg<\/p>\n<p>Mon-Repos Strasse 9<br \/>\nCH-1700 Freiburg<\/p>\n<\/div><\/div><\/section>\n<section class='av_tab_section av_tab_section av-lw40np-a982fee11273d49fee4015810bb4332b'  itemscope=\"itemscope\" itemtype=\"https:\/\/schema.org\/CreativeWork\" ><div id='tab-id-5-tab' class='tab' role='tab' aria-selected=\"false\" tabindex=\"0\" data-fake-id='#tab-id-5' aria-controls='tab-id-5-content'  itemprop=\"headline\" >Kontakt<\/div><div id='tab-id-5-content' class='tab_content' role='tabpanel' aria-labelledby='tab-id-5-tab' aria-hidden=\"true\"><div class='tab_inner_content invers-color'  itemprop=\"text\" ><p><a href=\"https:\/\/www.reper-fr.ch\/de\/ueber-uns\/kontakt\/kontakt\/\" target=\"_blank\" rel=\"noopener\">Hier klicken<\/a><\/p>\n<\/div><\/div><\/section>\n<\/div><br \/>\n\n<style type=\"text\/css\" data-created_by=\"avia_inline_auto\" id=\"style-css-av-qcp7cu-07411c0da549d457422147002942f876\">\n#top .av-special-heading.av-qcp7cu-07411c0da549d457422147002942f876{\npadding-bottom:10px;\n}\nbody .av-special-heading.av-qcp7cu-07411c0da549d457422147002942f876 .av-special-heading-tag .heading-char{\nfont-size:25px;\n}\n.av-special-heading.av-qcp7cu-07411c0da549d457422147002942f876 .av-subheading{\nfont-size:15px;\n}\n<\/style>\n<div  class='av-special-heading av-qcp7cu-07411c0da549d457422147002942f876 av-special-heading-h3 custom-color-heading blockquote modern-quote  avia-builder-el-21  el_after_av_tab_container  el_before_av_tab_container '><div class='av-subheading av-subheading_above'><p>REPER<\/p>\n<\/div><h3 class='av-special-heading-tag '  itemprop=\"headline\"  >ZSA Jura<\/h3><div class=\"special-heading-border\"><div class=\"special-heading-inner-border\"><\/div><\/div><\/div><br \/>\n<div  class='tabcontainer av-kx6qb9-34e61dff553c9263ce7e1a99d78cf9b3 sidebar_tab sidebar_tab_left  avia-builder-el-22  el_after_av_heading  el_before_av_heading  noborder_tabs'>\n<section class='av_tab_section av_tab_section av-j1i69h-0860d8fcc84294d11a0a62ddf8904649'  itemscope=\"itemscope\" itemtype=\"https:\/\/schema.org\/CreativeWork\" ><div id='tab-id-6-tab' class='tab active_tab' role='tab' aria-selected=\"true\" tabindex=\"0\" data-fake-id='#tab-id-6' aria-controls='tab-id-6-content'  itemprop=\"headline\" >Adresse<\/div><div id='tab-id-6-content' class='tab_content active_tab_content' role='tabpanel' aria-labelledby='tab-id-6-tab' aria-hidden=\"false\"><div class='tab_inner_content invers-color'  itemprop=\"text\" ><p><strong>REPER<\/strong><br \/>\nZSA Jura<\/p>\n<p>Av. du G\u00e9n\u00e9ral-Guisan 59<br \/>\nCH-1700 Freiburg<\/p>\n<\/div><\/div><\/section>\n<section class='av_tab_section av_tab_section av-fed8k5-3cc0eb8bfdeb6da892d869534e61140b'  itemscope=\"itemscope\" itemtype=\"https:\/\/schema.org\/CreativeWork\" ><div id='tab-id-7-tab' class='tab' role='tab' aria-selected=\"false\" tabindex=\"0\" data-fake-id='#tab-id-7' aria-controls='tab-id-7-content'  itemprop=\"headline\" >Kontakt<\/div><div id='tab-id-7-content' class='tab_content' role='tabpanel' aria-labelledby='tab-id-7-tab' aria-hidden=\"true\"><div class='tab_inner_content invers-color'  itemprop=\"text\" ><p><a href=\"https:\/\/www.reper-fr.ch\/de\/ueber-uns\/kontakt\/kontakt\/\" target=\"_blank\" rel=\"noopener\">Hier klicken<\/a><\/p>\n<\/div><\/div><\/section>\n<\/div><br \/>\n\n<style type=\"text\/css\" data-created_by=\"avia_inline_auto\" id=\"style-css-av-1ohoj2-3f93762ce62419c56f663d28e7764b89\">\n#top .av-special-heading.av-1ohoj2-3f93762ce62419c56f663d28e7764b89{\npadding-bottom:10px;\n}\nbody .av-special-heading.av-1ohoj2-3f93762ce62419c56f663d28e7764b89 .av-special-heading-tag .heading-char{\nfont-size:25px;\n}\n.av-special-heading.av-1ohoj2-3f93762ce62419c56f663d28e7764b89 .av-subheading{\nfont-size:15px;\n}\n<\/style>\n<div  class='av-special-heading av-1ohoj2-3f93762ce62419c56f663d28e7764b89 av-special-heading-h3 custom-color-heading blockquote modern-quote  avia-builder-el-23  el_after_av_tab_container  el_before_av_tab_container '><div class='av-subheading av-subheading_above'><p>REPER<\/p>\n<\/div><h3 class='av-special-heading-tag '  itemprop=\"headline\"  >ZSA Basse-Ville<\/h3><div class=\"special-heading-border\"><div class=\"special-heading-inner-border\"><\/div><\/div><\/div><br \/>\n<div  class='tabcontainer av-degi45-179f898223e4f4b62cd4f4ea9227538f sidebar_tab sidebar_tab_left  avia-builder-el-24  el_after_av_heading  el_before_av_heading  noborder_tabs'>\n<section class='av_tab_section av_tab_section av-cnaa2d-4d372414d7adc81edd3aae0f5901f8c2'  itemscope=\"itemscope\" itemtype=\"https:\/\/schema.org\/CreativeWork\" ><div id='tab-id-8-tab' class='tab active_tab' role='tab' aria-selected=\"true\" tabindex=\"0\" data-fake-id='#tab-id-8' aria-controls='tab-id-8-content'  itemprop=\"headline\" >Adresse<\/div><div id='tab-id-8-content' class='tab_content active_tab_content' role='tabpanel' aria-labelledby='tab-id-8-tab' aria-hidden=\"false\"><div class='tab_inner_content invers-color'  itemprop=\"text\" ><p><strong>REPER<\/strong><br \/>\nZSA Basse-Ville<\/p>\n<p>Planche-Inf\u00e9rieure 14<br \/>\nCH-1700 Freiburg<\/p>\n<\/div><\/div><\/section>\n<section class='av_tab_section av_tab_section av-364ph-76c264893a8434c657d2570ff4187ce0'  itemscope=\"itemscope\" itemtype=\"https:\/\/schema.org\/CreativeWork\" ><div id='tab-id-9-tab' class='tab' role='tab' aria-selected=\"false\" tabindex=\"0\" data-fake-id='#tab-id-9' aria-controls='tab-id-9-content'  itemprop=\"headline\" >Kontakt<\/div><div id='tab-id-9-content' class='tab_content' role='tabpanel' aria-labelledby='tab-id-9-tab' aria-hidden=\"true\"><div class='tab_inner_content invers-color'  itemprop=\"text\" ><p><a href=\"https:\/\/www.reper-fr.ch\/de\/ueber-uns\/kontakt\/kontakt\/\" target=\"_blank\" rel=\"noopener\">Hier klicken<\/a><\/p>\n<\/div><\/div><\/section>\n<\/div><br \/>\n\n<style type=\"text\/css\" data-created_by=\"avia_inline_auto\" id=\"style-css-av-9w41j2-183d643f64e040916638ac5003acab0a\">\n#top .av-special-heading.av-9w41j2-183d643f64e040916638ac5003acab0a{\npadding-bottom:10px;\n}\nbody .av-special-heading.av-9w41j2-183d643f64e040916638ac5003acab0a .av-special-heading-tag .heading-char{\nfont-size:25px;\n}\n.av-special-heading.av-9w41j2-183d643f64e040916638ac5003acab0a .av-subheading{\nfont-size:15px;\n}\n<\/style>\n<div  class='av-special-heading av-9w41j2-183d643f64e040916638ac5003acab0a av-special-heading-h3 custom-color-heading blockquote modern-quote  avia-builder-el-25  el_after_av_tab_container  el_before_av_tab_container '><div class='av-subheading av-subheading_above'><p>REPER<\/p>\n<\/div><h3 class='av-special-heading-tag '  itemprop=\"headline\"  >ZSA P\u00e9rolles<\/h3><div class=\"special-heading-border\"><div class=\"special-heading-inner-border\"><\/div><\/div><\/div><br \/>\n<div  class='tabcontainer av-oo3d1-193cf84df331b373259f65da21ed709e sidebar_tab sidebar_tab_left  avia-builder-el-26  el_after_av_heading  avia-builder-el-last  noborder_tabs'>\n<section class='av_tab_section av_tab_section av-5us72d-511072eaf31c57b682cd75f4bc35eb06'  itemscope=\"itemscope\" itemtype=\"https:\/\/schema.org\/CreativeWork\" ><div id='tab-id-10-tab' class='tab active_tab' role='tab' aria-selected=\"true\" tabindex=\"0\" data-fake-id='#tab-id-10' aria-controls='tab-id-10-content'  itemprop=\"headline\" >Adresse<\/div><div id='tab-id-10-content' class='tab_content active_tab_content' role='tabpanel' aria-labelledby='tab-id-10-tab' aria-hidden=\"false\"><div class='tab_inner_content invers-color'  itemprop=\"text\" ><p><strong>REPER<br \/>\n<\/strong>ZSA P\u00e9rolles<\/p>\n<p>Rte des Arsenaux 37<br \/>\nCH-1700 Freiburg<\/p>\n<\/div><\/div><\/section>\n<section class='av_tab_section av_tab_section av-27rjol-5f9b1604c9d11d0ebe60f6b9d05dea6a'  itemscope=\"itemscope\" itemtype=\"https:\/\/schema.org\/CreativeWork\" ><div id='tab-id-11-tab' class='tab' role='tab' aria-selected=\"false\" tabindex=\"0\" data-fake-id='#tab-id-11' aria-controls='tab-id-11-content'  itemprop=\"headline\" >Kontakt<\/div><div id='tab-id-11-content' class='tab_content' role='tabpanel' aria-labelledby='tab-id-11-tab' aria-hidden=\"true\"><div class='tab_inner_content invers-color'  itemprop=\"text\" ><p><a href=\"https:\/\/www.reper-fr.ch\/de\/ueber-uns\/kontakt\/kontakt\/\" target=\"_blank\" rel=\"noopener\">Hier klicken<\/a><\/p>\n<\/div><\/div><\/section>\n<\/div><\/p>\n<\/div><\/div><\/div>\n","protected":false},"excerpt":{"rendered":"","protected":false},"author":1,"featured_media":0,"parent":4853,"menu_order":5,"comment_status":"closed","ping_status":"closed","template":"","meta":{"_acf_changed":false,"footnotes":""},"class_list":["post-4885","page","type-page","status-publish","hentry"],"acf":[],"_links":{"self":[{"href":"https:\/\/www.reper-fr.ch\/de\/wp-json\/wp\/v2\/pages\/4885","targetHints":{"allow":["GET"]}}],"collection":[{"href":"https:\/\/www.reper-fr.ch\/de\/wp-json\/wp\/v2\/pages"}],"about":[{"href":"https:\/\/www.reper-fr.ch\/de\/wp-json\/wp\/v2\/types\/page"}],"author":[{"embeddable":true,"href":"https:\/\/www.reper-fr.ch\/de\/wp-json\/wp\/v2\/users\/1"}],"replies":[{"embeddable":true,"href":"https:\/\/www.reper-fr.ch\/de\/wp-json\/wp\/v2\/comments?post=4885"}],"version-history":[{"count":5,"href":"https:\/\/www.reper-fr.ch\/de\/wp-json\/wp\/v2\/pages\/4885\/revisions"}],"predecessor-version":[{"id":12055,"href":"https:\/\/www.reper-fr.ch\/de\/wp-json\/wp\/v2\/pages\/4885\/revisions\/12055"}],"up":[{"embeddable":true,"href":"https:\/\/www.reper-fr.ch\/de\/wp-json\/wp\/v2\/pages\/4853"}],"wp:attachment":[{"href":"https:\/\/www.reper-fr.ch\/de\/wp-json\/wp\/v2\/media?parent=4885"}],"curies":[{"name":"wp","href":"https:\/\/api.w.org\/{rel}","templated":true}]}}