{"id":4880,"date":"2021-04-22T15:19:19","date_gmt":"2021-04-22T13:19:19","guid":{"rendered":"https:\/\/www.reper-fr.ch\/privatpersonen\/bevoelkerung\/soziokulturelle-angebote\/crapouille\/"},"modified":"2022-04-04T09:53:18","modified_gmt":"2022-04-04T07:53:18","slug":"crapouille-d","status":"publish","type":"page","link":"https:\/\/www.reper-fr.ch\/de\/privatpersonen\/bevoelkerung\/soziokulturelle-angebote\/crapouille-d\/","title":{"rendered":"Crapouille"},"content":{"rendered":"<div id='av-layout-grid-1'  class='av-layout-grid-container av-g232zv-dc5012093d789f2e2290ec518f9d0637 entry-content-wrapper main_color av-flex-cells  avia-builder-el-0  el_before_av_layout_row  avia-builder-el-first  av-small-hide av-mini-hide container_wrap fullsize'  >\n\n<style type=\"text\/css\" data-created_by=\"avia_inline_auto\" id=\"style-css-av-ksintd1t-6e3ddf14a118cc00133cc9e977be0261\">\n.flex_cell.av-ksintd1t-6e3ddf14a118cc00133cc9e977be0261{\nvertical-align:bottom;\nheight:460px;\nmin-height:460px;\nbackground:url(https:\/\/www.reper-fr.ch\/wp-content\/uploads\/2022\/03\/REPER-Crapouille-image.jpg) 50% 0% no-repeat scroll ;\n}\n.responsive #top #wrap_all .flex_cell.av-ksintd1t-6e3ddf14a118cc00133cc9e977be0261{\npadding:200px 0px 200px 0px !important;\n}\n<\/style>\n<div class='flex_cell av-ksintd1t-6e3ddf14a118cc00133cc9e977be0261 av-gridrow-cell av_two_fifth no_margin  avia-builder-el-1  el_before_av_cell_three_fifth  avia-builder-el-first  content-align-bottom avia-full-stretch'  ><div class='flex_cell_inner'><\/div><\/div>\n<style type=\"text\/css\" data-created_by=\"avia_inline_auto\" id=\"style-css-av-el4d0r-b264ff0374f48c3f7a6cc919c79350d8\">\n.flex_cell.av-el4d0r-b264ff0374f48c3f7a6cc919c79350d8{\nvertical-align:bottom;\nheight:460px;\nmin-height:460px;\nbackground-color:#a40528;\n}\n.responsive #top #wrap_all .flex_cell.av-el4d0r-b264ff0374f48c3f7a6cc919c79350d8{\npadding:50px 0px 20px 40px !important;\n}\n<\/style>\n<div class='flex_cell av-el4d0r-b264ff0374f48c3f7a6cc919c79350d8 av-gridrow-cell av_three_fifth no_margin  avia-builder-el-2  el_after_av_cell_two_fifth  avia-builder-el-last  content-align-bottom avia-full-stretch'  ><div class='flex_cell_inner'>\n<style type=\"text\/css\" data-created_by=\"avia_inline_auto\" id=\"style-css-av-d73irv-757196035809a672559d869ce4ec26bf\">\n.flex_column.av-d73irv-757196035809a672559d869ce4ec26bf{\nborder-radius:0px 0px 0px 0px;\npadding:0px 0px 0px 0px;\n}\n<\/style>\n<div  class='flex_column av-d73irv-757196035809a672559d869ce4ec26bf av_three_fourth  avia-builder-el-3  avia-builder-el-no-sibling  first flex_column_div av-zero-column-padding  '     ><style type=\"text\/css\" data-created_by=\"avia_inline_auto\" id=\"style-css-av-ksinsu8p-88720f4980fb8f425a1c775a74a2c8eb\">\n#top .av-special-heading.av-ksinsu8p-88720f4980fb8f425a1c775a74a2c8eb{\nmargin:0 0 0 -10px;\npadding-bottom:10px;\ncolor:#ffffff;\n}\nbody .av-special-heading.av-ksinsu8p-88720f4980fb8f425a1c775a74a2c8eb .av-special-heading-tag .heading-char{\nfont-size:25px;\n}\n.av-special-heading.av-ksinsu8p-88720f4980fb8f425a1c775a74a2c8eb .special-heading-inner-border{\nborder-color:#ffffff;\n}\n.av-special-heading.av-ksinsu8p-88720f4980fb8f425a1c775a74a2c8eb .av-subheading{\nfont-size:15px;\n}\n<\/style>\n<div  class='av-special-heading av-ksinsu8p-88720f4980fb8f425a1c775a74a2c8eb av-special-heading-h1 custom-color-heading blockquote modern-quote  avia-builder-el-4  avia-builder-el-no-sibling '><h1 class='av-special-heading-tag '  itemprop=\"headline\"  >Crapouille<\/h1><div class=\"special-heading-border\"><div class=\"special-heading-inner-border\"><\/div><\/div><\/div><\/div>\n<\/div><\/div>\n<\/div>\n<div id='av-layout-grid-2'  class='av-layout-grid-container av-ksrn03sn-f5b2fd772399f7992fdcc7ed822a36d4 entry-content-wrapper main_color av-flex-cells  avia-builder-el-5  el_after_av_layout_row  el_before_av_layout_row  grid-row-not-first av-desktop-hide av-medium-hide container_wrap fullsize'  >\n\n<style type=\"text\/css\" data-created_by=\"avia_inline_auto\" id=\"style-css-av-ohduz-7deb35fabebe8b10765e17474d76e44f\">\n.flex_cell.av-ohduz-7deb35fabebe8b10765e17474d76e44f{\nvertical-align:bottom;\nheight:180px;\nmin-height:180px;\nbackground:url(https:\/\/www.reper-fr.ch\/wp-content\/uploads\/2022\/03\/REPER-Crapouille-image.jpg) 50% 0% no-repeat scroll ;\n}\n.responsive #top #wrap_all .flex_cell.av-ohduz-7deb35fabebe8b10765e17474d76e44f{\npadding:200px 0px 200px 0px !important;\n}\n<\/style>\n<div class='flex_cell av-ohduz-7deb35fabebe8b10765e17474d76e44f av-gridrow-cell av_two_fifth no_margin  avia-builder-el-6  el_before_av_cell_three_fifth  avia-builder-el-first  content-align-bottom avia-full-stretch'  ><div class='flex_cell_inner'><\/div><\/div>\n<style type=\"text\/css\" data-created_by=\"avia_inline_auto\" id=\"style-css-av-6ffvgb-56978c673dc0947523d061afb3fbf1f2\">\n.flex_cell.av-6ffvgb-56978c673dc0947523d061afb3fbf1f2{\nvertical-align:bottom;\nheight:180px;\nmin-height:180px;\nbackground-color:#a40528;\n}\n.responsive #top #wrap_all .flex_cell.av-6ffvgb-56978c673dc0947523d061afb3fbf1f2{\npadding:50px 0px 20px 40px !important;\n}\n<\/style>\n<div class='flex_cell av-6ffvgb-56978c673dc0947523d061afb3fbf1f2 av-gridrow-cell av_three_fifth no_margin  avia-builder-el-7  el_after_av_cell_two_fifth  avia-builder-el-last  content-align-bottom avia-full-stretch'  ><div class='flex_cell_inner'>\n<style type=\"text\/css\" data-created_by=\"avia_inline_auto\" id=\"style-css-av-f5it7-c5e9f1d3fb4b35cd262bc1697db86be7\">\n.flex_column.av-f5it7-c5e9f1d3fb4b35cd262bc1697db86be7{\nborder-radius:0px 0px 0px 0px;\npadding:0px 0px 0px 0px;\n}\n<\/style>\n<div  class='flex_column av-f5it7-c5e9f1d3fb4b35cd262bc1697db86be7 av_three_fourth  avia-builder-el-8  avia-builder-el-no-sibling  first flex_column_div av-zero-column-padding  '     ><style type=\"text\/css\" data-created_by=\"avia_inline_auto\" id=\"style-css-av-22l0ez-cb34078ef0f79dfaa83ed04b539ec4c2\">\n#top .av-special-heading.av-22l0ez-cb34078ef0f79dfaa83ed04b539ec4c2{\npadding-bottom:10px;\ncolor:#ffffff;\n}\nbody .av-special-heading.av-22l0ez-cb34078ef0f79dfaa83ed04b539ec4c2 .av-special-heading-tag .heading-char{\nfont-size:25px;\n}\n.av-special-heading.av-22l0ez-cb34078ef0f79dfaa83ed04b539ec4c2 .special-heading-inner-border{\nborder-color:#ffffff;\n}\n.av-special-heading.av-22l0ez-cb34078ef0f79dfaa83ed04b539ec4c2 .av-subheading{\nfont-size:15px;\n}\n<\/style>\n<div  class='av-special-heading av-22l0ez-cb34078ef0f79dfaa83ed04b539ec4c2 av-special-heading-h1 custom-color-heading blockquote modern-quote  avia-builder-el-9  avia-builder-el-no-sibling '><h1 class='av-special-heading-tag '  itemprop=\"headline\"  >Crapouille<\/h1><div class=\"special-heading-border\"><div class=\"special-heading-inner-border\"><\/div><\/div><\/div><\/div>\n<\/div><\/div>\n<\/div>\n<div id='av-layout-grid-3'  class='av-layout-grid-container av-amvh63-751bacfa4334b65dde65329cc207e841 entry-content-wrapper main_color av-flex-cells  avia-builder-el-10  el_after_av_layout_row  avia-builder-el-last  grid-row-not-first  container_wrap fullsize'  >\n\n<style type=\"text\/css\" data-created_by=\"avia_inline_auto\" id=\"style-css-av-9qzpq3-ec23b2589354450ea08453cfc5908eee\">\n.flex_cell.av-9qzpq3-ec23b2589354450ea08453cfc5908eee{\nvertical-align:top;\n}\n.responsive #top #wrap_all .flex_cell.av-9qzpq3-ec23b2589354450ea08453cfc5908eee{\npadding:40px 30px 30px 150px !important;\n}\n<\/style>\n<div class='flex_cell av-9qzpq3-ec23b2589354450ea08453cfc5908eee av-gridrow-cell av_two_fifth no_margin  avia-builder-el-11  el_before_av_cell_three_fifth  avia-builder-el-first  content-align-top'  ><div class='flex_cell_inner'>\n<style type=\"text\/css\" data-created_by=\"avia_inline_auto\" id=\"style-css-av-83jd97-71499230a39c2474ff9b887846e39a62\">\n.flex_column.av-83jd97-71499230a39c2474ff9b887846e39a62{\nborder-radius:0px 0px 0px 0px;\npadding:0px 0px 0px 0px;\n}\n<\/style>\n<div  class='flex_column av-83jd97-71499230a39c2474ff9b887846e39a62 av_one_full  avia-builder-el-12  avia-builder-el-no-sibling  first flex_column_div av-zero-column-padding  '     ><\/div>\n<\/div><\/div>\n<style type=\"text\/css\" data-created_by=\"avia_inline_auto\" id=\"style-css-av-3iwdcb-f6a0aab5c02e3cc55de33375e20023dd\">\n.flex_cell.av-3iwdcb-f6a0aab5c02e3cc55de33375e20023dd{\nvertical-align:top;\n}\n.responsive #top #wrap_all .flex_cell.av-3iwdcb-f6a0aab5c02e3cc55de33375e20023dd{\npadding:30px 30px 30px 30px !important;\n}\n<\/style>\n<div class='flex_cell av-3iwdcb-f6a0aab5c02e3cc55de33375e20023dd av-gridrow-cell av_three_fifth no_margin  avia-builder-el-14  el_after_av_cell_two_fifth  avia-builder-el-last  content-align-top'  ><div class='flex_cell_inner'><p>\n<style type=\"text\/css\" data-created_by=\"avia_inline_auto\" id=\"style-css-av-2do3p7-6db8edfbe25e32c171928eb82304ca1b\">\n.flex_column.av-2do3p7-6db8edfbe25e32c171928eb82304ca1b{\nborder-radius:0px 0px 0px 0px;\npadding:0px 0px 0px 0px;\n}\n<\/style>\n<div  class='flex_column av-2do3p7-6db8edfbe25e32c171928eb82304ca1b av_one_full  avia-builder-el-15  el_before_av_heading  avia-builder-el-first  first flex_column_div av-zero-column-padding  '     ><section  class='av_textblock_section av-ksino4em-77f3f43dda208825567e31160f6f08a3 '   itemscope=\"itemscope\" itemtype=\"https:\/\/schema.org\/CreativeWork\" ><div class='avia_textblock'  itemprop=\"text\" ><p><em><strong>Diese Leistung gibt es nur auf Franz\u00f6sisch<\/strong><\/em><\/p>\n<p>Dans le cadre de leurs activit\u00e9s, les <a href=\"https:\/\/www.reper-fr.ch\/particuliers\/grand-public\/offres-socioculturelles\/centres-d-animation-socioculturelle\/\" target=\"_blank\" rel=\"noopener\">centres d\u2019animation socioculturelle<\/a> (CAS) de REPER collaborent avec l\u2019association Crapouille. Celle-ci propose, durant l\u2019hiver et le printemps, des repr\u00e9sentations th\u00e9\u00e2trales pour les enfants.<\/p>\n<p>Celles-ci ont lieu dans la salle de spectacle du centre d\u2019animation du Schoenberg, les enfants peuvent \u00eatre accompagn\u00e9s de leurs proches. Vous trouverez le programme des pi\u00e8ces de th\u00e9\u00e2tre sur le <a href=\"https:\/\/www.crapouille.ch\/\" target=\"_blank\" rel=\"noopener\">site de l\u2019association Crapouille<\/a>.<\/p>\n<\/div><\/section><\/div>\n<style type=\"text\/css\" data-created_by=\"avia_inline_auto\" id=\"style-css-av-ksinp4qp-03d0ef4525e48c5ce898986dc7bbd588\">\n#top .av-special-heading.av-ksinp4qp-03d0ef4525e48c5ce898986dc7bbd588{\npadding-bottom:10px;\n}\nbody .av-special-heading.av-ksinp4qp-03d0ef4525e48c5ce898986dc7bbd588 .av-special-heading-tag .heading-char{\nfont-size:25px;\n}\n.av-special-heading.av-ksinp4qp-03d0ef4525e48c5ce898986dc7bbd588 .av-subheading{\nfont-size:15px;\n}\n<\/style>\n<div  class='av-special-heading av-ksinp4qp-03d0ef4525e48c5ce898986dc7bbd588 av-special-heading-h3 custom-color-heading blockquote modern-quote  avia-builder-el-17  el_after_av_one_full  el_before_av_tab_container '><div class='av-subheading av-subheading_above'><p>REPER<\/p>\n<\/div><h3 class='av-special-heading-tag '  itemprop=\"headline\"  >CAS Schoenberg<\/h3><div class=\"special-heading-border\"><div class=\"special-heading-inner-border\"><\/div><\/div><\/div><br \/>\n<div  class='tabcontainer av-7smhqj-480c106fd624748acebe0972ca4a2598 sidebar_tab sidebar_tab_left  avia-builder-el-18  el_after_av_heading  avia-builder-el-last  noborder_tabs'>\n<section class='av_tab_section av_tab_section av-5n9n3v-dca7a11c337e6210504773446f0cb9c5'  itemscope=\"itemscope\" itemtype=\"https:\/\/schema.org\/CreativeWork\" ><div id='tab-id-1-tab' class='tab active_tab' role='tab' aria-selected=\"true\" tabindex=\"0\" data-fake-id='#tab-id-1' aria-controls='tab-id-1-content'  itemprop=\"headline\" >Adresse<\/div><div id='tab-id-1-content' class='tab_content active_tab_content' role='tabpanel' aria-labelledby='tab-id-1-tab' aria-hidden=\"false\"><div class='tab_inner_content invers-color'  itemprop=\"text\" ><p><strong>REPER<br \/>\n<\/strong>CAS Schoenberg<\/p>\n<p>Rte Mon-Repos 9<br \/>\nCH-1700 Fribourg<\/p>\n<\/div><\/div><\/section>\n<section class='av_tab_section av_tab_section av-3jonuz-23480b98b87282763164922071857bd8'  itemscope=\"itemscope\" itemtype=\"https:\/\/schema.org\/CreativeWork\" ><div id='tab-id-2-tab' class='tab' role='tab' aria-selected=\"false\" tabindex=\"0\" data-fake-id='#tab-id-2' aria-controls='tab-id-2-content'  itemprop=\"headline\" >Contact<\/div><div id='tab-id-2-content' class='tab_content' role='tabpanel' aria-labelledby='tab-id-2-tab' aria-hidden=\"true\"><div class='tab_inner_content invers-color'  itemprop=\"text\" ><p>T +41 26 481 22 95<\/p>\n<p><a href=\"mailto:cas.schoenberg@reper-fr.ch\">cas.schoenberg@reper-fr.ch<\/a><\/p>\n<\/div><\/div><\/section>\n<section class='av_tab_section av_tab_section av-7pe17-3d8a86f48b9901f1598d37a838626769'  itemscope=\"itemscope\" itemtype=\"https:\/\/schema.org\/CreativeWork\" ><div id='tab-id-3-tab' class='tab' role='tab' aria-selected=\"false\" tabindex=\"0\" data-fake-id='#tab-id-3' aria-controls='tab-id-3-content'  itemprop=\"headline\" >Horaires<\/div><div id='tab-id-3-content' class='tab_content' role='tabpanel' aria-labelledby='tab-id-3-tab' aria-hidden=\"true\"><div class='tab_inner_content invers-color'  itemprop=\"text\" ><p>Mercredi 14:00 \u00e0 17:00<br \/>\nJeudi 15:30 \u00e0 19:00<br \/>\nVendredi 15:30 \u00e0 22:00 (sauf le 2e vendredi du mois)<br \/>\nSamedi 14:00 \u00e0 18:00 (1 samedi sur 2)<\/p>\n<\/div><\/div><\/section>\n<\/div><\/p>\n<\/div><\/div><\/div>\n","protected":false},"excerpt":{"rendered":"","protected":false},"author":1,"featured_media":0,"parent":4853,"menu_order":4,"comment_status":"closed","ping_status":"closed","template":"","meta":{"_acf_changed":false,"footnotes":""},"class_list":["post-4880","page","type-page","status-publish","hentry"],"acf":[],"_links":{"self":[{"href":"https:\/\/www.reper-fr.ch\/de\/wp-json\/wp\/v2\/pages\/4880","targetHints":{"allow":["GET"]}}],"collection":[{"href":"https:\/\/www.reper-fr.ch\/de\/wp-json\/wp\/v2\/pages"}],"about":[{"href":"https:\/\/www.reper-fr.ch\/de\/wp-json\/wp\/v2\/types\/page"}],"author":[{"embeddable":true,"href":"https:\/\/www.reper-fr.ch\/de\/wp-json\/wp\/v2\/users\/1"}],"replies":[{"embeddable":true,"href":"https:\/\/www.reper-fr.ch\/de\/wp-json\/wp\/v2\/comments?post=4880"}],"version-history":[{"count":5,"href":"https:\/\/www.reper-fr.ch\/de\/wp-json\/wp\/v2\/pages\/4880\/revisions"}],"predecessor-version":[{"id":11930,"href":"https:\/\/www.reper-fr.ch\/de\/wp-json\/wp\/v2\/pages\/4880\/revisions\/11930"}],"up":[{"embeddable":true,"href":"https:\/\/www.reper-fr.ch\/de\/wp-json\/wp\/v2\/pages\/4853"}],"wp:attachment":[{"href":"https:\/\/www.reper-fr.ch\/de\/wp-json\/wp\/v2\/media?parent=4880"}],"curies":[{"name":"wp","href":"https:\/\/api.w.org\/{rel}","templated":true}]}}