{"id":4864,"date":"2021-03-19T08:07:45","date_gmt":"2021-03-19T07:07:45","guid":{"rendered":"https:\/\/www.reper-fr.ch\/privatpersonen\/bevoelkerung\/soziokulturelle-angebote\/a-table\/"},"modified":"2024-08-12T11:50:12","modified_gmt":"2024-08-12T09:50:12","slug":"a-table-d","status":"publish","type":"page","link":"https:\/\/www.reper-fr.ch\/de\/privatpersonen\/bevoelkerung\/soziokulturelle-angebote\/a-table-d\/","title":{"rendered":"A table !"},"content":{"rendered":"<div id='av-layout-grid-1'  class='av-layout-grid-container av-g0ys8f-9005cd53bd904b40566ed6599e272042 entry-content-wrapper main_color av-flex-cells  avia-builder-el-0  el_before_av_layout_row  avia-builder-el-first  av-small-hide av-mini-hide container_wrap fullsize'  >\n\n<style type=\"text\/css\" data-created_by=\"avia_inline_auto\" id=\"style-css-av-ksio7318-8de39b9af95c233572cc5fbc967a6cac\">\n.flex_cell.av-ksio7318-8de39b9af95c233572cc5fbc967a6cac{\nvertical-align:bottom;\nheight:460px;\nmin-height:460px;\nbackground:url(https:\/\/www.reper-fr.ch\/wp-content\/uploads\/2021\/10\/REPER-CAS-A-table-image-1030x773.jpg) 50% 0% no-repeat scroll ;\n}\n.responsive #top #wrap_all .flex_cell.av-ksio7318-8de39b9af95c233572cc5fbc967a6cac{\npadding:200px 0px 200px 0px !important;\n}\n<\/style>\n<div class='flex_cell av-ksio7318-8de39b9af95c233572cc5fbc967a6cac av-gridrow-cell av_two_fifth no_margin  avia-builder-el-1  el_before_av_cell_three_fifth  avia-builder-el-first  content-align-bottom avia-full-stretch'  ><div class='flex_cell_inner'><\/div><\/div>\n<style type=\"text\/css\" data-created_by=\"avia_inline_auto\" id=\"style-css-av-efblfz-0822a2c052ed6c055252aa0412d8bfd9\">\n.flex_cell.av-efblfz-0822a2c052ed6c055252aa0412d8bfd9{\nvertical-align:bottom;\nheight:460px;\nmin-height:460px;\nbackground-color:#a40528;\n}\n.responsive #top #wrap_all .flex_cell.av-efblfz-0822a2c052ed6c055252aa0412d8bfd9{\npadding:50px 0px 20px 40px !important;\n}\n<\/style>\n<div class='flex_cell av-efblfz-0822a2c052ed6c055252aa0412d8bfd9 av-gridrow-cell av_three_fifth no_margin  avia-builder-el-2  el_after_av_cell_two_fifth  avia-builder-el-last  content-align-bottom avia-full-stretch'  ><div class='flex_cell_inner'>\n<style type=\"text\/css\" data-created_by=\"avia_inline_auto\" id=\"style-css-av-ccxwu7-49169e07503a027b2578f18e134f1d41\">\n.flex_column.av-ccxwu7-49169e07503a027b2578f18e134f1d41{\nborder-radius:0px 0px 0px 0px;\npadding:0px 0px 0px 0px;\n}\n<\/style>\n<div  class='flex_column av-ccxwu7-49169e07503a027b2578f18e134f1d41 av_three_fourth  avia-builder-el-3  avia-builder-el-no-sibling  first flex_column_div av-zero-column-padding  '     ><style type=\"text\/css\" data-created_by=\"avia_inline_auto\" id=\"style-css-av-ksio2wal-de441fd68b334e252978e1c8d23a5923\">\n#top .av-special-heading.av-ksio2wal-de441fd68b334e252978e1c8d23a5923{\nmargin:0 0 0 -10px;\npadding-bottom:10px;\ncolor:#ffffff;\n}\nbody .av-special-heading.av-ksio2wal-de441fd68b334e252978e1c8d23a5923 .av-special-heading-tag .heading-char{\nfont-size:25px;\n}\n.av-special-heading.av-ksio2wal-de441fd68b334e252978e1c8d23a5923 .special-heading-inner-border{\nborder-color:#ffffff;\n}\n.av-special-heading.av-ksio2wal-de441fd68b334e252978e1c8d23a5923 .av-subheading{\nfont-size:15px;\n}\n<\/style>\n<div  class='av-special-heading av-ksio2wal-de441fd68b334e252978e1c8d23a5923 av-special-heading-h1 custom-color-heading blockquote modern-quote  avia-builder-el-4  avia-builder-el-no-sibling '><h1 class='av-special-heading-tag '  itemprop=\"headline\"  ><span class='special_amp'>&#8222;<\/span>A table !<span class='special_amp'>&#8220;<\/span> &#8211; Essenszeit<\/h1><div class=\"special-heading-border\"><div class=\"special-heading-inner-border\"><\/div><\/div><\/div><\/div>\n<\/div><\/div>\n<\/div>\n<div id='av-layout-grid-2'  class='av-layout-grid-container av-kv0zops5-77632c56bbbe5e1f6f1624a096eeb97d entry-content-wrapper main_color av-flex-cells  avia-builder-el-5  el_after_av_layout_row  el_before_av_layout_row  grid-row-not-first av-desktop-hide av-medium-hide container_wrap fullsize'  >\n\n<style type=\"text\/css\" data-created_by=\"avia_inline_auto\" id=\"style-css-av-kv0zofye-5a2cee7f083f8bb0f32994851021bc8a\">\n.flex_cell.av-kv0zofye-5a2cee7f083f8bb0f32994851021bc8a{\nvertical-align:bottom;\nheight:180px;\nmin-height:180px;\nbackground:url(https:\/\/www.reper-fr.ch\/wp-content\/uploads\/2021\/10\/REPER-CAS-A-table-image-1030x773.jpg) 50% 0% no-repeat scroll ;\n}\n.responsive #top #wrap_all .flex_cell.av-kv0zofye-5a2cee7f083f8bb0f32994851021bc8a{\npadding:200px 0px 200px 0px !important;\n}\n<\/style>\n<div class='flex_cell av-kv0zofye-5a2cee7f083f8bb0f32994851021bc8a av-gridrow-cell av_two_fifth no_margin  avia-builder-el-6  el_before_av_cell_three_fifth  avia-builder-el-first  content-align-bottom avia-full-stretch'  ><div class='flex_cell_inner'><\/div><\/div>\n<style type=\"text\/css\" data-created_by=\"avia_inline_auto\" id=\"style-css-av-6kjze7-c208c724fb002f9f8c9fcbfa8a5e66f1\">\n.flex_cell.av-6kjze7-c208c724fb002f9f8c9fcbfa8a5e66f1{\nvertical-align:bottom;\nheight:180px;\nmin-height:180px;\nbackground-color:#a40528;\n}\n.responsive #top #wrap_all .flex_cell.av-6kjze7-c208c724fb002f9f8c9fcbfa8a5e66f1{\npadding:50px 0px 20px 40px !important;\n}\n<\/style>\n<div class='flex_cell av-6kjze7-c208c724fb002f9f8c9fcbfa8a5e66f1 av-gridrow-cell av_three_fifth no_margin  avia-builder-el-7  el_after_av_cell_two_fifth  avia-builder-el-last  content-align-bottom avia-full-stretch'  ><div class='flex_cell_inner'>\n<style type=\"text\/css\" data-created_by=\"avia_inline_auto\" id=\"style-css-av-3p4k6n-9c92e5abe818f23dcc302ce4698eafd5\">\n.flex_column.av-3p4k6n-9c92e5abe818f23dcc302ce4698eafd5{\nborder-radius:0px 0px 0px 0px;\npadding:0px 0px 0px 0px;\n}\n<\/style>\n<div  class='flex_column av-3p4k6n-9c92e5abe818f23dcc302ce4698eafd5 av_three_fourth  avia-builder-el-8  avia-builder-el-no-sibling  first flex_column_div av-zero-column-padding  '     ><style type=\"text\/css\" data-created_by=\"avia_inline_auto\" id=\"style-css-av-2a8utr-28285b98671006d822bc52ed776d3ca8\">\n#top .av-special-heading.av-2a8utr-28285b98671006d822bc52ed776d3ca8{\npadding-bottom:10px;\ncolor:#ffffff;\n}\nbody .av-special-heading.av-2a8utr-28285b98671006d822bc52ed776d3ca8 .av-special-heading-tag .heading-char{\nfont-size:25px;\n}\n.av-special-heading.av-2a8utr-28285b98671006d822bc52ed776d3ca8 .special-heading-inner-border{\nborder-color:#ffffff;\n}\n.av-special-heading.av-2a8utr-28285b98671006d822bc52ed776d3ca8 .av-subheading{\nfont-size:15px;\n}\n<\/style>\n<div  class='av-special-heading av-2a8utr-28285b98671006d822bc52ed776d3ca8 av-special-heading-h1 custom-color-heading blockquote modern-quote  avia-builder-el-9  avia-builder-el-no-sibling '><h1 class='av-special-heading-tag '  itemprop=\"headline\"  ><span class='special_amp'>&#8222;<\/span>A table !<span class='special_amp'>&#8220;<\/span> &#8211; Essenszeit<\/h1><div class=\"special-heading-border\"><div class=\"special-heading-inner-border\"><\/div><\/div><\/div><\/div>\n<\/div><\/div>\n<\/div>\n<div id='av-layout-grid-3'  class='av-layout-grid-container av-axdcf3-796e31aa6f1e4f3bbe4a537d94f0dfd3 entry-content-wrapper main_color av-flex-cells  avia-builder-el-10  el_after_av_layout_row  avia-builder-el-last  grid-row-not-first  container_wrap fullsize'  >\n\n<style type=\"text\/css\" data-created_by=\"avia_inline_auto\" id=\"style-css-av-8gjwe7-d226fbbeb596015aaf5b60053c348ee4\">\n.flex_cell.av-8gjwe7-d226fbbeb596015aaf5b60053c348ee4{\nvertical-align:top;\n}\n.responsive #top #wrap_all .flex_cell.av-8gjwe7-d226fbbeb596015aaf5b60053c348ee4{\npadding:40px 30px 30px 150px !important;\n}\n<\/style>\n<div class='flex_cell av-8gjwe7-d226fbbeb596015aaf5b60053c348ee4 av-gridrow-cell av_two_fifth no_margin  avia-builder-el-11  el_before_av_cell_three_fifth  avia-builder-el-first  content-align-top'  ><div class='flex_cell_inner'>\n<style type=\"text\/css\" data-created_by=\"avia_inline_auto\" id=\"style-css-av-pqlsv-fc4657d40c928c9d3cbcf8db16c19da5\">\n.flex_column.av-pqlsv-fc4657d40c928c9d3cbcf8db16c19da5{\nborder-radius:0px 0px 0px 0px;\npadding:0px 0px 0px 0px;\n}\n<\/style>\n<div  class='flex_column av-pqlsv-fc4657d40c928c9d3cbcf8db16c19da5 av_one_full  avia-builder-el-12  avia-builder-el-no-sibling  first flex_column_div av-zero-column-padding  '     ><\/div>\n<\/div><\/div>\n<style type=\"text\/css\" data-created_by=\"avia_inline_auto\" id=\"style-css-av-42n3m7-7030d4bb8bca85f6ff83243e730a44ea\">\n.flex_cell.av-42n3m7-7030d4bb8bca85f6ff83243e730a44ea{\nvertical-align:top;\n}\n.responsive #top #wrap_all .flex_cell.av-42n3m7-7030d4bb8bca85f6ff83243e730a44ea{\npadding:30px 30px 30px 30px !important;\n}\n<\/style>\n<div class='flex_cell av-42n3m7-7030d4bb8bca85f6ff83243e730a44ea av-gridrow-cell av_three_fifth no_margin  avia-builder-el-14  el_after_av_cell_two_fifth  avia-builder-el-last  content-align-top'  ><div class='flex_cell_inner'><p>\n<style type=\"text\/css\" data-created_by=\"avia_inline_auto\" id=\"style-css-av-2bbv5b-db9ec00a0a8d07d2c4c668550c15b292\">\n.flex_column.av-2bbv5b-db9ec00a0a8d07d2c4c668550c15b292{\nborder-radius:0px 0px 0px 0px;\npadding:0px 0px 0px 0px;\n}\n<\/style>\n<div  class='flex_column av-2bbv5b-db9ec00a0a8d07d2c4c668550c15b292 av_one_full  avia-builder-el-15  el_before_av_heading  avia-builder-el-first  first flex_column_div av-zero-column-padding  '     ><section  class='av_textblock_section av-ksio3jau-0780f81b5d6f51fc704a066972f33ab0 '   itemscope=\"itemscope\" itemtype=\"https:\/\/schema.org\/CreativeWork\" ><div class='avia_textblock'  itemprop=\"text\" ><p>Einmal im Monat bietet das Zentrum f\u00fcr soziokulturelle Animation Basse-Ville den Quartierbewohnerinnen und -bewohnern (und anderswo) ein g\u00fcnstiges partizipatives Essen (CHF 5.-), bei dem sie sich treffen und sich austauschen k\u00f6nnen.<\/p>\n<p>Das Kochteam steckt bereits am Morgen die K\u00f6pfe zusammen, um ein leckeres Men\u00fc auszuhecken. Der Mahlzeitendienst beginnt um 12 Uhr.<\/p>\n<p>Das Essen findet im Zentrum f\u00fcr soziokulturelle Animation statt, auf mehreren Tischen, die sch\u00f6n im Raum angeordnet sind.<\/p>\n<\/div><\/section><\/div>\n<style type=\"text\/css\" data-created_by=\"avia_inline_auto\" id=\"style-css-av-ksio3trv-c9d394d93a5996ae6c8d4205d1f40c71\">\n#top .av-special-heading.av-ksio3trv-c9d394d93a5996ae6c8d4205d1f40c71{\npadding-bottom:10px;\n}\nbody .av-special-heading.av-ksio3trv-c9d394d93a5996ae6c8d4205d1f40c71 .av-special-heading-tag .heading-char{\nfont-size:25px;\n}\n.av-special-heading.av-ksio3trv-c9d394d93a5996ae6c8d4205d1f40c71 .av-subheading{\nfont-size:15px;\n}\n<\/style>\n<div  class='av-special-heading av-ksio3trv-c9d394d93a5996ae6c8d4205d1f40c71 av-special-heading-h3 custom-color-heading blockquote modern-quote  avia-builder-el-17  el_after_av_one_full  el_before_av_tab_container '><div class='av-subheading av-subheading_above'><p>REPER<\/p>\n<\/div><h3 class='av-special-heading-tag '  itemprop=\"headline\"  >ZSA Basse-Ville<\/h3><div class=\"special-heading-border\"><div class=\"special-heading-inner-border\"><\/div><\/div><\/div><br \/>\n<div  class='tabcontainer av-83xksw-66558e7149e5007b3193f0d705d42ba0 sidebar_tab sidebar_tab_left  avia-builder-el-18  el_after_av_heading  avia-builder-el-last  noborder_tabs'>\n<section class='av_tab_section av_tab_section av-54wp3k-b8616ae74831031063727b56e068fa8d'  itemscope=\"itemscope\" itemtype=\"https:\/\/schema.org\/CreativeWork\" ><div id='tab-id-1-tab' class='tab active_tab' role='tab' aria-selected=\"true\" tabindex=\"0\" data-fake-id='#tab-id-1' aria-controls='tab-id-1-content'  itemprop=\"headline\" >Adresse<\/div><div id='tab-id-1-content' class='tab_content active_tab_content' role='tabpanel' aria-labelledby='tab-id-1-tab' aria-hidden=\"false\"><div class='tab_inner_content invers-color'  itemprop=\"text\" ><p><strong>REPER<\/strong><br \/>\nZSA Basse-Ville<\/p>\n<p>Planche-Inf\u00e9rieure 14<br \/>\nCH-1700 Freiburg<\/p>\n<\/div><\/div><\/section>\n<section class='av_tab_section av_tab_section av-75y5s-317c50e00aa922eb893494cc587e4a13'  itemscope=\"itemscope\" itemtype=\"https:\/\/schema.org\/CreativeWork\" ><div id='tab-id-2-tab' class='tab' role='tab' aria-selected=\"false\" tabindex=\"0\" data-fake-id='#tab-id-2' aria-controls='tab-id-2-content'  itemprop=\"headline\" >Kontakt<\/div><div id='tab-id-2-content' class='tab_content' role='tabpanel' aria-labelledby='tab-id-2-tab' aria-hidden=\"true\"><div class='tab_inner_content invers-color'  itemprop=\"text\" ><p><a href=\"https:\/\/www.reper-fr.ch\/de\/ueber-uns\/kontakt\/kontakt\/\" target=\"_blank\" rel=\"noopener\">Hier klicken<\/a><\/p>\n<\/div><\/div><\/section>\n<\/div><\/p>\n<\/div><\/div><\/div>\n","protected":false},"excerpt":{"rendered":"","protected":false},"author":1,"featured_media":0,"parent":4853,"menu_order":2,"comment_status":"closed","ping_status":"closed","template":"","meta":{"_acf_changed":false,"footnotes":""},"class_list":["post-4864","page","type-page","status-publish","hentry"],"acf":[],"_links":{"self":[{"href":"https:\/\/www.reper-fr.ch\/de\/wp-json\/wp\/v2\/pages\/4864","targetHints":{"allow":["GET"]}}],"collection":[{"href":"https:\/\/www.reper-fr.ch\/de\/wp-json\/wp\/v2\/pages"}],"about":[{"href":"https:\/\/www.reper-fr.ch\/de\/wp-json\/wp\/v2\/types\/page"}],"author":[{"embeddable":true,"href":"https:\/\/www.reper-fr.ch\/de\/wp-json\/wp\/v2\/users\/1"}],"replies":[{"embeddable":true,"href":"https:\/\/www.reper-fr.ch\/de\/wp-json\/wp\/v2\/comments?post=4864"}],"version-history":[{"count":5,"href":"https:\/\/www.reper-fr.ch\/de\/wp-json\/wp\/v2\/pages\/4864\/revisions"}],"predecessor-version":[{"id":12052,"href":"https:\/\/www.reper-fr.ch\/de\/wp-json\/wp\/v2\/pages\/4864\/revisions\/12052"}],"up":[{"embeddable":true,"href":"https:\/\/www.reper-fr.ch\/de\/wp-json\/wp\/v2\/pages\/4853"}],"wp:attachment":[{"href":"https:\/\/www.reper-fr.ch\/de\/wp-json\/wp\/v2\/media?parent=4864"}],"curies":[{"name":"wp","href":"https:\/\/api.w.org\/{rel}","templated":true}]}}