{"id":4816,"date":"2021-09-13T14:45:50","date_gmt":"2021-09-13T12:45:50","guid":{"rendered":"https:\/\/www.reper-fr.ch\/privatpersonen\/eltern\/paedagogische-hilfsmittel\/methode-3e\/"},"modified":"2024-08-12T11:41:39","modified_gmt":"2024-08-12T09:41:39","slug":"methode-3e-d","status":"publish","type":"page","link":"https:\/\/www.reper-fr.ch\/de\/privatpersonen\/eltern\/paedagogische-hilfsmittel\/methode-3e-d\/","title":{"rendered":"3e-Methode"},"content":{"rendered":"<div id='av-layout-grid-1'  class='av-layout-grid-container av-ngtqdt-270d5646decfc0a164ee0e1503b73833 entry-content-wrapper main_color av-flex-cells  avia-builder-el-0  el_before_av_layout_row  avia-builder-el-first  av-small-hide av-mini-hide container_wrap fullsize'  >\n\n<style type=\"text\/css\" data-created_by=\"avia_inline_auto\" id=\"style-css-av-ktlk40qn-2d4ecbae8dd12952e8c96d11e337fc78\">\n.flex_cell.av-ktlk40qn-2d4ecbae8dd12952e8c96d11e337fc78{\nvertical-align:bottom;\nheight:460px;\nmin-height:460px;\n}\n.responsive #top #wrap_all .flex_cell.av-ktlk40qn-2d4ecbae8dd12952e8c96d11e337fc78{\npadding:200px 0px 200px 0px !important;\n}\n<\/style>\n<div class='flex_cell av-ktlk40qn-2d4ecbae8dd12952e8c96d11e337fc78 av-gridrow-cell av_two_fifth no_margin  avia-builder-el-1  el_before_av_cell_three_fifth  avia-builder-el-first  content-align-bottom avia-full-stretch'  ><div class='flex_cell_inner'><\/div><\/div>\n<style type=\"text\/css\" data-created_by=\"avia_inline_auto\" id=\"style-css-av-29ko01-0a4c240e9238f60d0ce22c83b074a635\">\n.flex_cell.av-29ko01-0a4c240e9238f60d0ce22c83b074a635{\nvertical-align:bottom;\nheight:460px;\nmin-height:460px;\nbackground-color:#a40528;\n}\n.responsive #top #wrap_all .flex_cell.av-29ko01-0a4c240e9238f60d0ce22c83b074a635{\npadding:50px 0px 20px 40px !important;\n}\n<\/style>\n<div class='flex_cell av-29ko01-0a4c240e9238f60d0ce22c83b074a635 av-gridrow-cell av_three_fifth no_margin  avia-builder-el-2  el_after_av_cell_two_fifth  avia-builder-el-last  content-align-bottom avia-full-stretch'  ><div class='flex_cell_inner'>\n<style type=\"text\/css\" data-created_by=\"avia_inline_auto\" id=\"style-css-av-klp8ox-1c0bdf3eca1bdd5315f8018c5f66e951\">\n.flex_column.av-klp8ox-1c0bdf3eca1bdd5315f8018c5f66e951{\nborder-radius:0px 0px 0px 0px;\npadding:0px 0px 0px 0px;\n}\n<\/style>\n<div  class='flex_column av-klp8ox-1c0bdf3eca1bdd5315f8018c5f66e951 av_three_fourth  avia-builder-el-3  avia-builder-el-no-sibling  first flex_column_div av-zero-column-padding  '     ><style type=\"text\/css\" data-created_by=\"avia_inline_auto\" id=\"style-css-av-ktljx62s-5c429997fb45e306ad126feeb22ed8c1\">\n#top .av-special-heading.av-ktljx62s-5c429997fb45e306ad126feeb22ed8c1{\nmargin:0 0 0 -10px;\npadding-bottom:10px;\ncolor:#ffffff;\n}\nbody .av-special-heading.av-ktljx62s-5c429997fb45e306ad126feeb22ed8c1 .av-special-heading-tag .heading-char{\nfont-size:25px;\n}\n.av-special-heading.av-ktljx62s-5c429997fb45e306ad126feeb22ed8c1 .special-heading-inner-border{\nborder-color:#ffffff;\n}\n.av-special-heading.av-ktljx62s-5c429997fb45e306ad126feeb22ed8c1 .av-subheading{\nfont-size:15px;\n}\n<\/style>\n<div  class='av-special-heading av-ktljx62s-5c429997fb45e306ad126feeb22ed8c1 av-special-heading-h1 custom-color-heading blockquote modern-quote  avia-builder-el-4  avia-builder-el-no-sibling '><h1 class='av-special-heading-tag '  itemprop=\"headline\"  >3e-Methode<\/h1><div class=\"special-heading-border\"><div class=\"special-heading-inner-border\"><\/div><\/div><\/div><\/div>\n<\/div><\/div>\n<\/div>\n<div id='av-layout-grid-2'  class='av-layout-grid-container av-il4xhd-5c47667df69cdd212bf03769de00f50d entry-content-wrapper main_color av-flex-cells  avia-builder-el-5  el_after_av_layout_row  el_before_av_layout_row  grid-row-not-first av-desktop-hide av-medium-hide container_wrap fullsize'  >\n\n<style type=\"text\/css\" data-created_by=\"avia_inline_auto\" id=\"style-css-av-ktlk9z8r-0ca4f924ad1e7af9373d02c204b06d29\">\n.flex_cell.av-ktlk9z8r-0ca4f924ad1e7af9373d02c204b06d29{\nvertical-align:bottom;\nheight:180px;\nmin-height:180px;\n}\n.responsive #top #wrap_all .flex_cell.av-ktlk9z8r-0ca4f924ad1e7af9373d02c204b06d29{\npadding:200px 0px 200px 0px !important;\n}\n<\/style>\n<div class='flex_cell av-ktlk9z8r-0ca4f924ad1e7af9373d02c204b06d29 av-gridrow-cell av_two_fifth no_margin  avia-builder-el-6  el_before_av_cell_three_fifth  avia-builder-el-first  content-align-bottom avia-full-stretch'  ><div class='flex_cell_inner'><\/div><\/div>\n<style type=\"text\/css\" data-created_by=\"avia_inline_auto\" id=\"style-css-av-hh4tch-855015d42163c6c784b971a1f5dc6cf1\">\n.flex_cell.av-hh4tch-855015d42163c6c784b971a1f5dc6cf1{\nvertical-align:bottom;\nheight:180px;\nmin-height:180px;\nbackground-color:#a40528;\n}\n.responsive #top #wrap_all .flex_cell.av-hh4tch-855015d42163c6c784b971a1f5dc6cf1{\npadding:50px 0px 20px 40px !important;\n}\n<\/style>\n<div class='flex_cell av-hh4tch-855015d42163c6c784b971a1f5dc6cf1 av-gridrow-cell av_three_fifth no_margin  avia-builder-el-7  el_after_av_cell_two_fifth  avia-builder-el-last  content-align-bottom avia-full-stretch'  ><div class='flex_cell_inner'>\n<style type=\"text\/css\" data-created_by=\"avia_inline_auto\" id=\"style-css-av-gco72p-463c2270d8869672f5290bf723566453\">\n.flex_column.av-gco72p-463c2270d8869672f5290bf723566453{\nborder-radius:0px 0px 0px 0px;\npadding:0px 0px 0px 0px;\n}\n<\/style>\n<div  class='flex_column av-gco72p-463c2270d8869672f5290bf723566453 av_three_fourth  avia-builder-el-8  avia-builder-el-no-sibling  first flex_column_div av-zero-column-padding  '     ><style type=\"text\/css\" data-created_by=\"avia_inline_auto\" id=\"style-css-av-ktljwzur-a63e15736e6e191220a42f2bb0079c56\">\n#top .av-special-heading.av-ktljwzur-a63e15736e6e191220a42f2bb0079c56{\npadding-bottom:10px;\ncolor:#ffffff;\n}\nbody .av-special-heading.av-ktljwzur-a63e15736e6e191220a42f2bb0079c56 .av-special-heading-tag .heading-char{\nfont-size:25px;\n}\n.av-special-heading.av-ktljwzur-a63e15736e6e191220a42f2bb0079c56 .special-heading-inner-border{\nborder-color:#ffffff;\n}\n.av-special-heading.av-ktljwzur-a63e15736e6e191220a42f2bb0079c56 .av-subheading{\nfont-size:15px;\n}\n<\/style>\n<div  class='av-special-heading av-ktljwzur-a63e15736e6e191220a42f2bb0079c56 av-special-heading-h1 custom-color-heading blockquote modern-quote  avia-builder-el-9  avia-builder-el-no-sibling '><h1 class='av-special-heading-tag '  itemprop=\"headline\"  >3e-Methode<\/h1><div class=\"special-heading-border\"><div class=\"special-heading-inner-border\"><\/div><\/div><\/div><\/div>\n<\/div><\/div>\n<\/div>\n<div id='av-layout-grid-3'  class='av-layout-grid-container av-dr6a8h-1a1d2afa7b0d3bb707cb0a5d3d5f759e entry-content-wrapper main_color av-flex-cells  avia-builder-el-10  el_after_av_layout_row  avia-builder-el-last  grid-row-not-first  container_wrap fullsize'  >\n\n<style type=\"text\/css\" data-created_by=\"avia_inline_auto\" id=\"style-css-av-d5tgrl-df337a1d5c93d415dfb4ed9c1641f877\">\n.flex_cell.av-d5tgrl-df337a1d5c93d415dfb4ed9c1641f877{\nvertical-align:top;\n}\n.responsive #top #wrap_all .flex_cell.av-d5tgrl-df337a1d5c93d415dfb4ed9c1641f877{\npadding:40px 30px 30px 150px !important;\n}\n<\/style>\n<div class='flex_cell av-d5tgrl-df337a1d5c93d415dfb4ed9c1641f877 av-gridrow-cell av_two_fifth no_margin  avia-builder-el-11  el_before_av_cell_three_fifth  avia-builder-el-first  content-align-top'  ><div class='flex_cell_inner'>\n<style type=\"text\/css\" data-created_by=\"avia_inline_auto\" id=\"style-css-av-a8ddtd-38a4fb7435fe44bf1a7d21fe62ef685e\">\n.flex_column.av-a8ddtd-38a4fb7435fe44bf1a7d21fe62ef685e{\nborder-radius:0px 0px 0px 0px;\npadding:0px 0px 0px 0px;\n}\n<\/style>\n<div  class='flex_column av-a8ddtd-38a4fb7435fe44bf1a7d21fe62ef685e av_one_full  avia-builder-el-12  avia-builder-el-no-sibling  first flex_column_div av-zero-column-padding  '     ><\/div>\n<\/div><\/div>\n<style type=\"text\/css\" data-created_by=\"avia_inline_auto\" id=\"style-css-av-7p54sh-a8dfc7a790a7a8084379da4db8053eb2\">\n.flex_cell.av-7p54sh-a8dfc7a790a7a8084379da4db8053eb2{\nvertical-align:top;\n}\n.responsive #top #wrap_all .flex_cell.av-7p54sh-a8dfc7a790a7a8084379da4db8053eb2{\npadding:30px 30px 30px 30px !important;\n}\n<\/style>\n<div class='flex_cell av-7p54sh-a8dfc7a790a7a8084379da4db8053eb2 av-gridrow-cell av_three_fifth no_margin  avia-builder-el-14  el_after_av_cell_two_fifth  avia-builder-el-last  content-align-top'  ><div class='flex_cell_inner'><p>\n<style type=\"text\/css\" data-created_by=\"avia_inline_auto\" id=\"style-css-av-62csip-2dd7d2d4f21f7f41fa2907c3cb678428\">\n.flex_column.av-62csip-2dd7d2d4f21f7f41fa2907c3cb678428{\nborder-radius:0px 0px 0px 0px;\npadding:0px 0px 0px 0px;\n}\n<\/style>\n<div  class='flex_column av-62csip-2dd7d2d4f21f7f41fa2907c3cb678428 av_one_full  avia-builder-el-15  el_before_av_heading  avia-builder-el-first  first flex_column_div av-zero-column-padding  '     ><section  class='av_textblock_section av-ktljwtjm-8a5a5a4343baf91a6ce798a92b78b378 '   itemscope=\"itemscope\" itemtype=\"https:\/\/schema.org\/CreativeWork\" ><div class='avia_textblock'  itemprop=\"text\" ><p><em><strong>Diese Leistung gibt es nur auf Franz\u00f6sisch<\/strong><\/em><\/p>\n<p>Die digitalen Medien sind in unserem Leben und in dem unserer Kinder von grosser Bedeutung. Deshalb ist es sehr wichtig, Kinder zu begleiten, wenn sie lernen, die digitalen Medien zu nutzen.<\/p>\n<p>Da es momentan jedoch kein erwiesenes Patentrezept daf\u00fcr gibt, wird der Umgang mit digitalen Medien zur t\u00e4glichen Herausforderung f\u00fcr die Eltern, die an vorderster Front mit dieser Aufgabe konfrontiert sind.<\/p>\n<p>Um die Eltern dabei zu unterst\u00fctzen, hat REPER einen Ansatz namens 3e-Methode entwickelt. Sie ist f\u00fcr Eltern von Kindern zwischen 5 und 10 Jahren konzipiert und soll dabei helfen, einen gesunden Umgang mit digitalen Medien im Familienalltag zu finden.<\/p>\n<p>N\u00e4here Informationen zur <a href=\"https:\/\/prevention-ecrans.ch\/methode-3e\/\" target=\"_blank\" rel=\"noopener\">3e-Methode<\/a> finden Sie auf unserer Website zur Pr\u00e4vention im Bereich digitale Medien.<\/p>\n<\/div><\/section><\/div>\n<style type=\"text\/css\" data-created_by=\"avia_inline_auto\" id=\"style-css-av-ktljygyu-91f47944582555fc8a50b48b809ad8f5\">\n#top .av-special-heading.av-ktljygyu-91f47944582555fc8a50b48b809ad8f5{\npadding-bottom:10px;\n}\nbody .av-special-heading.av-ktljygyu-91f47944582555fc8a50b48b809ad8f5 .av-special-heading-tag .heading-char{\nfont-size:25px;\n}\n.av-special-heading.av-ktljygyu-91f47944582555fc8a50b48b809ad8f5 .av-subheading{\nfont-size:15px;\n}\n<\/style>\n<div  class='av-special-heading av-ktljygyu-91f47944582555fc8a50b48b809ad8f5 av-special-heading-h3 custom-color-heading blockquote modern-quote  avia-builder-el-17  el_after_av_one_full  el_before_av_tab_container '><div class='av-subheading av-subheading_above'><p>REPER<\/p>\n<\/div><h3 class='av-special-heading-tag '  itemprop=\"headline\"  >Information <span class='special_amp'>&amp;<\/span> Projekte<\/h3><div class=\"special-heading-border\"><div class=\"special-heading-inner-border\"><\/div><\/div><\/div><br \/>\n<div  class='tabcontainer av-7zjtr4-98c6a927a2a2066407c231ed67c789fd sidebar_tab sidebar_tab_left  avia-builder-el-18  el_after_av_heading  avia-builder-el-last  noborder_tabs'>\n<section class='av_tab_section av_tab_section av-j1jn4-ee8d63c9f05db3e154ae2daa571d16fa'  itemscope=\"itemscope\" itemtype=\"https:\/\/schema.org\/CreativeWork\" ><div id='tab-id-1-tab' class='tab active_tab' role='tab' aria-selected=\"true\" tabindex=\"0\" data-fake-id='#tab-id-1' aria-controls='tab-id-1-content'  itemprop=\"headline\" >Adresse<\/div><div id='tab-id-1-content' class='tab_content active_tab_content' role='tabpanel' aria-labelledby='tab-id-1-tab' aria-hidden=\"false\"><div class='tab_inner_content invers-color'  itemprop=\"text\" ><p><strong>REPER<br \/>\n<\/strong>Information &amp; Projekte<\/p>\n<p>Jurastrasse 29<br \/>\nCH-1700 Freiburg<\/p>\n<\/div><\/div><\/section>\n<section class='av_tab_section av_tab_section av-3a1xjk-e610084f77cb749a408d6efc697dcc9e'  itemscope=\"itemscope\" itemtype=\"https:\/\/schema.org\/CreativeWork\" ><div id='tab-id-2-tab' class='tab' role='tab' aria-selected=\"false\" tabindex=\"0\" data-fake-id='#tab-id-2' aria-controls='tab-id-2-content'  itemprop=\"headline\" >Kontakt<\/div><div id='tab-id-2-content' class='tab_content' role='tabpanel' aria-labelledby='tab-id-2-tab' aria-hidden=\"true\"><div class='tab_inner_content invers-color'  itemprop=\"text\" ><p><a href=\"https:\/\/www.reper-fr.ch\/de\/ueber-uns\/kontakt\/kontakt\/\" target=\"_blank\" rel=\"noopener\">Hier klicken<\/a><\/p>\n<\/div><\/div><\/section>\n<\/div><\/p>\n<\/div><\/div><\/div>\n","protected":false},"excerpt":{"rendered":"","protected":false},"author":3,"featured_media":0,"parent":4806,"menu_order":2,"comment_status":"closed","ping_status":"closed","template":"","meta":{"_acf_changed":false,"footnotes":""},"class_list":["post-4816","page","type-page","status-publish","hentry"],"acf":[],"_links":{"self":[{"href":"https:\/\/www.reper-fr.ch\/de\/wp-json\/wp\/v2\/pages\/4816","targetHints":{"allow":["GET"]}}],"collection":[{"href":"https:\/\/www.reper-fr.ch\/de\/wp-json\/wp\/v2\/pages"}],"about":[{"href":"https:\/\/www.reper-fr.ch\/de\/wp-json\/wp\/v2\/types\/page"}],"author":[{"embeddable":true,"href":"https:\/\/www.reper-fr.ch\/de\/wp-json\/wp\/v2\/users\/3"}],"replies":[{"embeddable":true,"href":"https:\/\/www.reper-fr.ch\/de\/wp-json\/wp\/v2\/comments?post=4816"}],"version-history":[{"count":5,"href":"https:\/\/www.reper-fr.ch\/de\/wp-json\/wp\/v2\/pages\/4816\/revisions"}],"predecessor-version":[{"id":13063,"href":"https:\/\/www.reper-fr.ch\/de\/wp-json\/wp\/v2\/pages\/4816\/revisions\/13063"}],"up":[{"embeddable":true,"href":"https:\/\/www.reper-fr.ch\/de\/wp-json\/wp\/v2\/pages\/4806"}],"wp:attachment":[{"href":"https:\/\/www.reper-fr.ch\/de\/wp-json\/wp\/v2\/media?parent=4816"}],"curies":[{"name":"wp","href":"https:\/\/api.w.org\/{rel}","templated":true}]}}