{"id":4722,"date":"2021-03-18T10:44:37","date_gmt":"2021-03-18T09:44:37","guid":{"rendered":"https:\/\/www.reper-fr.ch\/privatpersonen\/jugendliche\/projekte-und-programme\/jai-un-projet\/"},"modified":"2024-08-08T14:50:34","modified_gmt":"2024-08-08T12:50:34","slug":"jai-un-projet-d","status":"publish","type":"page","link":"https:\/\/www.reper-fr.ch\/de\/privatpersonen\/jugendliche\/projekte-und-programme\/jai-un-projet-d\/","title":{"rendered":"J&#8217;ai un projet"},"content":{"rendered":"<div id='av-layout-grid-1'  class='av-layout-grid-container av-kck7ec-b665ad65bfebfb9fb9ba8cf12df1a618 entry-content-wrapper main_color av-flex-cells  avia-builder-el-0  el_before_av_layout_row  avia-builder-el-first  av-small-hide av-mini-hide container_wrap fullsize'  >\n\n<style type=\"text\/css\" data-created_by=\"avia_inline_auto\" id=\"style-css-av-krelo78l-b4b629b3dcad264e2915ed6b35d3bbe3\">\n.flex_cell.av-krelo78l-b4b629b3dcad264e2915ed6b35d3bbe3{\nvertical-align:bottom;\nheight:460px;\nmin-height:460px;\nbackground:url(https:\/\/www.reper-fr.ch\/wp-content\/uploads\/2022\/03\/REPER-Jai-un-projet-image-1030x877.jpeg) 50% 0% no-repeat scroll ;\n}\n.responsive #top #wrap_all .flex_cell.av-krelo78l-b4b629b3dcad264e2915ed6b35d3bbe3{\npadding:200px 0px 200px 0px !important;\n}\n<\/style>\n<div class='flex_cell av-krelo78l-b4b629b3dcad264e2915ed6b35d3bbe3 av-gridrow-cell av_two_fifth no_margin  avia-builder-el-1  el_before_av_cell_three_fifth  avia-builder-el-first  content-align-bottom avia-full-stretch'  ><div class='flex_cell_inner'><\/div><\/div>\n<style type=\"text\/css\" data-created_by=\"avia_inline_auto\" id=\"style-css-av-iqhsro-261bc24aac74e96a073510e3bdd8770a\">\n.flex_cell.av-iqhsro-261bc24aac74e96a073510e3bdd8770a{\nvertical-align:bottom;\nheight:460px;\nmin-height:460px;\nbackground-color:#a40528;\n}\n.responsive #top #wrap_all .flex_cell.av-iqhsro-261bc24aac74e96a073510e3bdd8770a{\npadding:50px 0px 20px 40px !important;\n}\n<\/style>\n<div class='flex_cell av-iqhsro-261bc24aac74e96a073510e3bdd8770a av-gridrow-cell av_three_fifth no_margin  avia-builder-el-2  el_after_av_cell_two_fifth  avia-builder-el-last  content-align-bottom avia-full-stretch'  ><div class='flex_cell_inner'>\n<style type=\"text\/css\" data-created_by=\"avia_inline_auto\" id=\"style-css-av-huh3us-527112173c352e5829bd036f3dd48544\">\n.flex_column.av-huh3us-527112173c352e5829bd036f3dd48544{\nborder-radius:0px 0px 0px 0px;\npadding:0px 0px 0px 0px;\n}\n<\/style>\n<div  class='flex_column av-huh3us-527112173c352e5829bd036f3dd48544 av_three_fourth  avia-builder-el-3  avia-builder-el-no-sibling  first flex_column_div av-zero-column-padding  '     ><style type=\"text\/css\" data-created_by=\"avia_inline_auto\" id=\"style-css-av-krel9qnt-35e06209472c50210f11facf94c93f55\">\n#top .av-special-heading.av-krel9qnt-35e06209472c50210f11facf94c93f55{\nmargin:0 0 0 -10px;\npadding-bottom:10px;\ncolor:#ffffff;\n}\nbody .av-special-heading.av-krel9qnt-35e06209472c50210f11facf94c93f55 .av-special-heading-tag .heading-char{\nfont-size:25px;\n}\n.av-special-heading.av-krel9qnt-35e06209472c50210f11facf94c93f55 .special-heading-inner-border{\nborder-color:#ffffff;\n}\n.av-special-heading.av-krel9qnt-35e06209472c50210f11facf94c93f55 .av-subheading{\nfont-size:15px;\n}\n<\/style>\n<div  class='av-special-heading av-krel9qnt-35e06209472c50210f11facf94c93f55 av-special-heading-h1 custom-color-heading blockquote modern-quote  avia-builder-el-4  avia-builder-el-no-sibling '><h1 class='av-special-heading-tag '  itemprop=\"headline\"  ><span class='special_amp'>&#8222;<\/span>J\u2019ai un projet<span class='special_amp'>&#8220;<\/span><\/h1><div class=\"special-heading-border\"><div class=\"special-heading-inner-border\"><\/div><\/div><\/div><\/div>\n<\/div><\/div>\n<\/div>\n<div id='av-layout-grid-2'  class='av-layout-grid-container av-ksrm1gwk-aadd468b6951285652db46f097c2a24e entry-content-wrapper main_color av-flex-cells  avia-builder-el-5  el_after_av_layout_row  el_before_av_layout_row  grid-row-not-first av-desktop-hide av-medium-hide container_wrap fullsize'  >\n\n<style type=\"text\/css\" data-created_by=\"avia_inline_auto\" id=\"style-css-av-7iewhw-25800fd8a4ad7a3a31a1fc227c3e98d1\">\n.flex_cell.av-7iewhw-25800fd8a4ad7a3a31a1fc227c3e98d1{\nvertical-align:bottom;\nheight:180px;\nmin-height:180px;\nbackground:url(https:\/\/www.reper-fr.ch\/wp-content\/uploads\/2022\/03\/REPER-Jai-un-projet-image-1030x877.jpeg) 50% 0% no-repeat scroll ;\n}\n.responsive #top #wrap_all .flex_cell.av-7iewhw-25800fd8a4ad7a3a31a1fc227c3e98d1{\npadding:200px 0px 200px 0px !important;\n}\n<\/style>\n<div class='flex_cell av-7iewhw-25800fd8a4ad7a3a31a1fc227c3e98d1 av-gridrow-cell av_two_fifth no_margin  avia-builder-el-6  el_before_av_cell_three_fifth  avia-builder-el-first  content-align-bottom avia-full-stretch'  ><div class='flex_cell_inner'><\/div><\/div>\n<style type=\"text\/css\" data-created_by=\"avia_inline_auto\" id=\"style-css-av-5h6l38-18d61c2cfdf5dc5fb1f7add5616d13f2\">\n.flex_cell.av-5h6l38-18d61c2cfdf5dc5fb1f7add5616d13f2{\nvertical-align:bottom;\nheight:180px;\nmin-height:180px;\nbackground-color:#a40528;\n}\n.responsive #top #wrap_all .flex_cell.av-5h6l38-18d61c2cfdf5dc5fb1f7add5616d13f2{\npadding:50px 0px 20px 40px !important;\n}\n<\/style>\n<div class='flex_cell av-5h6l38-18d61c2cfdf5dc5fb1f7add5616d13f2 av-gridrow-cell av_three_fifth no_margin  avia-builder-el-7  el_after_av_cell_two_fifth  avia-builder-el-last  content-align-bottom avia-full-stretch'  ><div class='flex_cell_inner'>\n<style type=\"text\/css\" data-created_by=\"avia_inline_auto\" id=\"style-css-av-cxcsk-03f30e67ca811e7eaca4ecaa08b8b5fe\">\n.flex_column.av-cxcsk-03f30e67ca811e7eaca4ecaa08b8b5fe{\nborder-radius:0px 0px 0px 0px;\npadding:0px 0px 0px 0px;\n}\n<\/style>\n<div  class='flex_column av-cxcsk-03f30e67ca811e7eaca4ecaa08b8b5fe av_three_fourth  avia-builder-el-8  avia-builder-el-no-sibling  first flex_column_div av-zero-column-padding  '     ><style type=\"text\/css\" data-created_by=\"avia_inline_auto\" id=\"style-css-av-380ch0-f98f2ffb68ddc09099751a5766e6f1b2\">\n#top .av-special-heading.av-380ch0-f98f2ffb68ddc09099751a5766e6f1b2{\npadding-bottom:10px;\ncolor:#ffffff;\n}\nbody .av-special-heading.av-380ch0-f98f2ffb68ddc09099751a5766e6f1b2 .av-special-heading-tag .heading-char{\nfont-size:25px;\n}\n.av-special-heading.av-380ch0-f98f2ffb68ddc09099751a5766e6f1b2 .special-heading-inner-border{\nborder-color:#ffffff;\n}\n.av-special-heading.av-380ch0-f98f2ffb68ddc09099751a5766e6f1b2 .av-subheading{\nfont-size:15px;\n}\n<\/style>\n<div  class='av-special-heading av-380ch0-f98f2ffb68ddc09099751a5766e6f1b2 av-special-heading-h1 custom-color-heading blockquote modern-quote  avia-builder-el-9  avia-builder-el-no-sibling '><h1 class='av-special-heading-tag '  itemprop=\"headline\"  ><span class='special_amp'>&#8222;<\/span>J\u2019ai un projet<span class='special_amp'>&#8220;<\/span><\/h1><div class=\"special-heading-border\"><div class=\"special-heading-inner-border\"><\/div><\/div><\/div><\/div>\n<\/div><\/div>\n<\/div>\n<div id='av-layout-grid-3'  class='av-layout-grid-container av-gph750-36fa71e67472992cf68977138dc61202 entry-content-wrapper main_color av-flex-cells  avia-builder-el-10  el_after_av_layout_row  avia-builder-el-last  grid-row-not-first  container_wrap fullsize'  >\n\n<style type=\"text\/css\" data-created_by=\"avia_inline_auto\" id=\"style-css-av-frv2bo-73fff353a5bafd0aaa8a0132a6d789e2\">\n.flex_cell.av-frv2bo-73fff353a5bafd0aaa8a0132a6d789e2{\nvertical-align:top;\n}\n.responsive #top #wrap_all .flex_cell.av-frv2bo-73fff353a5bafd0aaa8a0132a6d789e2{\npadding:40px 30px 30px 150px !important;\n}\n<\/style>\n<div class='flex_cell av-frv2bo-73fff353a5bafd0aaa8a0132a6d789e2 av-gridrow-cell av_two_fifth no_margin  avia-builder-el-11  el_before_av_cell_three_fifth  avia-builder-el-first  content-align-top'  ><div class='flex_cell_inner'>\n<style type=\"text\/css\" data-created_by=\"avia_inline_auto\" id=\"style-css-av-ebuums-d8f6fcb5019943955b0f2574d67b797a\">\n.flex_column.av-ebuums-d8f6fcb5019943955b0f2574d67b797a{\nborder-radius:0px 0px 0px 0px;\npadding:0px 0px 0px 0px;\n}\n<\/style>\n<div  class='flex_column av-ebuums-d8f6fcb5019943955b0f2574d67b797a av_one_full  avia-builder-el-12  avia-builder-el-no-sibling  first flex_column_div av-zero-column-padding  '     ><\/div>\n<\/div><\/div>\n<style type=\"text\/css\" data-created_by=\"avia_inline_auto\" id=\"style-css-av-afrjzo-374b9098fec60b0ddf70fbaae54a0f60\">\n.flex_cell.av-afrjzo-374b9098fec60b0ddf70fbaae54a0f60{\nvertical-align:top;\n}\n.responsive #top #wrap_all .flex_cell.av-afrjzo-374b9098fec60b0ddf70fbaae54a0f60{\npadding:30px 30px 30px 30px !important;\n}\n<\/style>\n<div class='flex_cell av-afrjzo-374b9098fec60b0ddf70fbaae54a0f60 av-gridrow-cell av_three_fifth no_margin  avia-builder-el-14  el_after_av_cell_two_fifth  avia-builder-el-last  content-align-top'  ><div class='flex_cell_inner'><p>\n<style type=\"text\/css\" data-created_by=\"avia_inline_auto\" id=\"style-css-av-8zthgk-49977732f07cb56eed0479d2b9b61281\">\n.flex_column.av-8zthgk-49977732f07cb56eed0479d2b9b61281{\nborder-radius:0px 0px 0px 0px;\npadding:0px 0px 0px 0px;\n}\n<\/style>\n<div  class='flex_column av-8zthgk-49977732f07cb56eed0479d2b9b61281 av_one_full  avia-builder-el-15  el_before_av_heading  avia-builder-el-first  first flex_column_div av-zero-column-padding  '     ><section  class='av_textblock_section av-ksiowev0-4fa70f6220e66bf071a68e8dd98d5ddb '   itemscope=\"itemscope\" itemtype=\"https:\/\/schema.org\/CreativeWork\" ><div class='avia_textblock'  itemprop=\"text\" ><p>Mit &#8222;J&#8217;ai un projet&#8220; k\u00f6nnen Jugendliche und Kinder ab 6 Jahren ihre eigenen Projekte entwickeln und umsetzen. Das Prinzip ist einfach: Die Kinder oder Jugendlichen schlagen eine Idee vor, und ein Team von soziokulturellen Animatorinnen und Animatoren begleitet sie bei der Umsetzung.<\/p>\n<p>&#8222;J&#8217;ai un projet&#8220; erm\u00f6glicht es, erste Erfahrungen in Sachen Projektmanagement, Sozialkompetenz, Partizipation und Organisation zu sammeln. Dabei werden die Selbstst\u00e4ndigkeit, das Selbstwertgef\u00fchl, das Selbstvertrauen und das Verantwortungsgef\u00fchl innerhalb einer Gruppe gef\u00f6rdert. Ausserdem soll es Jugendliche mit ihrem Lebensumfeld vernetzen.<\/p>\n<p>Das Projekt wurde urspr\u00fcnglich in den <a href=\"https:\/\/www.reper-fr.ch\/de\/privatpersonen\/bevoelkerung\/soziokulturelle-angebote\/zentren-fuer-soziokulturelle-animation\/\" target=\"_blank\" rel=\"noopener\">Zentren f\u00fcr soziokulturelle Animation<\/a> initiiert und wird inzwischen auch in den Schulen, Gemeinden, Institutionen und mit Familien durchgef\u00fchrt.<\/p>\n<\/div><\/section><\/div>\n<style type=\"text\/css\" data-created_by=\"avia_inline_auto\" id=\"style-css-av-ksiox48y-9376691dfc222309d4d24c4b5c2f6719\">\n#top .av-special-heading.av-ksiox48y-9376691dfc222309d4d24c4b5c2f6719{\npadding-bottom:10px;\n}\nbody .av-special-heading.av-ksiox48y-9376691dfc222309d4d24c4b5c2f6719 .av-special-heading-tag .heading-char{\nfont-size:25px;\n}\n.av-special-heading.av-ksiox48y-9376691dfc222309d4d24c4b5c2f6719 .av-subheading{\nfont-size:15px;\n}\n<\/style>\n<div  class='av-special-heading av-ksiox48y-9376691dfc222309d4d24c4b5c2f6719 av-special-heading-h3 custom-color-heading blockquote modern-quote  avia-builder-el-17  el_after_av_one_full  el_before_av_tab_container '><div class='av-subheading av-subheading_above'><p>REPER<\/p>\n<\/div><h3 class='av-special-heading-tag '  itemprop=\"headline\"  >ZSA Schoenberg<\/h3><div class=\"special-heading-border\"><div class=\"special-heading-inner-border\"><\/div><\/div><\/div><br \/>\n<div  class='tabcontainer av-qmu9yq-1d4d49198da8e91f13a0d02777214052 sidebar_tab sidebar_tab_left  avia-builder-el-18  el_after_av_heading  el_before_av_heading  noborder_tabs'>\n<section class='av_tab_section av_tab_section av-p50ovm-80c1adbdd2e82cef612bbe265bd0bdd3'  itemscope=\"itemscope\" itemtype=\"https:\/\/schema.org\/CreativeWork\" ><div id='tab-id-1-tab' class='tab active_tab' role='tab' aria-selected=\"true\" tabindex=\"0\" data-fake-id='#tab-id-1' aria-controls='tab-id-1-content'  itemprop=\"headline\" >Adresse<\/div><div id='tab-id-1-content' class='tab_content active_tab_content' role='tabpanel' aria-labelledby='tab-id-1-tab' aria-hidden=\"false\"><div class='tab_inner_content invers-color'  itemprop=\"text\" ><p><strong>REPER<br \/>\n<\/strong>ZSA Schoenberg<\/p>\n<p>Mon-Repos Strasse 9<br \/>\nCH-1700 Freiburg<\/p>\n<\/div><\/div><\/section>\n<section class='av_tab_section av_tab_section av-omegsi-907e67c4be64e5fc1c84cf67e5e8f2d3'  itemscope=\"itemscope\" itemtype=\"https:\/\/schema.org\/CreativeWork\" ><div id='tab-id-2-tab' class='tab' role='tab' aria-selected=\"false\" tabindex=\"0\" data-fake-id='#tab-id-2' aria-controls='tab-id-2-content'  itemprop=\"headline\" >Kontakt<\/div><div id='tab-id-2-content' class='tab_content' role='tabpanel' aria-labelledby='tab-id-2-tab' aria-hidden=\"true\"><div class='tab_inner_content invers-color'  itemprop=\"text\" ><p>T 026 481 22 95<\/p>\n<p><a href=\"mailto:cas.schoenberg@reper-fr.ch\">cas.schoenberg@reper-fr.ch<\/a><\/p>\n<\/div><\/div><\/section>\n<section class='av_tab_section av_tab_section av-mqmwpu-40e7de68cbd1dff6d40c3e8411e265b1'  itemscope=\"itemscope\" itemtype=\"https:\/\/schema.org\/CreativeWork\" ><div id='tab-id-3-tab' class='tab' role='tab' aria-selected=\"false\" tabindex=\"0\" data-fake-id='#tab-id-3' aria-controls='tab-id-3-content'  itemprop=\"headline\" >\u00d6ffnungszeiten<\/div><div id='tab-id-3-content' class='tab_content' role='tabpanel' aria-labelledby='tab-id-3-tab' aria-hidden=\"true\"><div class='tab_inner_content invers-color'  itemprop=\"text\" ><p><a href=\"https:\/\/www.reper-fr.ch\/de\/ueber-uns\/kontakt\/kontakt\/\" target=\"_blank\" rel=\"noopener\">Hier klicken<\/a><\/p>\n<\/div><\/div><\/section>\n<\/div><br \/>\n\n<style type=\"text\/css\" data-created_by=\"avia_inline_auto\" id=\"style-css-av-ksioynrj-70415ce6524d8700ab48f5c9da77ee78\">\n#top .av-special-heading.av-ksioynrj-70415ce6524d8700ab48f5c9da77ee78{\npadding-bottom:10px;\n}\nbody .av-special-heading.av-ksioynrj-70415ce6524d8700ab48f5c9da77ee78 .av-special-heading-tag .heading-char{\nfont-size:25px;\n}\n.av-special-heading.av-ksioynrj-70415ce6524d8700ab48f5c9da77ee78 .av-subheading{\nfont-size:15px;\n}\n<\/style>\n<div  class='av-special-heading av-ksioynrj-70415ce6524d8700ab48f5c9da77ee78 av-special-heading-h3 custom-color-heading blockquote modern-quote  avia-builder-el-19  el_after_av_tab_container  el_before_av_tab_container '><div class='av-subheading av-subheading_above'><p>REPER<\/p>\n<\/div><h3 class='av-special-heading-tag '  itemprop=\"headline\"  >ZSA Jura<\/h3><div class=\"special-heading-border\"><div class=\"special-heading-inner-border\"><\/div><\/div><\/div><br \/>\n<div  class='tabcontainer av-kh18jm-d81c76d2341f8a6c3da7868987b4a51a sidebar_tab sidebar_tab_left  avia-builder-el-20  el_after_av_heading  el_before_av_heading  noborder_tabs'>\n<section class='av_tab_section av_tab_section av-j8bl0i-6835ee220d953c5bf40f8c7ca0f854f2'  itemscope=\"itemscope\" itemtype=\"https:\/\/schema.org\/CreativeWork\" ><div id='tab-id-4-tab' class='tab active_tab' role='tab' aria-selected=\"true\" tabindex=\"0\" data-fake-id='#tab-id-4' aria-controls='tab-id-4-content'  itemprop=\"headline\" >Adresse<\/div><div id='tab-id-4-content' class='tab_content active_tab_content' role='tabpanel' aria-labelledby='tab-id-4-tab' aria-hidden=\"false\"><div class='tab_inner_content invers-color'  itemprop=\"text\" ><p><strong>REPER<\/strong><br \/>\nZSA Jura<\/p>\n<p>Av. du G\u00e9n\u00e9ral-Guisan 59<br \/>\nCH-1700 Freiburg<\/p>\n<\/div><\/div><\/section>\n<section class='av_tab_section av_tab_section av-gxjh2a-0e11d0f21f39c8589ea6e6603d8f385d'  itemscope=\"itemscope\" itemtype=\"https:\/\/schema.org\/CreativeWork\" ><div id='tab-id-5-tab' class='tab' role='tab' aria-selected=\"false\" tabindex=\"0\" data-fake-id='#tab-id-5' aria-controls='tab-id-5-content'  itemprop=\"headline\" >Kontakt<\/div><div id='tab-id-5-content' class='tab_content' role='tabpanel' aria-labelledby='tab-id-5-tab' aria-hidden=\"true\"><div class='tab_inner_content invers-color'  itemprop=\"text\" ><p>T 026 466 32 08<\/p>\n<p><a href=\"mailto:cas.jura@reper-fr.ch\">cas.jura@reper-fr.ch<\/a><\/p>\n<\/div><\/div><\/section>\n<section class='av_tab_section av_tab_section av-g1g7k2-ad652088a3361915fc6e5ac950eb693e'  itemscope=\"itemscope\" itemtype=\"https:\/\/schema.org\/CreativeWork\" ><div id='tab-id-6-tab' class='tab' role='tab' aria-selected=\"false\" tabindex=\"0\" data-fake-id='#tab-id-6' aria-controls='tab-id-6-content'  itemprop=\"headline\" >\u00d6ffnungszeiten<\/div><div id='tab-id-6-content' class='tab_content' role='tabpanel' aria-labelledby='tab-id-6-tab' aria-hidden=\"true\"><div class='tab_inner_content invers-color'  itemprop=\"text\" ><p><a href=\"https:\/\/www.reper-fr.ch\/de\/ueber-uns\/kontakt\/kontakt\/\" target=\"_blank\" rel=\"noopener\">Hier klicken<\/a><\/p>\n<\/div><\/div><\/section>\n<\/div><br \/>\n\n<style type=\"text\/css\" data-created_by=\"avia_inline_auto\" id=\"style-css-av-ksip0e1v-d2859608dba9c0a9cc5ef3ebe249a598\">\n#top .av-special-heading.av-ksip0e1v-d2859608dba9c0a9cc5ef3ebe249a598{\npadding-bottom:10px;\n}\nbody .av-special-heading.av-ksip0e1v-d2859608dba9c0a9cc5ef3ebe249a598 .av-special-heading-tag .heading-char{\nfont-size:25px;\n}\n.av-special-heading.av-ksip0e1v-d2859608dba9c0a9cc5ef3ebe249a598 .av-subheading{\nfont-size:15px;\n}\n<\/style>\n<div  class='av-special-heading av-ksip0e1v-d2859608dba9c0a9cc5ef3ebe249a598 av-special-heading-h3 custom-color-heading blockquote modern-quote  avia-builder-el-21  el_after_av_tab_container  el_before_av_tab_container '><div class='av-subheading av-subheading_above'><p>REPER<\/p>\n<\/div><h3 class='av-special-heading-tag '  itemprop=\"headline\"  >ZSA Basse-Ville<\/h3><div class=\"special-heading-border\"><div class=\"special-heading-inner-border\"><\/div><\/div><\/div><br \/>\n<div  class='tabcontainer av-dmhmxu-ff97f836600611fcef17e7408ee73c39 sidebar_tab sidebar_tab_left  avia-builder-el-22  el_after_av_heading  el_before_av_heading  noborder_tabs'>\n<section class='av_tab_section av_tab_section av-c5gcde-e4ce31efdd90c3954dc81debcb3e35e5'  itemscope=\"itemscope\" itemtype=\"https:\/\/schema.org\/CreativeWork\" ><div id='tab-id-7-tab' class='tab active_tab' role='tab' aria-selected=\"true\" tabindex=\"0\" data-fake-id='#tab-id-7' aria-controls='tab-id-7-content'  itemprop=\"headline\" >Adresse<\/div><div id='tab-id-7-content' class='tab_content active_tab_content' role='tabpanel' aria-labelledby='tab-id-7-tab' aria-hidden=\"false\"><div class='tab_inner_content invers-color'  itemprop=\"text\" ><p><strong>REPER<\/strong><br \/>\nZSA Basse-Ville<\/p>\n<p>Planche-Inf\u00e9rieure 14<br \/>\nCH-1700 Freiburg<\/p>\n<\/div><\/div><\/section>\n<section class='av_tab_section av_tab_section av-a3b0oy-84d1fde82d3f18f6de40ad11adb49698'  itemscope=\"itemscope\" itemtype=\"https:\/\/schema.org\/CreativeWork\" ><div id='tab-id-8-tab' class='tab' role='tab' aria-selected=\"false\" tabindex=\"0\" data-fake-id='#tab-id-8' aria-controls='tab-id-8-content'  itemprop=\"headline\" >Kontakt<\/div><div id='tab-id-8-content' class='tab_content' role='tabpanel' aria-labelledby='tab-id-8-tab' aria-hidden=\"true\"><div class='tab_inner_content invers-color'  itemprop=\"text\" ><p>T 026 321 55 91<\/p>\n<p><a href=\"mailto:cas.basse-ville@reper-fr.ch\">cas.basse-ville@reper-fr.ch<\/a><\/p>\n<\/div><\/div><\/section>\n<section class='av_tab_section av_tab_section av-2e8qma-2837ee76364019ddf4914d43aad855d0'  itemscope=\"itemscope\" itemtype=\"https:\/\/schema.org\/CreativeWork\" ><div id='tab-id-9-tab' class='tab' role='tab' aria-selected=\"false\" tabindex=\"0\" data-fake-id='#tab-id-9' aria-controls='tab-id-9-content'  itemprop=\"headline\" >\u00d6ffnungszeiten<\/div><div id='tab-id-9-content' class='tab_content' role='tabpanel' aria-labelledby='tab-id-9-tab' aria-hidden=\"true\"><div class='tab_inner_content invers-color'  itemprop=\"text\" ><p><a href=\"https:\/\/www.reper-fr.ch\/de\/ueber-uns\/kontakt\/kontakt\/\" target=\"_blank\" rel=\"noopener\">Hier klicken<\/a><\/p>\n<\/div><\/div><\/section>\n<\/div><br \/>\n\n<style type=\"text\/css\" data-created_by=\"avia_inline_auto\" id=\"style-css-av-ksip11cp-6c920793762582a5d1e3be3d619676ce\">\n#top .av-special-heading.av-ksip11cp-6c920793762582a5d1e3be3d619676ce{\npadding-bottom:10px;\n}\nbody .av-special-heading.av-ksip11cp-6c920793762582a5d1e3be3d619676ce .av-special-heading-tag .heading-char{\nfont-size:25px;\n}\n.av-special-heading.av-ksip11cp-6c920793762582a5d1e3be3d619676ce .av-subheading{\nfont-size:15px;\n}\n<\/style>\n<div  class='av-special-heading av-ksip11cp-6c920793762582a5d1e3be3d619676ce av-special-heading-h3 custom-color-heading blockquote modern-quote  avia-builder-el-23  el_after_av_tab_container  el_before_av_tab_container '><div class='av-subheading av-subheading_above'><p>REPER<\/p>\n<\/div><h3 class='av-special-heading-tag '  itemprop=\"headline\"  >ZSA P\u00e9rolles<\/h3><div class=\"special-heading-border\"><div class=\"special-heading-inner-border\"><\/div><\/div><\/div><br \/>\n<div  class='tabcontainer av-7xknya-1b35f54608159f6f1fe8a26a1d96a5ac sidebar_tab sidebar_tab_left  avia-builder-el-24  el_after_av_heading  avia-builder-el-last  noborder_tabs'>\n<section class='av_tab_section av_tab_section av-5gcfiq-0d622b81b1fbe27423e663053dbe0ee3'  itemscope=\"itemscope\" itemtype=\"https:\/\/schema.org\/CreativeWork\" ><div id='tab-id-10-tab' class='tab active_tab' role='tab' aria-selected=\"true\" tabindex=\"0\" data-fake-id='#tab-id-10' aria-controls='tab-id-10-content'  itemprop=\"headline\" >Adresse<\/div><div id='tab-id-10-content' class='tab_content active_tab_content' role='tabpanel' aria-labelledby='tab-id-10-tab' aria-hidden=\"false\"><div class='tab_inner_content invers-color'  itemprop=\"text\" ><p><strong>REPER<br \/>\n<\/strong>ZSA P\u00e9rolles<\/p>\n<p>Rte des Arsenaux 37<br \/>\nCH-1700 Freiburg<\/p>\n<\/div><\/div><\/section>\n<section class='av_tab_section av_tab_section av-3j6pw2-e65621d88ca37894b06316d6eb601693'  itemscope=\"itemscope\" itemtype=\"https:\/\/schema.org\/CreativeWork\" ><div id='tab-id-11-tab' class='tab' role='tab' aria-selected=\"false\" tabindex=\"0\" data-fake-id='#tab-id-11' aria-controls='tab-id-11-content'  itemprop=\"headline\" >Kontakt<\/div><div id='tab-id-11-content' class='tab_content' role='tabpanel' aria-labelledby='tab-id-11-tab' aria-hidden=\"true\"><div class='tab_inner_content invers-color'  itemprop=\"text\" ><p>T 026 422 11 21<\/p>\n<p><a href=\"mailto:cas.perolles@reper-fr.ch\">cas.perolles@reper-fr.ch<\/a><\/p>\n<\/div><\/div><\/section>\n<section class='av_tab_section av_tab_section av-2yc4aa-c5bb107dccfe06123c95d92d99d1256f'  itemscope=\"itemscope\" itemtype=\"https:\/\/schema.org\/CreativeWork\" ><div id='tab-id-12-tab' class='tab' role='tab' aria-selected=\"false\" tabindex=\"0\" data-fake-id='#tab-id-12' aria-controls='tab-id-12-content'  itemprop=\"headline\" >\u00d6ffnungszeiten<\/div><div id='tab-id-12-content' class='tab_content' role='tabpanel' aria-labelledby='tab-id-12-tab' aria-hidden=\"true\"><div class='tab_inner_content invers-color'  itemprop=\"text\" ><p><a href=\"https:\/\/www.reper-fr.ch\/de\/ueber-uns\/kontakt\/kontakt\/\" target=\"_blank\" rel=\"noopener\">Hier klicken<\/a><\/p>\n<\/div><\/div><\/section>\n<\/div><\/p>\n<\/div><\/div><\/div>\n","protected":false},"excerpt":{"rendered":"","protected":false},"author":1,"featured_media":0,"parent":4705,"menu_order":3,"comment_status":"closed","ping_status":"closed","template":"","meta":{"_acf_changed":false,"footnotes":""},"class_list":["post-4722","page","type-page","status-publish","hentry"],"acf":[],"_links":{"self":[{"href":"https:\/\/www.reper-fr.ch\/de\/wp-json\/wp\/v2\/pages\/4722","targetHints":{"allow":["GET"]}}],"collection":[{"href":"https:\/\/www.reper-fr.ch\/de\/wp-json\/wp\/v2\/pages"}],"about":[{"href":"https:\/\/www.reper-fr.ch\/de\/wp-json\/wp\/v2\/types\/page"}],"author":[{"embeddable":true,"href":"https:\/\/www.reper-fr.ch\/de\/wp-json\/wp\/v2\/users\/1"}],"replies":[{"embeddable":true,"href":"https:\/\/www.reper-fr.ch\/de\/wp-json\/wp\/v2\/comments?post=4722"}],"version-history":[{"count":5,"href":"https:\/\/www.reper-fr.ch\/de\/wp-json\/wp\/v2\/pages\/4722\/revisions"}],"predecessor-version":[{"id":4723,"href":"https:\/\/www.reper-fr.ch\/de\/wp-json\/wp\/v2\/pages\/4722\/revisions\/4723"}],"up":[{"embeddable":true,"href":"https:\/\/www.reper-fr.ch\/de\/wp-json\/wp\/v2\/pages\/4705"}],"wp:attachment":[{"href":"https:\/\/www.reper-fr.ch\/de\/wp-json\/wp\/v2\/media?parent=4722"}],"curies":[{"name":"wp","href":"https:\/\/api.w.org\/{rel}","templated":true}]}}