{"id":4700,"date":"2021-03-18T10:43:23","date_gmt":"2021-03-18T09:43:23","guid":{"rendered":"https:\/\/www.reper-fr.ch\/privatpersonen\/jugendliche\/kurse-und-workshops\/studio-musique\/"},"modified":"2024-08-12T11:26:06","modified_gmt":"2024-08-12T09:26:06","slug":"musikstudio","status":"publish","type":"page","link":"https:\/\/www.reper-fr.ch\/de\/privatpersonen\/jugendliche\/kurse-und-workshops\/musikstudio\/","title":{"rendered":"Musikstudio"},"content":{"rendered":"<div id='av-layout-grid-1'  class='av-layout-grid-container av-1jsjk88-12e342c59001e4cda157f9bf7cbd03ac entry-content-wrapper main_color av-flex-cells  avia-builder-el-0  el_before_av_layout_row  avia-builder-el-first  av-small-hide av-mini-hide container_wrap fullsize'  >\n\n<style type=\"text\/css\" data-created_by=\"avia_inline_auto\" id=\"style-css-av-kw51974s-784368504d25b45fc73eefa7b5b2b408\">\n.flex_cell.av-kw51974s-784368504d25b45fc73eefa7b5b2b408{\nvertical-align:bottom;\nheight:460px;\nmin-height:460px;\nbackground:url(https:\/\/www.reper-fr.ch\/wp-content\/uploads\/2021\/11\/REPER-Studio-Musique-image-845x684.jpg) 50% 0% no-repeat scroll ;\n}\n.responsive #top #wrap_all .flex_cell.av-kw51974s-784368504d25b45fc73eefa7b5b2b408{\npadding:200px 0px 200px 0px !important;\n}\n<\/style>\n<div class='flex_cell av-kw51974s-784368504d25b45fc73eefa7b5b2b408 av-gridrow-cell av_two_fifth no_margin  avia-builder-el-1  el_before_av_cell_three_fifth  avia-builder-el-first  content-align-bottom avia-full-stretch'  ><div class='flex_cell_inner'><\/div><\/div>\n<style type=\"text\/css\" data-created_by=\"avia_inline_auto\" id=\"style-css-av-1hhi8hk-4684b00599aa13d570a6ecd875275f55\">\n.flex_cell.av-1hhi8hk-4684b00599aa13d570a6ecd875275f55{\nvertical-align:bottom;\nheight:460px;\nmin-height:460px;\nbackground-color:#a40528;\n}\n.responsive #top #wrap_all .flex_cell.av-1hhi8hk-4684b00599aa13d570a6ecd875275f55{\npadding:50px 0px 20px 40px !important;\n}\n<\/style>\n<div class='flex_cell av-1hhi8hk-4684b00599aa13d570a6ecd875275f55 av-gridrow-cell av_three_fifth no_margin  avia-builder-el-2  el_after_av_cell_two_fifth  avia-builder-el-last  content-align-bottom avia-full-stretch'  ><div class='flex_cell_inner'>\n<style type=\"text\/css\" data-created_by=\"avia_inline_auto\" id=\"style-css-av-1fx3mmw-2dc64a8c87d416888ac80cb81f58ed80\">\n.flex_column.av-1fx3mmw-2dc64a8c87d416888ac80cb81f58ed80{\nborder-radius:0px 0px 0px 0px;\npadding:0px 0px 0px 0px;\n}\n<\/style>\n<div  class='flex_column av-1fx3mmw-2dc64a8c87d416888ac80cb81f58ed80 av_three_fourth  avia-builder-el-3  avia-builder-el-no-sibling  first flex_column_div av-zero-column-padding  '     ><style type=\"text\/css\" data-created_by=\"avia_inline_auto\" id=\"style-css-av-kw511y9n-3c9511a2a90651eade237f7a21261db6\">\n#top .av-special-heading.av-kw511y9n-3c9511a2a90651eade237f7a21261db6{\nmargin:0 0 0 -10px;\npadding-bottom:10px;\ncolor:#ffffff;\n}\nbody .av-special-heading.av-kw511y9n-3c9511a2a90651eade237f7a21261db6 .av-special-heading-tag .heading-char{\nfont-size:25px;\n}\n.av-special-heading.av-kw511y9n-3c9511a2a90651eade237f7a21261db6 .special-heading-inner-border{\nborder-color:#ffffff;\n}\n.av-special-heading.av-kw511y9n-3c9511a2a90651eade237f7a21261db6 .av-subheading{\nfont-size:15px;\n}\n<\/style>\n<div  class='av-special-heading av-kw511y9n-3c9511a2a90651eade237f7a21261db6 av-special-heading-h1 custom-color-heading blockquote modern-quote  avia-builder-el-4  avia-builder-el-no-sibling '><h1 class='av-special-heading-tag '  itemprop=\"headline\"  >Musikstudio<\/h1><div class=\"special-heading-border\"><div class=\"special-heading-inner-border\"><\/div><\/div><\/div><\/div>\n<\/div><\/div>\n<\/div>\n<div id='av-layout-grid-2'  class='av-layout-grid-container av-1etfilk-a969b54d9551d73be44fdfd96da03ee0 entry-content-wrapper main_color av-flex-cells  avia-builder-el-5  el_after_av_layout_row  el_before_av_layout_row  grid-row-not-first av-desktop-hide av-medium-hide container_wrap fullsize'  >\n\n<style type=\"text\/css\" data-created_by=\"avia_inline_auto\" id=\"style-css-av-kw519hmy-4252a57ca1c7a711f6fda60375397c96\">\n.flex_cell.av-kw519hmy-4252a57ca1c7a711f6fda60375397c96{\nvertical-align:bottom;\nheight:180px;\nmin-height:180px;\nbackground:url(https:\/\/www.reper-fr.ch\/wp-content\/uploads\/2021\/11\/REPER-Studio-Musique-image-845x684.jpg) 50% 0% no-repeat scroll ;\n}\n.responsive #top #wrap_all .flex_cell.av-kw519hmy-4252a57ca1c7a711f6fda60375397c96{\npadding:200px 0px 200px 0px !important;\n}\n<\/style>\n<div class='flex_cell av-kw519hmy-4252a57ca1c7a711f6fda60375397c96 av-gridrow-cell av_two_fifth no_margin  avia-builder-el-6  el_before_av_cell_three_fifth  avia-builder-el-first  content-align-bottom avia-full-stretch'  ><div class='flex_cell_inner'><\/div><\/div>\n<style type=\"text\/css\" data-created_by=\"avia_inline_auto\" id=\"style-css-av-1cpxyt4-335660fd25b68b681c149220c683a448\">\n.flex_cell.av-1cpxyt4-335660fd25b68b681c149220c683a448{\nvertical-align:bottom;\nheight:180px;\nmin-height:180px;\nbackground-color:#a40528;\n}\n.responsive #top #wrap_all .flex_cell.av-1cpxyt4-335660fd25b68b681c149220c683a448{\npadding:50px 0px 20px 40px !important;\n}\n<\/style>\n<div class='flex_cell av-1cpxyt4-335660fd25b68b681c149220c683a448 av-gridrow-cell av_three_fifth no_margin  avia-builder-el-7  el_after_av_cell_two_fifth  avia-builder-el-last  content-align-bottom avia-full-stretch'  ><div class='flex_cell_inner'>\n<style type=\"text\/css\" data-created_by=\"avia_inline_auto\" id=\"style-css-av-1bx6y08-7b5c3e3aa1b4a400647d200529a6524b\">\n.flex_column.av-1bx6y08-7b5c3e3aa1b4a400647d200529a6524b{\nborder-radius:0px 0px 0px 0px;\npadding:0px 0px 0px 0px;\n}\n<\/style>\n<div  class='flex_column av-1bx6y08-7b5c3e3aa1b4a400647d200529a6524b av_three_fourth  avia-builder-el-8  avia-builder-el-no-sibling  first flex_column_div av-zero-column-padding  '     ><style type=\"text\/css\" data-created_by=\"avia_inline_auto\" id=\"style-css-av-kw512bld-aa3b0923f5ff9f18d02973a9ea660b0a\">\n#top .av-special-heading.av-kw512bld-aa3b0923f5ff9f18d02973a9ea660b0a{\npadding-bottom:10px;\ncolor:#ffffff;\n}\nbody .av-special-heading.av-kw512bld-aa3b0923f5ff9f18d02973a9ea660b0a .av-special-heading-tag .heading-char{\nfont-size:25px;\n}\n.av-special-heading.av-kw512bld-aa3b0923f5ff9f18d02973a9ea660b0a .special-heading-inner-border{\nborder-color:#ffffff;\n}\n.av-special-heading.av-kw512bld-aa3b0923f5ff9f18d02973a9ea660b0a .av-subheading{\nfont-size:15px;\n}\n<\/style>\n<div  class='av-special-heading av-kw512bld-aa3b0923f5ff9f18d02973a9ea660b0a av-special-heading-h1 custom-color-heading blockquote modern-quote  avia-builder-el-9  avia-builder-el-no-sibling '><h1 class='av-special-heading-tag '  itemprop=\"headline\"  >Musikstudio<\/h1><div class=\"special-heading-border\"><div class=\"special-heading-inner-border\"><\/div><\/div><\/div><\/div>\n<\/div><\/div>\n<\/div>\n<div id='av-layout-grid-3'  class='av-layout-grid-container av-19g852w-ff2e002c2a2f94d3e13708f29c8e86bc entry-content-wrapper main_color av-flex-cells  avia-builder-el-10  el_after_av_layout_row  avia-builder-el-last  grid-row-not-first  container_wrap fullsize'  >\n\n<style type=\"text\/css\" data-created_by=\"avia_inline_auto\" id=\"style-css-av-18bal8o-080febbf8773295eae3dc98ff541fee7\">\n.flex_cell.av-18bal8o-080febbf8773295eae3dc98ff541fee7{\nvertical-align:top;\n}\n.responsive #top #wrap_all .flex_cell.av-18bal8o-080febbf8773295eae3dc98ff541fee7{\npadding:40px 30px 30px 150px !important;\n}\n<\/style>\n<div class='flex_cell av-18bal8o-080febbf8773295eae3dc98ff541fee7 av-gridrow-cell av_two_fifth no_margin  avia-builder-el-11  el_before_av_cell_three_fifth  avia-builder-el-first  content-align-top'  ><div class='flex_cell_inner'>\n<style type=\"text\/css\" data-created_by=\"avia_inline_auto\" id=\"style-css-av-16n1itk-865c9ae7b5a0edcd668c3f617aba2a44\">\n.flex_column.av-16n1itk-865c9ae7b5a0edcd668c3f617aba2a44{\nborder-radius:0px 0px 0px 0px;\npadding:0px 0px 0px 0px;\n}\n<\/style>\n<div  class='flex_column av-16n1itk-865c9ae7b5a0edcd668c3f617aba2a44 av_one_full  avia-builder-el-12  avia-builder-el-no-sibling  first flex_column_div av-zero-column-padding  '     ><\/div>\n<\/div><\/div>\n<style type=\"text\/css\" data-created_by=\"avia_inline_auto\" id=\"style-css-av-13flcwo-a6114e94423463fed1daff86c537c665\">\n.flex_cell.av-13flcwo-a6114e94423463fed1daff86c537c665{\nvertical-align:top;\n}\n.responsive #top #wrap_all .flex_cell.av-13flcwo-a6114e94423463fed1daff86c537c665{\npadding:30px 30px 30px 30px !important;\n}\n<\/style>\n<div class='flex_cell av-13flcwo-a6114e94423463fed1daff86c537c665 av-gridrow-cell av_three_fifth no_margin  avia-builder-el-14  el_after_av_cell_two_fifth  avia-builder-el-last  content-align-top'  ><div class='flex_cell_inner'><p>\n<style type=\"text\/css\" data-created_by=\"avia_inline_auto\" id=\"style-css-av-10s7pso-87bdd65ad8a641fd4b9efb6e32499546\">\n.flex_column.av-10s7pso-87bdd65ad8a641fd4b9efb6e32499546{\nborder-radius:0px 0px 0px 0px;\npadding:0px 0px 0px 0px;\n}\n<\/style>\n<div  class='flex_column av-10s7pso-87bdd65ad8a641fd4b9efb6e32499546 av_one_full  avia-builder-el-15  el_before_av_heading  avia-builder-el-first  first flex_column_div av-zero-column-padding  '     ><section  class='av_textblock_section av-zpdtq0-44dcef6ec05287b2384196278fbddfb2 '   itemscope=\"itemscope\" itemtype=\"https:\/\/schema.org\/CreativeWork\" ><div class='avia_textblock'  itemprop=\"text\" ><p>Das Zentrum f\u00fcr soziokulturelle Animation (ZSA) Jura hat im Jahr 2000 ein Musikstudio in seinen R\u00e4umlichkeiten eingerichtet. Seit \u00fcber 20 Jahren steht dieses Studio Kindern, Jugendlichen und Erwachsenen zur Verf\u00fcgung, um Musikprojekte zu realisieren.<\/p>\n<p>Die Nutzerinnen und Nutzer des Studios k\u00f6nnen vor Ort oder online in einer Agenda Zeiten reservieren, und es ist ein Betreuer anwesend, der ihnen zeigt, wie man die Studioger\u00e4te benutzt.<\/p>\n<p>Die jungen Musikproduzentinnen und -produzenten werden ermutigt, ihre Musikkreationen zu teilen, das ist jedoch freiwillig.<\/p>\n<\/div><\/section><\/div>\n<style type=\"text\/css\" data-created_by=\"avia_inline_auto\" id=\"style-css-av-pil3co-a8530ab6e992dcc619d43becb6b6fbc7\">\n#top .av-special-heading.av-pil3co-a8530ab6e992dcc619d43becb6b6fbc7{\npadding-bottom:10px;\n}\nbody .av-special-heading.av-pil3co-a8530ab6e992dcc619d43becb6b6fbc7 .av-special-heading-tag .heading-char{\nfont-size:25px;\n}\n.av-special-heading.av-pil3co-a8530ab6e992dcc619d43becb6b6fbc7 .av-subheading{\nfont-size:15px;\n}\n<\/style>\n<div  class='av-special-heading av-pil3co-a8530ab6e992dcc619d43becb6b6fbc7 av-special-heading-h3 custom-color-heading blockquote modern-quote  avia-builder-el-17  el_after_av_one_full  el_before_av_tab_container '><div class='av-subheading av-subheading_above'><p>REPER<\/p>\n<\/div><h3 class='av-special-heading-tag '  itemprop=\"headline\"  >ZSA Jura<\/h3><div class=\"special-heading-border\"><div class=\"special-heading-inner-border\"><\/div><\/div><\/div><br \/>\n<div  class='tabcontainer av-oqz0bc-243d5331646678e9b5145f797ea3b5a7 sidebar_tab sidebar_tab_left  avia-builder-el-18  el_after_av_heading  avia-builder-el-last  noborder_tabs'>\n<section class='av_tab_section av_tab_section av-n1ypyg-2d0d1d11ab31ecc39ca629878a77b998'  itemscope=\"itemscope\" itemtype=\"https:\/\/schema.org\/CreativeWork\" ><div id='tab-id-1-tab' class='tab active_tab' role='tab' aria-selected=\"true\" tabindex=\"0\" data-fake-id='#tab-id-1' aria-controls='tab-id-1-content'  itemprop=\"headline\" >Adresse<\/div><div id='tab-id-1-content' class='tab_content active_tab_content' role='tabpanel' aria-labelledby='tab-id-1-tab' aria-hidden=\"false\"><div class='tab_inner_content invers-color'  itemprop=\"text\" ><p><strong>REPER<\/strong><br \/>\nZSA Jura<\/p>\n<p>Av. du G\u00e9n\u00e9ral-Guisan 59<br \/>\nCH-1700 Fribourg<\/p>\n<\/div><\/div><\/section>\n<section class='av_tab_section av_tab_section av-ijwj3c-6cd67d62195a1beb1c9dff4489d6e672'  itemscope=\"itemscope\" itemtype=\"https:\/\/schema.org\/CreativeWork\" ><div id='tab-id-2-tab' class='tab' role='tab' aria-selected=\"false\" tabindex=\"0\" data-fake-id='#tab-id-2' aria-controls='tab-id-2-content'  itemprop=\"headline\" >Kontakt<\/div><div id='tab-id-2-content' class='tab_content' role='tabpanel' aria-labelledby='tab-id-2-tab' aria-hidden=\"true\"><div class='tab_inner_content invers-color'  itemprop=\"text\" ><p><a href=\"https:\/\/www.reper-fr.ch\/de\/ueber-uns\/kontakt\/kontakt\/\" target=\"_blank\" rel=\"noopener\">Hier klicken<\/a><\/p>\n<\/div><\/div><\/section>\n<\/div><\/p>\n<\/div><\/div><\/div>\n","protected":false},"excerpt":{"rendered":"","protected":false},"author":1,"featured_media":0,"parent":4689,"menu_order":1,"comment_status":"closed","ping_status":"closed","template":"","meta":{"_acf_changed":false,"footnotes":""},"class_list":["post-4700","page","type-page","status-publish","hentry"],"acf":[],"_links":{"self":[{"href":"https:\/\/www.reper-fr.ch\/de\/wp-json\/wp\/v2\/pages\/4700","targetHints":{"allow":["GET"]}}],"collection":[{"href":"https:\/\/www.reper-fr.ch\/de\/wp-json\/wp\/v2\/pages"}],"about":[{"href":"https:\/\/www.reper-fr.ch\/de\/wp-json\/wp\/v2\/types\/page"}],"author":[{"embeddable":true,"href":"https:\/\/www.reper-fr.ch\/de\/wp-json\/wp\/v2\/users\/1"}],"replies":[{"embeddable":true,"href":"https:\/\/www.reper-fr.ch\/de\/wp-json\/wp\/v2\/comments?post=4700"}],"version-history":[{"count":5,"href":"https:\/\/www.reper-fr.ch\/de\/wp-json\/wp\/v2\/pages\/4700\/revisions"}],"predecessor-version":[{"id":12017,"href":"https:\/\/www.reper-fr.ch\/de\/wp-json\/wp\/v2\/pages\/4700\/revisions\/12017"}],"up":[{"embeddable":true,"href":"https:\/\/www.reper-fr.ch\/de\/wp-json\/wp\/v2\/pages\/4689"}],"wp:attachment":[{"href":"https:\/\/www.reper-fr.ch\/de\/wp-json\/wp\/v2\/media?parent=4700"}],"curies":[{"name":"wp","href":"https:\/\/api.w.org\/{rel}","templated":true}]}}