{"id":4680,"date":"2021-03-18T10:41:39","date_gmt":"2021-03-18T09:41:39","guid":{"rendered":"https:\/\/www.reper-fr.ch\/privatpersonen\/jugendliche\/beratung-und-unterstuetzung\/equipapparts\/"},"modified":"2024-02-27T14:54:31","modified_gmt":"2024-02-27T13:54:31","slug":"equipapparts-d","status":"publish","type":"page","link":"https:\/\/www.reper-fr.ch\/de\/privatpersonen\/jugendliche\/beratung-und-unterstuetzung\/equipapparts-d\/","title":{"rendered":"Equip&#8217;Apparts"},"content":{"rendered":"<div id='av-layout-grid-1'  class='av-layout-grid-container av-k7q5xv-04e07dd318bf1a0b2726c186b11c54ad entry-content-wrapper main_color av-flex-cells  avia-builder-el-0  el_before_av_layout_row  avia-builder-el-first  av-small-hide av-mini-hide container_wrap fullsize'  >\n\n<style type=\"text\/css\" data-created_by=\"avia_inline_auto\" id=\"style-css-av-ktjuba4t-b2244db125b951816b6429d94446e886\">\n.flex_cell.av-ktjuba4t-b2244db125b951816b6429d94446e886{\nvertical-align:bottom;\nheight:460px;\nmin-height:460px;\nbackground:url(https:\/\/www.reper-fr.ch\/wp-content\/uploads\/2021\/10\/REPER-EquipApparts-image-1030x734.jpeg) 50% 0% no-repeat scroll ;\n}\n.responsive #top #wrap_all .flex_cell.av-ktjuba4t-b2244db125b951816b6429d94446e886{\npadding:200px 0px 200px 0px !important;\n}\n<\/style>\n<div class='flex_cell av-ktjuba4t-b2244db125b951816b6429d94446e886 av-gridrow-cell av_two_fifth no_margin  avia-builder-el-1  el_before_av_cell_three_fifth  avia-builder-el-first  content-align-bottom avia-full-stretch'  ><div class='flex_cell_inner'><\/div><\/div>\n<style type=\"text\/css\" data-created_by=\"avia_inline_auto\" id=\"style-css-av-id81o3-e7fbbb40eecff4cc57558fdff5ae3251\">\n.flex_cell.av-id81o3-e7fbbb40eecff4cc57558fdff5ae3251{\nvertical-align:bottom;\nheight:460px;\nmin-height:460px;\nbackground-color:#a40528;\n}\n.responsive #top #wrap_all .flex_cell.av-id81o3-e7fbbb40eecff4cc57558fdff5ae3251{\npadding:50px 0px 20px 40px !important;\n}\n<\/style>\n<div class='flex_cell av-id81o3-e7fbbb40eecff4cc57558fdff5ae3251 av-gridrow-cell av_three_fifth no_margin  avia-builder-el-2  el_after_av_cell_two_fifth  avia-builder-el-last  content-align-bottom avia-full-stretch'  ><div class='flex_cell_inner'>\n<style type=\"text\/css\" data-created_by=\"avia_inline_auto\" id=\"style-css-av-hdhlxv-ed9aec320fd070f6ede8dbcdd849e539\">\n.flex_column.av-hdhlxv-ed9aec320fd070f6ede8dbcdd849e539{\nborder-radius:0px 0px 0px 0px;\npadding:0px 0px 0px 0px;\n}\n<\/style>\n<div  class='flex_column av-hdhlxv-ed9aec320fd070f6ede8dbcdd849e539 av_three_fourth  avia-builder-el-3  avia-builder-el-no-sibling  first flex_column_div av-zero-column-padding  '     ><style type=\"text\/css\" data-created_by=\"avia_inline_auto\" id=\"style-css-av-ktjufaic-7c142110a3011dbe5bb928fe71a35f0f\">\n#top .av-special-heading.av-ktjufaic-7c142110a3011dbe5bb928fe71a35f0f{\nmargin:0 0 0 -10px;\npadding-bottom:10px;\ncolor:#ffffff;\n}\nbody .av-special-heading.av-ktjufaic-7c142110a3011dbe5bb928fe71a35f0f .av-special-heading-tag .heading-char{\nfont-size:25px;\n}\n.av-special-heading.av-ktjufaic-7c142110a3011dbe5bb928fe71a35f0f .special-heading-inner-border{\nborder-color:#ffffff;\n}\n.av-special-heading.av-ktjufaic-7c142110a3011dbe5bb928fe71a35f0f .av-subheading{\nfont-size:15px;\n}\n<\/style>\n<div  class='av-special-heading av-ktjufaic-7c142110a3011dbe5bb928fe71a35f0f av-special-heading-h1 custom-color-heading blockquote modern-quote  avia-builder-el-4  avia-builder-el-no-sibling '><h1 class='av-special-heading-tag '  itemprop=\"headline\"  >Equip\u2019Apparts<\/h1><div class=\"special-heading-border\"><div class=\"special-heading-inner-border\"><\/div><\/div><\/div><\/div>\n<\/div><\/div>\n<\/div>\n<div id='av-layout-grid-2'  class='av-layout-grid-container av-fa2ugj-10028427714772c658e061439f54ec93 entry-content-wrapper main_color av-flex-cells  avia-builder-el-5  el_after_av_layout_row  el_before_av_layout_row  grid-row-not-first av-desktop-hide av-medium-hide container_wrap fullsize'  >\n\n<style type=\"text\/css\" data-created_by=\"avia_inline_auto\" id=\"style-css-av-ktjuf01z-6714713ccfad51a1c9d102a9a3f42dd9\">\n.flex_cell.av-ktjuf01z-6714713ccfad51a1c9d102a9a3f42dd9{\nvertical-align:bottom;\nheight:180px;\nmin-height:180px;\nbackground:url(https:\/\/www.reper-fr.ch\/wp-content\/uploads\/2021\/10\/REPER-EquipApparts-image-1030x734.jpeg) 50% 0% no-repeat scroll ;\n}\n.responsive #top #wrap_all .flex_cell.av-ktjuf01z-6714713ccfad51a1c9d102a9a3f42dd9{\npadding:200px 0px 200px 0px !important;\n}\n<\/style>\n<div class='flex_cell av-ktjuf01z-6714713ccfad51a1c9d102a9a3f42dd9 av-gridrow-cell av_two_fifth no_margin  avia-builder-el-6  el_before_av_cell_three_fifth  avia-builder-el-first  content-align-bottom avia-full-stretch'  ><div class='flex_cell_inner'><\/div><\/div>\n<style type=\"text\/css\" data-created_by=\"avia_inline_auto\" id=\"style-css-av-dups3n-1026ca1976e25e7b1f501534b314eaea\">\n.flex_cell.av-dups3n-1026ca1976e25e7b1f501534b314eaea{\nvertical-align:bottom;\nheight:180px;\nmin-height:180px;\nbackground-color:#a40528;\n}\n.responsive #top #wrap_all .flex_cell.av-dups3n-1026ca1976e25e7b1f501534b314eaea{\npadding:50px 0px 20px 40px !important;\n}\n<\/style>\n<div class='flex_cell av-dups3n-1026ca1976e25e7b1f501534b314eaea av-gridrow-cell av_three_fifth no_margin  avia-builder-el-7  el_after_av_cell_two_fifth  avia-builder-el-last  content-align-bottom avia-full-stretch'  ><div class='flex_cell_inner'>\n<style type=\"text\/css\" data-created_by=\"avia_inline_auto\" id=\"style-css-av-ctzz83-36bde7906c66af4e18566fc96062e379\">\n.flex_column.av-ctzz83-36bde7906c66af4e18566fc96062e379{\nborder-radius:0px 0px 0px 0px;\npadding:0px 0px 0px 0px;\n}\n<\/style>\n<div  class='flex_column av-ctzz83-36bde7906c66af4e18566fc96062e379 av_three_fourth  avia-builder-el-8  avia-builder-el-no-sibling  first flex_column_div av-zero-column-padding  '     ><style type=\"text\/css\" data-created_by=\"avia_inline_auto\" id=\"style-css-av-ktjufkcd-89d022576cb4c96efc27447d513f115d\">\n#top .av-special-heading.av-ktjufkcd-89d022576cb4c96efc27447d513f115d{\npadding-bottom:10px;\ncolor:#ffffff;\n}\nbody .av-special-heading.av-ktjufkcd-89d022576cb4c96efc27447d513f115d .av-special-heading-tag .heading-char{\nfont-size:25px;\n}\n.av-special-heading.av-ktjufkcd-89d022576cb4c96efc27447d513f115d .special-heading-inner-border{\nborder-color:#ffffff;\n}\n.av-special-heading.av-ktjufkcd-89d022576cb4c96efc27447d513f115d .av-subheading{\nfont-size:15px;\n}\n<\/style>\n<div  class='av-special-heading av-ktjufkcd-89d022576cb4c96efc27447d513f115d av-special-heading-h1 custom-color-heading blockquote modern-quote  avia-builder-el-9  avia-builder-el-no-sibling '><h1 class='av-special-heading-tag '  itemprop=\"headline\"  >Equip\u2019Apparts<\/h1><div class=\"special-heading-border\"><div class=\"special-heading-inner-border\"><\/div><\/div><\/div><\/div>\n<\/div><\/div>\n<\/div>\n<div id='av-layout-grid-3'  class='av-layout-grid-container av-bce3wz-6ee0f5ad606358e3d3343d6d78b42da6 entry-content-wrapper main_color av-flex-cells  avia-builder-el-10  el_after_av_layout_row  avia-builder-el-last  grid-row-not-first  container_wrap fullsize'  >\n\n<style type=\"text\/css\" data-created_by=\"avia_inline_auto\" id=\"style-css-av-8qc1rn-b0cde906269527ee8bae55848043e37c\">\n.flex_cell.av-8qc1rn-b0cde906269527ee8bae55848043e37c{\nvertical-align:top;\n}\n.responsive #top #wrap_all .flex_cell.av-8qc1rn-b0cde906269527ee8bae55848043e37c{\npadding:40px 30px 30px 150px !important;\n}\n<\/style>\n<div class='flex_cell av-8qc1rn-b0cde906269527ee8bae55848043e37c av-gridrow-cell av_two_fifth no_margin  avia-builder-el-11  el_before_av_cell_three_fifth  avia-builder-el-first  content-align-top'  ><div class='flex_cell_inner'>\n<style type=\"text\/css\" data-created_by=\"avia_inline_auto\" id=\"style-css-av-pnteb-e7e68b7f24a1d2db1d2eda630bd0544e\">\n.flex_column.av-pnteb-e7e68b7f24a1d2db1d2eda630bd0544e{\nborder-radius:0px 0px 0px 0px;\npadding:0px 0px 0px 0px;\n}\n<\/style>\n<div  class='flex_column av-pnteb-e7e68b7f24a1d2db1d2eda630bd0544e av_one_full  avia-builder-el-12  avia-builder-el-no-sibling  first flex_column_div av-zero-column-padding  '     ><\/div>\n<\/div><\/div>\n<style type=\"text\/css\" data-created_by=\"avia_inline_auto\" id=\"style-css-av-3lndwz-96c44da55fd2e8955ae81e1bc31818e8\">\n.flex_cell.av-3lndwz-96c44da55fd2e8955ae81e1bc31818e8{\nvertical-align:top;\n}\n.responsive #top #wrap_all .flex_cell.av-3lndwz-96c44da55fd2e8955ae81e1bc31818e8{\npadding:30px 30px 30px 30px !important;\n}\n<\/style>\n<div class='flex_cell av-3lndwz-96c44da55fd2e8955ae81e1bc31818e8 av-gridrow-cell av_three_fifth no_margin  avia-builder-el-14  el_after_av_cell_two_fifth  avia-builder-el-last  content-align-top'  ><div class='flex_cell_inner'><p>\n<style type=\"text\/css\" data-created_by=\"avia_inline_auto\" id=\"style-css-av-26xgw3-90e916ad564d2ba1a7d92a49475f129c\">\n.flex_column.av-26xgw3-90e916ad564d2ba1a7d92a49475f129c{\nborder-radius:0px 0px 0px 0px;\npadding:0px 0px 0px 0px;\n}\n<\/style>\n<div  class='flex_column av-26xgw3-90e916ad564d2ba1a7d92a49475f129c av_one_full  avia-builder-el-15  el_before_av_heading  avia-builder-el-first  first flex_column_div av-zero-column-padding  '     ><section  class='av_textblock_section av-ktjuo41s-76265c64a99cd5cc235d324081642495 '   itemscope=\"itemscope\" itemtype=\"https:\/\/schema.org\/CreativeWork\" ><div class='avia_textblock'  itemprop=\"text\" ><p>Equip\u2019Apparts\u00a0wurde vom Netzwerk der Freiburger Einrichtungen f\u00fcr Suchtkranke (NFES) gegr\u00fcndet.<br \/>\nFolgende Einrichtungen geh\u00f6ren dem Netzwerk an:<\/p>\n<ul>\n<li>Die Stiftung <a href=\"https:\/\/www.tremplin.ch\/de\" target=\"_blank\" rel=\"noopener\">Le Tremplin<\/a><\/li>\n<li>Die Stiftung <a href=\"http:\/\/www.letorry.ch\/startseite.html\" target=\"_blank\" rel=\"noopener\">Le Torry<\/a><\/li>\n<li>Der Verein <a href=\"http:\/\/www.leradeau.ch\/\" target=\"_blank\" rel=\"noopener\">Le Radeau<\/a><\/li>\n<\/ul>\n<p>Im ehrenamtlichen Vorstand sind:<\/p>\n<ul>\n<li><a href=\"https:\/\/www.lestraversees.ch\/\" target=\"_blank\" rel=\"noopener\">Les Travers\u00e9es<\/a><\/li>\n<li><a href=\"https:\/\/ffj.ch\/accueil-ffj-deutsch\/\" target=\"_blank\" rel=\"noopener\">Die Freiburger Stiftung f\u00fcr die Jugend<\/a><\/li>\n<li><a href=\"https:\/\/www.reper-fr.ch\/de\/home\/\" target=\"_blank\" rel=\"noopener\">REPER<\/a><\/li>\n<\/ul>\n<p>Das Ziel von Equip\u2019Apparts ist, Suchtbetroffene bei Wohnungsproblemen zu entlasten und so ihre soziale Eingliederung zu f\u00f6rdern.<\/p>\n<p>Dazu bietet Equip\u2019Apparts unter bestimmten Voraussetzungen auch die Untermiete von Wohnungen an, damit Suchtbetroffene schliesslich eine geeignete Wohnung finden, in der sie bleiben k\u00f6nnen.<\/p>\n<p>Dar\u00fcber hinaus umfasst das Programm eine regelm\u00e4ssige sozialp\u00e4dagogische Begleitung, die in erster Linie darauf abzielt, die Situation der Einzelnen zu stabilisieren, Gesundheitszustand und Lebensqualit\u00e4t zu verbessern und ihre F\u00e4higkeiten zur sozialen und beruflichen Wiedereingliederung weiterzuentwickeln.<\/p>\n<\/div><\/section><\/div>\n<style type=\"text\/css\" data-created_by=\"avia_inline_auto\" id=\"style-css-av-ktjvzkrc-70337ceb95bce1713cb039da5ac41a81\">\n#top .av-special-heading.av-ktjvzkrc-70337ceb95bce1713cb039da5ac41a81{\npadding-bottom:10px;\n}\nbody .av-special-heading.av-ktjvzkrc-70337ceb95bce1713cb039da5ac41a81 .av-special-heading-tag .heading-char{\nfont-size:25px;\n}\n.av-special-heading.av-ktjvzkrc-70337ceb95bce1713cb039da5ac41a81 .av-subheading{\nfont-size:15px;\n}\n<\/style>\n<div  class='av-special-heading av-ktjvzkrc-70337ceb95bce1713cb039da5ac41a81 av-special-heading-h3 custom-color-heading blockquote modern-quote  avia-builder-el-17  el_after_av_one_full  el_before_av_tab_container '><div class='av-subheading av-subheading_above'><p>Verein<\/p>\n<\/div><h3 class='av-special-heading-tag '  itemprop=\"headline\"  >Equip\u2019Apparts<\/h3><div class=\"special-heading-border\"><div class=\"special-heading-inner-border\"><\/div><\/div><\/div><br \/>\n<div  class='tabcontainer av-ktjw36pl-f7c6d3e8524a0c23f4c2dca2fe57faea sidebar_tab sidebar_tab_left  avia-builder-el-18  el_after_av_heading  avia-builder-el-last  noborder_tabs'>\n<section class='av_tab_section av_tab_section av-bn23n-255b394ff53809fed49fea216e5bb277'  itemscope=\"itemscope\" itemtype=\"https:\/\/schema.org\/CreativeWork\" ><div id='tab-id-1-tab' class='tab active_tab' role='tab' aria-selected=\"true\" tabindex=\"0\" data-fake-id='#tab-id-1' aria-controls='tab-id-1-content'  itemprop=\"headline\" >Adresse<\/div><div id='tab-id-1-content' class='tab_content active_tab_content' role='tabpanel' aria-labelledby='tab-id-1-tab' aria-hidden=\"false\"><div class='tab_inner_content invers-color'  itemprop=\"text\" ><p><strong>Equip&#8217;Apparts<\/strong><\/p>\n<p>Avenue de l&#8217;Europe 6, Postfach 301<br \/>\nCH-1701 Freiburg<\/p>\n<\/div><\/div><\/section>\n<section class='av_tab_section av_tab_section av-ktjw32lp-b7b4d23d4efc99359f42542fb2b280bd'  itemscope=\"itemscope\" itemtype=\"https:\/\/schema.org\/CreativeWork\" ><div id='tab-id-2-tab' class='tab' role='tab' aria-selected=\"false\" tabindex=\"0\" data-fake-id='#tab-id-2' aria-controls='tab-id-2-content'  itemprop=\"headline\" >Kontakt<\/div><div id='tab-id-2-content' class='tab_content' role='tabpanel' aria-labelledby='tab-id-2-tab' aria-hidden=\"true\"><div class='tab_inner_content invers-color'  itemprop=\"text\" ><p><strong>Projektverantwortlicher<\/strong><\/p>\n<p>Davide D&#8217;Onofrio<\/p>\n<p>T 079 522 18 61<\/p>\n<p><a href=\"mailto:info@equipapparts.com\" target=\"_blank\" rel=\"noopener\">info@equipapparts.com<\/a><\/p>\n<div class=\"pwr--clearfix\"><\/div>\n<\/div><\/div><\/section>\n<\/div><\/p>\n<\/div><\/div><\/div>\n","protected":false},"excerpt":{"rendered":"","protected":false},"author":1,"featured_media":0,"parent":4637,"menu_order":4,"comment_status":"closed","ping_status":"closed","template":"","meta":{"_acf_changed":false,"footnotes":""},"class_list":["post-4680","page","type-page","status-publish","hentry"],"acf":[],"_links":{"self":[{"href":"https:\/\/www.reper-fr.ch\/de\/wp-json\/wp\/v2\/pages\/4680","targetHints":{"allow":["GET"]}}],"collection":[{"href":"https:\/\/www.reper-fr.ch\/de\/wp-json\/wp\/v2\/pages"}],"about":[{"href":"https:\/\/www.reper-fr.ch\/de\/wp-json\/wp\/v2\/types\/page"}],"author":[{"embeddable":true,"href":"https:\/\/www.reper-fr.ch\/de\/wp-json\/wp\/v2\/users\/1"}],"replies":[{"embeddable":true,"href":"https:\/\/www.reper-fr.ch\/de\/wp-json\/wp\/v2\/comments?post=4680"}],"version-history":[{"count":5,"href":"https:\/\/www.reper-fr.ch\/de\/wp-json\/wp\/v2\/pages\/4680\/revisions"}],"predecessor-version":[{"id":4681,"href":"https:\/\/www.reper-fr.ch\/de\/wp-json\/wp\/v2\/pages\/4680\/revisions\/4681"}],"up":[{"embeddable":true,"href":"https:\/\/www.reper-fr.ch\/de\/wp-json\/wp\/v2\/pages\/4637"}],"wp:attachment":[{"href":"https:\/\/www.reper-fr.ch\/de\/wp-json\/wp\/v2\/media?parent=4680"}],"curies":[{"name":"wp","href":"https:\/\/api.w.org\/{rel}","templated":true}]}}