{"id":4665,"date":"2021-03-18T10:40:38","date_gmt":"2021-03-18T09:40:38","guid":{"rendered":"https:\/\/www.reper-fr.ch\/privatpersonen\/jugendliche\/beratung-und-unterstuetzung\/choice\/"},"modified":"2026-02-05T20:16:03","modified_gmt":"2026-02-05T19:16:03","slug":"choice-d","status":"publish","type":"page","link":"https:\/\/www.reper-fr.ch\/de\/privatpersonen\/jugendliche\/beratung-und-unterstuetzung\/choice-d\/","title":{"rendered":"Choice &#8211; D"},"content":{"rendered":"<div id='av-layout-grid-1'  class='av-layout-grid-container av-kzbe3u-9f7cd97fd4dd48635ae919d566dc3c54 entry-content-wrapper main_color av-flex-cells  avia-builder-el-0  el_before_av_layout_row  avia-builder-el-first  av-small-hide av-mini-hide container_wrap fullsize'  >\n\n<style type=\"text\/css\" data-created_by=\"avia_inline_auto\" id=\"style-css-av-ktsnydbm-fef47b0e9ccb7b57d79715259d632323\">\n.flex_cell.av-ktsnydbm-fef47b0e9ccb7b57d79715259d632323{\nvertical-align:bottom;\nheight:460px;\nmin-height:460px;\nbackground:url(https:\/\/www.reper-fr.ch\/wp-content\/uploads\/2022\/02\/IMG_20220215_140358-min-1030x772.jpg) 50% 0% no-repeat scroll ;\n}\n.responsive #top #wrap_all .flex_cell.av-ktsnydbm-fef47b0e9ccb7b57d79715259d632323{\npadding:200px 0px 200px 0px !important;\n}\n<\/style>\n<div class='flex_cell av-ktsnydbm-fef47b0e9ccb7b57d79715259d632323 av-gridrow-cell av_two_fifth no_margin  avia-builder-el-1  el_before_av_cell_three_fifth  avia-builder-el-first  content-align-bottom avia-full-stretch'  ><div class='flex_cell_inner'><\/div><\/div>\n<style type=\"text\/css\" data-created_by=\"avia_inline_auto\" id=\"style-css-av-jbxeii-d3c6924df9b824700ad0e1dde7eff329\">\n.flex_cell.av-jbxeii-d3c6924df9b824700ad0e1dde7eff329{\nvertical-align:bottom;\nheight:460px;\nmin-height:460px;\nbackground-color:#a40528;\n}\n.responsive #top #wrap_all .flex_cell.av-jbxeii-d3c6924df9b824700ad0e1dde7eff329{\npadding:50px 0px 20px 40px !important;\n}\n<\/style>\n<div class='flex_cell av-jbxeii-d3c6924df9b824700ad0e1dde7eff329 av-gridrow-cell av_three_fifth no_margin  avia-builder-el-2  el_after_av_cell_two_fifth  avia-builder-el-last  content-align-bottom avia-full-stretch'  ><div class='flex_cell_inner'>\n<style type=\"text\/css\" data-created_by=\"avia_inline_auto\" id=\"style-css-av-h8ncsa-71bdcf4c964b919de11fce9e7544bf7c\">\n.flex_column.av-h8ncsa-71bdcf4c964b919de11fce9e7544bf7c{\nborder-radius:0px 0px 0px 0px;\npadding:0px 0px 0px 0px;\n}\n<\/style>\n<div  class='flex_column av-h8ncsa-71bdcf4c964b919de11fce9e7544bf7c av_three_fourth  avia-builder-el-3  avia-builder-el-no-sibling  first flex_column_div av-zero-column-padding  '     ><style type=\"text\/css\" data-created_by=\"avia_inline_auto\" id=\"style-css-av-ktsnlwne-ba85e69551c61a111ac881b5e1625c39\">\n#top .av-special-heading.av-ktsnlwne-ba85e69551c61a111ac881b5e1625c39{\nmargin:0 0 0 -10px;\npadding-bottom:10px;\ncolor:#ffffff;\n}\nbody .av-special-heading.av-ktsnlwne-ba85e69551c61a111ac881b5e1625c39 .av-special-heading-tag .heading-char{\nfont-size:25px;\n}\n.av-special-heading.av-ktsnlwne-ba85e69551c61a111ac881b5e1625c39 .special-heading-inner-border{\nborder-color:#ffffff;\n}\n.av-special-heading.av-ktsnlwne-ba85e69551c61a111ac881b5e1625c39 .av-subheading{\nfont-size:15px;\n}\n<\/style>\n<div  class='av-special-heading av-ktsnlwne-ba85e69551c61a111ac881b5e1625c39 av-special-heading-h1 custom-color-heading blockquote modern-quote  avia-builder-el-4  avia-builder-el-no-sibling '><h1 class='av-special-heading-tag '  itemprop=\"headline\"  >Choice<\/h1><div class=\"special-heading-border\"><div class=\"special-heading-inner-border\"><\/div><\/div><\/div><\/div>\n<\/div><\/div>\n<\/div>\n<div id='av-layout-grid-2'  class='av-layout-grid-container av-g1as8a-0860bcc7cda48de7c8961768d6798c3f entry-content-wrapper main_color av-flex-cells  avia-builder-el-5  el_after_av_layout_row  el_before_av_layout_row  grid-row-not-first av-desktop-hide av-medium-hide container_wrap fullsize'  >\n\n<style type=\"text\/css\" data-created_by=\"avia_inline_auto\" id=\"style-css-av-ktsnyll5-238bd8898bf59d9b73795a9c04656166\">\n.flex_cell.av-ktsnyll5-238bd8898bf59d9b73795a9c04656166{\nvertical-align:bottom;\nheight:180px;\nmin-height:180px;\nbackground:url(https:\/\/www.reper-fr.ch\/wp-content\/uploads\/2022\/02\/IMG_20220215_140358-min-1030x772.jpg) 50% 0% no-repeat scroll ;\n}\n.responsive #top #wrap_all .flex_cell.av-ktsnyll5-238bd8898bf59d9b73795a9c04656166{\npadding:200px 0px 200px 0px !important;\n}\n<\/style>\n<div class='flex_cell av-ktsnyll5-238bd8898bf59d9b73795a9c04656166 av-gridrow-cell av_two_fifth no_margin  avia-builder-el-6  el_before_av_cell_three_fifth  avia-builder-el-first  content-align-bottom avia-full-stretch'  ><div class='flex_cell_inner'><\/div><\/div>\n<style type=\"text\/css\" data-created_by=\"avia_inline_auto\" id=\"style-css-av-ei7rca-356f6084902c9611c565376d3371d141\">\n.flex_cell.av-ei7rca-356f6084902c9611c565376d3371d141{\nvertical-align:bottom;\nheight:180px;\nmin-height:180px;\nbackground-color:#a40528;\n}\n.responsive #top #wrap_all .flex_cell.av-ei7rca-356f6084902c9611c565376d3371d141{\npadding:50px 0px 20px 40px !important;\n}\n<\/style>\n<div class='flex_cell av-ei7rca-356f6084902c9611c565376d3371d141 av-gridrow-cell av_three_fifth no_margin  avia-builder-el-7  el_after_av_cell_two_fifth  avia-builder-el-last  content-align-bottom avia-full-stretch'  ><div class='flex_cell_inner'>\n<style type=\"text\/css\" data-created_by=\"avia_inline_auto\" id=\"style-css-av-cxm2uy-63040d3bf9bc7eaea11fcf78991f1ded\">\n.flex_column.av-cxm2uy-63040d3bf9bc7eaea11fcf78991f1ded{\nborder-radius:0px 0px 0px 0px;\npadding:0px 0px 0px 0px;\n}\n<\/style>\n<div  class='flex_column av-cxm2uy-63040d3bf9bc7eaea11fcf78991f1ded av_three_fourth  avia-builder-el-8  avia-builder-el-no-sibling  first flex_column_div av-zero-column-padding  '     ><style type=\"text\/css\" data-created_by=\"avia_inline_auto\" id=\"style-css-av-ktsnm36x-ec590b1d56a4f5a120aa3f92eba62ae3\">\n#top .av-special-heading.av-ktsnm36x-ec590b1d56a4f5a120aa3f92eba62ae3{\npadding-bottom:10px;\ncolor:#ffffff;\n}\nbody .av-special-heading.av-ktsnm36x-ec590b1d56a4f5a120aa3f92eba62ae3 .av-special-heading-tag .heading-char{\nfont-size:25px;\n}\n.av-special-heading.av-ktsnm36x-ec590b1d56a4f5a120aa3f92eba62ae3 .special-heading-inner-border{\nborder-color:#ffffff;\n}\n.av-special-heading.av-ktsnm36x-ec590b1d56a4f5a120aa3f92eba62ae3 .av-subheading{\nfont-size:15px;\n}\n<\/style>\n<div  class='av-special-heading av-ktsnm36x-ec590b1d56a4f5a120aa3f92eba62ae3 av-special-heading-h1 custom-color-heading blockquote modern-quote  avia-builder-el-9  avia-builder-el-no-sibling '><h1 class='av-special-heading-tag '  itemprop=\"headline\"  >Choice<\/h1><div class=\"special-heading-border\"><div class=\"special-heading-inner-border\"><\/div><\/div><\/div><\/div>\n<\/div><\/div>\n<\/div>\n<div id='av-layout-grid-3'  class='av-layout-grid-container av-a4he1m-60f24d31e315c9690b384b8d1a2a224a entry-content-wrapper main_color av-flex-cells  avia-builder-el-10  el_after_av_layout_row  avia-builder-el-last  grid-row-not-first  container_wrap fullsize'  >\n\n<style type=\"text\/css\" data-created_by=\"avia_inline_auto\" id=\"style-css-av-vc2sa-31037296fd12cbcea2007aedc1eece10\">\n.flex_cell.av-vc2sa-31037296fd12cbcea2007aedc1eece10{\nvertical-align:top;\n}\n.responsive #top #wrap_all .flex_cell.av-vc2sa-31037296fd12cbcea2007aedc1eece10{\npadding:40px 30px 30px 150px !important;\n}\n<\/style>\n<div class='flex_cell av-vc2sa-31037296fd12cbcea2007aedc1eece10 av-gridrow-cell av_two_fifth no_margin  avia-builder-el-11  el_before_av_cell_three_fifth  avia-builder-el-first  content-align-top'  ><div class='flex_cell_inner'>\n<style type=\"text\/css\" data-created_by=\"avia_inline_auto\" id=\"style-css-av-732rx6-ed3a403a6460efc7af9298398e12db97\">\n.flex_column.av-732rx6-ed3a403a6460efc7af9298398e12db97{\nborder-radius:0px 0px 0px 0px;\npadding:0px 0px 0px 0px;\n}\n<\/style>\n<div  class='flex_column av-732rx6-ed3a403a6460efc7af9298398e12db97 av_one_full  avia-builder-el-12  avia-builder-el-no-sibling  first flex_column_div av-zero-column-padding  '     ><\/div>\n<\/div><\/div>\n<style type=\"text\/css\" data-created_by=\"avia_inline_auto\" id=\"style-css-av-3lf0ze-d214254be3e2e338302de292db6bd0e1\">\n.flex_cell.av-3lf0ze-d214254be3e2e338302de292db6bd0e1{\nvertical-align:top;\n}\n.responsive #top #wrap_all .flex_cell.av-3lf0ze-d214254be3e2e338302de292db6bd0e1{\npadding:30px 30px 30px 30px !important;\n}\n<\/style>\n<div class='flex_cell av-3lf0ze-d214254be3e2e338302de292db6bd0e1 av-gridrow-cell av_three_fifth no_margin  avia-builder-el-14  el_after_av_cell_two_fifth  avia-builder-el-last  content-align-top'  ><div class='flex_cell_inner'><p>\n<style type=\"text\/css\" data-created_by=\"avia_inline_auto\" id=\"style-css-av-34h8tm-cab0bb0427e1b9e4bcabe540f96745c9\">\n.flex_column.av-34h8tm-cab0bb0427e1b9e4bcabe540f96745c9{\nborder-radius:0px 0px 0px 0px;\npadding:0px 0px 0px 0px;\n}\n<\/style>\n<div  class='flex_column av-34h8tm-cab0bb0427e1b9e4bcabe540f96745c9 av_one_full  avia-builder-el-15  el_before_av_heading  avia-builder-el-first  first flex_column_div av-zero-column-padding  '     ><section  class='av_textblock_section av-ktsnvk3g-ee0bc02bdc23f0b261b083a44e960f6d '   itemscope=\"itemscope\" itemtype=\"https:\/\/schema.org\/CreativeWork\" ><div class='avia_textblock'  itemprop=\"text\" ><p><strong><em>Diese Leistung gibt es nur auf Franz\u00f6sisch<\/em><\/strong><\/p>\n<p><a href=\"https:\/\/www.reper-fr.ch\/de\/privatpersonen\/jugendliche\/beratung-und-unterstuetzung\/choice-d\/\" target=\"_blank\" rel=\"noopener\">Choice<\/a> est un programme de pr\u00e9vention pour les jeunes entre 12 et 17 ans qui vivent une situation difficile ou dont le comportement et la scolarit\u00e9 inqui\u00e8tent.<\/p>\n<p>Il offre un accompagnement personnalis\u00e9 de 6 \u00e0 9 mois compos\u00e9 de:<\/p>\n<ul>\n<li>entretiens individuels et familiaux<\/li>\n<li>soutien parental<\/li>\n<li>travail en dynamique de groupe<\/li>\n<li>travail de r\u00e9seau<\/li>\n<\/ul>\n<p>Choice privil\u00e9gie une vision syst\u00e9mique et orient\u00e9e sur les ressources. Le but est d\u2019activer les forces et les comp\u00e9tences dans les diff\u00e9rents contextes familiaux, sociaux, scolaires et de r\u00e9habiliter une projection vers un futur plus confortable.<\/p>\n<p>Les entretiens ont lieu principalement sur le temps scolaire dans nos locaux de Fribourg et Bulle.<\/p>\n<p>Le programme \u00e9tant subventionn\u00e9, sa participation est gratuite.<\/p>\n<p><strong>Inscriptions via ce <a href=\"mailto:ressource.bulle@reper-fr.ch\" target=\"_blank\" rel=\"noopener\">lien<\/a>.<\/strong><\/p>\n<\/div><\/section><\/div>\n<style type=\"text\/css\" data-created_by=\"avia_inline_auto\" id=\"style-css-av-ktsnz6j3-4f1100dabda01e916fb95c91da25492a\">\n#top .av-special-heading.av-ktsnz6j3-4f1100dabda01e916fb95c91da25492a{\npadding-bottom:10px;\n}\nbody .av-special-heading.av-ktsnz6j3-4f1100dabda01e916fb95c91da25492a .av-special-heading-tag .heading-char{\nfont-size:25px;\n}\n.av-special-heading.av-ktsnz6j3-4f1100dabda01e916fb95c91da25492a .av-subheading{\nfont-size:15px;\n}\n<\/style>\n<div  class='av-special-heading av-ktsnz6j3-4f1100dabda01e916fb95c91da25492a av-special-heading-h3 custom-color-heading blockquote modern-quote  avia-builder-el-17  el_after_av_one_full  el_before_av_tab_container '><div class='av-subheading av-subheading_above'><p>REPER<\/p>\n<\/div><h3 class='av-special-heading-tag '  itemprop=\"headline\"  >Choice Fribourg<\/h3><div class=\"special-heading-border\"><div class=\"special-heading-inner-border\"><\/div><\/div><\/div><br \/>\n<div  class='tabcontainer av-ktso6dvj-035dc6f3c62ddb6cee4ad3179783181e sidebar_tab sidebar_tab_left  avia-builder-el-18  el_after_av_heading  el_before_av_heading  noborder_tabs'>\n<section class='av_tab_section av_tab_section av-ktso2iih-f19764ab7ac6e5f4c64fc3a1b0773c73'  itemscope=\"itemscope\" itemtype=\"https:\/\/schema.org\/CreativeWork\" ><div id='tab-id-1-tab' class='tab active_tab' role='tab' aria-selected=\"true\" tabindex=\"0\" data-fake-id='#tab-id-1' aria-controls='tab-id-1-content'  itemprop=\"headline\" >Adresse<\/div><div id='tab-id-1-content' class='tab_content active_tab_content' role='tabpanel' aria-labelledby='tab-id-1-tab' aria-hidden=\"false\"><div class='tab_inner_content invers-color'  itemprop=\"text\" ><p><strong>REPER<\/strong><br \/>\nRessources &amp; D\u00e9veloppement<br \/>\nProgramme Choice<\/p>\n<p>Route du Jura 29<br \/>\nCH-1700 Fribourg<\/p>\n<\/div><\/div><\/section>\n<section class='av_tab_section av_tab_section av-ktso45jt-990937ef6a8c2ad4e242e03d0decf82b'  itemscope=\"itemscope\" itemtype=\"https:\/\/schema.org\/CreativeWork\" ><div id='tab-id-2-tab' class='tab' role='tab' aria-selected=\"false\" tabindex=\"0\" data-fake-id='#tab-id-2' aria-controls='tab-id-2-content'  itemprop=\"headline\" >Contact<\/div><div id='tab-id-2-content' class='tab_content' role='tabpanel' aria-labelledby='tab-id-2-tab' aria-hidden=\"true\"><div class='tab_inner_content invers-color'  itemprop=\"text\" ><p>T +41 26 323 18 87<\/p>\n<p><a href=\"mailto:accueil@reper-fr.ch\" target=\"_blank\" rel=\"noopener\">ressource@reper-fr.ch<\/a><\/p>\n<\/div><\/div><\/section>\n<section class='av_tab_section av_tab_section av-ktso67g6-4f2920aba8ddef5098e8c856d07a876f'  itemscope=\"itemscope\" itemtype=\"https:\/\/schema.org\/CreativeWork\" ><div id='tab-id-3-tab' class='tab' role='tab' aria-selected=\"false\" tabindex=\"0\" data-fake-id='#tab-id-3' aria-controls='tab-id-3-content'  itemprop=\"headline\" >Horaires<\/div><div id='tab-id-3-content' class='tab_content' role='tabpanel' aria-labelledby='tab-id-3-tab' aria-hidden=\"true\"><div class='tab_inner_content invers-color'  itemprop=\"text\" ><p>Lundi au jeudi 08:30 \u00e0 12:00 \/ 13:30 \u00e0 17:00<\/p>\n<\/div><\/div><\/section>\n<\/div><br \/>\n\n<style type=\"text\/css\" data-created_by=\"avia_inline_auto\" id=\"style-css-av-ktsnzlji-8e42e84fc59a66ee09b504a94acb0f43\">\n#top .av-special-heading.av-ktsnzlji-8e42e84fc59a66ee09b504a94acb0f43{\npadding-bottom:10px;\n}\nbody .av-special-heading.av-ktsnzlji-8e42e84fc59a66ee09b504a94acb0f43 .av-special-heading-tag .heading-char{\nfont-size:25px;\n}\n.av-special-heading.av-ktsnzlji-8e42e84fc59a66ee09b504a94acb0f43 .av-subheading{\nfont-size:15px;\n}\n<\/style>\n<div  class='av-special-heading av-ktsnzlji-8e42e84fc59a66ee09b504a94acb0f43 av-special-heading-h3 custom-color-heading blockquote modern-quote  avia-builder-el-19  el_after_av_tab_container  el_before_av_tab_container '><div class='av-subheading av-subheading_above'><p>REPER<\/p>\n<\/div><h3 class='av-special-heading-tag '  itemprop=\"headline\"  >Choice Bulle<\/h3><div class=\"special-heading-border\"><div class=\"special-heading-inner-border\"><\/div><\/div><\/div><br \/>\n<div  class='tabcontainer av-ktso9v74-433ebc7012654d6d5b10ef35c5a52bcc sidebar_tab sidebar_tab_left  avia-builder-el-20  el_after_av_heading  avia-builder-el-last  noborder_tabs'>\n<section class='av_tab_section av_tab_section av-ktso87bc-d71741a1bfd88b94c8d286420f25d16a'  itemscope=\"itemscope\" itemtype=\"https:\/\/schema.org\/CreativeWork\" ><div id='tab-id-4-tab' class='tab active_tab' role='tab' aria-selected=\"true\" tabindex=\"0\" data-fake-id='#tab-id-4' aria-controls='tab-id-4-content'  itemprop=\"headline\" >Adresse<\/div><div id='tab-id-4-content' class='tab_content active_tab_content' role='tabpanel' aria-labelledby='tab-id-4-tab' aria-hidden=\"false\"><div class='tab_inner_content invers-color'  itemprop=\"text\" ><p><strong>REPER<\/strong><br \/>\nRessources &amp; D\u00e9veloppement<br \/>\nProgramme Choice<\/p>\n<p>Rue de la Poterne 21<br \/>\nCH-1630 Bulle<\/p>\n<\/div><\/div><\/section>\n<section class='av_tab_section av_tab_section av-ktso8n0a-419647dfb31e612ded0c194293ececc8'  itemscope=\"itemscope\" itemtype=\"https:\/\/schema.org\/CreativeWork\" ><div id='tab-id-5-tab' class='tab' role='tab' aria-selected=\"false\" tabindex=\"0\" data-fake-id='#tab-id-5' aria-controls='tab-id-5-content'  itemprop=\"headline\" >Contact<\/div><div id='tab-id-5-content' class='tab_content' role='tabpanel' aria-labelledby='tab-id-5-tab' aria-hidden=\"true\"><div class='tab_inner_content invers-color'  itemprop=\"text\" ><p>T +41 26 912 27 49<\/p>\n<p><a href=\"mailto:accueil@reper-fr.ch\" target=\"_blank\" rel=\"noopener\">ressource@reper-fr.ch<\/a><\/p>\n<\/div><\/div><\/section>\n<section class='av_tab_section av_tab_section av-ktso9rz3-754e3c7e5e98e5477aeaa60ca54a99f0'  itemscope=\"itemscope\" itemtype=\"https:\/\/schema.org\/CreativeWork\" ><div id='tab-id-6-tab' class='tab' role='tab' aria-selected=\"false\" tabindex=\"0\" data-fake-id='#tab-id-6' aria-controls='tab-id-6-content'  itemprop=\"headline\" >Horaires<\/div><div id='tab-id-6-content' class='tab_content' role='tabpanel' aria-labelledby='tab-id-6-tab' aria-hidden=\"true\"><div class='tab_inner_content invers-color'  itemprop=\"text\" ><p>Lundi au vendredi 08:30 \u00e0 12:00 \/ 13:30 \u00e0 17:00<\/p>\n<\/div><\/div><\/section>\n<\/div><\/p>\n<\/div><\/div><\/div>\n","protected":false},"excerpt":{"rendered":"","protected":false},"author":1,"featured_media":0,"parent":4637,"menu_order":1,"comment_status":"closed","ping_status":"closed","template":"","meta":{"_acf_changed":false,"footnotes":""},"class_list":["post-4665","page","type-page","status-publish","hentry"],"acf":[],"_links":{"self":[{"href":"https:\/\/www.reper-fr.ch\/de\/wp-json\/wp\/v2\/pages\/4665","targetHints":{"allow":["GET"]}}],"collection":[{"href":"https:\/\/www.reper-fr.ch\/de\/wp-json\/wp\/v2\/pages"}],"about":[{"href":"https:\/\/www.reper-fr.ch\/de\/wp-json\/wp\/v2\/types\/page"}],"author":[{"embeddable":true,"href":"https:\/\/www.reper-fr.ch\/de\/wp-json\/wp\/v2\/users\/1"}],"replies":[{"embeddable":true,"href":"https:\/\/www.reper-fr.ch\/de\/wp-json\/wp\/v2\/comments?post=4665"}],"version-history":[{"count":7,"href":"https:\/\/www.reper-fr.ch\/de\/wp-json\/wp\/v2\/pages\/4665\/revisions"}],"predecessor-version":[{"id":14106,"href":"https:\/\/www.reper-fr.ch\/de\/wp-json\/wp\/v2\/pages\/4665\/revisions\/14106"}],"up":[{"embeddable":true,"href":"https:\/\/www.reper-fr.ch\/de\/wp-json\/wp\/v2\/pages\/4637"}],"wp:attachment":[{"href":"https:\/\/www.reper-fr.ch\/de\/wp-json\/wp\/v2\/media?parent=4665"}],"curies":[{"name":"wp","href":"https:\/\/api.w.org\/{rel}","templated":true}]}}