{"id":13686,"date":"2025-10-01T11:00:01","date_gmt":"2025-10-01T09:00:01","guid":{"rendered":"https:\/\/www.reper-fr.ch\/?page_id=13686"},"modified":"2025-10-01T11:00:01","modified_gmt":"2025-10-01T09:00:01","slug":"anlaufstelle-fuer-ethik","status":"publish","type":"page","link":"https:\/\/www.reper-fr.ch\/de\/fachleute\/sportbereich\/anlaufstelle-fuer-ethik\/","title":{"rendered":"Anlaufstelle f\u00fcr Ethik"},"content":{"rendered":"<p>Seit dem 1. Januar 2025 ist REPER die Anlaufstelle f\u00fcr Sportvereine des Kantons Freiburgs bei Fragen rund um das Thema Ethik. Vereine und Sporttreibende k\u00f6nnen sich an REPER wenden, um Unterst\u00fctzung bei der Pr\u00e4vention von Gewalt und Missbrauch sowie erste Hilfe bei Problemen im Verein zu erhalten.<\/p>\n","protected":false},"excerpt":{"rendered":"<p>Seit dem 1. Januar 2025 ist REPER die Anlaufstelle f\u00fcr Sportvereine des Kantons Freiburgs bei Fragen rund um das Thema Ethik. Vereine und Sporttreibende k\u00f6nnen sich an REPER wenden, um Unterst\u00fctzung bei der Pr\u00e4vention von Gewalt und Missbrauch sowie erste Hilfe bei Problemen im Verein zu erhalten.<\/p>\n","protected":false},"author":13,"featured_media":0,"parent":5137,"menu_order":0,"comment_status":"closed","ping_status":"closed","template":"","meta":{"_acf_changed":false,"footnotes":""},"class_list":["post-13686","page","type-page","status-publish","hentry"],"acf":[],"_links":{"self":[{"href":"https:\/\/www.reper-fr.ch\/de\/wp-json\/wp\/v2\/pages\/13686","targetHints":{"allow":["GET"]}}],"collection":[{"href":"https:\/\/www.reper-fr.ch\/de\/wp-json\/wp\/v2\/pages"}],"about":[{"href":"https:\/\/www.reper-fr.ch\/de\/wp-json\/wp\/v2\/types\/page"}],"author":[{"embeddable":true,"href":"https:\/\/www.reper-fr.ch\/de\/wp-json\/wp\/v2\/users\/13"}],"replies":[{"embeddable":true,"href":"https:\/\/www.reper-fr.ch\/de\/wp-json\/wp\/v2\/comments?post=13686"}],"version-history":[{"count":2,"href":"https:\/\/www.reper-fr.ch\/de\/wp-json\/wp\/v2\/pages\/13686\/revisions"}],"predecessor-version":[{"id":13688,"href":"https:\/\/www.reper-fr.ch\/de\/wp-json\/wp\/v2\/pages\/13686\/revisions\/13688"}],"up":[{"embeddable":true,"href":"https:\/\/www.reper-fr.ch\/de\/wp-json\/wp\/v2\/pages\/5137"}],"wp:attachment":[{"href":"https:\/\/www.reper-fr.ch\/de\/wp-json\/wp\/v2\/media?parent=13686"}],"curies":[{"name":"wp","href":"https:\/\/api.w.org\/{rel}","templated":true}]}}